{"id":24139,"date":"2025-01-21T10:34:09","date_gmt":"2025-01-21T10:34:09","guid":{"rendered":"https:\/\/www.istegroup.com\/?post_type=product&#038;p=24139"},"modified":"2025-10-29T09:56:52","modified_gmt":"2025-10-29T09:56:52","slug":"satellites-pour-les-sciences-de-latmosphere-1","status":"publish","type":"product","link":"https:\/\/www.istegroup.com\/fr\/produit\/satellites-pour-les-sciences-de-latmosphere-1\/","title":{"rendered":"Satellites pour les sciences de l\u2019atmosph\u00e8re 1"},"content":{"rendered":"<p>Comment mesurer la temp\u00e9rature, le vent, la pluie ou l\u2019ozone depuis des satellites ? Comment les utilisateurs se servent-ils des mesures ou des produits fournis ? Qu\u2019a-t-on appris depuis les premi\u00e8res mesures dans les ann\u00e9es 1970 ? Quelles sont les donn\u00e9es disponibles ou attendues dans le futur et pour quelles finalit\u00e9s ?<\/p>\n<p><em>Satellites pour les sciences de l\u2019atmosph\u00e8re 1<\/em> retrace l\u2019histoire de la m\u00e9t\u00e9orologie satellitaire et d\u00e9crit le r\u00f4le des agences spatiales internationales et leur coordination pour r\u00e9pondre aux besoins des utilisateurs. Il expose \u00e9galement des principes de base pour l\u2019observation de l\u2019atmosph\u00e8re comme la question des orbites des satellites, la physique de la mesure et les techniques de restitution des variables atmosph\u00e9riques.<\/p>\n","protected":false},"excerpt":{"rendered":"<p>Comment mesurer la temp\u00e9rature, le vent, la pluie ou l\u2019ozone depuis des satellites ? Comment les utilisateurs se servent-ils des mesures ou des produits fournis ? Qu\u2019a-t-on appris depuis les premi\u00e8res mesures dans les ann\u00e9es 1970 ? Quelles sont les donn\u00e9es disponibles ou attendues dans le futur et pour quelles finalit\u00e9s ? Satellites pour les [&hellip;]<\/p>\n","protected":false},"featured_media":59017,"template":"","meta":{"_acf_changed":false,"_links_to":"","_links_to_target":""},"product_brand":[],"product_cat":[4289],"product_tag":[],"class_list":{"0":"post-24139","1":"product","2":"type-product","3":"status-publish","4":"has-post-thumbnail","6":"product_cat-sciences","8":"first","9":"instock","10":"shipping-taxable","11":"purchasable","12":"product-type-variable"},"acf":[],"yoast_head":"<!-- This site is optimized with the Yoast SEO plugin v27.2 - https:\/\/yoast.com\/product\/yoast-seo-wordpress\/ -->\n<title>Satellites pour les sciences de l\u2019atmosph\u00e8re 1 - ISTE Group<\/title>\n<meta name=\"description\" content=\"Satellites pour les sciences de l\u2019atmosph\u00e8re 1 retrace l\u2019histoire de la m\u00e9t\u00e9orologie satellitaire et d\u00e9crit le r\u00f4le des agences spatiales internationales et leur coordination pour r\u00e9pondre aux besoins des utilisateurs.\" \/>\n<meta name=\"robots\" content=\"index, follow, max-snippet:-1, max-image-preview:large, max-video-preview:-1\" \/>\n<link rel=\"canonical\" href=\"https:\/\/www.istegroup.com\/produit\/satellites-pour-les-sciences-de-latmosphere-1\/\" \/>\n<meta property=\"og:locale\" content=\"fr_FR\" \/>\n<meta property=\"og:type\" content=\"article\" \/>\n<meta property=\"og:title\" content=\"Satellites pour les sciences de l\u2019atmosph\u00e8re 1 - ISTE Group\" \/>\n<meta property=\"og:description\" content=\"Satellites pour les sciences de l\u2019atmosph\u00e8re 1 retrace l\u2019histoire de la m\u00e9t\u00e9orologie satellitaire et d\u00e9crit le r\u00f4le des agences spatiales internationales et leur coordination pour r\u00e9pondre aux besoins des utilisateurs.\" \/>\n<meta property=\"og:url\" content=\"https:\/\/www.istegroup.com\/produit\/satellites-pour-les-sciences-de-latmosphere-1\/\" \/>\n<meta property=\"og:site_name\" content=\"ISTE Group\" \/>\n<meta property=\"article:modified_time\" content=\"2025-10-29T09:56:52+00:00\" \/>\n<meta property=\"og:image\" content=\"https:\/\/www.istegroup.com\/wp-content\/uploads\/2019\/11\/Satellites-pour-les-sciences-de-latmosphere-1.png\" \/>\n\t<meta property=\"og:image:width\" content=\"300\" \/>\n\t<meta property=\"og:image:height\" content=\"450\" \/>\n\t<meta property=\"og:image:type\" content=\"image\/png\" \/>\n<meta name=\"twitter:card\" content=\"summary_large_image\" \/>\n<meta name=\"twitter:label1\" content=\"Est. reading time\" \/>\n\t<meta name=\"twitter:data1\" content=\"1 minute\" \/>\n<script type=\"application\/ld+json\" class=\"yoast-schema-graph\">{\"@context\":\"https:\/\/schema.org\",\"@graph\":[{\"@type\":\"WebPage\",\"@id\":\"https:\/\/www.istegroup.com\/produit\/satellites-pour-les-sciences-de-latmosphere-1\/\",\"url\":\"https:\/\/www.istegroup.com\/produit\/satellites-pour-les-sciences-de-latmosphere-1\/\",\"name\":\"Satellites pour les sciences de l\u2019atmosph\u00e8re 1 - ISTE Group\",\"isPartOf\":{\"@id\":\"https:\/\/www.istegroup.com\/#website\"},\"primaryImageOfPage\":{\"@id\":\"https:\/\/www.istegroup.com\/produit\/satellites-pour-les-sciences-de-latmosphere-1\/#primaryimage\"},\"image\":{\"@id\":\"https:\/\/www.istegroup.com\/produit\/satellites-pour-les-sciences-de-latmosphere-1\/#primaryimage\"},\"thumbnailUrl\":\"https:\/\/www.istegroup.com\/wp-content\/uploads\/2019\/11\/Satellites-pour-les-sciences-de-latmosphere-1.png\",\"datePublished\":\"2025-01-21T10:34:09+00:00\",\"dateModified\":\"2025-10-29T09:56:52+00:00\",\"description\":\"Satellites pour les sciences de l\u2019atmosph\u00e8re 1 retrace l\u2019histoire de la m\u00e9t\u00e9orologie satellitaire et d\u00e9crit le r\u00f4le des agences spatiales internationales et leur coordination pour r\u00e9pondre aux besoins des utilisateurs.\",\"breadcrumb\":{\"@id\":\"https:\/\/www.istegroup.com\/produit\/satellites-pour-les-sciences-de-latmosphere-1\/#breadcrumb\"},\"inLanguage\":\"fr-FR\",\"potentialAction\":[{\"@type\":\"ReadAction\",\"target\":[\"https:\/\/www.istegroup.com\/produit\/satellites-pour-les-sciences-de-latmosphere-1\/\"]}]},{\"@type\":\"ImageObject\",\"inLanguage\":\"fr-FR\",\"@id\":\"https:\/\/www.istegroup.com\/produit\/satellites-pour-les-sciences-de-latmosphere-1\/#primaryimage\",\"url\":\"https:\/\/www.istegroup.com\/wp-content\/uploads\/2019\/11\/Satellites-pour-les-sciences-de-latmosphere-1.png\",\"contentUrl\":\"https:\/\/www.istegroup.com\/wp-content\/uploads\/2019\/11\/Satellites-pour-les-sciences-de-latmosphere-1.png\",\"width\":300,\"height\":450,\"caption\":\"Livre scientifique - Satellites pour les sciences de l\u2019atmosph\u00e8re 1\"},{\"@type\":\"BreadcrumbList\",\"@id\":\"https:\/\/www.istegroup.com\/produit\/satellites-pour-les-sciences-de-latmosphere-1\/#breadcrumb\",\"itemListElement\":[{\"@type\":\"ListItem\",\"position\":1,\"name\":\"Home\",\"item\":\"https:\/\/www.istegroup.com\/\"},{\"@type\":\"ListItem\",\"position\":2,\"name\":\"Shop\",\"item\":\"https:\/\/www.istegroup.com\/fr\/nouveautes\/\"},{\"@type\":\"ListItem\",\"position\":3,\"name\":\"Satellites pour les sciences de l\u2019atmosph\u00e8re 1\"}]},{\"@type\":\"WebSite\",\"@id\":\"https:\/\/www.istegroup.com\/#website\",\"url\":\"https:\/\/www.istegroup.com\/\",\"name\":\"ISTE Group\",\"description\":\"\u00c9diteur des Sciences\",\"potentialAction\":[{\"@type\":\"SearchAction\",\"target\":{\"@type\":\"EntryPoint\",\"urlTemplate\":\"https:\/\/www.istegroup.com\/?s={search_term_string}\"},\"query-input\":{\"@type\":\"PropertyValueSpecification\",\"valueRequired\":true,\"valueName\":\"search_term_string\"}}],\"inLanguage\":\"fr-FR\"}]}<\/script>\n<!-- \/ Yoast SEO plugin. -->","yoast_head_json":{"title":"Satellites pour les sciences de l\u2019atmosph\u00e8re 1 - ISTE Group","description":"Satellites pour les sciences de l\u2019atmosph\u00e8re 1 retrace l\u2019histoire de la m\u00e9t\u00e9orologie satellitaire et d\u00e9crit le r\u00f4le des agences spatiales internationales et leur coordination pour r\u00e9pondre aux besoins des utilisateurs.","robots":{"index":"index","follow":"follow","max-snippet":"max-snippet:-1","max-image-preview":"max-image-preview:large","max-video-preview":"max-video-preview:-1"},"canonical":"https:\/\/www.istegroup.com\/produit\/satellites-pour-les-sciences-de-latmosphere-1\/","og_locale":"fr_FR","og_type":"article","og_title":"Satellites pour les sciences de l\u2019atmosph\u00e8re 1 - ISTE Group","og_description":"Satellites pour les sciences de l\u2019atmosph\u00e8re 1 retrace l\u2019histoire de la m\u00e9t\u00e9orologie satellitaire et d\u00e9crit le r\u00f4le des agences spatiales internationales et leur coordination pour r\u00e9pondre aux besoins des utilisateurs.","og_url":"https:\/\/www.istegroup.com\/produit\/satellites-pour-les-sciences-de-latmosphere-1\/","og_site_name":"ISTE Group","article_modified_time":"2025-10-29T09:56:52+00:00","og_image":[{"width":300,"height":450,"url":"https:\/\/www.istegroup.com\/wp-content\/uploads\/2019\/11\/Satellites-pour-les-sciences-de-latmosphere-1.png","type":"image\/png"}],"twitter_card":"summary_large_image","twitter_misc":{"Est. reading time":"1 minute"},"schema":{"@context":"https:\/\/schema.org","@graph":[{"@type":"WebPage","@id":"https:\/\/www.istegroup.com\/produit\/satellites-pour-les-sciences-de-latmosphere-1\/","url":"https:\/\/www.istegroup.com\/produit\/satellites-pour-les-sciences-de-latmosphere-1\/","name":"Satellites pour les sciences de l\u2019atmosph\u00e8re 1 - ISTE Group","isPartOf":{"@id":"https:\/\/www.istegroup.com\/#website"},"primaryImageOfPage":{"@id":"https:\/\/www.istegroup.com\/produit\/satellites-pour-les-sciences-de-latmosphere-1\/#primaryimage"},"image":{"@id":"https:\/\/www.istegroup.com\/produit\/satellites-pour-les-sciences-de-latmosphere-1\/#primaryimage"},"thumbnailUrl":"https:\/\/www.istegroup.com\/wp-content\/uploads\/2019\/11\/Satellites-pour-les-sciences-de-latmosphere-1.png","datePublished":"2025-01-21T10:34:09+00:00","dateModified":"2025-10-29T09:56:52+00:00","description":"Satellites pour les sciences de l\u2019atmosph\u00e8re 1 retrace l\u2019histoire de la m\u00e9t\u00e9orologie satellitaire et d\u00e9crit le r\u00f4le des agences spatiales internationales et leur coordination pour r\u00e9pondre aux besoins des utilisateurs.","breadcrumb":{"@id":"https:\/\/www.istegroup.com\/produit\/satellites-pour-les-sciences-de-latmosphere-1\/#breadcrumb"},"inLanguage":"fr-FR","potentialAction":[{"@type":"ReadAction","target":["https:\/\/www.istegroup.com\/produit\/satellites-pour-les-sciences-de-latmosphere-1\/"]}]},{"@type":"ImageObject","inLanguage":"fr-FR","@id":"https:\/\/www.istegroup.com\/produit\/satellites-pour-les-sciences-de-latmosphere-1\/#primaryimage","url":"https:\/\/www.istegroup.com\/wp-content\/uploads\/2019\/11\/Satellites-pour-les-sciences-de-latmosphere-1.png","contentUrl":"https:\/\/www.istegroup.com\/wp-content\/uploads\/2019\/11\/Satellites-pour-les-sciences-de-latmosphere-1.png","width":300,"height":450,"caption":"Livre scientifique - Satellites pour les sciences de l\u2019atmosph\u00e8re 1"},{"@type":"BreadcrumbList","@id":"https:\/\/www.istegroup.com\/produit\/satellites-pour-les-sciences-de-latmosphere-1\/#breadcrumb","itemListElement":[{"@type":"ListItem","position":1,"name":"Home","item":"https:\/\/www.istegroup.com\/"},{"@type":"ListItem","position":2,"name":"Shop","item":"https:\/\/www.istegroup.com\/fr\/nouveautes\/"},{"@type":"ListItem","position":3,"name":"Satellites pour les sciences de l\u2019atmosph\u00e8re 1"}]},{"@type":"WebSite","@id":"https:\/\/www.istegroup.com\/#website","url":"https:\/\/www.istegroup.com\/","name":"ISTE Group","description":"\u00c9diteur des Sciences","potentialAction":[{"@type":"SearchAction","target":{"@type":"EntryPoint","urlTemplate":"https:\/\/www.istegroup.com\/?s={search_term_string}"},"query-input":{"@type":"PropertyValueSpecification","valueRequired":true,"valueName":"search_term_string"}}],"inLanguage":"fr-FR"}]}},"_links":{"self":[{"href":"https:\/\/www.istegroup.com\/fr\/wp-json\/wp\/v2\/product\/24139","targetHints":{"allow":["GET"]}}],"collection":[{"href":"https:\/\/www.istegroup.com\/fr\/wp-json\/wp\/v2\/product"}],"about":[{"href":"https:\/\/www.istegroup.com\/fr\/wp-json\/wp\/v2\/types\/product"}],"wp:featuredmedia":[{"embeddable":true,"href":"https:\/\/www.istegroup.com\/fr\/wp-json\/wp\/v2\/media\/59017"}],"wp:attachment":[{"href":"https:\/\/www.istegroup.com\/fr\/wp-json\/wp\/v2\/media?parent=24139"}],"wp:term":[{"taxonomy":"product_brand","embeddable":true,"href":"https:\/\/www.istegroup.com\/fr\/wp-json\/wp\/v2\/product_brand?post=24139"},{"taxonomy":"product_cat","embeddable":true,"href":"https:\/\/www.istegroup.com\/fr\/wp-json\/wp\/v2\/product_cat?post=24139"},{"taxonomy":"product_tag","embeddable":true,"href":"https:\/\/www.istegroup.com\/fr\/wp-json\/wp\/v2\/product_tag?post=24139"}],"curies":[{"name":"wp","href":"https:\/\/api.w.org\/{rel}","templated":true}]}}