{"id":241,"date":"2016-03-10T11:16:12","date_gmt":"2016-03-10T10:16:12","guid":{"rendered":"https:\/\/iste.yhello.co\/product\/equilibres-ioniques-et-electrochimiques\/"},"modified":"2024-01-03T13:39:02","modified_gmt":"2024-01-03T13:39:02","slug":"equilibres-ioniques-et-electrochimiques","status":"publish","type":"product","link":"https:\/\/www.istegroup.com\/fr\/produit\/equilibres-ioniques-et-electrochimiques\/","title":{"rendered":"Equilibres ioniques et \u00e9lectrochimiques"},"content":{"rendered":"<p>La s\u00e9rie\u00a0<em>Thermodynamique chimique approfondie<\/em>\u00a0pr\u00e9sente l\u2019ensemble des th\u00e8mes de la thermodynamique utiles \u00e0 la chimie, aux mat\u00e9riaux, \u00e0 l\u2019\u00e9lectrochimie, aux ph\u00e9nom\u00e8nes de surface et au g\u00e9nie des proc\u00e9d\u00e9s.<\/p>\n<p>Ce sixi\u00e8me volume comprend deux parties. La premi\u00e8re est consacr\u00e9e \u00e0 l\u2019\u00e9tude des \u00e9quilibres ioniques dans l\u2019eau ou dans des solvants non aqueux. Sont ainsi successivement examin\u00e9s la dissociation des \u00e9lectrolytes, les solvants et la solvatation, les \u00e9quilibres acido-basiques, la formation des complexes, les \u00e9quilibres r\u00e9dox et les probl\u00e8mes de pr\u00e9cipitation.<\/p>\n<p>La deuxi\u00e8me partie traite de la thermodynamique \u00e9lectrochimique, avec l\u2019\u00e9tude de deux ensembles : les \u00e9lectrodes et les cellules \u00e9lectrochimiques. L\u2019ouvrage se termine par l\u2019\u00e9tude des diagrammes potentiel-pH et de leur g\u00e9n\u00e9ralisation en milieu aqueux ou non aqueux.<\/p>\n","protected":false},"excerpt":{"rendered":"<p>La s\u00e9rie\u00a0Thermodynamique chimique approfondie\u00a0pr\u00e9sente l\u2019ensemble des th\u00e8mes de la thermodynamique utiles \u00e0 la chimie, aux mat\u00e9riaux, \u00e0 l\u2019\u00e9lectrochimie, aux ph\u00e9nom\u00e8nes de surface et au g\u00e9nie des proc\u00e9d\u00e9s. Ce sixi\u00e8me volume comprend deux parties. La premi\u00e8re est consacr\u00e9e \u00e0 l\u2019\u00e9tude des \u00e9quilibres ioniques dans l\u2019eau ou dans des solvants non aqueux. Sont ainsi successivement examin\u00e9s la [&hellip;]<\/p>\n","protected":false},"featured_media":15667,"template":"","meta":{"_acf_changed":false,"_links_to":"","_links_to_target":""},"product_brand":[],"product_cat":[660,663,725],"product_tag":[1231,1232,1101,1233,31,196,1244,1245,1234,1246,1235,1236,1247,197,198,199,21,200,22,201,203,204,63,25,172,209,1237,1238,212,38,192,145,28,1239,1240,1241,1242,1243],"class_list":{"0":"post-241","1":"product","2":"type-product","3":"status-publish","4":"has-post-thumbnail","6":"product_cat-energie-12506414","7":"product_cat-gnie-des-procds-12506436","8":"product_cat-srie-thermodynamique-chimique-approfondie-42918276","9":"product_tag-acido-basiques","10":"product_tag-cellules-electrochimiques","11":"product_tag-chimie","12":"product_tag-diagrammes-potentiel-acidite","13":"product_tag-ebook","14":"product_tag-ebooks","15":"product_tag-electrochimie","16":"product_tag-electrolytes-en-solution","17":"product_tag-equilibres-acido-basiques","18":"product_tag-equilibres-de-precipitation","19":"product_tag-equilibres-ioniques","20":"product_tag-equilibres-ioniques-et-electrochimiques","21":"product_tag-equilibres-redox","22":"product_tag-iste","23":"product_tag-iste-edition","24":"product_tag-iste-editions","25":"product_tag-iste-group","26":"product_tag-isteedition","27":"product_tag-istegroup","28":"product_tag-kindle","29":"product_tag-liseuse","30":"product_tag-livre","31":"product_tag-livre-electronique","32":"product_tag-livre-numerique","33":"product_tag-livre-scientifique","34":"product_tag-livres-scientifiques","35":"product_tag-milieu-aqueux","36":"product_tag-milieu-non-aqueux","37":"product_tag-ouvrage","38":"product_tag-ouvrage-numerique","39":"product_tag-ouvrage-science","40":"product_tag-ouvrage-scientifique","41":"product_tag-ouvrage-scientifique-francais","42":"product_tag-potentiel-ph","43":"product_tag-solvants","44":"product_tag-solvatation","45":"product_tag-thermodynamie","46":"product_tag-thermodynamique-de-lelectrode","48":"first","49":"instock","50":"shipping-taxable","51":"purchasable","52":"product-type-variable"},"acf":[],"yoast_head":"<!-- This site is optimized with the Yoast SEO plugin v27.2 - https:\/\/yoast.com\/product\/yoast-seo-wordpress\/ -->\n<title>Equilibres ioniques et \u00e9lectrochimiques - ISTE Group<\/title>\n<meta name=\"description\" content=\"Equilibres ioniques et \u00e9lectrochimiques traite de l\u2019\u00e9tude des \u00e9quilibres ioniques dans l\u2019eau ou dans des solvants non aqueux, et de la thermodynamique \u00e9lectrochimique.\" \/>\n<meta name=\"robots\" content=\"index, follow, max-snippet:-1, max-image-preview:large, max-video-preview:-1\" \/>\n<link rel=\"canonical\" href=\"https:\/\/www.istegroup.com\/fr\/produit\/equilibres-ioniques-et-electrochimiques\/\" \/>\n<meta property=\"og:locale\" content=\"fr_FR\" \/>\n<meta property=\"og:type\" content=\"article\" \/>\n<meta property=\"og:title\" content=\"Equilibres ioniques et \u00e9lectrochimiques - ISTE Group\" \/>\n<meta property=\"og:description\" content=\"Equilibres ioniques et \u00e9lectrochimiques traite de l\u2019\u00e9tude des \u00e9quilibres ioniques dans l\u2019eau ou dans des solvants non aqueux, et de la thermodynamique \u00e9lectrochimique.\" \/>\n<meta property=\"og:url\" content=\"https:\/\/www.istegroup.com\/fr\/produit\/equilibres-ioniques-et-electrochimiques\/\" \/>\n<meta property=\"og:site_name\" content=\"ISTE Group\" \/>\n<meta property=\"article:modified_time\" content=\"2024-01-03T13:39:02+00:00\" \/>\n<meta property=\"og:image\" content=\"https:\/\/www.istegroup.com\/wp-content\/uploads\/2018\/11\/Soustelle_Front.Cover_-scaled.jpg\" \/>\n\t<meta property=\"og:image:width\" content=\"1703\" \/>\n\t<meta property=\"og:image:height\" content=\"2560\" \/>\n\t<meta property=\"og:image:type\" content=\"image\/jpeg\" \/>\n<meta name=\"twitter:card\" content=\"summary_large_image\" \/>\n<meta name=\"twitter:label1\" content=\"Est. reading time\" \/>\n\t<meta name=\"twitter:data1\" content=\"1 minute\" \/>\n<script type=\"application\/ld+json\" class=\"yoast-schema-graph\">{\"@context\":\"https:\/\/schema.org\",\"@graph\":[{\"@type\":\"WebPage\",\"@id\":\"https:\/\/www.istegroup.com\/fr\/produit\/equilibres-ioniques-et-electrochimiques\/\",\"url\":\"https:\/\/www.istegroup.com\/fr\/produit\/equilibres-ioniques-et-electrochimiques\/\",\"name\":\"Equilibres ioniques et \u00e9lectrochimiques - ISTE Group\",\"isPartOf\":{\"@id\":\"https:\/\/www.istegroup.com\/#website\"},\"primaryImageOfPage\":{\"@id\":\"https:\/\/www.istegroup.com\/fr\/produit\/equilibres-ioniques-et-electrochimiques\/#primaryimage\"},\"image\":{\"@id\":\"https:\/\/www.istegroup.com\/fr\/produit\/equilibres-ioniques-et-electrochimiques\/#primaryimage\"},\"thumbnailUrl\":\"https:\/\/www.istegroup.com\/wp-content\/uploads\/2018\/11\/Soustelle_Front.Cover_-scaled.jpg\",\"datePublished\":\"2016-03-10T10:16:12+00:00\",\"dateModified\":\"2024-01-03T13:39:02+00:00\",\"description\":\"Equilibres ioniques et \u00e9lectrochimiques traite de l\u2019\u00e9tude des \u00e9quilibres ioniques dans l\u2019eau ou dans des solvants non aqueux, et de la thermodynamique \u00e9lectrochimique.\",\"breadcrumb\":{\"@id\":\"https:\/\/www.istegroup.com\/fr\/produit\/equilibres-ioniques-et-electrochimiques\/#breadcrumb\"},\"inLanguage\":\"fr-FR\",\"potentialAction\":[{\"@type\":\"ReadAction\",\"target\":[\"https:\/\/www.istegroup.com\/fr\/produit\/equilibres-ioniques-et-electrochimiques\/\"]}]},{\"@type\":\"ImageObject\",\"inLanguage\":\"fr-FR\",\"@id\":\"https:\/\/www.istegroup.com\/fr\/produit\/equilibres-ioniques-et-electrochimiques\/#primaryimage\",\"url\":\"https:\/\/www.istegroup.com\/wp-content\/uploads\/2018\/11\/Soustelle_Front.Cover_-scaled.jpg\",\"contentUrl\":\"https:\/\/www.istegroup.com\/wp-content\/uploads\/2018\/11\/Soustelle_Front.Cover_-scaled.jpg\",\"width\":1703,\"height\":2560,\"caption\":\"Equilibres ioniques et \u00e9lectrochimiques\"},{\"@type\":\"BreadcrumbList\",\"@id\":\"https:\/\/www.istegroup.com\/fr\/produit\/equilibres-ioniques-et-electrochimiques\/#breadcrumb\",\"itemListElement\":[{\"@type\":\"ListItem\",\"position\":1,\"name\":\"Home\",\"item\":\"https:\/\/www.istegroup.com\/\"},{\"@type\":\"ListItem\",\"position\":2,\"name\":\"Shop\",\"item\":\"https:\/\/www.istegroup.com\/fr\/nouveautes\/\"},{\"@type\":\"ListItem\",\"position\":3,\"name\":\"Equilibres ioniques et \u00e9lectrochimiques\"}]},{\"@type\":\"WebSite\",\"@id\":\"https:\/\/www.istegroup.com\/#website\",\"url\":\"https:\/\/www.istegroup.com\/\",\"name\":\"ISTE Group\",\"description\":\"\u00c9diteur des Sciences\",\"potentialAction\":[{\"@type\":\"SearchAction\",\"target\":{\"@type\":\"EntryPoint\",\"urlTemplate\":\"https:\/\/www.istegroup.com\/?s={search_term_string}\"},\"query-input\":{\"@type\":\"PropertyValueSpecification\",\"valueRequired\":true,\"valueName\":\"search_term_string\"}}],\"inLanguage\":\"fr-FR\"}]}<\/script>\n<!-- \/ Yoast SEO plugin. -->","yoast_head_json":{"title":"Equilibres ioniques et \u00e9lectrochimiques - ISTE Group","description":"Equilibres ioniques et \u00e9lectrochimiques traite de l\u2019\u00e9tude des \u00e9quilibres ioniques dans l\u2019eau ou dans des solvants non aqueux, et de la thermodynamique \u00e9lectrochimique.","robots":{"index":"index","follow":"follow","max-snippet":"max-snippet:-1","max-image-preview":"max-image-preview:large","max-video-preview":"max-video-preview:-1"},"canonical":"https:\/\/www.istegroup.com\/fr\/produit\/equilibres-ioniques-et-electrochimiques\/","og_locale":"fr_FR","og_type":"article","og_title":"Equilibres ioniques et \u00e9lectrochimiques - ISTE Group","og_description":"Equilibres ioniques et \u00e9lectrochimiques traite de l\u2019\u00e9tude des \u00e9quilibres ioniques dans l\u2019eau ou dans des solvants non aqueux, et de la thermodynamique \u00e9lectrochimique.","og_url":"https:\/\/www.istegroup.com\/fr\/produit\/equilibres-ioniques-et-electrochimiques\/","og_site_name":"ISTE Group","article_modified_time":"2024-01-03T13:39:02+00:00","og_image":[{"width":1703,"height":2560,"url":"https:\/\/www.istegroup.com\/wp-content\/uploads\/2018\/11\/Soustelle_Front.Cover_-scaled.jpg","type":"image\/jpeg"}],"twitter_card":"summary_large_image","twitter_misc":{"Est. reading time":"1 minute"},"schema":{"@context":"https:\/\/schema.org","@graph":[{"@type":"WebPage","@id":"https:\/\/www.istegroup.com\/fr\/produit\/equilibres-ioniques-et-electrochimiques\/","url":"https:\/\/www.istegroup.com\/fr\/produit\/equilibres-ioniques-et-electrochimiques\/","name":"Equilibres ioniques et \u00e9lectrochimiques - ISTE Group","isPartOf":{"@id":"https:\/\/www.istegroup.com\/#website"},"primaryImageOfPage":{"@id":"https:\/\/www.istegroup.com\/fr\/produit\/equilibres-ioniques-et-electrochimiques\/#primaryimage"},"image":{"@id":"https:\/\/www.istegroup.com\/fr\/produit\/equilibres-ioniques-et-electrochimiques\/#primaryimage"},"thumbnailUrl":"https:\/\/www.istegroup.com\/wp-content\/uploads\/2018\/11\/Soustelle_Front.Cover_-scaled.jpg","datePublished":"2016-03-10T10:16:12+00:00","dateModified":"2024-01-03T13:39:02+00:00","description":"Equilibres ioniques et \u00e9lectrochimiques traite de l\u2019\u00e9tude des \u00e9quilibres ioniques dans l\u2019eau ou dans des solvants non aqueux, et de la thermodynamique \u00e9lectrochimique.","breadcrumb":{"@id":"https:\/\/www.istegroup.com\/fr\/produit\/equilibres-ioniques-et-electrochimiques\/#breadcrumb"},"inLanguage":"fr-FR","potentialAction":[{"@type":"ReadAction","target":["https:\/\/www.istegroup.com\/fr\/produit\/equilibres-ioniques-et-electrochimiques\/"]}]},{"@type":"ImageObject","inLanguage":"fr-FR","@id":"https:\/\/www.istegroup.com\/fr\/produit\/equilibres-ioniques-et-electrochimiques\/#primaryimage","url":"https:\/\/www.istegroup.com\/wp-content\/uploads\/2018\/11\/Soustelle_Front.Cover_-scaled.jpg","contentUrl":"https:\/\/www.istegroup.com\/wp-content\/uploads\/2018\/11\/Soustelle_Front.Cover_-scaled.jpg","width":1703,"height":2560,"caption":"Equilibres ioniques et \u00e9lectrochimiques"},{"@type":"BreadcrumbList","@id":"https:\/\/www.istegroup.com\/fr\/produit\/equilibres-ioniques-et-electrochimiques\/#breadcrumb","itemListElement":[{"@type":"ListItem","position":1,"name":"Home","item":"https:\/\/www.istegroup.com\/"},{"@type":"ListItem","position":2,"name":"Shop","item":"https:\/\/www.istegroup.com\/fr\/nouveautes\/"},{"@type":"ListItem","position":3,"name":"Equilibres ioniques et \u00e9lectrochimiques"}]},{"@type":"WebSite","@id":"https:\/\/www.istegroup.com\/#website","url":"https:\/\/www.istegroup.com\/","name":"ISTE Group","description":"\u00c9diteur des Sciences","potentialAction":[{"@type":"SearchAction","target":{"@type":"EntryPoint","urlTemplate":"https:\/\/www.istegroup.com\/?s={search_term_string}"},"query-input":{"@type":"PropertyValueSpecification","valueRequired":true,"valueName":"search_term_string"}}],"inLanguage":"fr-FR"}]}},"_links":{"self":[{"href":"https:\/\/www.istegroup.com\/fr\/wp-json\/wp\/v2\/product\/241","targetHints":{"allow":["GET"]}}],"collection":[{"href":"https:\/\/www.istegroup.com\/fr\/wp-json\/wp\/v2\/product"}],"about":[{"href":"https:\/\/www.istegroup.com\/fr\/wp-json\/wp\/v2\/types\/product"}],"wp:featuredmedia":[{"embeddable":true,"href":"https:\/\/www.istegroup.com\/fr\/wp-json\/wp\/v2\/media\/15667"}],"wp:attachment":[{"href":"https:\/\/www.istegroup.com\/fr\/wp-json\/wp\/v2\/media?parent=241"}],"wp:term":[{"taxonomy":"product_brand","embeddable":true,"href":"https:\/\/www.istegroup.com\/fr\/wp-json\/wp\/v2\/product_brand?post=241"},{"taxonomy":"product_cat","embeddable":true,"href":"https:\/\/www.istegroup.com\/fr\/wp-json\/wp\/v2\/product_cat?post=241"},{"taxonomy":"product_tag","embeddable":true,"href":"https:\/\/www.istegroup.com\/fr\/wp-json\/wp\/v2\/product_tag?post=241"}],"curies":[{"name":"wp","href":"https:\/\/api.w.org\/{rel}","templated":true}]}}