{"id":24092,"date":"2022-04-14T10:33:22","date_gmt":"2022-04-14T09:33:22","guid":{"rendered":"https:\/\/www.istegroup.com\/?post_type=product&#038;p=24092"},"modified":"2025-01-03T12:04:10","modified_gmt":"2025-01-03T12:04:10","slug":"raison-ecomonique-et-raison-politique","status":"publish","type":"product","link":"https:\/\/www.istegroup.com\/fr\/produit\/raison-ecomonique-et-raison-politique\/","title":{"rendered":"Raison \u00e9comonique et raison politique"},"content":{"rendered":"<p>L\u2019espace public des d\u00e9mocraties se construit dans un contexte marqu\u00e9 par la transformation num\u00e9rique de l\u2019\u00e9conomie et de la soci\u00e9t\u00e9. Cette construction s\u2019effectue notamment par la d\u00e9lib\u00e9ration. Celle-ci accompagne et oriente l\u2019action individuelle ou collective.<\/p>\n<p>Pour \u00e9clairer le fait d\u00e9lib\u00e9ratif, il est important de se r\u00e9f\u00e9rer \u00e0 la rationalit\u00e9 des choix, mais de quelle rationalit\u00e9 s\u2019agit-il ? La r\u00e9f\u00e9rence \u00e0 la rationalit\u00e9 \u00e9conomique est \u00e0 la fois fr\u00e9quente, centrale et probl\u00e9matique. Cet ouvrage traite donc des raisons mobilis\u00e9es par l\u2019agent, \u00e0 partir des notions de choix pr\u00e9f\u00e9rentiel et de comportement rationnel. Il en fait \u00e9galement la critique. Ces raisons sont examin\u00e9es dans le contexte de grands th\u00e8mes du d\u00e9bat public qui contribuent \u00e0 forger notre espace public contemporain : \u00ab populismes \u00bb, assurances et responsabilit\u00e9s sociales ou probl\u00e9matiques environnementales.<\/p>\n<p><em>Raison \u00e9conomique et raison politique<\/em> souligne l\u2019importance du tournant pragmatique des ann\u00e9es 2000 et r\u00e9interpr\u00e8te \u00e0 sa lumi\u00e8re les grandes constructions normatives utilitaristes et rawlsiennes qui surplombaient l\u2019\u00e9conomie politique normative \u00e0 la fin du XXe si\u00e8cle. Des alternatives, relevant de la d\u00e9mocratie d\u00e9lib\u00e9rative, sont propos\u00e9es et discut\u00e9es.<\/p>","protected":false},"excerpt":{"rendered":"<p>L\u2019espace public des d\u00e9mocraties se construit dans un contexte marqu\u00e9 par la transformation num\u00e9rique de l\u2019\u00e9conomie et de la soci\u00e9t\u00e9. Cette construction s\u2019effectue notamment par la d\u00e9lib\u00e9ration. Celle-ci accompagne et oriente l\u2019action individuelle ou collective. Pour \u00e9clairer le fait d\u00e9lib\u00e9ratif, il est important de se r\u00e9f\u00e9rer \u00e0 la rationalit\u00e9 des choix, mais de quelle rationalit\u00e9 [&hellip;]<\/p>\n","protected":false},"featured_media":46210,"template":"","meta":{"_acf_changed":false,"_links_to":"","_links_to_target":""},"product_brand":[],"product_cat":[4289],"product_tag":[],"class_list":{"0":"post-24092","1":"product","2":"type-product","3":"status-publish","4":"has-post-thumbnail","6":"product_cat-sciences","8":"first","9":"instock","10":"shipping-taxable","11":"purchasable","12":"product-type-variable"},"acf":[],"yoast_head":"<!-- This site is optimized with the Yoast SEO plugin v27.2 - https:\/\/yoast.com\/product\/yoast-seo-wordpress\/ -->\n<title>Raison \u00e9comonique et raison politique - ISTE Group<\/title>\n<meta name=\"description\" content=\"Raison \u00e9conomique et raison politique souligne l\u2019importance du tournant pragmatique des ann\u00e9es 2000 et r\u00e9interpr\u00e8te \u00e0 sa lumi\u00e8re les grandes constructions normatives utilitaristes et rawlsiennes qui surplombaient l\u2019\u00e9conomie politique normative \u00e0 la fin du XXe si\u00e8cle.\" \/>\n<meta name=\"robots\" content=\"index, follow, max-snippet:-1, max-image-preview:large, max-video-preview:-1\" \/>\n<link rel=\"canonical\" href=\"https:\/\/www.istegroup.com\/fr\/produit\/raison-ecomonique-et-raison-politique\/\" \/>\n<meta property=\"og:locale\" content=\"fr_FR\" \/>\n<meta property=\"og:type\" content=\"article\" \/>\n<meta property=\"og:title\" content=\"Raison \u00e9comonique et raison politique - ISTE Group\" \/>\n<meta property=\"og:description\" content=\"Raison \u00e9conomique et raison politique souligne l\u2019importance du tournant pragmatique des ann\u00e9es 2000 et r\u00e9interpr\u00e8te \u00e0 sa lumi\u00e8re les grandes constructions normatives utilitaristes et rawlsiennes qui surplombaient l\u2019\u00e9conomie politique normative \u00e0 la fin du XXe si\u00e8cle.\" \/>\n<meta property=\"og:url\" content=\"https:\/\/www.istegroup.com\/fr\/produit\/raison-ecomonique-et-raison-politique\/\" \/>\n<meta property=\"og:site_name\" content=\"ISTE Group\" \/>\n<meta property=\"article:modified_time\" content=\"2025-01-03T12:04:10+00:00\" \/>\n<meta property=\"og:image\" content=\"https:\/\/www.istegroup.com\/wp-content\/uploads\/2022\/04\/Raison-economique-et-raison-politique.jpeg\" \/>\n\t<meta property=\"og:image:width\" content=\"300\" \/>\n\t<meta property=\"og:image:height\" content=\"450\" \/>\n\t<meta property=\"og:image:type\" content=\"image\/jpeg\" \/>\n<meta name=\"twitter:card\" content=\"summary_large_image\" \/>\n<meta name=\"twitter:label1\" content=\"Est. reading time\" \/>\n\t<meta name=\"twitter:data1\" content=\"1 minute\" \/>\n<script type=\"application\/ld+json\" class=\"yoast-schema-graph\">{\"@context\":\"https:\/\/schema.org\",\"@graph\":[{\"@type\":\"WebPage\",\"@id\":\"https:\/\/www.istegroup.com\/fr\/produit\/raison-ecomonique-et-raison-politique\/\",\"url\":\"https:\/\/www.istegroup.com\/fr\/produit\/raison-ecomonique-et-raison-politique\/\",\"name\":\"Raison \u00e9comonique et raison politique - ISTE Group\",\"isPartOf\":{\"@id\":\"https:\/\/www.istegroup.com\/#website\"},\"primaryImageOfPage\":{\"@id\":\"https:\/\/www.istegroup.com\/fr\/produit\/raison-ecomonique-et-raison-politique\/#primaryimage\"},\"image\":{\"@id\":\"https:\/\/www.istegroup.com\/fr\/produit\/raison-ecomonique-et-raison-politique\/#primaryimage\"},\"thumbnailUrl\":\"https:\/\/www.istegroup.com\/wp-content\/uploads\/2022\/04\/Raison-economique-et-raison-politique.jpeg\",\"datePublished\":\"2022-04-14T09:33:22+00:00\",\"dateModified\":\"2025-01-03T12:04:10+00:00\",\"description\":\"Raison \u00e9conomique et raison politique souligne l\u2019importance du tournant pragmatique des ann\u00e9es 2000 et r\u00e9interpr\u00e8te \u00e0 sa lumi\u00e8re les grandes constructions normatives utilitaristes et rawlsiennes qui surplombaient l\u2019\u00e9conomie politique normative \u00e0 la fin du XXe si\u00e8cle.\",\"breadcrumb\":{\"@id\":\"https:\/\/www.istegroup.com\/fr\/produit\/raison-ecomonique-et-raison-politique\/#breadcrumb\"},\"inLanguage\":\"fr-FR\",\"potentialAction\":[{\"@type\":\"ReadAction\",\"target\":[\"https:\/\/www.istegroup.com\/fr\/produit\/raison-ecomonique-et-raison-politique\/\"]}]},{\"@type\":\"ImageObject\",\"inLanguage\":\"fr-FR\",\"@id\":\"https:\/\/www.istegroup.com\/fr\/produit\/raison-ecomonique-et-raison-politique\/#primaryimage\",\"url\":\"https:\/\/www.istegroup.com\/wp-content\/uploads\/2022\/04\/Raison-economique-et-raison-politique.jpeg\",\"contentUrl\":\"https:\/\/www.istegroup.com\/wp-content\/uploads\/2022\/04\/Raison-economique-et-raison-politique.jpeg\",\"width\":300,\"height\":450,\"caption\":\"Livre scientifique - Raison \u00e9comonique et raison politique - Encyclop\u00e9die SCIENCES\"},{\"@type\":\"BreadcrumbList\",\"@id\":\"https:\/\/www.istegroup.com\/fr\/produit\/raison-ecomonique-et-raison-politique\/#breadcrumb\",\"itemListElement\":[{\"@type\":\"ListItem\",\"position\":1,\"name\":\"Home\",\"item\":\"https:\/\/www.istegroup.com\/\"},{\"@type\":\"ListItem\",\"position\":2,\"name\":\"Shop\",\"item\":\"https:\/\/www.istegroup.com\/fr\/nouveautes\/\"},{\"@type\":\"ListItem\",\"position\":3,\"name\":\"Raison \u00e9comonique et raison politique\"}]},{\"@type\":\"WebSite\",\"@id\":\"https:\/\/www.istegroup.com\/#website\",\"url\":\"https:\/\/www.istegroup.com\/\",\"name\":\"ISTE Group\",\"description\":\"\u00c9diteur des Sciences\",\"potentialAction\":[{\"@type\":\"SearchAction\",\"target\":{\"@type\":\"EntryPoint\",\"urlTemplate\":\"https:\/\/www.istegroup.com\/?s={search_term_string}\"},\"query-input\":{\"@type\":\"PropertyValueSpecification\",\"valueRequired\":true,\"valueName\":\"search_term_string\"}}],\"inLanguage\":\"fr-FR\"}]}<\/script>\n<!-- \/ Yoast SEO plugin. -->","yoast_head_json":{"title":"Raison \u00e9comonique et raison politique - ISTE Group","description":"Raison \u00e9conomique et raison politique souligne l\u2019importance du tournant pragmatique des ann\u00e9es 2000 et r\u00e9interpr\u00e8te \u00e0 sa lumi\u00e8re les grandes constructions normatives utilitaristes et rawlsiennes qui surplombaient l\u2019\u00e9conomie politique normative \u00e0 la fin du XXe si\u00e8cle.","robots":{"index":"index","follow":"follow","max-snippet":"max-snippet:-1","max-image-preview":"max-image-preview:large","max-video-preview":"max-video-preview:-1"},"canonical":"https:\/\/www.istegroup.com\/fr\/produit\/raison-ecomonique-et-raison-politique\/","og_locale":"fr_FR","og_type":"article","og_title":"Raison \u00e9comonique et raison politique - ISTE Group","og_description":"Raison \u00e9conomique et raison politique souligne l\u2019importance du tournant pragmatique des ann\u00e9es 2000 et r\u00e9interpr\u00e8te \u00e0 sa lumi\u00e8re les grandes constructions normatives utilitaristes et rawlsiennes qui surplombaient l\u2019\u00e9conomie politique normative \u00e0 la fin du XXe si\u00e8cle.","og_url":"https:\/\/www.istegroup.com\/fr\/produit\/raison-ecomonique-et-raison-politique\/","og_site_name":"ISTE Group","article_modified_time":"2025-01-03T12:04:10+00:00","og_image":[{"width":300,"height":450,"url":"https:\/\/www.istegroup.com\/wp-content\/uploads\/2022\/04\/Raison-economique-et-raison-politique.jpeg","type":"image\/jpeg"}],"twitter_card":"summary_large_image","twitter_misc":{"Est. reading time":"1 minute"},"schema":{"@context":"https:\/\/schema.org","@graph":[{"@type":"WebPage","@id":"https:\/\/www.istegroup.com\/fr\/produit\/raison-ecomonique-et-raison-politique\/","url":"https:\/\/www.istegroup.com\/fr\/produit\/raison-ecomonique-et-raison-politique\/","name":"Raison \u00e9comonique et raison politique - ISTE Group","isPartOf":{"@id":"https:\/\/www.istegroup.com\/#website"},"primaryImageOfPage":{"@id":"https:\/\/www.istegroup.com\/fr\/produit\/raison-ecomonique-et-raison-politique\/#primaryimage"},"image":{"@id":"https:\/\/www.istegroup.com\/fr\/produit\/raison-ecomonique-et-raison-politique\/#primaryimage"},"thumbnailUrl":"https:\/\/www.istegroup.com\/wp-content\/uploads\/2022\/04\/Raison-economique-et-raison-politique.jpeg","datePublished":"2022-04-14T09:33:22+00:00","dateModified":"2025-01-03T12:04:10+00:00","description":"Raison \u00e9conomique et raison politique souligne l\u2019importance du tournant pragmatique des ann\u00e9es 2000 et r\u00e9interpr\u00e8te \u00e0 sa lumi\u00e8re les grandes constructions normatives utilitaristes et rawlsiennes qui surplombaient l\u2019\u00e9conomie politique normative \u00e0 la fin du XXe si\u00e8cle.","breadcrumb":{"@id":"https:\/\/www.istegroup.com\/fr\/produit\/raison-ecomonique-et-raison-politique\/#breadcrumb"},"inLanguage":"fr-FR","potentialAction":[{"@type":"ReadAction","target":["https:\/\/www.istegroup.com\/fr\/produit\/raison-ecomonique-et-raison-politique\/"]}]},{"@type":"ImageObject","inLanguage":"fr-FR","@id":"https:\/\/www.istegroup.com\/fr\/produit\/raison-ecomonique-et-raison-politique\/#primaryimage","url":"https:\/\/www.istegroup.com\/wp-content\/uploads\/2022\/04\/Raison-economique-et-raison-politique.jpeg","contentUrl":"https:\/\/www.istegroup.com\/wp-content\/uploads\/2022\/04\/Raison-economique-et-raison-politique.jpeg","width":300,"height":450,"caption":"Livre scientifique - Raison \u00e9comonique et raison politique - Encyclop\u00e9die SCIENCES"},{"@type":"BreadcrumbList","@id":"https:\/\/www.istegroup.com\/fr\/produit\/raison-ecomonique-et-raison-politique\/#breadcrumb","itemListElement":[{"@type":"ListItem","position":1,"name":"Home","item":"https:\/\/www.istegroup.com\/"},{"@type":"ListItem","position":2,"name":"Shop","item":"https:\/\/www.istegroup.com\/fr\/nouveautes\/"},{"@type":"ListItem","position":3,"name":"Raison \u00e9comonique et raison politique"}]},{"@type":"WebSite","@id":"https:\/\/www.istegroup.com\/#website","url":"https:\/\/www.istegroup.com\/","name":"ISTE Group","description":"\u00c9diteur des Sciences","potentialAction":[{"@type":"SearchAction","target":{"@type":"EntryPoint","urlTemplate":"https:\/\/www.istegroup.com\/?s={search_term_string}"},"query-input":{"@type":"PropertyValueSpecification","valueRequired":true,"valueName":"search_term_string"}}],"inLanguage":"fr-FR"}]}},"_links":{"self":[{"href":"https:\/\/www.istegroup.com\/fr\/wp-json\/wp\/v2\/product\/24092","targetHints":{"allow":["GET"]}}],"collection":[{"href":"https:\/\/www.istegroup.com\/fr\/wp-json\/wp\/v2\/product"}],"about":[{"href":"https:\/\/www.istegroup.com\/fr\/wp-json\/wp\/v2\/types\/product"}],"wp:featuredmedia":[{"embeddable":true,"href":"https:\/\/www.istegroup.com\/fr\/wp-json\/wp\/v2\/media\/46210"}],"wp:attachment":[{"href":"https:\/\/www.istegroup.com\/fr\/wp-json\/wp\/v2\/media?parent=24092"}],"wp:term":[{"taxonomy":"product_brand","embeddable":true,"href":"https:\/\/www.istegroup.com\/fr\/wp-json\/wp\/v2\/product_brand?post=24092"},{"taxonomy":"product_cat","embeddable":true,"href":"https:\/\/www.istegroup.com\/fr\/wp-json\/wp\/v2\/product_cat?post=24092"},{"taxonomy":"product_tag","embeddable":true,"href":"https:\/\/www.istegroup.com\/fr\/wp-json\/wp\/v2\/product_tag?post=24092"}],"curies":[{"name":"wp","href":"https:\/\/api.w.org\/{rel}","templated":true}]}}