{"id":24079,"date":"2022-02-15T12:15:28","date_gmt":"2022-02-15T12:15:28","guid":{"rendered":"https:\/\/www.istegroup.com\/?post_type=product&#038;p=24079"},"modified":"2025-01-03T12:05:57","modified_gmt":"2025-01-03T12:05:57","slug":"la-fabrication-additive-des-alliages-metalliques-1","status":"publish","type":"product","link":"https:\/\/www.istegroup.com\/fr\/produit\/la-fabrication-additive-des-alliages-metalliques-1\/","title":{"rendered":"La fabrication additive des alliages m\u00e9talliques 1"},"content":{"rendered":"<p>Depuis une dizaine d\u2019ann\u00e9es, la fabrication additive r\u00e9volutionne les modes de conception et d\u2019\u00e9laboration en autorisant des libert\u00e9s de design et des fonctionnalit\u00e9s inaccessibles avec les proc\u00e9d\u00e9s conventionnels, provoquant un engouement extraordinaire de la part des milieux industriels et acad\u00e9miques.<\/p>\n<p><em>La fabrication additive des alliages m\u00e9talliques 1<\/em> pr\u00e9sente un \u00e9tat de l\u2019art de la fabrication additive et de ses diff\u00e9rents proc\u00e9d\u00e9s, allant des mat\u00e9riaux m\u00e9talliques de d\u00e9part (sous forme de poudre ou de fil) jusqu\u2019\u00e0 leurs propri\u00e9t\u00e9s apr\u00e8s \u00e9laboration. Il analyse les mat\u00e9riaux m\u00e9talliques et la mati\u00e8re de base ainsi que les diff\u00e9rents proc\u00e9d\u00e9s d\u2019\u00e9laboration actuels et ceux en devenir. Il pr\u00e9cise les principes physiques fondamentaux mis en jeu et la simulation num\u00e9rique des proc\u00e9d\u00e9s.<\/p>\n<p>Cet ouvrage offre, pour chaque th\u00e9matique, un \u00e9quilibre entre des notions de base et des aspects plus avanc\u00e9s, afin de constituer l\u2019\u00e9quivalent d\u2019un pr\u00e9cis de fabrication additive m\u00e9tallique autant utile aux professionnels du domaine qu\u2019au grand public.<\/p>","protected":false},"excerpt":{"rendered":"<p>Depuis une dizaine d\u2019ann\u00e9es, la fabrication additive r\u00e9volutionne les modes de conception et d\u2019\u00e9laboration en autorisant des libert\u00e9s de design et des fonctionnalit\u00e9s inaccessibles avec les proc\u00e9d\u00e9s conventionnels, provoquant un engouement extraordinaire de la part des milieux industriels et acad\u00e9miques. La fabrication additive des alliages m\u00e9talliques 1 pr\u00e9sente un \u00e9tat de l\u2019art de la fabrication [&hellip;]<\/p>\n","protected":false},"featured_media":45326,"template":"","meta":{"_acf_changed":false,"_links_to":"","_links_to_target":""},"product_brand":[],"product_cat":[4289],"product_tag":[],"class_list":{"0":"post-24079","1":"product","2":"type-product","3":"status-publish","4":"has-post-thumbnail","6":"product_cat-sciences","8":"first","9":"instock","10":"shipping-taxable","11":"purchasable","12":"product-type-variable"},"acf":[],"yoast_head":"<!-- This site is optimized with the Yoast SEO plugin v27.2 - https:\/\/yoast.com\/product\/yoast-seo-wordpress\/ -->\n<title>La fabrication additive des alliages m\u00e9talliques 1 - ISTE Group<\/title>\n<meta name=\"description\" content=\"La fabrication additive des alliages m\u00e9talliques 1 pr\u00e9sente un \u00e9tat de l\u2019art de la fabrication additive et de ses diff\u00e9rents proc\u00e9d\u00e9s, allant des mat\u00e9riaux m\u00e9talliques de d\u00e9part (sous forme de poudre ou de fil) jusqu\u2019\u00e0 leurs propri\u00e9t\u00e9s apr\u00e8s \u00e9laboration.\" \/>\n<meta name=\"robots\" content=\"index, follow, max-snippet:-1, max-image-preview:large, max-video-preview:-1\" \/>\n<link rel=\"canonical\" href=\"https:\/\/www.istegroup.com\/en\/produit\/la-fabrication-additive-des-alliages-metalliques-1\/\" \/>\n<meta property=\"og:locale\" content=\"fr_FR\" \/>\n<meta property=\"og:type\" content=\"article\" \/>\n<meta property=\"og:title\" content=\"La fabrication additive des alliages m\u00e9talliques 1 - ISTE Group\" \/>\n<meta property=\"og:description\" content=\"La fabrication additive des alliages m\u00e9talliques 1 pr\u00e9sente un \u00e9tat de l\u2019art de la fabrication additive et de ses diff\u00e9rents proc\u00e9d\u00e9s, allant des mat\u00e9riaux m\u00e9talliques de d\u00e9part (sous forme de poudre ou de fil) jusqu\u2019\u00e0 leurs propri\u00e9t\u00e9s apr\u00e8s \u00e9laboration.\" \/>\n<meta property=\"og:url\" content=\"https:\/\/www.istegroup.com\/en\/produit\/la-fabrication-additive-des-alliages-metalliques-1\/\" \/>\n<meta property=\"og:site_name\" content=\"ISTE Group\" \/>\n<meta property=\"article:modified_time\" content=\"2025-01-03T12:05:57+00:00\" \/>\n<meta property=\"og:image\" content=\"https:\/\/www.istegroup.com\/wp-content\/uploads\/2022\/02\/La-fabrication-additive-des-alliages-me\u0301talliques-1-contour.jpg\" \/>\n\t<meta property=\"og:image:width\" content=\"300\" \/>\n\t<meta property=\"og:image:height\" content=\"450\" \/>\n\t<meta property=\"og:image:type\" content=\"image\/jpeg\" \/>\n<meta name=\"twitter:card\" content=\"summary_large_image\" \/>\n<meta name=\"twitter:label1\" content=\"Est. reading time\" \/>\n\t<meta name=\"twitter:data1\" content=\"1 minute\" \/>\n<script type=\"application\/ld+json\" class=\"yoast-schema-graph\">{\"@context\":\"https:\/\/schema.org\",\"@graph\":[{\"@type\":\"WebPage\",\"@id\":\"https:\/\/www.istegroup.com\/en\/produit\/la-fabrication-additive-des-alliages-metalliques-1\/\",\"url\":\"https:\/\/www.istegroup.com\/en\/produit\/la-fabrication-additive-des-alliages-metalliques-1\/\",\"name\":\"La fabrication additive des alliages m\u00e9talliques 1 - ISTE Group\",\"isPartOf\":{\"@id\":\"https:\/\/www.istegroup.com\/#website\"},\"primaryImageOfPage\":{\"@id\":\"https:\/\/www.istegroup.com\/en\/produit\/la-fabrication-additive-des-alliages-metalliques-1\/#primaryimage\"},\"image\":{\"@id\":\"https:\/\/www.istegroup.com\/en\/produit\/la-fabrication-additive-des-alliages-metalliques-1\/#primaryimage\"},\"thumbnailUrl\":\"https:\/\/www.istegroup.com\/wp-content\/uploads\/2022\/02\/La-fabrication-additive-des-alliages-me\u0301talliques-1-contour.jpg\",\"datePublished\":\"2022-02-15T12:15:28+00:00\",\"dateModified\":\"2025-01-03T12:05:57+00:00\",\"description\":\"La fabrication additive des alliages m\u00e9talliques 1 pr\u00e9sente un \u00e9tat de l\u2019art de la fabrication additive et de ses diff\u00e9rents proc\u00e9d\u00e9s, allant des mat\u00e9riaux m\u00e9talliques de d\u00e9part (sous forme de poudre ou de fil) jusqu\u2019\u00e0 leurs propri\u00e9t\u00e9s apr\u00e8s \u00e9laboration.\",\"breadcrumb\":{\"@id\":\"https:\/\/www.istegroup.com\/en\/produit\/la-fabrication-additive-des-alliages-metalliques-1\/#breadcrumb\"},\"inLanguage\":\"fr-FR\",\"potentialAction\":[{\"@type\":\"ReadAction\",\"target\":[\"https:\/\/www.istegroup.com\/en\/produit\/la-fabrication-additive-des-alliages-metalliques-1\/\"]}]},{\"@type\":\"ImageObject\",\"inLanguage\":\"fr-FR\",\"@id\":\"https:\/\/www.istegroup.com\/en\/produit\/la-fabrication-additive-des-alliages-metalliques-1\/#primaryimage\",\"url\":\"https:\/\/www.istegroup.com\/wp-content\/uploads\/2022\/02\/La-fabrication-additive-des-alliages-me\u0301talliques-1-contour.jpg\",\"contentUrl\":\"https:\/\/www.istegroup.com\/wp-content\/uploads\/2022\/02\/La-fabrication-additive-des-alliages-me\u0301talliques-1-contour.jpg\",\"width\":300,\"height\":450,\"caption\":\"Livre scientifique - La fabrication additive des alliages m\u00e9talliques 1 - Encyclop\u00e9die SCIENCES\"},{\"@type\":\"BreadcrumbList\",\"@id\":\"https:\/\/www.istegroup.com\/en\/produit\/la-fabrication-additive-des-alliages-metalliques-1\/#breadcrumb\",\"itemListElement\":[{\"@type\":\"ListItem\",\"position\":1,\"name\":\"Home\",\"item\":\"https:\/\/www.istegroup.com\/\"},{\"@type\":\"ListItem\",\"position\":2,\"name\":\"Shop\",\"item\":\"https:\/\/www.istegroup.com\/fr\/nouveautes\/\"},{\"@type\":\"ListItem\",\"position\":3,\"name\":\"La fabrication additive des alliages m\u00e9talliques 1\"}]},{\"@type\":\"WebSite\",\"@id\":\"https:\/\/www.istegroup.com\/#website\",\"url\":\"https:\/\/www.istegroup.com\/\",\"name\":\"ISTE Group\",\"description\":\"\u00c9diteur des Sciences\",\"potentialAction\":[{\"@type\":\"SearchAction\",\"target\":{\"@type\":\"EntryPoint\",\"urlTemplate\":\"https:\/\/www.istegroup.com\/?s={search_term_string}\"},\"query-input\":{\"@type\":\"PropertyValueSpecification\",\"valueRequired\":true,\"valueName\":\"search_term_string\"}}],\"inLanguage\":\"fr-FR\"}]}<\/script>\n<!-- \/ Yoast SEO plugin. -->","yoast_head_json":{"title":"La fabrication additive des alliages m\u00e9talliques 1 - ISTE Group","description":"La fabrication additive des alliages m\u00e9talliques 1 pr\u00e9sente un \u00e9tat de l\u2019art de la fabrication additive et de ses diff\u00e9rents proc\u00e9d\u00e9s, allant des mat\u00e9riaux m\u00e9talliques de d\u00e9part (sous forme de poudre ou de fil) jusqu\u2019\u00e0 leurs propri\u00e9t\u00e9s apr\u00e8s \u00e9laboration.","robots":{"index":"index","follow":"follow","max-snippet":"max-snippet:-1","max-image-preview":"max-image-preview:large","max-video-preview":"max-video-preview:-1"},"canonical":"https:\/\/www.istegroup.com\/en\/produit\/la-fabrication-additive-des-alliages-metalliques-1\/","og_locale":"fr_FR","og_type":"article","og_title":"La fabrication additive des alliages m\u00e9talliques 1 - ISTE Group","og_description":"La fabrication additive des alliages m\u00e9talliques 1 pr\u00e9sente un \u00e9tat de l\u2019art de la fabrication additive et de ses diff\u00e9rents proc\u00e9d\u00e9s, allant des mat\u00e9riaux m\u00e9talliques de d\u00e9part (sous forme de poudre ou de fil) jusqu\u2019\u00e0 leurs propri\u00e9t\u00e9s apr\u00e8s \u00e9laboration.","og_url":"https:\/\/www.istegroup.com\/en\/produit\/la-fabrication-additive-des-alliages-metalliques-1\/","og_site_name":"ISTE Group","article_modified_time":"2025-01-03T12:05:57+00:00","og_image":[{"width":300,"height":450,"url":"https:\/\/www.istegroup.com\/wp-content\/uploads\/2022\/02\/La-fabrication-additive-des-alliages-me\u0301talliques-1-contour.jpg","type":"image\/jpeg"}],"twitter_card":"summary_large_image","twitter_misc":{"Est. reading time":"1 minute"},"schema":{"@context":"https:\/\/schema.org","@graph":[{"@type":"WebPage","@id":"https:\/\/www.istegroup.com\/en\/produit\/la-fabrication-additive-des-alliages-metalliques-1\/","url":"https:\/\/www.istegroup.com\/en\/produit\/la-fabrication-additive-des-alliages-metalliques-1\/","name":"La fabrication additive des alliages m\u00e9talliques 1 - ISTE Group","isPartOf":{"@id":"https:\/\/www.istegroup.com\/#website"},"primaryImageOfPage":{"@id":"https:\/\/www.istegroup.com\/en\/produit\/la-fabrication-additive-des-alliages-metalliques-1\/#primaryimage"},"image":{"@id":"https:\/\/www.istegroup.com\/en\/produit\/la-fabrication-additive-des-alliages-metalliques-1\/#primaryimage"},"thumbnailUrl":"https:\/\/www.istegroup.com\/wp-content\/uploads\/2022\/02\/La-fabrication-additive-des-alliages-me\u0301talliques-1-contour.jpg","datePublished":"2022-02-15T12:15:28+00:00","dateModified":"2025-01-03T12:05:57+00:00","description":"La fabrication additive des alliages m\u00e9talliques 1 pr\u00e9sente un \u00e9tat de l\u2019art de la fabrication additive et de ses diff\u00e9rents proc\u00e9d\u00e9s, allant des mat\u00e9riaux m\u00e9talliques de d\u00e9part (sous forme de poudre ou de fil) jusqu\u2019\u00e0 leurs propri\u00e9t\u00e9s apr\u00e8s \u00e9laboration.","breadcrumb":{"@id":"https:\/\/www.istegroup.com\/en\/produit\/la-fabrication-additive-des-alliages-metalliques-1\/#breadcrumb"},"inLanguage":"fr-FR","potentialAction":[{"@type":"ReadAction","target":["https:\/\/www.istegroup.com\/en\/produit\/la-fabrication-additive-des-alliages-metalliques-1\/"]}]},{"@type":"ImageObject","inLanguage":"fr-FR","@id":"https:\/\/www.istegroup.com\/en\/produit\/la-fabrication-additive-des-alliages-metalliques-1\/#primaryimage","url":"https:\/\/www.istegroup.com\/wp-content\/uploads\/2022\/02\/La-fabrication-additive-des-alliages-me\u0301talliques-1-contour.jpg","contentUrl":"https:\/\/www.istegroup.com\/wp-content\/uploads\/2022\/02\/La-fabrication-additive-des-alliages-me\u0301talliques-1-contour.jpg","width":300,"height":450,"caption":"Livre scientifique - La fabrication additive des alliages m\u00e9talliques 1 - Encyclop\u00e9die SCIENCES"},{"@type":"BreadcrumbList","@id":"https:\/\/www.istegroup.com\/en\/produit\/la-fabrication-additive-des-alliages-metalliques-1\/#breadcrumb","itemListElement":[{"@type":"ListItem","position":1,"name":"Home","item":"https:\/\/www.istegroup.com\/"},{"@type":"ListItem","position":2,"name":"Shop","item":"https:\/\/www.istegroup.com\/fr\/nouveautes\/"},{"@type":"ListItem","position":3,"name":"La fabrication additive des alliages m\u00e9talliques 1"}]},{"@type":"WebSite","@id":"https:\/\/www.istegroup.com\/#website","url":"https:\/\/www.istegroup.com\/","name":"ISTE Group","description":"\u00c9diteur des Sciences","potentialAction":[{"@type":"SearchAction","target":{"@type":"EntryPoint","urlTemplate":"https:\/\/www.istegroup.com\/?s={search_term_string}"},"query-input":{"@type":"PropertyValueSpecification","valueRequired":true,"valueName":"search_term_string"}}],"inLanguage":"fr-FR"}]}},"_links":{"self":[{"href":"https:\/\/www.istegroup.com\/fr\/wp-json\/wp\/v2\/product\/24079","targetHints":{"allow":["GET"]}}],"collection":[{"href":"https:\/\/www.istegroup.com\/fr\/wp-json\/wp\/v2\/product"}],"about":[{"href":"https:\/\/www.istegroup.com\/fr\/wp-json\/wp\/v2\/types\/product"}],"wp:featuredmedia":[{"embeddable":true,"href":"https:\/\/www.istegroup.com\/fr\/wp-json\/wp\/v2\/media\/45326"}],"wp:attachment":[{"href":"https:\/\/www.istegroup.com\/fr\/wp-json\/wp\/v2\/media?parent=24079"}],"wp:term":[{"taxonomy":"product_brand","embeddable":true,"href":"https:\/\/www.istegroup.com\/fr\/wp-json\/wp\/v2\/product_brand?post=24079"},{"taxonomy":"product_cat","embeddable":true,"href":"https:\/\/www.istegroup.com\/fr\/wp-json\/wp\/v2\/product_cat?post=24079"},{"taxonomy":"product_tag","embeddable":true,"href":"https:\/\/www.istegroup.com\/fr\/wp-json\/wp\/v2\/product_tag?post=24079"}],"curies":[{"name":"wp","href":"https:\/\/api.w.org\/{rel}","templated":true}]}}