{"id":24049,"date":"2025-03-20T10:32:44","date_gmt":"2025-03-20T10:32:44","guid":{"rendered":"https:\/\/www.istegroup.com\/?post_type=product&#038;p=24049"},"modified":"2025-05-21T10:06:08","modified_gmt":"2025-05-21T09:06:08","slug":"controle-et-gestion-des-systemes-de-transport-intelligents-cooperatifs","status":"publish","type":"product","link":"https:\/\/www.istegroup.com\/fr\/produit\/controle-et-gestion-des-systemes-de-transport-intelligents-cooperatifs\/","title":{"rendered":"Contr\u00f4le et gestion des syst\u00e8mes de transport intelligents coop\u00e9ratifs"},"content":{"rendered":"<p>Les syst\u00e8mes de transport intelligents coop\u00e9ratifs (C-ITS) sont au coeur de l\u2019\u00e9volution des v\u00e9hicules automatis\u00e9s, avec l\u2019ambition de r\u00e9duire les \u00e9missions de gaz \u00e0 effet de serre, d\u2019am\u00e9liorer la s\u00e9curit\u00e9 routi\u00e8re et de fluidifier le trafic. Toutefois, leur d\u00e9ploiement dans un environnement dynamique et fortement contraint soul\u00e8ve de nombreux d\u00e9fis, notamment en mati\u00e8re de garantie de la qualit\u00e9 de service (QoS), de fiabilit\u00e9 et de s\u00e9curit\u00e9 des communications.<\/p>\n<p><em>Contr\u00f4le et gestion des syst\u00e8mes de transport intelligents coop\u00e9ratifs<\/em> explore ces enjeux en proposant des solutions innovantes pour la gestion et le contr\u00f4le des performances et de la s\u00e9curit\u00e9 des C-ITS. Apr\u00e8s une introduction d\u00e9taill\u00e9e sur les interactions locales et l\u2019\u00e9volution des cas d\u2019usage, l\u2019ouvrage examine diverses approches pour optimiser le fonctionnement des C-ITS. Parmi les pistes explor\u00e9es, l\u2019hybridation des technologies d\u2019acc\u00e8s (cellulaire, ITS-G5), l\u2019int\u00e9gration d\u2019outils avanc\u00e9s comme l\u2019intelligence artificielle et les r\u00e9seaux d\u00e9finis logiciellement (SDN), ainsi que l\u2019\u00e9volution architecturale (<em>Cloud Computing, Edge Computing, blockchain<\/em>) sont pr\u00e9sent\u00e9es.<\/p>\n","protected":false},"excerpt":{"rendered":"<p>Les syst\u00e8mes de transport intelligents coop\u00e9ratifs (C-ITS) sont au coeur de l\u2019\u00e9volution des v\u00e9hicules automatis\u00e9s, avec l\u2019ambition de r\u00e9duire les \u00e9missions de gaz \u00e0 effet de serre, d\u2019am\u00e9liorer la s\u00e9curit\u00e9 routi\u00e8re et de fluidifier le trafic. Toutefois, leur d\u00e9ploiement dans un environnement dynamique et fortement contraint soul\u00e8ve de nombreux d\u00e9fis, notamment en mati\u00e8re de garantie [&hellip;]<\/p>\n","protected":false},"featured_media":59747,"template":"","meta":{"_acf_changed":false,"_links_to":"","_links_to_target":""},"product_brand":[],"product_cat":[4289],"product_tag":[],"class_list":{"0":"post-24049","1":"product","2":"type-product","3":"status-publish","4":"has-post-thumbnail","6":"product_cat-sciences","8":"first","9":"instock","10":"shipping-taxable","11":"purchasable","12":"product-type-variable"},"acf":[],"yoast_head":"<!-- This site is optimized with the Yoast SEO plugin v27.2 - https:\/\/yoast.com\/product\/yoast-seo-wordpress\/ -->\n<title>Contr\u00f4le et gestion des syst\u00e8mes de transport intelligents coop\u00e9ratifs - ISTE Group<\/title>\n<meta name=\"description\" content=\"Contr\u00f4le et gestion des syst\u00e8mes de transport intelligents coop\u00e9ratifs explore ces enjeux en proposant des solutions innovantes pour la gestion et le contr\u00f4le des performances et de la s\u00e9curit\u00e9 des C-ITS.\" \/>\n<meta name=\"robots\" content=\"index, follow, max-snippet:-1, max-image-preview:large, max-video-preview:-1\" \/>\n<link rel=\"canonical\" href=\"https:\/\/www.istegroup.com\/produit\/controle-et-gestion-des-systemes-de-transport-intelligents-cooperatifs\/\" \/>\n<meta property=\"og:locale\" content=\"fr_FR\" \/>\n<meta property=\"og:type\" content=\"article\" \/>\n<meta property=\"og:title\" content=\"Contr\u00f4le et gestion des syst\u00e8mes de transport intelligents coop\u00e9ratifs - ISTE Group\" \/>\n<meta property=\"og:description\" content=\"Contr\u00f4le et gestion des syst\u00e8mes de transport intelligents coop\u00e9ratifs explore ces enjeux en proposant des solutions innovantes pour la gestion et le contr\u00f4le des performances et de la s\u00e9curit\u00e9 des C-ITS.\" \/>\n<meta property=\"og:url\" content=\"https:\/\/www.istegroup.com\/produit\/controle-et-gestion-des-systemes-de-transport-intelligents-cooperatifs\/\" \/>\n<meta property=\"og:site_name\" content=\"ISTE Group\" \/>\n<meta property=\"article:modified_time\" content=\"2025-05-21T09:06:08+00:00\" \/>\n<meta property=\"og:image\" content=\"https:\/\/www.istegroup.com\/wp-content\/uploads\/2019\/11\/180_Controle-et-gestion-des-systemes-de-transport-intelligents-cooperatifs.png\" \/>\n\t<meta property=\"og:image:width\" content=\"300\" \/>\n\t<meta property=\"og:image:height\" content=\"450\" \/>\n\t<meta property=\"og:image:type\" content=\"image\/png\" \/>\n<meta name=\"twitter:card\" content=\"summary_large_image\" \/>\n<meta name=\"twitter:label1\" content=\"Est. reading time\" \/>\n\t<meta name=\"twitter:data1\" content=\"1 minute\" \/>\n<script type=\"application\/ld+json\" class=\"yoast-schema-graph\">{\"@context\":\"https:\/\/schema.org\",\"@graph\":[{\"@type\":\"WebPage\",\"@id\":\"https:\/\/www.istegroup.com\/produit\/controle-et-gestion-des-systemes-de-transport-intelligents-cooperatifs\/\",\"url\":\"https:\/\/www.istegroup.com\/produit\/controle-et-gestion-des-systemes-de-transport-intelligents-cooperatifs\/\",\"name\":\"Contr\u00f4le et gestion des syst\u00e8mes de transport intelligents coop\u00e9ratifs - ISTE Group\",\"isPartOf\":{\"@id\":\"https:\/\/www.istegroup.com\/#website\"},\"primaryImageOfPage\":{\"@id\":\"https:\/\/www.istegroup.com\/produit\/controle-et-gestion-des-systemes-de-transport-intelligents-cooperatifs\/#primaryimage\"},\"image\":{\"@id\":\"https:\/\/www.istegroup.com\/produit\/controle-et-gestion-des-systemes-de-transport-intelligents-cooperatifs\/#primaryimage\"},\"thumbnailUrl\":\"https:\/\/www.istegroup.com\/wp-content\/uploads\/2019\/11\/180_Controle-et-gestion-des-systemes-de-transport-intelligents-cooperatifs.png\",\"datePublished\":\"2025-03-20T10:32:44+00:00\",\"dateModified\":\"2025-05-21T09:06:08+00:00\",\"description\":\"Contr\u00f4le et gestion des syst\u00e8mes de transport intelligents coop\u00e9ratifs explore ces enjeux en proposant des solutions innovantes pour la gestion et le contr\u00f4le des performances et de la s\u00e9curit\u00e9 des C-ITS.\",\"breadcrumb\":{\"@id\":\"https:\/\/www.istegroup.com\/produit\/controle-et-gestion-des-systemes-de-transport-intelligents-cooperatifs\/#breadcrumb\"},\"inLanguage\":\"fr-FR\",\"potentialAction\":[{\"@type\":\"ReadAction\",\"target\":[\"https:\/\/www.istegroup.com\/produit\/controle-et-gestion-des-systemes-de-transport-intelligents-cooperatifs\/\"]}]},{\"@type\":\"ImageObject\",\"inLanguage\":\"fr-FR\",\"@id\":\"https:\/\/www.istegroup.com\/produit\/controle-et-gestion-des-systemes-de-transport-intelligents-cooperatifs\/#primaryimage\",\"url\":\"https:\/\/www.istegroup.com\/wp-content\/uploads\/2019\/11\/180_Controle-et-gestion-des-systemes-de-transport-intelligents-cooperatifs.png\",\"contentUrl\":\"https:\/\/www.istegroup.com\/wp-content\/uploads\/2019\/11\/180_Controle-et-gestion-des-systemes-de-transport-intelligents-cooperatifs.png\",\"width\":300,\"height\":450,\"caption\":\"Livre scientifique - Contr\u00f4le et gestion des syst\u00e8mes de transport intelligents coop\u00e9ratifs\"},{\"@type\":\"BreadcrumbList\",\"@id\":\"https:\/\/www.istegroup.com\/produit\/controle-et-gestion-des-systemes-de-transport-intelligents-cooperatifs\/#breadcrumb\",\"itemListElement\":[{\"@type\":\"ListItem\",\"position\":1,\"name\":\"Home\",\"item\":\"https:\/\/www.istegroup.com\/\"},{\"@type\":\"ListItem\",\"position\":2,\"name\":\"Shop\",\"item\":\"https:\/\/www.istegroup.com\/fr\/nouveautes\/\"},{\"@type\":\"ListItem\",\"position\":3,\"name\":\"Contr\u00f4le et gestion des syst\u00e8mes de transport intelligents coop\u00e9ratifs\"}]},{\"@type\":\"WebSite\",\"@id\":\"https:\/\/www.istegroup.com\/#website\",\"url\":\"https:\/\/www.istegroup.com\/\",\"name\":\"ISTE Group\",\"description\":\"\u00c9diteur des Sciences\",\"potentialAction\":[{\"@type\":\"SearchAction\",\"target\":{\"@type\":\"EntryPoint\",\"urlTemplate\":\"https:\/\/www.istegroup.com\/?s={search_term_string}\"},\"query-input\":{\"@type\":\"PropertyValueSpecification\",\"valueRequired\":true,\"valueName\":\"search_term_string\"}}],\"inLanguage\":\"fr-FR\"}]}<\/script>\n<!-- \/ Yoast SEO plugin. -->","yoast_head_json":{"title":"Contr\u00f4le et gestion des syst\u00e8mes de transport intelligents coop\u00e9ratifs - ISTE Group","description":"Contr\u00f4le et gestion des syst\u00e8mes de transport intelligents coop\u00e9ratifs explore ces enjeux en proposant des solutions innovantes pour la gestion et le contr\u00f4le des performances et de la s\u00e9curit\u00e9 des C-ITS.","robots":{"index":"index","follow":"follow","max-snippet":"max-snippet:-1","max-image-preview":"max-image-preview:large","max-video-preview":"max-video-preview:-1"},"canonical":"https:\/\/www.istegroup.com\/produit\/controle-et-gestion-des-systemes-de-transport-intelligents-cooperatifs\/","og_locale":"fr_FR","og_type":"article","og_title":"Contr\u00f4le et gestion des syst\u00e8mes de transport intelligents coop\u00e9ratifs - ISTE Group","og_description":"Contr\u00f4le et gestion des syst\u00e8mes de transport intelligents coop\u00e9ratifs explore ces enjeux en proposant des solutions innovantes pour la gestion et le contr\u00f4le des performances et de la s\u00e9curit\u00e9 des C-ITS.","og_url":"https:\/\/www.istegroup.com\/produit\/controle-et-gestion-des-systemes-de-transport-intelligents-cooperatifs\/","og_site_name":"ISTE Group","article_modified_time":"2025-05-21T09:06:08+00:00","og_image":[{"width":300,"height":450,"url":"https:\/\/www.istegroup.com\/wp-content\/uploads\/2019\/11\/180_Controle-et-gestion-des-systemes-de-transport-intelligents-cooperatifs.png","type":"image\/png"}],"twitter_card":"summary_large_image","twitter_misc":{"Est. reading time":"1 minute"},"schema":{"@context":"https:\/\/schema.org","@graph":[{"@type":"WebPage","@id":"https:\/\/www.istegroup.com\/produit\/controle-et-gestion-des-systemes-de-transport-intelligents-cooperatifs\/","url":"https:\/\/www.istegroup.com\/produit\/controle-et-gestion-des-systemes-de-transport-intelligents-cooperatifs\/","name":"Contr\u00f4le et gestion des syst\u00e8mes de transport intelligents coop\u00e9ratifs - ISTE Group","isPartOf":{"@id":"https:\/\/www.istegroup.com\/#website"},"primaryImageOfPage":{"@id":"https:\/\/www.istegroup.com\/produit\/controle-et-gestion-des-systemes-de-transport-intelligents-cooperatifs\/#primaryimage"},"image":{"@id":"https:\/\/www.istegroup.com\/produit\/controle-et-gestion-des-systemes-de-transport-intelligents-cooperatifs\/#primaryimage"},"thumbnailUrl":"https:\/\/www.istegroup.com\/wp-content\/uploads\/2019\/11\/180_Controle-et-gestion-des-systemes-de-transport-intelligents-cooperatifs.png","datePublished":"2025-03-20T10:32:44+00:00","dateModified":"2025-05-21T09:06:08+00:00","description":"Contr\u00f4le et gestion des syst\u00e8mes de transport intelligents coop\u00e9ratifs explore ces enjeux en proposant des solutions innovantes pour la gestion et le contr\u00f4le des performances et de la s\u00e9curit\u00e9 des C-ITS.","breadcrumb":{"@id":"https:\/\/www.istegroup.com\/produit\/controle-et-gestion-des-systemes-de-transport-intelligents-cooperatifs\/#breadcrumb"},"inLanguage":"fr-FR","potentialAction":[{"@type":"ReadAction","target":["https:\/\/www.istegroup.com\/produit\/controle-et-gestion-des-systemes-de-transport-intelligents-cooperatifs\/"]}]},{"@type":"ImageObject","inLanguage":"fr-FR","@id":"https:\/\/www.istegroup.com\/produit\/controle-et-gestion-des-systemes-de-transport-intelligents-cooperatifs\/#primaryimage","url":"https:\/\/www.istegroup.com\/wp-content\/uploads\/2019\/11\/180_Controle-et-gestion-des-systemes-de-transport-intelligents-cooperatifs.png","contentUrl":"https:\/\/www.istegroup.com\/wp-content\/uploads\/2019\/11\/180_Controle-et-gestion-des-systemes-de-transport-intelligents-cooperatifs.png","width":300,"height":450,"caption":"Livre scientifique - Contr\u00f4le et gestion des syst\u00e8mes de transport intelligents coop\u00e9ratifs"},{"@type":"BreadcrumbList","@id":"https:\/\/www.istegroup.com\/produit\/controle-et-gestion-des-systemes-de-transport-intelligents-cooperatifs\/#breadcrumb","itemListElement":[{"@type":"ListItem","position":1,"name":"Home","item":"https:\/\/www.istegroup.com\/"},{"@type":"ListItem","position":2,"name":"Shop","item":"https:\/\/www.istegroup.com\/fr\/nouveautes\/"},{"@type":"ListItem","position":3,"name":"Contr\u00f4le et gestion des syst\u00e8mes de transport intelligents coop\u00e9ratifs"}]},{"@type":"WebSite","@id":"https:\/\/www.istegroup.com\/#website","url":"https:\/\/www.istegroup.com\/","name":"ISTE Group","description":"\u00c9diteur des Sciences","potentialAction":[{"@type":"SearchAction","target":{"@type":"EntryPoint","urlTemplate":"https:\/\/www.istegroup.com\/?s={search_term_string}"},"query-input":{"@type":"PropertyValueSpecification","valueRequired":true,"valueName":"search_term_string"}}],"inLanguage":"fr-FR"}]}},"_links":{"self":[{"href":"https:\/\/www.istegroup.com\/fr\/wp-json\/wp\/v2\/product\/24049","targetHints":{"allow":["GET"]}}],"collection":[{"href":"https:\/\/www.istegroup.com\/fr\/wp-json\/wp\/v2\/product"}],"about":[{"href":"https:\/\/www.istegroup.com\/fr\/wp-json\/wp\/v2\/types\/product"}],"wp:featuredmedia":[{"embeddable":true,"href":"https:\/\/www.istegroup.com\/fr\/wp-json\/wp\/v2\/media\/59747"}],"wp:attachment":[{"href":"https:\/\/www.istegroup.com\/fr\/wp-json\/wp\/v2\/media?parent=24049"}],"wp:term":[{"taxonomy":"product_brand","embeddable":true,"href":"https:\/\/www.istegroup.com\/fr\/wp-json\/wp\/v2\/product_brand?post=24049"},{"taxonomy":"product_cat","embeddable":true,"href":"https:\/\/www.istegroup.com\/fr\/wp-json\/wp\/v2\/product_cat?post=24049"},{"taxonomy":"product_tag","embeddable":true,"href":"https:\/\/www.istegroup.com\/fr\/wp-json\/wp\/v2\/product_tag?post=24049"}],"curies":[{"name":"wp","href":"https:\/\/api.w.org\/{rel}","templated":true}]}}