{"id":24048,"date":"2021-09-23T10:32:05","date_gmt":"2021-09-23T09:32:05","guid":{"rendered":"https:\/\/www.istegroup.com\/?post_type=product&#038;p=24048"},"modified":"2025-01-03T12:06:53","modified_gmt":"2025-01-03T12:06:53","slug":"la-gestion-et-le-controle-intelligents-des-performances-et-de-la-securite-dans-liot","status":"publish","type":"product","link":"https:\/\/www.istegroup.com\/fr\/produit\/la-gestion-et-le-controle-intelligents-des-performances-et-de-la-securite-dans-liot\/","title":{"rendered":"La gestion et le contr\u00f4le intelligents des performances et de la s\u00e9curit\u00e9 dans l\u2019IoT"},"content":{"rendered":"<p>L\u2019Internet des objets (en anglais <em>Internet of Things<\/em>, IoT), aujourd\u2019hui omnipr\u00e9sent, a grandement contribu\u00e9 \u00e0 l\u2019accroissement du trafic des donn\u00e9es sur Internet. Les technologies d\u2019acc\u00e8s IoT et les contraintes des objets peuvent causer des probl\u00e8mes de performances et de s\u00e9curit\u00e9. Cela d\u00e9montre l\u2019importance des d\u00e9fis li\u00e9s \u00e0 cet environnement comme le contr\u00f4le des communications radio et de l\u2019acc\u00e8s au r\u00e9seau, la gestion de la qualit\u00e9 de service et de la consommation \u00e9nerg\u00e9tique ou l\u2019impl\u00e9mentation de m\u00e9canismes de s\u00e9curit\u00e9 d\u00e9di\u00e9s \u00e0 l\u2019IoT.<\/p>\n<p>En r\u00e9ponse \u00e0 ces probl\u00e9matiques, cet ouvrage pr\u00e9sente de nouvelles solutions pour la gestion et le contr\u00f4le des performances et de la s\u00e9curit\u00e9 dans l\u2019IoT. L\u2019originalit\u00e9 de ces propositions r\u00e9side principalement dans l\u2019utilisation de techniques intelligentes. Cette notion d\u2019intelligence permet, entre autres, de supporter l\u2019h\u00e9t\u00e9rog\u00e9n\u00e9it\u00e9 des objets, leurs capacit\u00e9s limit\u00e9es et la grande dynamique caract\u00e9risant l\u2019IoT.<\/p>\n","protected":false},"excerpt":{"rendered":"<p>L\u2019Internet des objets (en anglais Internet of Things, IoT), aujourd\u2019hui omnipr\u00e9sent, a grandement contribu\u00e9 \u00e0 l\u2019accroissement du trafic des donn\u00e9es sur Internet. Les technologies d\u2019acc\u00e8s IoT et les contraintes des objets peuvent causer des probl\u00e8mes de performances et de s\u00e9curit\u00e9. Cela d\u00e9montre l\u2019importance des d\u00e9fis li\u00e9s \u00e0 cet environnement comme le contr\u00f4le des communications radio [&hellip;]<\/p>\n","protected":false},"featured_media":45319,"template":"","meta":{"_acf_changed":false,"_links_to":"","_links_to_target":""},"product_brand":[],"product_cat":[4289],"product_tag":[],"class_list":{"0":"post-24048","1":"product","2":"type-product","3":"status-publish","4":"has-post-thumbnail","6":"product_cat-sciences","8":"first","9":"instock","10":"shipping-taxable","11":"purchasable","12":"product-type-variable"},"acf":[],"yoast_head":"<!-- This site is optimized with the Yoast SEO plugin v27.2 - https:\/\/yoast.com\/product\/yoast-seo-wordpress\/ -->\n<title>La gestion et le contr\u00f4le intelligents des performances et de la s\u00e9curit\u00e9 dans l\u2019IoT - ISTE Group<\/title>\n<meta name=\"description\" content=\"Cet ouvrage pr\u00e9sente de nouvelles solutions pour la gestion et le contr\u00f4le des performances et de la s\u00e9curit\u00e9 dans l\u2019IoT.\" \/>\n<meta name=\"robots\" content=\"index, follow, max-snippet:-1, max-image-preview:large, max-video-preview:-1\" \/>\n<link rel=\"canonical\" href=\"https:\/\/www.istegroup.com\/fr\/produit\/la-gestion-et-le-controle-intelligents-des-performances-et-de-la-securite-dans-liot\/\" \/>\n<meta property=\"og:locale\" content=\"fr_FR\" \/>\n<meta property=\"og:type\" content=\"article\" \/>\n<meta property=\"og:title\" content=\"La gestion et le contr\u00f4le intelligents des performances et de la s\u00e9curit\u00e9 dans l\u2019IoT - ISTE Group\" \/>\n<meta property=\"og:description\" content=\"Cet ouvrage pr\u00e9sente de nouvelles solutions pour la gestion et le contr\u00f4le des performances et de la s\u00e9curit\u00e9 dans l\u2019IoT.\" \/>\n<meta property=\"og:url\" content=\"https:\/\/www.istegroup.com\/fr\/produit\/la-gestion-et-le-controle-intelligents-des-performances-et-de-la-securite-dans-liot\/\" \/>\n<meta property=\"og:site_name\" content=\"ISTE Group\" \/>\n<meta property=\"article:modified_time\" content=\"2025-01-03T12:06:53+00:00\" \/>\n<meta property=\"og:image\" content=\"https:\/\/www.istegroup.com\/wp-content\/uploads\/2022\/02\/couv-La-gestion-et-le-contro\u0302le-intelligents-des-performances-et-de-la-se\u0301curite\u0301-dans-lIOT.jpg\" \/>\n\t<meta property=\"og:image:width\" content=\"300\" \/>\n\t<meta property=\"og:image:height\" content=\"450\" \/>\n\t<meta property=\"og:image:type\" content=\"image\/jpeg\" \/>\n<meta name=\"twitter:card\" content=\"summary_large_image\" \/>\n<meta name=\"twitter:label1\" content=\"Est. reading time\" \/>\n\t<meta name=\"twitter:data1\" content=\"1 minute\" \/>\n<script type=\"application\/ld+json\" class=\"yoast-schema-graph\">{\"@context\":\"https:\/\/schema.org\",\"@graph\":[{\"@type\":\"WebPage\",\"@id\":\"https:\/\/www.istegroup.com\/fr\/produit\/la-gestion-et-le-controle-intelligents-des-performances-et-de-la-securite-dans-liot\/\",\"url\":\"https:\/\/www.istegroup.com\/fr\/produit\/la-gestion-et-le-controle-intelligents-des-performances-et-de-la-securite-dans-liot\/\",\"name\":\"La gestion et le contr\u00f4le intelligents des performances et de la s\u00e9curit\u00e9 dans l\u2019IoT - ISTE Group\",\"isPartOf\":{\"@id\":\"https:\/\/www.istegroup.com\/#website\"},\"primaryImageOfPage\":{\"@id\":\"https:\/\/www.istegroup.com\/fr\/produit\/la-gestion-et-le-controle-intelligents-des-performances-et-de-la-securite-dans-liot\/#primaryimage\"},\"image\":{\"@id\":\"https:\/\/www.istegroup.com\/fr\/produit\/la-gestion-et-le-controle-intelligents-des-performances-et-de-la-securite-dans-liot\/#primaryimage\"},\"thumbnailUrl\":\"https:\/\/www.istegroup.com\/wp-content\/uploads\/2022\/02\/couv-La-gestion-et-le-contro\u0302le-intelligents-des-performances-et-de-la-se\u0301curite\u0301-dans-lIOT.jpg\",\"datePublished\":\"2021-09-23T09:32:05+00:00\",\"dateModified\":\"2025-01-03T12:06:53+00:00\",\"description\":\"Cet ouvrage pr\u00e9sente de nouvelles solutions pour la gestion et le contr\u00f4le des performances et de la s\u00e9curit\u00e9 dans l\u2019IoT.\",\"breadcrumb\":{\"@id\":\"https:\/\/www.istegroup.com\/fr\/produit\/la-gestion-et-le-controle-intelligents-des-performances-et-de-la-securite-dans-liot\/#breadcrumb\"},\"inLanguage\":\"fr-FR\",\"potentialAction\":[{\"@type\":\"ReadAction\",\"target\":[\"https:\/\/www.istegroup.com\/fr\/produit\/la-gestion-et-le-controle-intelligents-des-performances-et-de-la-securite-dans-liot\/\"]}]},{\"@type\":\"ImageObject\",\"inLanguage\":\"fr-FR\",\"@id\":\"https:\/\/www.istegroup.com\/fr\/produit\/la-gestion-et-le-controle-intelligents-des-performances-et-de-la-securite-dans-liot\/#primaryimage\",\"url\":\"https:\/\/www.istegroup.com\/wp-content\/uploads\/2022\/02\/couv-La-gestion-et-le-contro\u0302le-intelligents-des-performances-et-de-la-se\u0301curite\u0301-dans-lIOT.jpg\",\"contentUrl\":\"https:\/\/www.istegroup.com\/wp-content\/uploads\/2022\/02\/couv-La-gestion-et-le-contro\u0302le-intelligents-des-performances-et-de-la-se\u0301curite\u0301-dans-lIOT.jpg\",\"width\":300,\"height\":450,\"caption\":\"Livre scientifique - La gestion et le contr\u00f4le intelligents des performances et de la s\u00e9curit\u00e9 dans l\u2019IoT - Encyclop\u00e9die SCIENCES\"},{\"@type\":\"BreadcrumbList\",\"@id\":\"https:\/\/www.istegroup.com\/fr\/produit\/la-gestion-et-le-controle-intelligents-des-performances-et-de-la-securite-dans-liot\/#breadcrumb\",\"itemListElement\":[{\"@type\":\"ListItem\",\"position\":1,\"name\":\"Home\",\"item\":\"https:\/\/www.istegroup.com\/\"},{\"@type\":\"ListItem\",\"position\":2,\"name\":\"Shop\",\"item\":\"https:\/\/www.istegroup.com\/fr\/nouveautes\/\"},{\"@type\":\"ListItem\",\"position\":3,\"name\":\"La gestion et le contr\u00f4le intelligents des performances et de la s\u00e9curit\u00e9 dans l\u2019IoT\"}]},{\"@type\":\"WebSite\",\"@id\":\"https:\/\/www.istegroup.com\/#website\",\"url\":\"https:\/\/www.istegroup.com\/\",\"name\":\"ISTE Group\",\"description\":\"\u00c9diteur des Sciences\",\"potentialAction\":[{\"@type\":\"SearchAction\",\"target\":{\"@type\":\"EntryPoint\",\"urlTemplate\":\"https:\/\/www.istegroup.com\/?s={search_term_string}\"},\"query-input\":{\"@type\":\"PropertyValueSpecification\",\"valueRequired\":true,\"valueName\":\"search_term_string\"}}],\"inLanguage\":\"fr-FR\"}]}<\/script>\n<!-- \/ Yoast SEO plugin. -->","yoast_head_json":{"title":"La gestion et le contr\u00f4le intelligents des performances et de la s\u00e9curit\u00e9 dans l\u2019IoT - ISTE Group","description":"Cet ouvrage pr\u00e9sente de nouvelles solutions pour la gestion et le contr\u00f4le des performances et de la s\u00e9curit\u00e9 dans l\u2019IoT.","robots":{"index":"index","follow":"follow","max-snippet":"max-snippet:-1","max-image-preview":"max-image-preview:large","max-video-preview":"max-video-preview:-1"},"canonical":"https:\/\/www.istegroup.com\/fr\/produit\/la-gestion-et-le-controle-intelligents-des-performances-et-de-la-securite-dans-liot\/","og_locale":"fr_FR","og_type":"article","og_title":"La gestion et le contr\u00f4le intelligents des performances et de la s\u00e9curit\u00e9 dans l\u2019IoT - ISTE Group","og_description":"Cet ouvrage pr\u00e9sente de nouvelles solutions pour la gestion et le contr\u00f4le des performances et de la s\u00e9curit\u00e9 dans l\u2019IoT.","og_url":"https:\/\/www.istegroup.com\/fr\/produit\/la-gestion-et-le-controle-intelligents-des-performances-et-de-la-securite-dans-liot\/","og_site_name":"ISTE Group","article_modified_time":"2025-01-03T12:06:53+00:00","og_image":[{"width":300,"height":450,"url":"https:\/\/www.istegroup.com\/wp-content\/uploads\/2022\/02\/couv-La-gestion-et-le-contro\u0302le-intelligents-des-performances-et-de-la-se\u0301curite\u0301-dans-lIOT.jpg","type":"image\/jpeg"}],"twitter_card":"summary_large_image","twitter_misc":{"Est. reading time":"1 minute"},"schema":{"@context":"https:\/\/schema.org","@graph":[{"@type":"WebPage","@id":"https:\/\/www.istegroup.com\/fr\/produit\/la-gestion-et-le-controle-intelligents-des-performances-et-de-la-securite-dans-liot\/","url":"https:\/\/www.istegroup.com\/fr\/produit\/la-gestion-et-le-controle-intelligents-des-performances-et-de-la-securite-dans-liot\/","name":"La gestion et le contr\u00f4le intelligents des performances et de la s\u00e9curit\u00e9 dans l\u2019IoT - ISTE Group","isPartOf":{"@id":"https:\/\/www.istegroup.com\/#website"},"primaryImageOfPage":{"@id":"https:\/\/www.istegroup.com\/fr\/produit\/la-gestion-et-le-controle-intelligents-des-performances-et-de-la-securite-dans-liot\/#primaryimage"},"image":{"@id":"https:\/\/www.istegroup.com\/fr\/produit\/la-gestion-et-le-controle-intelligents-des-performances-et-de-la-securite-dans-liot\/#primaryimage"},"thumbnailUrl":"https:\/\/www.istegroup.com\/wp-content\/uploads\/2022\/02\/couv-La-gestion-et-le-contro\u0302le-intelligents-des-performances-et-de-la-se\u0301curite\u0301-dans-lIOT.jpg","datePublished":"2021-09-23T09:32:05+00:00","dateModified":"2025-01-03T12:06:53+00:00","description":"Cet ouvrage pr\u00e9sente de nouvelles solutions pour la gestion et le contr\u00f4le des performances et de la s\u00e9curit\u00e9 dans l\u2019IoT.","breadcrumb":{"@id":"https:\/\/www.istegroup.com\/fr\/produit\/la-gestion-et-le-controle-intelligents-des-performances-et-de-la-securite-dans-liot\/#breadcrumb"},"inLanguage":"fr-FR","potentialAction":[{"@type":"ReadAction","target":["https:\/\/www.istegroup.com\/fr\/produit\/la-gestion-et-le-controle-intelligents-des-performances-et-de-la-securite-dans-liot\/"]}]},{"@type":"ImageObject","inLanguage":"fr-FR","@id":"https:\/\/www.istegroup.com\/fr\/produit\/la-gestion-et-le-controle-intelligents-des-performances-et-de-la-securite-dans-liot\/#primaryimage","url":"https:\/\/www.istegroup.com\/wp-content\/uploads\/2022\/02\/couv-La-gestion-et-le-contro\u0302le-intelligents-des-performances-et-de-la-se\u0301curite\u0301-dans-lIOT.jpg","contentUrl":"https:\/\/www.istegroup.com\/wp-content\/uploads\/2022\/02\/couv-La-gestion-et-le-contro\u0302le-intelligents-des-performances-et-de-la-se\u0301curite\u0301-dans-lIOT.jpg","width":300,"height":450,"caption":"Livre scientifique - La gestion et le contr\u00f4le intelligents des performances et de la s\u00e9curit\u00e9 dans l\u2019IoT - Encyclop\u00e9die SCIENCES"},{"@type":"BreadcrumbList","@id":"https:\/\/www.istegroup.com\/fr\/produit\/la-gestion-et-le-controle-intelligents-des-performances-et-de-la-securite-dans-liot\/#breadcrumb","itemListElement":[{"@type":"ListItem","position":1,"name":"Home","item":"https:\/\/www.istegroup.com\/"},{"@type":"ListItem","position":2,"name":"Shop","item":"https:\/\/www.istegroup.com\/fr\/nouveautes\/"},{"@type":"ListItem","position":3,"name":"La gestion et le contr\u00f4le intelligents des performances et de la s\u00e9curit\u00e9 dans l\u2019IoT"}]},{"@type":"WebSite","@id":"https:\/\/www.istegroup.com\/#website","url":"https:\/\/www.istegroup.com\/","name":"ISTE Group","description":"\u00c9diteur des Sciences","potentialAction":[{"@type":"SearchAction","target":{"@type":"EntryPoint","urlTemplate":"https:\/\/www.istegroup.com\/?s={search_term_string}"},"query-input":{"@type":"PropertyValueSpecification","valueRequired":true,"valueName":"search_term_string"}}],"inLanguage":"fr-FR"}]}},"_links":{"self":[{"href":"https:\/\/www.istegroup.com\/fr\/wp-json\/wp\/v2\/product\/24048","targetHints":{"allow":["GET"]}}],"collection":[{"href":"https:\/\/www.istegroup.com\/fr\/wp-json\/wp\/v2\/product"}],"about":[{"href":"https:\/\/www.istegroup.com\/fr\/wp-json\/wp\/v2\/types\/product"}],"wp:featuredmedia":[{"embeddable":true,"href":"https:\/\/www.istegroup.com\/fr\/wp-json\/wp\/v2\/media\/45319"}],"wp:attachment":[{"href":"https:\/\/www.istegroup.com\/fr\/wp-json\/wp\/v2\/media?parent=24048"}],"wp:term":[{"taxonomy":"product_brand","embeddable":true,"href":"https:\/\/www.istegroup.com\/fr\/wp-json\/wp\/v2\/product_brand?post=24048"},{"taxonomy":"product_cat","embeddable":true,"href":"https:\/\/www.istegroup.com\/fr\/wp-json\/wp\/v2\/product_cat?post=24048"},{"taxonomy":"product_tag","embeddable":true,"href":"https:\/\/www.istegroup.com\/fr\/wp-json\/wp\/v2\/product_tag?post=24048"}],"curies":[{"name":"wp","href":"https:\/\/api.w.org\/{rel}","templated":true}]}}