{"id":24038,"date":"2022-04-14T10:17:57","date_gmt":"2022-04-14T09:17:57","guid":{"rendered":"https:\/\/www.istegroup.com\/?post_type=product&#038;p=24038"},"modified":"2025-01-03T12:04:23","modified_gmt":"2025-01-03T12:04:23","slug":"edge-networking","status":"publish","type":"product","link":"https:\/\/www.istegroup.com\/fr\/produit\/edge-networking\/","title":{"rendered":"Edge Networking"},"content":{"rendered":"<p>L\u2019Internet des Edges est un nouveau paradigme dont l\u2019objectif est de garder les donn\u00e9es \u00e0 traiter tout pr\u00e8s de l\u2019utilisateur. Cette solution attire de nombreuses entreprises par sa simplicit\u00e9, sa s\u00e9curit\u00e9, son temps de traitement rapide et sa minimisation de l\u2019\u00e9nergie d\u00e9pens\u00e9e.<\/p>\n<p><em>Edge Networking<\/em> pr\u00e9sente les diff\u00e9rents niveaux de l\u2019Edge : MEC (Multi-access Edge Computing), Fog et Far Edge appel\u00e9s parfois Mist ou Skin. Il \u00e9tudie \u00e9galement les r\u00e9seaux participatifs dans lesquels les \u00e9quipements des utilisateurs fournissent les ressources du r\u00e9seau Edge. L\u2019interconnexion de ces r\u00e9seaux Edge, qui peuvent \u00eatre d\u00e9connect\u00e9s de l\u2019Internet central, forme l\u2019Internet des Edges.<\/p>\n<p>Cet ouvrage analyse d\u2019une fa\u00e7on d\u00e9taill\u00e9e les caract\u00e9ristiques de ces r\u00e9seaux et montre leur capacit\u00e9 \u00e0 remplacer les imposants Clouds install\u00e9s dans les coeurs de r\u00e9seau en apportant de nombreuses am\u00e9liorations sur les temps de latence, la s\u00e9curisation des donn\u00e9es ou la d\u00e9pense \u00e9nerg\u00e9tique.<\/p>","protected":false},"excerpt":{"rendered":"<p>L\u2019Internet des Edges est un nouveau paradigme dont l\u2019objectif est de garder les donn\u00e9es \u00e0 traiter tout pr\u00e8s de l\u2019utilisateur. Cette solution attire de nombreuses entreprises par sa simplicit\u00e9, sa s\u00e9curit\u00e9, son temps de traitement rapide et sa minimisation de l\u2019\u00e9nergie d\u00e9pens\u00e9e. Edge Networking pr\u00e9sente les diff\u00e9rents niveaux de l\u2019Edge : MEC (Multi-access Edge Computing), [&hellip;]<\/p>\n","protected":false},"featured_media":46227,"template":"","meta":{"_acf_changed":false,"_links_to":"","_links_to_target":""},"product_brand":[],"product_cat":[4289],"product_tag":[],"class_list":{"0":"post-24038","1":"product","2":"type-product","3":"status-publish","4":"has-post-thumbnail","6":"product_cat-sciences","8":"first","9":"instock","10":"shipping-taxable","11":"purchasable","12":"product-type-variable"},"acf":[],"yoast_head":"<!-- This site is optimized with the Yoast SEO plugin v27.2 - https:\/\/yoast.com\/product\/yoast-seo-wordpress\/ -->\n<title>Edge Networking - ISTE Group<\/title>\n<meta name=\"description\" content=\"Edge Networking pr\u00e9sente les diff\u00e9rents niveaux de l\u2019Edge : MEC (Multi-access Edge Computing), Fog et Far Edge appel\u00e9s parfois Mist ou Skin.\" \/>\n<meta name=\"robots\" content=\"index, follow, max-snippet:-1, max-image-preview:large, max-video-preview:-1\" \/>\n<link rel=\"canonical\" href=\"https:\/\/www.istegroup.com\/fr\/produit\/edge-networking\/\" \/>\n<meta property=\"og:locale\" content=\"fr_FR\" \/>\n<meta property=\"og:type\" content=\"article\" \/>\n<meta property=\"og:title\" content=\"Edge Networking - ISTE Group\" \/>\n<meta property=\"og:description\" content=\"Edge Networking pr\u00e9sente les diff\u00e9rents niveaux de l\u2019Edge : MEC (Multi-access Edge Computing), Fog et Far Edge appel\u00e9s parfois Mist ou Skin.\" \/>\n<meta property=\"og:url\" content=\"https:\/\/www.istegroup.com\/fr\/produit\/edge-networking\/\" \/>\n<meta property=\"og:site_name\" content=\"ISTE Group\" \/>\n<meta property=\"article:modified_time\" content=\"2025-01-03T12:04:23+00:00\" \/>\n<meta property=\"og:image\" content=\"https:\/\/www.istegroup.com\/wp-content\/uploads\/2022\/04\/Edge-Networking.jpeg\" \/>\n\t<meta property=\"og:image:width\" content=\"300\" \/>\n\t<meta property=\"og:image:height\" content=\"450\" \/>\n\t<meta property=\"og:image:type\" content=\"image\/jpeg\" \/>\n<meta name=\"twitter:card\" content=\"summary_large_image\" \/>\n<meta name=\"twitter:label1\" content=\"Est. reading time\" \/>\n\t<meta name=\"twitter:data1\" content=\"1 minute\" \/>\n<script type=\"application\/ld+json\" class=\"yoast-schema-graph\">{\"@context\":\"https:\/\/schema.org\",\"@graph\":[{\"@type\":\"WebPage\",\"@id\":\"https:\/\/www.istegroup.com\/fr\/produit\/edge-networking\/\",\"url\":\"https:\/\/www.istegroup.com\/fr\/produit\/edge-networking\/\",\"name\":\"Edge Networking - ISTE Group\",\"isPartOf\":{\"@id\":\"https:\/\/www.istegroup.com\/#website\"},\"primaryImageOfPage\":{\"@id\":\"https:\/\/www.istegroup.com\/fr\/produit\/edge-networking\/#primaryimage\"},\"image\":{\"@id\":\"https:\/\/www.istegroup.com\/fr\/produit\/edge-networking\/#primaryimage\"},\"thumbnailUrl\":\"https:\/\/www.istegroup.com\/wp-content\/uploads\/2022\/04\/Edge-Networking.jpeg\",\"datePublished\":\"2022-04-14T09:17:57+00:00\",\"dateModified\":\"2025-01-03T12:04:23+00:00\",\"description\":\"Edge Networking pr\u00e9sente les diff\u00e9rents niveaux de l\u2019Edge : MEC (Multi-access Edge Computing), Fog et Far Edge appel\u00e9s parfois Mist ou Skin.\",\"breadcrumb\":{\"@id\":\"https:\/\/www.istegroup.com\/fr\/produit\/edge-networking\/#breadcrumb\"},\"inLanguage\":\"fr-FR\",\"potentialAction\":[{\"@type\":\"ReadAction\",\"target\":[\"https:\/\/www.istegroup.com\/fr\/produit\/edge-networking\/\"]}]},{\"@type\":\"ImageObject\",\"inLanguage\":\"fr-FR\",\"@id\":\"https:\/\/www.istegroup.com\/fr\/produit\/edge-networking\/#primaryimage\",\"url\":\"https:\/\/www.istegroup.com\/wp-content\/uploads\/2022\/04\/Edge-Networking.jpeg\",\"contentUrl\":\"https:\/\/www.istegroup.com\/wp-content\/uploads\/2022\/04\/Edge-Networking.jpeg\",\"width\":300,\"height\":450,\"caption\":\"Livre scientifique - Edge Networking - Encyclop\u00e9die SCIENCES\"},{\"@type\":\"BreadcrumbList\",\"@id\":\"https:\/\/www.istegroup.com\/fr\/produit\/edge-networking\/#breadcrumb\",\"itemListElement\":[{\"@type\":\"ListItem\",\"position\":1,\"name\":\"Home\",\"item\":\"https:\/\/www.istegroup.com\/\"},{\"@type\":\"ListItem\",\"position\":2,\"name\":\"Shop\",\"item\":\"https:\/\/www.istegroup.com\/fr\/nouveautes\/\"},{\"@type\":\"ListItem\",\"position\":3,\"name\":\"Edge Networking\"}]},{\"@type\":\"WebSite\",\"@id\":\"https:\/\/www.istegroup.com\/#website\",\"url\":\"https:\/\/www.istegroup.com\/\",\"name\":\"ISTE Group\",\"description\":\"\u00c9diteur des Sciences\",\"potentialAction\":[{\"@type\":\"SearchAction\",\"target\":{\"@type\":\"EntryPoint\",\"urlTemplate\":\"https:\/\/www.istegroup.com\/?s={search_term_string}\"},\"query-input\":{\"@type\":\"PropertyValueSpecification\",\"valueRequired\":true,\"valueName\":\"search_term_string\"}}],\"inLanguage\":\"fr-FR\"}]}<\/script>\n<!-- \/ Yoast SEO plugin. -->","yoast_head_json":{"title":"Edge Networking - ISTE Group","description":"Edge Networking pr\u00e9sente les diff\u00e9rents niveaux de l\u2019Edge : MEC (Multi-access Edge Computing), Fog et Far Edge appel\u00e9s parfois Mist ou Skin.","robots":{"index":"index","follow":"follow","max-snippet":"max-snippet:-1","max-image-preview":"max-image-preview:large","max-video-preview":"max-video-preview:-1"},"canonical":"https:\/\/www.istegroup.com\/fr\/produit\/edge-networking\/","og_locale":"fr_FR","og_type":"article","og_title":"Edge Networking - ISTE Group","og_description":"Edge Networking pr\u00e9sente les diff\u00e9rents niveaux de l\u2019Edge : MEC (Multi-access Edge Computing), Fog et Far Edge appel\u00e9s parfois Mist ou Skin.","og_url":"https:\/\/www.istegroup.com\/fr\/produit\/edge-networking\/","og_site_name":"ISTE Group","article_modified_time":"2025-01-03T12:04:23+00:00","og_image":[{"width":300,"height":450,"url":"https:\/\/www.istegroup.com\/wp-content\/uploads\/2022\/04\/Edge-Networking.jpeg","type":"image\/jpeg"}],"twitter_card":"summary_large_image","twitter_misc":{"Est. reading time":"1 minute"},"schema":{"@context":"https:\/\/schema.org","@graph":[{"@type":"WebPage","@id":"https:\/\/www.istegroup.com\/fr\/produit\/edge-networking\/","url":"https:\/\/www.istegroup.com\/fr\/produit\/edge-networking\/","name":"Edge Networking - ISTE Group","isPartOf":{"@id":"https:\/\/www.istegroup.com\/#website"},"primaryImageOfPage":{"@id":"https:\/\/www.istegroup.com\/fr\/produit\/edge-networking\/#primaryimage"},"image":{"@id":"https:\/\/www.istegroup.com\/fr\/produit\/edge-networking\/#primaryimage"},"thumbnailUrl":"https:\/\/www.istegroup.com\/wp-content\/uploads\/2022\/04\/Edge-Networking.jpeg","datePublished":"2022-04-14T09:17:57+00:00","dateModified":"2025-01-03T12:04:23+00:00","description":"Edge Networking pr\u00e9sente les diff\u00e9rents niveaux de l\u2019Edge : MEC (Multi-access Edge Computing), Fog et Far Edge appel\u00e9s parfois Mist ou Skin.","breadcrumb":{"@id":"https:\/\/www.istegroup.com\/fr\/produit\/edge-networking\/#breadcrumb"},"inLanguage":"fr-FR","potentialAction":[{"@type":"ReadAction","target":["https:\/\/www.istegroup.com\/fr\/produit\/edge-networking\/"]}]},{"@type":"ImageObject","inLanguage":"fr-FR","@id":"https:\/\/www.istegroup.com\/fr\/produit\/edge-networking\/#primaryimage","url":"https:\/\/www.istegroup.com\/wp-content\/uploads\/2022\/04\/Edge-Networking.jpeg","contentUrl":"https:\/\/www.istegroup.com\/wp-content\/uploads\/2022\/04\/Edge-Networking.jpeg","width":300,"height":450,"caption":"Livre scientifique - Edge Networking - Encyclop\u00e9die SCIENCES"},{"@type":"BreadcrumbList","@id":"https:\/\/www.istegroup.com\/fr\/produit\/edge-networking\/#breadcrumb","itemListElement":[{"@type":"ListItem","position":1,"name":"Home","item":"https:\/\/www.istegroup.com\/"},{"@type":"ListItem","position":2,"name":"Shop","item":"https:\/\/www.istegroup.com\/fr\/nouveautes\/"},{"@type":"ListItem","position":3,"name":"Edge Networking"}]},{"@type":"WebSite","@id":"https:\/\/www.istegroup.com\/#website","url":"https:\/\/www.istegroup.com\/","name":"ISTE Group","description":"\u00c9diteur des Sciences","potentialAction":[{"@type":"SearchAction","target":{"@type":"EntryPoint","urlTemplate":"https:\/\/www.istegroup.com\/?s={search_term_string}"},"query-input":{"@type":"PropertyValueSpecification","valueRequired":true,"valueName":"search_term_string"}}],"inLanguage":"fr-FR"}]}},"_links":{"self":[{"href":"https:\/\/www.istegroup.com\/fr\/wp-json\/wp\/v2\/product\/24038","targetHints":{"allow":["GET"]}}],"collection":[{"href":"https:\/\/www.istegroup.com\/fr\/wp-json\/wp\/v2\/product"}],"about":[{"href":"https:\/\/www.istegroup.com\/fr\/wp-json\/wp\/v2\/types\/product"}],"wp:featuredmedia":[{"embeddable":true,"href":"https:\/\/www.istegroup.com\/fr\/wp-json\/wp\/v2\/media\/46227"}],"wp:attachment":[{"href":"https:\/\/www.istegroup.com\/fr\/wp-json\/wp\/v2\/media?parent=24038"}],"wp:term":[{"taxonomy":"product_brand","embeddable":true,"href":"https:\/\/www.istegroup.com\/fr\/wp-json\/wp\/v2\/product_brand?post=24038"},{"taxonomy":"product_cat","embeddable":true,"href":"https:\/\/www.istegroup.com\/fr\/wp-json\/wp\/v2\/product_cat?post=24038"},{"taxonomy":"product_tag","embeddable":true,"href":"https:\/\/www.istegroup.com\/fr\/wp-json\/wp\/v2\/product_tag?post=24038"}],"curies":[{"name":"wp","href":"https:\/\/api.w.org\/{rel}","templated":true}]}}