{"id":24037,"date":"2022-04-14T10:15:29","date_gmt":"2022-04-14T09:15:29","guid":{"rendered":"https:\/\/www.istegroup.com\/?post_type=product&#038;p=24037"},"modified":"2025-01-03T12:04:42","modified_gmt":"2025-01-03T12:04:42","slug":"cristaux-liquides","status":"publish","type":"product","link":"https:\/\/www.istegroup.com\/fr\/produit\/cristaux-liquides\/","title":{"rendered":"Cristaux liquides"},"content":{"rendered":"<p>L\u2019ouvrage <em>Cristaux liquides : nouvelles perspectives<\/em> porte principalement sur les phases n\u00e9matiques et cholest\u00e9riques. Il traite d\u2019abord de l\u2019interaction entre lumi\u00e8re et d\u00e9fauts topologiques, puis examine diff\u00e9rents effets \u00e9lectrocin\u00e9tiques non lin\u00e9aires permettant de d\u00e9placer des particules sous champ \u00e9lectrique alternatif ainsi que la dynamique anisotrope de bact\u00e9ries flagell\u00e9es, des ph\u00e9nom\u00e8nes rendus possibles par la pr\u00e9sence de l\u2019ordre orientationnel.<\/p>\n<p>Il analyse \u00e9galement les effets thermom\u00e9caniques et thermohydrodynamiques d\u2019Akopyan et Zel\u2019dovich, lesquels ne sont pas directement responsables de la rotation Lehmann des gouttes cholest\u00e9riques comme on l\u2019a cru pendant longtemps.<\/p>\n<p>Il expose enfin les propri\u00e9t\u00e9s remarquables de cun\u00e9itropisme, rh\u00e9otropisme et \u00e9lectrotropisme de la texture furcelle n\u00e9matique avant d\u2019introduire le concept d\u2019\u00e9mergence de chiralit\u00e9 spontan\u00e9e dans les phases n\u00e9matiques compos\u00e9es de mol\u00e9cules achirales.<\/p>","protected":false},"excerpt":{"rendered":"<p>L\u2019ouvrage Cristaux liquides : nouvelles perspectives porte principalement sur les phases n\u00e9matiques et cholest\u00e9riques. Il traite d\u2019abord de l\u2019interaction entre lumi\u00e8re et d\u00e9fauts topologiques, puis examine diff\u00e9rents effets \u00e9lectrocin\u00e9tiques non lin\u00e9aires permettant de d\u00e9placer des particules sous champ \u00e9lectrique alternatif ainsi que la dynamique anisotrope de bact\u00e9ries flagell\u00e9es, des ph\u00e9nom\u00e8nes rendus possibles par la pr\u00e9sence [&hellip;]<\/p>\n","protected":false},"featured_media":46202,"template":"","meta":{"_acf_changed":false,"_links_to":"","_links_to_target":""},"product_brand":[],"product_cat":[4289],"product_tag":[],"class_list":{"0":"post-24037","1":"product","2":"type-product","3":"status-publish","4":"has-post-thumbnail","6":"product_cat-sciences","8":"first","9":"instock","10":"shipping-taxable","11":"purchasable","12":"product-type-variable"},"acf":[],"yoast_head":"<!-- This site is optimized with the Yoast SEO plugin v27.2 - https:\/\/yoast.com\/product\/yoast-seo-wordpress\/ -->\n<title>Cristaux liquides - ISTE Group<\/title>\n<meta name=\"description\" content=\"L\u2019ouvrage Cristaux liquides : nouvelles perspectives porte principalement sur les phases n\u00e9matiques et cholest\u00e9riques.\" \/>\n<meta name=\"robots\" content=\"index, follow, max-snippet:-1, max-image-preview:large, max-video-preview:-1\" \/>\n<link rel=\"canonical\" href=\"https:\/\/www.istegroup.com\/en\/produit\/cristaux-liquides\/\" \/>\n<meta property=\"og:locale\" content=\"fr_FR\" \/>\n<meta property=\"og:type\" content=\"article\" \/>\n<meta property=\"og:title\" content=\"[:fr]Cristaux liquides[:en]Cristaux Liquides[:] - ISTE Group\" \/>\n<meta property=\"og:description\" content=\"L\u2019ouvrage Cristaux liquides : nouvelles perspectives porte principalement sur les phases n\u00e9matiques et cholest\u00e9riques.\" \/>\n<meta property=\"og:url\" content=\"https:\/\/www.istegroup.com\/en\/produit\/cristaux-liquides\/\" \/>\n<meta property=\"og:site_name\" content=\"ISTE Group\" \/>\n<meta property=\"article:modified_time\" content=\"2025-01-03T12:04:42+00:00\" \/>\n<meta property=\"og:image\" content=\"https:\/\/www.istegroup.com\/wp-content\/uploads\/2022\/04\/Cristaux-liquides.jpeg\" \/>\n\t<meta property=\"og:image:width\" content=\"300\" \/>\n\t<meta property=\"og:image:height\" content=\"450\" \/>\n\t<meta property=\"og:image:type\" content=\"image\/jpeg\" \/>\n<meta name=\"twitter:card\" content=\"summary_large_image\" \/>\n<meta name=\"twitter:label1\" content=\"Est. reading time\" \/>\n\t<meta name=\"twitter:data1\" content=\"1 minute\" \/>\n<script type=\"application\/ld+json\" class=\"yoast-schema-graph\">{\"@context\":\"https:\/\/schema.org\",\"@graph\":[{\"@type\":\"WebPage\",\"@id\":\"https:\/\/www.istegroup.com\/en\/produit\/cristaux-liquides\/\",\"url\":\"https:\/\/www.istegroup.com\/en\/produit\/cristaux-liquides\/\",\"name\":\"[:fr]Cristaux liquides[:en]Cristaux Liquides[:] - ISTE Group\",\"isPartOf\":{\"@id\":\"https:\/\/www.istegroup.com\/#website\"},\"primaryImageOfPage\":{\"@id\":\"https:\/\/www.istegroup.com\/en\/produit\/cristaux-liquides\/#primaryimage\"},\"image\":{\"@id\":\"https:\/\/www.istegroup.com\/en\/produit\/cristaux-liquides\/#primaryimage\"},\"thumbnailUrl\":\"https:\/\/www.istegroup.com\/wp-content\/uploads\/2022\/04\/Cristaux-liquides.jpeg\",\"datePublished\":\"2022-04-14T09:15:29+00:00\",\"dateModified\":\"2025-01-03T12:04:42+00:00\",\"description\":\"L\u2019ouvrage Cristaux liquides : nouvelles perspectives porte principalement sur les phases n\u00e9matiques et cholest\u00e9riques.\",\"breadcrumb\":{\"@id\":\"https:\/\/www.istegroup.com\/en\/produit\/cristaux-liquides\/#breadcrumb\"},\"inLanguage\":\"fr-FR\",\"potentialAction\":[{\"@type\":\"ReadAction\",\"target\":[\"https:\/\/www.istegroup.com\/en\/produit\/cristaux-liquides\/\"]}]},{\"@type\":\"ImageObject\",\"inLanguage\":\"fr-FR\",\"@id\":\"https:\/\/www.istegroup.com\/en\/produit\/cristaux-liquides\/#primaryimage\",\"url\":\"https:\/\/www.istegroup.com\/wp-content\/uploads\/2022\/04\/Cristaux-liquides.jpeg\",\"contentUrl\":\"https:\/\/www.istegroup.com\/wp-content\/uploads\/2022\/04\/Cristaux-liquides.jpeg\",\"width\":300,\"height\":450,\"caption\":\"Livre scientifique - Cristaux liquides - Encyclop\u00e9die SCIENCES\"},{\"@type\":\"BreadcrumbList\",\"@id\":\"https:\/\/www.istegroup.com\/en\/produit\/cristaux-liquides\/#breadcrumb\",\"itemListElement\":[{\"@type\":\"ListItem\",\"position\":1,\"name\":\"Home\",\"item\":\"https:\/\/www.istegroup.com\/\"},{\"@type\":\"ListItem\",\"position\":2,\"name\":\"Shop\",\"item\":\"https:\/\/www.istegroup.com\/fr\/nouveautes\/\"},{\"@type\":\"ListItem\",\"position\":3,\"name\":\"Cristaux Liquides\"}]},{\"@type\":\"WebSite\",\"@id\":\"https:\/\/www.istegroup.com\/#website\",\"url\":\"https:\/\/www.istegroup.com\/\",\"name\":\"ISTE Group\",\"description\":\"\u00c9diteur des Sciences\",\"potentialAction\":[{\"@type\":\"SearchAction\",\"target\":{\"@type\":\"EntryPoint\",\"urlTemplate\":\"https:\/\/www.istegroup.com\/?s={search_term_string}\"},\"query-input\":{\"@type\":\"PropertyValueSpecification\",\"valueRequired\":true,\"valueName\":\"search_term_string\"}}],\"inLanguage\":\"fr-FR\"}]}<\/script>\n<!-- \/ Yoast SEO plugin. -->","yoast_head_json":{"title":"[:fr]Cristaux liquides[:en]Cristaux Liquides[:] - ISTE Group","description":"L\u2019ouvrage Cristaux liquides : nouvelles perspectives porte principalement sur les phases n\u00e9matiques et cholest\u00e9riques.","robots":{"index":"index","follow":"follow","max-snippet":"max-snippet:-1","max-image-preview":"max-image-preview:large","max-video-preview":"max-video-preview:-1"},"canonical":"https:\/\/www.istegroup.com\/en\/produit\/cristaux-liquides\/","og_locale":"fr_FR","og_type":"article","og_title":"[:fr]Cristaux liquides[:en]Cristaux Liquides[:] - ISTE Group","og_description":"L\u2019ouvrage Cristaux liquides : nouvelles perspectives porte principalement sur les phases n\u00e9matiques et cholest\u00e9riques.","og_url":"https:\/\/www.istegroup.com\/en\/produit\/cristaux-liquides\/","og_site_name":"ISTE Group","article_modified_time":"2025-01-03T12:04:42+00:00","og_image":[{"width":300,"height":450,"url":"https:\/\/www.istegroup.com\/wp-content\/uploads\/2022\/04\/Cristaux-liquides.jpeg","type":"image\/jpeg"}],"twitter_card":"summary_large_image","twitter_misc":{"Est. reading time":"1 minute"},"schema":{"@context":"https:\/\/schema.org","@graph":[{"@type":"WebPage","@id":"https:\/\/www.istegroup.com\/en\/produit\/cristaux-liquides\/","url":"https:\/\/www.istegroup.com\/en\/produit\/cristaux-liquides\/","name":"[:fr]Cristaux liquides[:en]Cristaux Liquides[:] - ISTE Group","isPartOf":{"@id":"https:\/\/www.istegroup.com\/#website"},"primaryImageOfPage":{"@id":"https:\/\/www.istegroup.com\/en\/produit\/cristaux-liquides\/#primaryimage"},"image":{"@id":"https:\/\/www.istegroup.com\/en\/produit\/cristaux-liquides\/#primaryimage"},"thumbnailUrl":"https:\/\/www.istegroup.com\/wp-content\/uploads\/2022\/04\/Cristaux-liquides.jpeg","datePublished":"2022-04-14T09:15:29+00:00","dateModified":"2025-01-03T12:04:42+00:00","description":"L\u2019ouvrage Cristaux liquides : nouvelles perspectives porte principalement sur les phases n\u00e9matiques et cholest\u00e9riques.","breadcrumb":{"@id":"https:\/\/www.istegroup.com\/en\/produit\/cristaux-liquides\/#breadcrumb"},"inLanguage":"fr-FR","potentialAction":[{"@type":"ReadAction","target":["https:\/\/www.istegroup.com\/en\/produit\/cristaux-liquides\/"]}]},{"@type":"ImageObject","inLanguage":"fr-FR","@id":"https:\/\/www.istegroup.com\/en\/produit\/cristaux-liquides\/#primaryimage","url":"https:\/\/www.istegroup.com\/wp-content\/uploads\/2022\/04\/Cristaux-liquides.jpeg","contentUrl":"https:\/\/www.istegroup.com\/wp-content\/uploads\/2022\/04\/Cristaux-liquides.jpeg","width":300,"height":450,"caption":"Livre scientifique - Cristaux liquides - Encyclop\u00e9die SCIENCES"},{"@type":"BreadcrumbList","@id":"https:\/\/www.istegroup.com\/en\/produit\/cristaux-liquides\/#breadcrumb","itemListElement":[{"@type":"ListItem","position":1,"name":"Home","item":"https:\/\/www.istegroup.com\/"},{"@type":"ListItem","position":2,"name":"Shop","item":"https:\/\/www.istegroup.com\/fr\/nouveautes\/"},{"@type":"ListItem","position":3,"name":"Cristaux Liquides"}]},{"@type":"WebSite","@id":"https:\/\/www.istegroup.com\/#website","url":"https:\/\/www.istegroup.com\/","name":"ISTE Group","description":"\u00c9diteur des Sciences","potentialAction":[{"@type":"SearchAction","target":{"@type":"EntryPoint","urlTemplate":"https:\/\/www.istegroup.com\/?s={search_term_string}"},"query-input":{"@type":"PropertyValueSpecification","valueRequired":true,"valueName":"search_term_string"}}],"inLanguage":"fr-FR"}]}},"_links":{"self":[{"href":"https:\/\/www.istegroup.com\/fr\/wp-json\/wp\/v2\/product\/24037","targetHints":{"allow":["GET"]}}],"collection":[{"href":"https:\/\/www.istegroup.com\/fr\/wp-json\/wp\/v2\/product"}],"about":[{"href":"https:\/\/www.istegroup.com\/fr\/wp-json\/wp\/v2\/types\/product"}],"wp:featuredmedia":[{"embeddable":true,"href":"https:\/\/www.istegroup.com\/fr\/wp-json\/wp\/v2\/media\/46202"}],"wp:attachment":[{"href":"https:\/\/www.istegroup.com\/fr\/wp-json\/wp\/v2\/media?parent=24037"}],"wp:term":[{"taxonomy":"product_brand","embeddable":true,"href":"https:\/\/www.istegroup.com\/fr\/wp-json\/wp\/v2\/product_brand?post=24037"},{"taxonomy":"product_cat","embeddable":true,"href":"https:\/\/www.istegroup.com\/fr\/wp-json\/wp\/v2\/product_cat?post=24037"},{"taxonomy":"product_tag","embeddable":true,"href":"https:\/\/www.istegroup.com\/fr\/wp-json\/wp\/v2\/product_tag?post=24037"}],"curies":[{"name":"wp","href":"https:\/\/api.w.org\/{rel}","templated":true}]}}