{"id":24019,"date":"2021-06-18T09:42:11","date_gmt":"2021-06-18T08:42:11","guid":{"rendered":"https:\/\/www.istegroup.com\/?post_type=product&#038;p=24019"},"modified":"2025-01-03T12:17:43","modified_gmt":"2025-01-03T12:17:43","slug":"ondes-electromagnetiques-2","status":"publish","type":"product","link":"https:\/\/www.istegroup.com\/fr\/produit\/ondes-electromagnetiques-2\/","title":{"rendered":"Ondes \u00e9lectromagn\u00e9tiques 2"},"content":{"rendered":"<p><em>Ondes \u00e9lectromagn\u00e9tiques 2<\/em> est consacr\u00e9 aux antennes dans le domaine des ondes radio\u00e9lectriques. Il analyse les conditions d\u2019utilisation et les param\u00e8tres n\u00e9cessaires \u00e0 l\u2019obtention d\u2019une antenne efficace.<\/p>\n<p>Cet ouvrage rappelle les d\u00e9finitions, la r\u00e8glementation et les \u00e9quations fondamentales en mati\u00e8re d\u2019antennes et d\u00e9crit les diverses formes d\u2019antennes utilisables en radio : cornets, guides, lignes coaxiales, antennes imprim\u00e9es et miniatures. Il pr\u00e9sente les m\u00e9thodes de caract\u00e9risation et les bilans de liaison ainsi que les m\u00e9thodes num\u00e9riques qui permettent de calculer finement les antennes radio.<\/p>\n<p>Destin\u00e9 aux \u00e9tudiants et ing\u00e9nieurs, il apporte un support th\u00e9orique indispensable \u00e0 la conception et au d\u00e9ploiement des syst\u00e8mes de communication radio\u00e9lectrique et optique non filaires.<\/p>\n","protected":false},"excerpt":{"rendered":"<p>Ondes \u00e9lectromagn\u00e9tiques 2 est consacr\u00e9 aux antennes dans le domaine des ondes radio\u00e9lectriques. Il analyse les conditions d\u2019utilisation et les param\u00e8tres n\u00e9cessaires \u00e0 l\u2019obtention d\u2019une antenne efficace. Cet ouvrage rappelle les d\u00e9finitions, la r\u00e8glementation et les \u00e9quations fondamentales en mati\u00e8re d\u2019antennes et d\u00e9crit les diverses formes d\u2019antennes utilisables en radio : cornets, guides, lignes coaxiales, [&hellip;]<\/p>\n","protected":false},"featured_media":25297,"template":"","meta":{"_acf_changed":false,"_links_to":"","_links_to_target":""},"product_brand":[],"product_cat":[4289],"product_tag":[],"class_list":{"0":"post-24019","1":"product","2":"type-product","3":"status-publish","4":"has-post-thumbnail","6":"product_cat-sciences","8":"first","9":"instock","10":"shipping-taxable","11":"purchasable","12":"product-type-variable"},"acf":[],"yoast_head":"<!-- This site is optimized with the Yoast SEO plugin v27.2 - https:\/\/yoast.com\/product\/yoast-seo-wordpress\/ -->\n<title>Ondes \u00e9lectromagn\u00e9tiques 2 - ISTE Group<\/title>\n<meta name=\"description\" content=\"Ondes \u00e9lectromagn\u00e9tiques 2 est consacr\u00e9 aux antennes dans le domaine des ondes radio\u00e9lectriques. Il analyse les conditions d\u2019utilisation et les param\u00e8tres n\u00e9cessaires \u00e0 l\u2019obtention d\u2019une antenne efficace.\" \/>\n<meta name=\"robots\" content=\"index, follow, max-snippet:-1, max-image-preview:large, max-video-preview:-1\" \/>\n<link rel=\"canonical\" href=\"https:\/\/www.istegroup.com\/en\/produit\/ondes-electromagnetiques-2\/\" \/>\n<meta property=\"og:locale\" content=\"fr_FR\" \/>\n<meta property=\"og:type\" content=\"article\" \/>\n<meta property=\"og:title\" content=\"Ondes \u00e9lectromagn\u00e9tiques 2 - ISTE Group\" \/>\n<meta property=\"og:description\" content=\"Ondes \u00e9lectromagn\u00e9tiques 2 est consacr\u00e9 aux antennes dans le domaine des ondes radio\u00e9lectriques. Il analyse les conditions d\u2019utilisation et les param\u00e8tres n\u00e9cessaires \u00e0 l\u2019obtention d\u2019une antenne efficace.\" \/>\n<meta property=\"og:url\" content=\"https:\/\/www.istegroup.com\/en\/produit\/ondes-electromagnetiques-2\/\" \/>\n<meta property=\"og:site_name\" content=\"ISTE Group\" \/>\n<meta property=\"article:modified_time\" content=\"2025-01-03T12:17:43+00:00\" \/>\n<meta property=\"og:image\" content=\"https:\/\/www.istegroup.com\/wp-content\/uploads\/2020\/03\/Ondes-\u00e9lectromagn\u00e9tiques-2-Pierre-No\u00ebl-Favennec.jpeg\" \/>\n\t<meta property=\"og:image:width\" content=\"300\" \/>\n\t<meta property=\"og:image:height\" content=\"455\" \/>\n\t<meta property=\"og:image:type\" content=\"image\/jpeg\" \/>\n<meta name=\"twitter:card\" content=\"summary_large_image\" \/>\n<meta name=\"twitter:label1\" content=\"Est. reading time\" \/>\n\t<meta name=\"twitter:data1\" content=\"1 minute\" \/>\n<script type=\"application\/ld+json\" class=\"yoast-schema-graph\">{\"@context\":\"https:\/\/schema.org\",\"@graph\":[{\"@type\":\"WebPage\",\"@id\":\"https:\/\/www.istegroup.com\/en\/produit\/ondes-electromagnetiques-2\/\",\"url\":\"https:\/\/www.istegroup.com\/en\/produit\/ondes-electromagnetiques-2\/\",\"name\":\"Ondes \u00e9lectromagn\u00e9tiques 2 - ISTE Group\",\"isPartOf\":{\"@id\":\"https:\/\/www.istegroup.com\/#website\"},\"primaryImageOfPage\":{\"@id\":\"https:\/\/www.istegroup.com\/en\/produit\/ondes-electromagnetiques-2\/#primaryimage\"},\"image\":{\"@id\":\"https:\/\/www.istegroup.com\/en\/produit\/ondes-electromagnetiques-2\/#primaryimage\"},\"thumbnailUrl\":\"https:\/\/www.istegroup.com\/wp-content\/uploads\/2020\/03\/Ondes-\u00e9lectromagn\u00e9tiques-2-Pierre-No\u00ebl-Favennec.jpeg\",\"datePublished\":\"2021-06-18T08:42:11+00:00\",\"dateModified\":\"2025-01-03T12:17:43+00:00\",\"description\":\"Ondes \u00e9lectromagn\u00e9tiques 2 est consacr\u00e9 aux antennes dans le domaine des ondes radio\u00e9lectriques. Il analyse les conditions d\u2019utilisation et les param\u00e8tres n\u00e9cessaires \u00e0 l\u2019obtention d\u2019une antenne efficace.\",\"breadcrumb\":{\"@id\":\"https:\/\/www.istegroup.com\/en\/produit\/ondes-electromagnetiques-2\/#breadcrumb\"},\"inLanguage\":\"fr-FR\",\"potentialAction\":[{\"@type\":\"ReadAction\",\"target\":[\"https:\/\/www.istegroup.com\/en\/produit\/ondes-electromagnetiques-2\/\"]}]},{\"@type\":\"ImageObject\",\"inLanguage\":\"fr-FR\",\"@id\":\"https:\/\/www.istegroup.com\/en\/produit\/ondes-electromagnetiques-2\/#primaryimage\",\"url\":\"https:\/\/www.istegroup.com\/wp-content\/uploads\/2020\/03\/Ondes-\u00e9lectromagn\u00e9tiques-2-Pierre-No\u00ebl-Favennec.jpeg\",\"contentUrl\":\"https:\/\/www.istegroup.com\/wp-content\/uploads\/2020\/03\/Ondes-\u00e9lectromagn\u00e9tiques-2-Pierre-No\u00ebl-Favennec.jpeg\",\"width\":300,\"height\":455,\"caption\":\"Encyclop\u00e9die SCIENCES\"},{\"@type\":\"BreadcrumbList\",\"@id\":\"https:\/\/www.istegroup.com\/en\/produit\/ondes-electromagnetiques-2\/#breadcrumb\",\"itemListElement\":[{\"@type\":\"ListItem\",\"position\":1,\"name\":\"Home\",\"item\":\"https:\/\/www.istegroup.com\/\"},{\"@type\":\"ListItem\",\"position\":2,\"name\":\"Shop\",\"item\":\"https:\/\/www.istegroup.com\/fr\/nouveautes\/\"},{\"@type\":\"ListItem\",\"position\":3,\"name\":\"Ondes \u00e9lectromagn\u00e9tiques 2\"}]},{\"@type\":\"WebSite\",\"@id\":\"https:\/\/www.istegroup.com\/#website\",\"url\":\"https:\/\/www.istegroup.com\/\",\"name\":\"ISTE Group\",\"description\":\"\u00c9diteur des Sciences\",\"potentialAction\":[{\"@type\":\"SearchAction\",\"target\":{\"@type\":\"EntryPoint\",\"urlTemplate\":\"https:\/\/www.istegroup.com\/?s={search_term_string}\"},\"query-input\":{\"@type\":\"PropertyValueSpecification\",\"valueRequired\":true,\"valueName\":\"search_term_string\"}}],\"inLanguage\":\"fr-FR\"}]}<\/script>\n<!-- \/ Yoast SEO plugin. -->","yoast_head_json":{"title":"Ondes \u00e9lectromagn\u00e9tiques 2 - ISTE Group","description":"Ondes \u00e9lectromagn\u00e9tiques 2 est consacr\u00e9 aux antennes dans le domaine des ondes radio\u00e9lectriques. Il analyse les conditions d\u2019utilisation et les param\u00e8tres n\u00e9cessaires \u00e0 l\u2019obtention d\u2019une antenne efficace.","robots":{"index":"index","follow":"follow","max-snippet":"max-snippet:-1","max-image-preview":"max-image-preview:large","max-video-preview":"max-video-preview:-1"},"canonical":"https:\/\/www.istegroup.com\/en\/produit\/ondes-electromagnetiques-2\/","og_locale":"fr_FR","og_type":"article","og_title":"Ondes \u00e9lectromagn\u00e9tiques 2 - ISTE Group","og_description":"Ondes \u00e9lectromagn\u00e9tiques 2 est consacr\u00e9 aux antennes dans le domaine des ondes radio\u00e9lectriques. Il analyse les conditions d\u2019utilisation et les param\u00e8tres n\u00e9cessaires \u00e0 l\u2019obtention d\u2019une antenne efficace.","og_url":"https:\/\/www.istegroup.com\/en\/produit\/ondes-electromagnetiques-2\/","og_site_name":"ISTE Group","article_modified_time":"2025-01-03T12:17:43+00:00","og_image":[{"width":300,"height":455,"url":"https:\/\/www.istegroup.com\/wp-content\/uploads\/2020\/03\/Ondes-\u00e9lectromagn\u00e9tiques-2-Pierre-No\u00ebl-Favennec.jpeg","type":"image\/jpeg"}],"twitter_card":"summary_large_image","twitter_misc":{"Est. reading time":"1 minute"},"schema":{"@context":"https:\/\/schema.org","@graph":[{"@type":"WebPage","@id":"https:\/\/www.istegroup.com\/en\/produit\/ondes-electromagnetiques-2\/","url":"https:\/\/www.istegroup.com\/en\/produit\/ondes-electromagnetiques-2\/","name":"Ondes \u00e9lectromagn\u00e9tiques 2 - ISTE Group","isPartOf":{"@id":"https:\/\/www.istegroup.com\/#website"},"primaryImageOfPage":{"@id":"https:\/\/www.istegroup.com\/en\/produit\/ondes-electromagnetiques-2\/#primaryimage"},"image":{"@id":"https:\/\/www.istegroup.com\/en\/produit\/ondes-electromagnetiques-2\/#primaryimage"},"thumbnailUrl":"https:\/\/www.istegroup.com\/wp-content\/uploads\/2020\/03\/Ondes-\u00e9lectromagn\u00e9tiques-2-Pierre-No\u00ebl-Favennec.jpeg","datePublished":"2021-06-18T08:42:11+00:00","dateModified":"2025-01-03T12:17:43+00:00","description":"Ondes \u00e9lectromagn\u00e9tiques 2 est consacr\u00e9 aux antennes dans le domaine des ondes radio\u00e9lectriques. Il analyse les conditions d\u2019utilisation et les param\u00e8tres n\u00e9cessaires \u00e0 l\u2019obtention d\u2019une antenne efficace.","breadcrumb":{"@id":"https:\/\/www.istegroup.com\/en\/produit\/ondes-electromagnetiques-2\/#breadcrumb"},"inLanguage":"fr-FR","potentialAction":[{"@type":"ReadAction","target":["https:\/\/www.istegroup.com\/en\/produit\/ondes-electromagnetiques-2\/"]}]},{"@type":"ImageObject","inLanguage":"fr-FR","@id":"https:\/\/www.istegroup.com\/en\/produit\/ondes-electromagnetiques-2\/#primaryimage","url":"https:\/\/www.istegroup.com\/wp-content\/uploads\/2020\/03\/Ondes-\u00e9lectromagn\u00e9tiques-2-Pierre-No\u00ebl-Favennec.jpeg","contentUrl":"https:\/\/www.istegroup.com\/wp-content\/uploads\/2020\/03\/Ondes-\u00e9lectromagn\u00e9tiques-2-Pierre-No\u00ebl-Favennec.jpeg","width":300,"height":455,"caption":"Encyclop\u00e9die SCIENCES"},{"@type":"BreadcrumbList","@id":"https:\/\/www.istegroup.com\/en\/produit\/ondes-electromagnetiques-2\/#breadcrumb","itemListElement":[{"@type":"ListItem","position":1,"name":"Home","item":"https:\/\/www.istegroup.com\/"},{"@type":"ListItem","position":2,"name":"Shop","item":"https:\/\/www.istegroup.com\/fr\/nouveautes\/"},{"@type":"ListItem","position":3,"name":"Ondes \u00e9lectromagn\u00e9tiques 2"}]},{"@type":"WebSite","@id":"https:\/\/www.istegroup.com\/#website","url":"https:\/\/www.istegroup.com\/","name":"ISTE Group","description":"\u00c9diteur des Sciences","potentialAction":[{"@type":"SearchAction","target":{"@type":"EntryPoint","urlTemplate":"https:\/\/www.istegroup.com\/?s={search_term_string}"},"query-input":{"@type":"PropertyValueSpecification","valueRequired":true,"valueName":"search_term_string"}}],"inLanguage":"fr-FR"}]}},"_links":{"self":[{"href":"https:\/\/www.istegroup.com\/fr\/wp-json\/wp\/v2\/product\/24019","targetHints":{"allow":["GET"]}}],"collection":[{"href":"https:\/\/www.istegroup.com\/fr\/wp-json\/wp\/v2\/product"}],"about":[{"href":"https:\/\/www.istegroup.com\/fr\/wp-json\/wp\/v2\/types\/product"}],"wp:featuredmedia":[{"embeddable":true,"href":"https:\/\/www.istegroup.com\/fr\/wp-json\/wp\/v2\/media\/25297"}],"wp:attachment":[{"href":"https:\/\/www.istegroup.com\/fr\/wp-json\/wp\/v2\/media?parent=24019"}],"wp:term":[{"taxonomy":"product_brand","embeddable":true,"href":"https:\/\/www.istegroup.com\/fr\/wp-json\/wp\/v2\/product_brand?post=24019"},{"taxonomy":"product_cat","embeddable":true,"href":"https:\/\/www.istegroup.com\/fr\/wp-json\/wp\/v2\/product_cat?post=24019"},{"taxonomy":"product_tag","embeddable":true,"href":"https:\/\/www.istegroup.com\/fr\/wp-json\/wp\/v2\/product_tag?post=24019"}],"curies":[{"name":"wp","href":"https:\/\/api.w.org\/{rel}","templated":true}]}}