{"id":23985,"date":"2021-06-19T14:52:35","date_gmt":"2021-06-19T13:52:35","guid":{"rendered":"https:\/\/www.istegroup.com\/?post_type=product&#038;p=23985"},"modified":"2025-01-03T12:14:52","modified_gmt":"2025-01-03T12:14:52","slug":"ingenierie-mecanique-en-contexte-incertain","status":"publish","type":"product","link":"https:\/\/www.istegroup.com\/fr\/produit\/ingenierie-mecanique-en-contexte-incertain\/","title":{"rendered":"Ing\u00e9nierie m\u00e9canique en contexte incertain"},"content":{"rendered":"<p>Consid\u00e9rer le contexte incertain en ing\u00e9nierie m\u00e9canique dans le but d\u2019am\u00e9liorer les performances des futurs produits ou syst\u00e8mes appara\u00eet d\u00e9sormais comme un avantage comp\u00e9titif, voire une n\u00e9cessit\u00e9 pour garantir une exigence de s\u00fbret\u00e9 de plus en plus \u00e9lev\u00e9e.<\/p>\n<p><em>Ing\u00e9nierie m\u00e9canique en contexte incertain<\/em> traite de la mod\u00e9lisation, de la quantification et de la propagation d\u2019incertitudes. Il \u00e9tudie \u00e9galement la prise en compte des incertitudes dans l\u2019analyse de la fiabilit\u00e9 et dans l\u2019optimisation sous incertitudes. Le spectre des m\u00e9thodes pr\u00e9sent\u00e9es va des approches classiques aux d\u00e9veloppements plus r\u00e9cents et les m\u00e9thodologies sont illustr\u00e9es par des exemples concrets dans des domaines vari\u00e9s de la m\u00e9canique (g\u00e9nie civil, g\u00e9nie m\u00e9canique et m\u00e9canique des fluides).<\/p>\n<p>Cet ouvrage s\u2019adresse aussi bien \u00e0 un public de chercheurs que d\u2019ing\u00e9nieurs s\u2019int\u00e9ressant \u00e0 la th\u00e9matique du traitement des incertitudes en ing\u00e9nierie m\u00e9canique.<\/p>\n","protected":false},"excerpt":{"rendered":"<p>Consid\u00e9rer le contexte incertain en ing\u00e9nierie m\u00e9canique dans le but d\u2019am\u00e9liorer les performances des futurs produits ou syst\u00e8mes appara\u00eet d\u00e9sormais comme un avantage comp\u00e9titif, voire une n\u00e9cessit\u00e9 pour garantir une exigence de s\u00fbret\u00e9 de plus en plus \u00e9lev\u00e9e. Ing\u00e9nierie m\u00e9canique en contexte incertain traite de la mod\u00e9lisation, de la quantification et de la propagation d\u2019incertitudes. [&hellip;]<\/p>\n","protected":false},"featured_media":37781,"template":"","meta":{"_acf_changed":false,"_links_to":"","_links_to_target":""},"product_brand":[],"product_cat":[4289],"product_tag":[],"class_list":{"0":"post-23985","1":"product","2":"type-product","3":"status-publish","4":"has-post-thumbnail","6":"product_cat-sciences","8":"first","9":"instock","10":"shipping-taxable","11":"purchasable","12":"product-type-variable"},"acf":[],"yoast_head":"<!-- This site is optimized with the Yoast SEO plugin v27.2 - https:\/\/yoast.com\/product\/yoast-seo-wordpress\/ -->\n<title>Ing\u00e9nierie m\u00e9canique en contexte incertain - ISTE Group<\/title>\n<meta name=\"description\" content=\"Ing\u00e9nierie m\u00e9canique en contexte incertain traite de la mod\u00e9lisation, de la quantification et de la propagation d\u2019incertitudes.\" \/>\n<meta name=\"robots\" content=\"index, follow, max-snippet:-1, max-image-preview:large, max-video-preview:-1\" \/>\n<link rel=\"canonical\" href=\"https:\/\/www.istegroup.com\/fr\/produit\/ingenierie-mecanique-en-contexte-incertain\/\" \/>\n<meta property=\"og:locale\" content=\"fr_FR\" \/>\n<meta property=\"og:type\" content=\"article\" \/>\n<meta property=\"og:title\" content=\"Ing\u00e9nierie m\u00e9canique en contexte incertain - ISTE Group\" \/>\n<meta property=\"og:description\" content=\"Ing\u00e9nierie m\u00e9canique en contexte incertain traite de la mod\u00e9lisation, de la quantification et de la propagation d\u2019incertitudes.\" \/>\n<meta property=\"og:url\" content=\"https:\/\/www.istegroup.com\/fr\/produit\/ingenierie-mecanique-en-contexte-incertain\/\" \/>\n<meta property=\"og:site_name\" content=\"ISTE Group\" \/>\n<meta property=\"article:modified_time\" content=\"2025-01-03T12:14:52+00:00\" \/>\n<meta property=\"og:image\" content=\"https:\/\/www.istegroup.com\/wp-content\/uploads\/2020\/12\/ingenierie-mecanique-contexte-incertain_sciences.png\" \/>\n\t<meta property=\"og:image:width\" content=\"300\" \/>\n\t<meta property=\"og:image:height\" content=\"453\" \/>\n\t<meta property=\"og:image:type\" content=\"image\/png\" \/>\n<meta name=\"twitter:card\" content=\"summary_large_image\" \/>\n<meta name=\"twitter:label1\" content=\"Est. reading time\" \/>\n\t<meta name=\"twitter:data1\" content=\"1 minute\" \/>\n<script type=\"application\/ld+json\" class=\"yoast-schema-graph\">{\"@context\":\"https:\/\/schema.org\",\"@graph\":[{\"@type\":\"WebPage\",\"@id\":\"https:\/\/www.istegroup.com\/fr\/produit\/ingenierie-mecanique-en-contexte-incertain\/\",\"url\":\"https:\/\/www.istegroup.com\/fr\/produit\/ingenierie-mecanique-en-contexte-incertain\/\",\"name\":\"Ing\u00e9nierie m\u00e9canique en contexte incertain - ISTE Group\",\"isPartOf\":{\"@id\":\"https:\/\/www.istegroup.com\/#website\"},\"primaryImageOfPage\":{\"@id\":\"https:\/\/www.istegroup.com\/fr\/produit\/ingenierie-mecanique-en-contexte-incertain\/#primaryimage\"},\"image\":{\"@id\":\"https:\/\/www.istegroup.com\/fr\/produit\/ingenierie-mecanique-en-contexte-incertain\/#primaryimage\"},\"thumbnailUrl\":\"https:\/\/www.istegroup.com\/wp-content\/uploads\/2020\/12\/ingenierie-mecanique-contexte-incertain_sciences.png\",\"datePublished\":\"2021-06-19T13:52:35+00:00\",\"dateModified\":\"2025-01-03T12:14:52+00:00\",\"description\":\"Ing\u00e9nierie m\u00e9canique en contexte incertain traite de la mod\u00e9lisation, de la quantification et de la propagation d\u2019incertitudes.\",\"breadcrumb\":{\"@id\":\"https:\/\/www.istegroup.com\/fr\/produit\/ingenierie-mecanique-en-contexte-incertain\/#breadcrumb\"},\"inLanguage\":\"fr-FR\",\"potentialAction\":[{\"@type\":\"ReadAction\",\"target\":[\"https:\/\/www.istegroup.com\/fr\/produit\/ingenierie-mecanique-en-contexte-incertain\/\"]}]},{\"@type\":\"ImageObject\",\"inLanguage\":\"fr-FR\",\"@id\":\"https:\/\/www.istegroup.com\/fr\/produit\/ingenierie-mecanique-en-contexte-incertain\/#primaryimage\",\"url\":\"https:\/\/www.istegroup.com\/wp-content\/uploads\/2020\/12\/ingenierie-mecanique-contexte-incertain_sciences.png\",\"contentUrl\":\"https:\/\/www.istegroup.com\/wp-content\/uploads\/2020\/12\/ingenierie-mecanique-contexte-incertain_sciences.png\",\"width\":300,\"height\":453,\"caption\":\"Encyclop\u00e9die SCIENCES\"},{\"@type\":\"BreadcrumbList\",\"@id\":\"https:\/\/www.istegroup.com\/fr\/produit\/ingenierie-mecanique-en-contexte-incertain\/#breadcrumb\",\"itemListElement\":[{\"@type\":\"ListItem\",\"position\":1,\"name\":\"Home\",\"item\":\"https:\/\/www.istegroup.com\/\"},{\"@type\":\"ListItem\",\"position\":2,\"name\":\"Shop\",\"item\":\"https:\/\/www.istegroup.com\/fr\/nouveautes\/\"},{\"@type\":\"ListItem\",\"position\":3,\"name\":\"Ing\u00e9nierie m\u00e9canique en contexte incertain\"}]},{\"@type\":\"WebSite\",\"@id\":\"https:\/\/www.istegroup.com\/#website\",\"url\":\"https:\/\/www.istegroup.com\/\",\"name\":\"ISTE Group\",\"description\":\"\u00c9diteur des Sciences\",\"potentialAction\":[{\"@type\":\"SearchAction\",\"target\":{\"@type\":\"EntryPoint\",\"urlTemplate\":\"https:\/\/www.istegroup.com\/?s={search_term_string}\"},\"query-input\":{\"@type\":\"PropertyValueSpecification\",\"valueRequired\":true,\"valueName\":\"search_term_string\"}}],\"inLanguage\":\"fr-FR\"}]}<\/script>\n<!-- \/ Yoast SEO plugin. -->","yoast_head_json":{"title":"Ing\u00e9nierie m\u00e9canique en contexte incertain - ISTE Group","description":"Ing\u00e9nierie m\u00e9canique en contexte incertain traite de la mod\u00e9lisation, de la quantification et de la propagation d\u2019incertitudes.","robots":{"index":"index","follow":"follow","max-snippet":"max-snippet:-1","max-image-preview":"max-image-preview:large","max-video-preview":"max-video-preview:-1"},"canonical":"https:\/\/www.istegroup.com\/fr\/produit\/ingenierie-mecanique-en-contexte-incertain\/","og_locale":"fr_FR","og_type":"article","og_title":"Ing\u00e9nierie m\u00e9canique en contexte incertain - ISTE Group","og_description":"Ing\u00e9nierie m\u00e9canique en contexte incertain traite de la mod\u00e9lisation, de la quantification et de la propagation d\u2019incertitudes.","og_url":"https:\/\/www.istegroup.com\/fr\/produit\/ingenierie-mecanique-en-contexte-incertain\/","og_site_name":"ISTE Group","article_modified_time":"2025-01-03T12:14:52+00:00","og_image":[{"width":300,"height":453,"url":"https:\/\/www.istegroup.com\/wp-content\/uploads\/2020\/12\/ingenierie-mecanique-contexte-incertain_sciences.png","type":"image\/png"}],"twitter_card":"summary_large_image","twitter_misc":{"Est. reading time":"1 minute"},"schema":{"@context":"https:\/\/schema.org","@graph":[{"@type":"WebPage","@id":"https:\/\/www.istegroup.com\/fr\/produit\/ingenierie-mecanique-en-contexte-incertain\/","url":"https:\/\/www.istegroup.com\/fr\/produit\/ingenierie-mecanique-en-contexte-incertain\/","name":"Ing\u00e9nierie m\u00e9canique en contexte incertain - ISTE Group","isPartOf":{"@id":"https:\/\/www.istegroup.com\/#website"},"primaryImageOfPage":{"@id":"https:\/\/www.istegroup.com\/fr\/produit\/ingenierie-mecanique-en-contexte-incertain\/#primaryimage"},"image":{"@id":"https:\/\/www.istegroup.com\/fr\/produit\/ingenierie-mecanique-en-contexte-incertain\/#primaryimage"},"thumbnailUrl":"https:\/\/www.istegroup.com\/wp-content\/uploads\/2020\/12\/ingenierie-mecanique-contexte-incertain_sciences.png","datePublished":"2021-06-19T13:52:35+00:00","dateModified":"2025-01-03T12:14:52+00:00","description":"Ing\u00e9nierie m\u00e9canique en contexte incertain traite de la mod\u00e9lisation, de la quantification et de la propagation d\u2019incertitudes.","breadcrumb":{"@id":"https:\/\/www.istegroup.com\/fr\/produit\/ingenierie-mecanique-en-contexte-incertain\/#breadcrumb"},"inLanguage":"fr-FR","potentialAction":[{"@type":"ReadAction","target":["https:\/\/www.istegroup.com\/fr\/produit\/ingenierie-mecanique-en-contexte-incertain\/"]}]},{"@type":"ImageObject","inLanguage":"fr-FR","@id":"https:\/\/www.istegroup.com\/fr\/produit\/ingenierie-mecanique-en-contexte-incertain\/#primaryimage","url":"https:\/\/www.istegroup.com\/wp-content\/uploads\/2020\/12\/ingenierie-mecanique-contexte-incertain_sciences.png","contentUrl":"https:\/\/www.istegroup.com\/wp-content\/uploads\/2020\/12\/ingenierie-mecanique-contexte-incertain_sciences.png","width":300,"height":453,"caption":"Encyclop\u00e9die SCIENCES"},{"@type":"BreadcrumbList","@id":"https:\/\/www.istegroup.com\/fr\/produit\/ingenierie-mecanique-en-contexte-incertain\/#breadcrumb","itemListElement":[{"@type":"ListItem","position":1,"name":"Home","item":"https:\/\/www.istegroup.com\/"},{"@type":"ListItem","position":2,"name":"Shop","item":"https:\/\/www.istegroup.com\/fr\/nouveautes\/"},{"@type":"ListItem","position":3,"name":"Ing\u00e9nierie m\u00e9canique en contexte incertain"}]},{"@type":"WebSite","@id":"https:\/\/www.istegroup.com\/#website","url":"https:\/\/www.istegroup.com\/","name":"ISTE Group","description":"\u00c9diteur des Sciences","potentialAction":[{"@type":"SearchAction","target":{"@type":"EntryPoint","urlTemplate":"https:\/\/www.istegroup.com\/?s={search_term_string}"},"query-input":{"@type":"PropertyValueSpecification","valueRequired":true,"valueName":"search_term_string"}}],"inLanguage":"fr-FR"}]}},"_links":{"self":[{"href":"https:\/\/www.istegroup.com\/fr\/wp-json\/wp\/v2\/product\/23985","targetHints":{"allow":["GET"]}}],"collection":[{"href":"https:\/\/www.istegroup.com\/fr\/wp-json\/wp\/v2\/product"}],"about":[{"href":"https:\/\/www.istegroup.com\/fr\/wp-json\/wp\/v2\/types\/product"}],"wp:featuredmedia":[{"embeddable":true,"href":"https:\/\/www.istegroup.com\/fr\/wp-json\/wp\/v2\/media\/37781"}],"wp:attachment":[{"href":"https:\/\/www.istegroup.com\/fr\/wp-json\/wp\/v2\/media?parent=23985"}],"wp:term":[{"taxonomy":"product_brand","embeddable":true,"href":"https:\/\/www.istegroup.com\/fr\/wp-json\/wp\/v2\/product_brand?post=23985"},{"taxonomy":"product_cat","embeddable":true,"href":"https:\/\/www.istegroup.com\/fr\/wp-json\/wp\/v2\/product_cat?post=23985"},{"taxonomy":"product_tag","embeddable":true,"href":"https:\/\/www.istegroup.com\/fr\/wp-json\/wp\/v2\/product_tag?post=23985"}],"curies":[{"name":"wp","href":"https:\/\/api.w.org\/{rel}","templated":true}]}}