{"id":23982,"date":"2023-09-26T16:49:43","date_gmt":"2023-09-26T15:49:43","guid":{"rendered":"https:\/\/www.istegroup.com\/?post_type=product&#038;p=23982"},"modified":"2025-01-03T11:06:34","modified_gmt":"2025-01-03T11:06:34","slug":"mecanique-des-tissus-vivants","status":"publish","type":"product","link":"https:\/\/www.istegroup.com\/fr\/produit\/mecanique-des-tissus-vivants\/","title":{"rendered":"M\u00e9canique des tissus vivants"},"content":{"rendered":"<p>En d\u00e9pit de leurs nombreux points communs (comportement m\u00e9canique, structure multi-\u00e9chelle, caract\u00e8res \u00e9volutif et vivant, etc.), les tissus qui constituent le corps humain poss\u00e8dent chacun des particularit\u00e9s li\u00e9es \u00e0 leur fonction. Celles-ci n\u00e9cessitent de d\u00e9velopper des m\u00e9thodes d\u00e9di\u00e9es, \u00e0 la fois exp\u00e9rimentales, th\u00e9oriques et num\u00e9riques.<\/p>\n<p>L\u2019ouvrage collaboratif <em>M\u00e9canique des tissus vivants<\/em> dresse un \u00e9tat des lieux des plus r\u00e9centes approches d\u00e9velopp\u00e9es dans le but d\u2019\u00e9tudier le comportement biom\u00e9canique de ces tissus mous, afin d\u2019en comprendre la structure et le comportement apparent. \u00c0 travers les diff\u00e9rents chapitres, des tissus sp\u00e9cifiques sont analys\u00e9s dans le but de d\u00e9velopper des solutions r\u00e9pondant aux probl\u00e9matiques cliniques rencontr\u00e9es.<\/p>\n<p>Des conclusions sont esquiss\u00e9es \u00e0 propos des m\u00e9thodes futures qui permettront d\u2019am\u00e9liorer l\u2019\u00e9tat de connaissance actuel du comportement de ces tissus vivants, afin notamment de pr\u00e9dire l\u2019effet d\u2019une pathologie ou d\u2019un acte m\u00e9dical sur leurs propri\u00e9t\u00e9s apparentes.<\/p>","protected":false},"excerpt":{"rendered":"<p>En d\u00e9pit de leurs nombreux points communs (comportement m\u00e9canique, structure multi-\u00e9chelle, caract\u00e8res \u00e9volutif et vivant, etc.), les tissus qui constituent le corps humain poss\u00e8dent chacun des particularit\u00e9s li\u00e9es \u00e0 leur fonction. Celles-ci n\u00e9cessitent de d\u00e9velopper des m\u00e9thodes d\u00e9di\u00e9es, \u00e0 la fois exp\u00e9rimentales, th\u00e9oriques et num\u00e9riques. L\u2019ouvrage collaboratif M\u00e9canique des tissus vivants dresse un \u00e9tat des [&hellip;]<\/p>\n","protected":false},"featured_media":53086,"template":"","meta":{"_acf_changed":false,"_links_to":"","_links_to_target":""},"product_brand":[],"product_cat":[4289],"product_tag":[],"class_list":{"0":"post-23982","1":"product","2":"type-product","3":"status-publish","4":"has-post-thumbnail","6":"product_cat-sciences","8":"first","9":"instock","10":"shipping-taxable","11":"purchasable","12":"product-type-variable"},"acf":[],"yoast_head":"<!-- This site is optimized with the Yoast SEO plugin v27.2 - https:\/\/yoast.com\/product\/yoast-seo-wordpress\/ -->\n<title>M\u00e9canique des tissus vivants - ISTE Group<\/title>\n<meta name=\"robots\" content=\"index, follow, max-snippet:-1, max-image-preview:large, max-video-preview:-1\" \/>\n<link rel=\"canonical\" href=\"https:\/\/www.istegroup.com\/en\/produit\/mecanique-des-tissus-vivants\/\" \/>\n<meta property=\"og:locale\" content=\"fr_FR\" \/>\n<meta property=\"og:type\" content=\"article\" \/>\n<meta property=\"og:title\" content=\"M\u00e9canique des tissus vivants - ISTE Group\" \/>\n<meta property=\"og:description\" content=\"En d\u00e9pit de leurs nombreux points communs (comportement m\u00e9canique, structure multi-\u00e9chelle, caract\u00e8res \u00e9volutif et vivant, etc.), les tissus qui constituent le corps humain poss\u00e8dent chacun des particularit\u00e9s li\u00e9es \u00e0 leur fonction. Celles-ci n\u00e9cessitent de d\u00e9velopper des m\u00e9thodes d\u00e9di\u00e9es, \u00e0 la fois exp\u00e9rimentales, th\u00e9oriques et num\u00e9riques. L\u2019ouvrage collaboratif M\u00e9canique des tissus vivants dresse un \u00e9tat des [&hellip;]\" \/>\n<meta property=\"og:url\" content=\"https:\/\/www.istegroup.com\/en\/produit\/mecanique-des-tissus-vivants\/\" \/>\n<meta property=\"og:site_name\" content=\"ISTE Group\" \/>\n<meta property=\"article:modified_time\" content=\"2025-01-03T11:06:34+00:00\" \/>\n<meta property=\"og:image\" content=\"https:\/\/www.istegroup.com\/wp-content\/uploads\/2019\/11\/Mecanique-des-tissus-vivants.jpeg\" \/>\n\t<meta property=\"og:image:width\" content=\"300\" \/>\n\t<meta property=\"og:image:height\" content=\"450\" \/>\n\t<meta property=\"og:image:type\" content=\"image\/jpeg\" \/>\n<meta name=\"twitter:card\" content=\"summary_large_image\" \/>\n<meta name=\"twitter:label1\" content=\"Est. reading time\" \/>\n\t<meta name=\"twitter:data1\" content=\"1 minute\" \/>\n<script type=\"application\/ld+json\" class=\"yoast-schema-graph\">{\"@context\":\"https:\/\/schema.org\",\"@graph\":[{\"@type\":\"WebPage\",\"@id\":\"https:\/\/www.istegroup.com\/en\/produit\/mecanique-des-tissus-vivants\/\",\"url\":\"https:\/\/www.istegroup.com\/en\/produit\/mecanique-des-tissus-vivants\/\",\"name\":\"M\u00e9canique des tissus vivants - ISTE Group\",\"isPartOf\":{\"@id\":\"https:\/\/www.istegroup.com\/#website\"},\"primaryImageOfPage\":{\"@id\":\"https:\/\/www.istegroup.com\/en\/produit\/mecanique-des-tissus-vivants\/#primaryimage\"},\"image\":{\"@id\":\"https:\/\/www.istegroup.com\/en\/produit\/mecanique-des-tissus-vivants\/#primaryimage\"},\"thumbnailUrl\":\"https:\/\/www.istegroup.com\/wp-content\/uploads\/2019\/11\/Mecanique-des-tissus-vivants.jpeg\",\"datePublished\":\"2023-09-26T15:49:43+00:00\",\"dateModified\":\"2025-01-03T11:06:34+00:00\",\"breadcrumb\":{\"@id\":\"https:\/\/www.istegroup.com\/en\/produit\/mecanique-des-tissus-vivants\/#breadcrumb\"},\"inLanguage\":\"fr-FR\",\"potentialAction\":[{\"@type\":\"ReadAction\",\"target\":[\"https:\/\/www.istegroup.com\/en\/produit\/mecanique-des-tissus-vivants\/\"]}]},{\"@type\":\"ImageObject\",\"inLanguage\":\"fr-FR\",\"@id\":\"https:\/\/www.istegroup.com\/en\/produit\/mecanique-des-tissus-vivants\/#primaryimage\",\"url\":\"https:\/\/www.istegroup.com\/wp-content\/uploads\/2019\/11\/Mecanique-des-tissus-vivants.jpeg\",\"contentUrl\":\"https:\/\/www.istegroup.com\/wp-content\/uploads\/2019\/11\/Mecanique-des-tissus-vivants.jpeg\",\"width\":300,\"height\":450,\"caption\":\"Livre scientifique - M\u00e9canique des tissus vivants\"},{\"@type\":\"BreadcrumbList\",\"@id\":\"https:\/\/www.istegroup.com\/en\/produit\/mecanique-des-tissus-vivants\/#breadcrumb\",\"itemListElement\":[{\"@type\":\"ListItem\",\"position\":1,\"name\":\"Home\",\"item\":\"https:\/\/www.istegroup.com\/\"},{\"@type\":\"ListItem\",\"position\":2,\"name\":\"Shop\",\"item\":\"https:\/\/www.istegroup.com\/fr\/nouveautes\/\"},{\"@type\":\"ListItem\",\"position\":3,\"name\":\"M\u00e9canique des tissus vivants\"}]},{\"@type\":\"WebSite\",\"@id\":\"https:\/\/www.istegroup.com\/#website\",\"url\":\"https:\/\/www.istegroup.com\/\",\"name\":\"ISTE Group\",\"description\":\"\u00c9diteur des Sciences\",\"potentialAction\":[{\"@type\":\"SearchAction\",\"target\":{\"@type\":\"EntryPoint\",\"urlTemplate\":\"https:\/\/www.istegroup.com\/?s={search_term_string}\"},\"query-input\":{\"@type\":\"PropertyValueSpecification\",\"valueRequired\":true,\"valueName\":\"search_term_string\"}}],\"inLanguage\":\"fr-FR\"}]}<\/script>\n<!-- \/ Yoast SEO plugin. -->","yoast_head_json":{"title":"M\u00e9canique des tissus vivants - ISTE Group","robots":{"index":"index","follow":"follow","max-snippet":"max-snippet:-1","max-image-preview":"max-image-preview:large","max-video-preview":"max-video-preview:-1"},"canonical":"https:\/\/www.istegroup.com\/en\/produit\/mecanique-des-tissus-vivants\/","og_locale":"fr_FR","og_type":"article","og_title":"M\u00e9canique des tissus vivants - ISTE Group","og_description":"En d\u00e9pit de leurs nombreux points communs (comportement m\u00e9canique, structure multi-\u00e9chelle, caract\u00e8res \u00e9volutif et vivant, etc.), les tissus qui constituent le corps humain poss\u00e8dent chacun des particularit\u00e9s li\u00e9es \u00e0 leur fonction. Celles-ci n\u00e9cessitent de d\u00e9velopper des m\u00e9thodes d\u00e9di\u00e9es, \u00e0 la fois exp\u00e9rimentales, th\u00e9oriques et num\u00e9riques. L\u2019ouvrage collaboratif M\u00e9canique des tissus vivants dresse un \u00e9tat des [&hellip;]","og_url":"https:\/\/www.istegroup.com\/en\/produit\/mecanique-des-tissus-vivants\/","og_site_name":"ISTE Group","article_modified_time":"2025-01-03T11:06:34+00:00","og_image":[{"width":300,"height":450,"url":"https:\/\/www.istegroup.com\/wp-content\/uploads\/2019\/11\/Mecanique-des-tissus-vivants.jpeg","type":"image\/jpeg"}],"twitter_card":"summary_large_image","twitter_misc":{"Est. reading time":"1 minute"},"schema":{"@context":"https:\/\/schema.org","@graph":[{"@type":"WebPage","@id":"https:\/\/www.istegroup.com\/en\/produit\/mecanique-des-tissus-vivants\/","url":"https:\/\/www.istegroup.com\/en\/produit\/mecanique-des-tissus-vivants\/","name":"M\u00e9canique des tissus vivants - ISTE Group","isPartOf":{"@id":"https:\/\/www.istegroup.com\/#website"},"primaryImageOfPage":{"@id":"https:\/\/www.istegroup.com\/en\/produit\/mecanique-des-tissus-vivants\/#primaryimage"},"image":{"@id":"https:\/\/www.istegroup.com\/en\/produit\/mecanique-des-tissus-vivants\/#primaryimage"},"thumbnailUrl":"https:\/\/www.istegroup.com\/wp-content\/uploads\/2019\/11\/Mecanique-des-tissus-vivants.jpeg","datePublished":"2023-09-26T15:49:43+00:00","dateModified":"2025-01-03T11:06:34+00:00","breadcrumb":{"@id":"https:\/\/www.istegroup.com\/en\/produit\/mecanique-des-tissus-vivants\/#breadcrumb"},"inLanguage":"fr-FR","potentialAction":[{"@type":"ReadAction","target":["https:\/\/www.istegroup.com\/en\/produit\/mecanique-des-tissus-vivants\/"]}]},{"@type":"ImageObject","inLanguage":"fr-FR","@id":"https:\/\/www.istegroup.com\/en\/produit\/mecanique-des-tissus-vivants\/#primaryimage","url":"https:\/\/www.istegroup.com\/wp-content\/uploads\/2019\/11\/Mecanique-des-tissus-vivants.jpeg","contentUrl":"https:\/\/www.istegroup.com\/wp-content\/uploads\/2019\/11\/Mecanique-des-tissus-vivants.jpeg","width":300,"height":450,"caption":"Livre scientifique - M\u00e9canique des tissus vivants"},{"@type":"BreadcrumbList","@id":"https:\/\/www.istegroup.com\/en\/produit\/mecanique-des-tissus-vivants\/#breadcrumb","itemListElement":[{"@type":"ListItem","position":1,"name":"Home","item":"https:\/\/www.istegroup.com\/"},{"@type":"ListItem","position":2,"name":"Shop","item":"https:\/\/www.istegroup.com\/fr\/nouveautes\/"},{"@type":"ListItem","position":3,"name":"M\u00e9canique des tissus vivants"}]},{"@type":"WebSite","@id":"https:\/\/www.istegroup.com\/#website","url":"https:\/\/www.istegroup.com\/","name":"ISTE Group","description":"\u00c9diteur des Sciences","potentialAction":[{"@type":"SearchAction","target":{"@type":"EntryPoint","urlTemplate":"https:\/\/www.istegroup.com\/?s={search_term_string}"},"query-input":{"@type":"PropertyValueSpecification","valueRequired":true,"valueName":"search_term_string"}}],"inLanguage":"fr-FR"}]}},"_links":{"self":[{"href":"https:\/\/www.istegroup.com\/fr\/wp-json\/wp\/v2\/product\/23982","targetHints":{"allow":["GET"]}}],"collection":[{"href":"https:\/\/www.istegroup.com\/fr\/wp-json\/wp\/v2\/product"}],"about":[{"href":"https:\/\/www.istegroup.com\/fr\/wp-json\/wp\/v2\/types\/product"}],"wp:featuredmedia":[{"embeddable":true,"href":"https:\/\/www.istegroup.com\/fr\/wp-json\/wp\/v2\/media\/53086"}],"wp:attachment":[{"href":"https:\/\/www.istegroup.com\/fr\/wp-json\/wp\/v2\/media?parent=23982"}],"wp:term":[{"taxonomy":"product_brand","embeddable":true,"href":"https:\/\/www.istegroup.com\/fr\/wp-json\/wp\/v2\/product_brand?post=23982"},{"taxonomy":"product_cat","embeddable":true,"href":"https:\/\/www.istegroup.com\/fr\/wp-json\/wp\/v2\/product_cat?post=23982"},{"taxonomy":"product_tag","embeddable":true,"href":"https:\/\/www.istegroup.com\/fr\/wp-json\/wp\/v2\/product_tag?post=23982"}],"curies":[{"name":"wp","href":"https:\/\/api.w.org\/{rel}","templated":true}]}}