{"id":23967,"date":"2023-02-27T16:37:07","date_gmt":"2023-02-27T16:37:07","guid":{"rendered":"https:\/\/www.istegroup.com\/?post_type=product&#038;p=23967"},"modified":"2025-01-03T11:12:40","modified_gmt":"2025-01-03T11:12:40","slug":"cristallisation-de-sels-en-milieu-poreux","status":"publish","type":"product","link":"https:\/\/www.istegroup.com\/fr\/produit\/cristallisation-de-sels-en-milieu-poreux\/","title":{"rendered":"Cristallisation de sels en milieu poreux"},"content":{"rendered":"<p>La cristallisation d\u2019un ou plusieurs sels dans les milieux poreux (roches, sols, mat\u00e9riaux de construction, etc.) est un sujet d\u2019int\u00e9r\u00eat majeur en lien avec de nombreux enjeux tels que la salinisation des sols, l\u2019\u00e9vaporation, l\u2019injection de CO<sub>2<\/sub> dans des aquif\u00e8res salins, la durabilit\u00e9 des mat\u00e9riaux du b\u00e2timent ou encore la pr\u00e9servation de notre patrimoine culturel.<\/p>\n<p><em>Cristallisation de sels en milieu poreux<\/em> propose un \u00e9tat de l\u2019art interdisciplinaire des principales connaissances scientifiques n\u00e9cessaires pour appr\u00e9hender ce domaine de recherche et offre une illustration des enjeux associ\u00e9s \u00e0 travers une s\u00e9rie d\u2019exemples concrets.<\/p>\n<p>Cet ouvrage s\u2019adresse aux \u00e9tudiants de niveau master et au-del\u00e0 et aux chercheurs et ing\u00e9nieurs int\u00e9ress\u00e9s par ce domaine de recherche. Il peut \u00e9galement int\u00e9resser un public plus large, certaines parties pouvant se pr\u00eater \u00e0 l\u2019illustration de concepts de base allant au-del\u00e0 de la probl\u00e9matique du sel elle-m\u00eame.<\/p>","protected":false},"excerpt":{"rendered":"<p>La cristallisation d\u2019un ou plusieurs sels dans les milieux poreux (roches, sols, mat\u00e9riaux de construction, etc.) est un sujet d\u2019int\u00e9r\u00eat majeur en lien avec de nombreux enjeux tels que la salinisation des sols, l\u2019\u00e9vaporation, l\u2019injection de CO2 dans des aquif\u00e8res salins, la durabilit\u00e9 des mat\u00e9riaux du b\u00e2timent ou encore la pr\u00e9servation de notre patrimoine culturel. [&hellip;]<\/p>\n","protected":false},"featured_media":50170,"template":"","meta":{"_acf_changed":false,"_links_to":"","_links_to_target":""},"product_brand":[],"product_cat":[4289],"product_tag":[],"class_list":{"0":"post-23967","1":"product","2":"type-product","3":"status-publish","4":"has-post-thumbnail","6":"product_cat-sciences","8":"first","9":"instock","10":"shipping-taxable","11":"purchasable","12":"product-type-variable"},"acf":[],"yoast_head":"<!-- This site is optimized with the Yoast SEO plugin v27.2 - https:\/\/yoast.com\/product\/yoast-seo-wordpress\/ -->\n<title>Cristallisation de sels en milieu poreux - ISTE Group<\/title>\n<meta name=\"robots\" content=\"index, follow, max-snippet:-1, max-image-preview:large, max-video-preview:-1\" \/>\n<link rel=\"canonical\" href=\"https:\/\/www.istegroup.com\/fr\/produit\/cristallisation-de-sels-en-milieu-poreux\/\" \/>\n<meta property=\"og:locale\" content=\"fr_FR\" \/>\n<meta property=\"og:type\" content=\"article\" \/>\n<meta property=\"og:title\" content=\"Cristallisation de sels en milieu poreux - ISTE Group\" \/>\n<meta property=\"og:description\" content=\"La cristallisation d\u2019un ou plusieurs sels dans les milieux poreux (roches, sols, mat\u00e9riaux de construction, etc.) est un sujet d\u2019int\u00e9r\u00eat majeur en lien avec de nombreux enjeux tels que la salinisation des sols, l\u2019\u00e9vaporation, l\u2019injection de CO2 dans des aquif\u00e8res salins, la durabilit\u00e9 des mat\u00e9riaux du b\u00e2timent ou encore la pr\u00e9servation de notre patrimoine culturel. [&hellip;]\" \/>\n<meta property=\"og:url\" content=\"https:\/\/www.istegroup.com\/fr\/produit\/cristallisation-de-sels-en-milieu-poreux\/\" \/>\n<meta property=\"og:site_name\" content=\"ISTE Group\" \/>\n<meta property=\"article:modified_time\" content=\"2025-01-03T11:12:40+00:00\" \/>\n<meta property=\"og:image\" content=\"https:\/\/www.istegroup.com\/wp-content\/uploads\/2019\/11\/Cristallisation-de-sels-en-milieu-poreux.jpeg\" \/>\n\t<meta property=\"og:image:width\" content=\"300\" \/>\n\t<meta property=\"og:image:height\" content=\"450\" \/>\n\t<meta property=\"og:image:type\" content=\"image\/jpeg\" \/>\n<meta name=\"twitter:card\" content=\"summary_large_image\" \/>\n<meta name=\"twitter:label1\" content=\"Est. reading time\" \/>\n\t<meta name=\"twitter:data1\" content=\"1 minute\" \/>\n<script type=\"application\/ld+json\" class=\"yoast-schema-graph\">{\"@context\":\"https:\/\/schema.org\",\"@graph\":[{\"@type\":\"WebPage\",\"@id\":\"https:\/\/www.istegroup.com\/fr\/produit\/cristallisation-de-sels-en-milieu-poreux\/\",\"url\":\"https:\/\/www.istegroup.com\/fr\/produit\/cristallisation-de-sels-en-milieu-poreux\/\",\"name\":\"Cristallisation de sels en milieu poreux - ISTE Group\",\"isPartOf\":{\"@id\":\"https:\/\/www.istegroup.com\/#website\"},\"primaryImageOfPage\":{\"@id\":\"https:\/\/www.istegroup.com\/fr\/produit\/cristallisation-de-sels-en-milieu-poreux\/#primaryimage\"},\"image\":{\"@id\":\"https:\/\/www.istegroup.com\/fr\/produit\/cristallisation-de-sels-en-milieu-poreux\/#primaryimage\"},\"thumbnailUrl\":\"https:\/\/www.istegroup.com\/wp-content\/uploads\/2019\/11\/Cristallisation-de-sels-en-milieu-poreux.jpeg\",\"datePublished\":\"2023-02-27T16:37:07+00:00\",\"dateModified\":\"2025-01-03T11:12:40+00:00\",\"breadcrumb\":{\"@id\":\"https:\/\/www.istegroup.com\/fr\/produit\/cristallisation-de-sels-en-milieu-poreux\/#breadcrumb\"},\"inLanguage\":\"fr-FR\",\"potentialAction\":[{\"@type\":\"ReadAction\",\"target\":[\"https:\/\/www.istegroup.com\/fr\/produit\/cristallisation-de-sels-en-milieu-poreux\/\"]}]},{\"@type\":\"ImageObject\",\"inLanguage\":\"fr-FR\",\"@id\":\"https:\/\/www.istegroup.com\/fr\/produit\/cristallisation-de-sels-en-milieu-poreux\/#primaryimage\",\"url\":\"https:\/\/www.istegroup.com\/wp-content\/uploads\/2019\/11\/Cristallisation-de-sels-en-milieu-poreux.jpeg\",\"contentUrl\":\"https:\/\/www.istegroup.com\/wp-content\/uploads\/2019\/11\/Cristallisation-de-sels-en-milieu-poreux.jpeg\",\"width\":300,\"height\":450,\"caption\":\"Livre scientifique - Cristallisation de sels en milieu poreux - Encyclop\u00e9die SCIENCES\"},{\"@type\":\"BreadcrumbList\",\"@id\":\"https:\/\/www.istegroup.com\/fr\/produit\/cristallisation-de-sels-en-milieu-poreux\/#breadcrumb\",\"itemListElement\":[{\"@type\":\"ListItem\",\"position\":1,\"name\":\"Home\",\"item\":\"https:\/\/www.istegroup.com\/\"},{\"@type\":\"ListItem\",\"position\":2,\"name\":\"Shop\",\"item\":\"https:\/\/www.istegroup.com\/fr\/nouveautes\/\"},{\"@type\":\"ListItem\",\"position\":3,\"name\":\"Cristallisation de sels en milieu poreux\"}]},{\"@type\":\"WebSite\",\"@id\":\"https:\/\/www.istegroup.com\/#website\",\"url\":\"https:\/\/www.istegroup.com\/\",\"name\":\"ISTE Group\",\"description\":\"\u00c9diteur des Sciences\",\"potentialAction\":[{\"@type\":\"SearchAction\",\"target\":{\"@type\":\"EntryPoint\",\"urlTemplate\":\"https:\/\/www.istegroup.com\/?s={search_term_string}\"},\"query-input\":{\"@type\":\"PropertyValueSpecification\",\"valueRequired\":true,\"valueName\":\"search_term_string\"}}],\"inLanguage\":\"fr-FR\"}]}<\/script>\n<!-- \/ Yoast SEO plugin. -->","yoast_head_json":{"title":"Cristallisation de sels en milieu poreux - ISTE Group","robots":{"index":"index","follow":"follow","max-snippet":"max-snippet:-1","max-image-preview":"max-image-preview:large","max-video-preview":"max-video-preview:-1"},"canonical":"https:\/\/www.istegroup.com\/fr\/produit\/cristallisation-de-sels-en-milieu-poreux\/","og_locale":"fr_FR","og_type":"article","og_title":"Cristallisation de sels en milieu poreux - ISTE Group","og_description":"La cristallisation d\u2019un ou plusieurs sels dans les milieux poreux (roches, sols, mat\u00e9riaux de construction, etc.) est un sujet d\u2019int\u00e9r\u00eat majeur en lien avec de nombreux enjeux tels que la salinisation des sols, l\u2019\u00e9vaporation, l\u2019injection de CO2 dans des aquif\u00e8res salins, la durabilit\u00e9 des mat\u00e9riaux du b\u00e2timent ou encore la pr\u00e9servation de notre patrimoine culturel. [&hellip;]","og_url":"https:\/\/www.istegroup.com\/fr\/produit\/cristallisation-de-sels-en-milieu-poreux\/","og_site_name":"ISTE Group","article_modified_time":"2025-01-03T11:12:40+00:00","og_image":[{"width":300,"height":450,"url":"https:\/\/www.istegroup.com\/wp-content\/uploads\/2019\/11\/Cristallisation-de-sels-en-milieu-poreux.jpeg","type":"image\/jpeg"}],"twitter_card":"summary_large_image","twitter_misc":{"Est. reading time":"1 minute"},"schema":{"@context":"https:\/\/schema.org","@graph":[{"@type":"WebPage","@id":"https:\/\/www.istegroup.com\/fr\/produit\/cristallisation-de-sels-en-milieu-poreux\/","url":"https:\/\/www.istegroup.com\/fr\/produit\/cristallisation-de-sels-en-milieu-poreux\/","name":"Cristallisation de sels en milieu poreux - ISTE Group","isPartOf":{"@id":"https:\/\/www.istegroup.com\/#website"},"primaryImageOfPage":{"@id":"https:\/\/www.istegroup.com\/fr\/produit\/cristallisation-de-sels-en-milieu-poreux\/#primaryimage"},"image":{"@id":"https:\/\/www.istegroup.com\/fr\/produit\/cristallisation-de-sels-en-milieu-poreux\/#primaryimage"},"thumbnailUrl":"https:\/\/www.istegroup.com\/wp-content\/uploads\/2019\/11\/Cristallisation-de-sels-en-milieu-poreux.jpeg","datePublished":"2023-02-27T16:37:07+00:00","dateModified":"2025-01-03T11:12:40+00:00","breadcrumb":{"@id":"https:\/\/www.istegroup.com\/fr\/produit\/cristallisation-de-sels-en-milieu-poreux\/#breadcrumb"},"inLanguage":"fr-FR","potentialAction":[{"@type":"ReadAction","target":["https:\/\/www.istegroup.com\/fr\/produit\/cristallisation-de-sels-en-milieu-poreux\/"]}]},{"@type":"ImageObject","inLanguage":"fr-FR","@id":"https:\/\/www.istegroup.com\/fr\/produit\/cristallisation-de-sels-en-milieu-poreux\/#primaryimage","url":"https:\/\/www.istegroup.com\/wp-content\/uploads\/2019\/11\/Cristallisation-de-sels-en-milieu-poreux.jpeg","contentUrl":"https:\/\/www.istegroup.com\/wp-content\/uploads\/2019\/11\/Cristallisation-de-sels-en-milieu-poreux.jpeg","width":300,"height":450,"caption":"Livre scientifique - Cristallisation de sels en milieu poreux - Encyclop\u00e9die SCIENCES"},{"@type":"BreadcrumbList","@id":"https:\/\/www.istegroup.com\/fr\/produit\/cristallisation-de-sels-en-milieu-poreux\/#breadcrumb","itemListElement":[{"@type":"ListItem","position":1,"name":"Home","item":"https:\/\/www.istegroup.com\/"},{"@type":"ListItem","position":2,"name":"Shop","item":"https:\/\/www.istegroup.com\/fr\/nouveautes\/"},{"@type":"ListItem","position":3,"name":"Cristallisation de sels en milieu poreux"}]},{"@type":"WebSite","@id":"https:\/\/www.istegroup.com\/#website","url":"https:\/\/www.istegroup.com\/","name":"ISTE Group","description":"\u00c9diteur des Sciences","potentialAction":[{"@type":"SearchAction","target":{"@type":"EntryPoint","urlTemplate":"https:\/\/www.istegroup.com\/?s={search_term_string}"},"query-input":{"@type":"PropertyValueSpecification","valueRequired":true,"valueName":"search_term_string"}}],"inLanguage":"fr-FR"}]}},"_links":{"self":[{"href":"https:\/\/www.istegroup.com\/fr\/wp-json\/wp\/v2\/product\/23967","targetHints":{"allow":["GET"]}}],"collection":[{"href":"https:\/\/www.istegroup.com\/fr\/wp-json\/wp\/v2\/product"}],"about":[{"href":"https:\/\/www.istegroup.com\/fr\/wp-json\/wp\/v2\/types\/product"}],"wp:featuredmedia":[{"embeddable":true,"href":"https:\/\/www.istegroup.com\/fr\/wp-json\/wp\/v2\/media\/50170"}],"wp:attachment":[{"href":"https:\/\/www.istegroup.com\/fr\/wp-json\/wp\/v2\/media?parent=23967"}],"wp:term":[{"taxonomy":"product_brand","embeddable":true,"href":"https:\/\/www.istegroup.com\/fr\/wp-json\/wp\/v2\/product_brand?post=23967"},{"taxonomy":"product_cat","embeddable":true,"href":"https:\/\/www.istegroup.com\/fr\/wp-json\/wp\/v2\/product_cat?post=23967"},{"taxonomy":"product_tag","embeddable":true,"href":"https:\/\/www.istegroup.com\/fr\/wp-json\/wp\/v2\/product_tag?post=23967"}],"curies":[{"name":"wp","href":"https:\/\/api.w.org\/{rel}","templated":true}]}}