{"id":23965,"date":"2024-02-13T16:36:00","date_gmt":"2024-02-13T16:36:00","guid":{"rendered":"https:\/\/www.istegroup.com\/?post_type=product&#038;p=23965"},"modified":"2025-04-16T11:44:57","modified_gmt":"2025-04-16T10:44:57","slug":"les-geosynthetiques-dhier-a-aujourdhui","status":"publish","type":"product","link":"https:\/\/www.istegroup.com\/fr\/produit\/les-geosynthetiques-dhier-a-aujourdhui\/","title":{"rendered":"Les g\u00e9osynth\u00e9tiques d\u2019hier \u00e0 aujourd\u2019hui"},"content":{"rendered":"<p>L\u2019histoire des g\u00e9osynth\u00e9tiques a d\u00e9but\u00e9 il y a plus de cinquante ans. Elle s\u2019\u00e9crit toujours gr\u00e2ce \u00e0 des ing\u00e9nieurs, des chercheurs et des passionn\u00e9s qui voient dans ces produits une r\u00e9ponse concr\u00e8te aux d\u00e9fis environnementaux de notre soci\u00e9t\u00e9.<\/p>\n<p><em>Les g\u00e9osynth\u00e9tiques d\u2019hier \u00e0 aujourd\u2019hui<\/em> pr\u00e9sente les notions et concepts de base n\u00e9cessaires \u00e0 l\u2019emploi, la mise en oeuvre, le dimensionnement et la durabilit\u00e9 de ces produits qui n\u2019ont eu de cesse de s\u2019am\u00e9liorer au cours du temps pour r\u00e9pondre \u00e0 des d\u00e9fis techniques et environnementaux toujours en \u00e9volution.<\/p>\n<p>Cet ouvrage permet, gr\u00e2ce \u00e0 des retours d\u2019exp\u00e9rience acquis sur plusieurs d\u00e9cennies, d\u2019\u00e9tablir le bienfond\u00e9 de ces techniques et d\u2019en comprendre leur concept et leur \u00e9volution. Il s\u2019adresse aussi bien aux n\u00e9ophytes qu\u2019aux ing\u00e9nieurs confirm\u00e9s curieux d\u2019en savoir plus sur un sujet aussi passionnant.<\/p>","protected":false},"excerpt":{"rendered":"<p>L\u2019histoire des g\u00e9osynth\u00e9tiques a d\u00e9but\u00e9 il y a plus de cinquante ans. Elle s\u2019\u00e9crit toujours gr\u00e2ce \u00e0 des ing\u00e9nieurs, des chercheurs et des passionn\u00e9s qui voient dans ces produits une r\u00e9ponse concr\u00e8te aux d\u00e9fis environnementaux de notre soci\u00e9t\u00e9. Les g\u00e9osynth\u00e9tiques d\u2019hier \u00e0 aujourd\u2019hui pr\u00e9sente les notions et concepts de base n\u00e9cessaires \u00e0 l\u2019emploi, la mise [&hellip;]<\/p>\n","protected":false},"featured_media":55686,"template":"","meta":{"_acf_changed":false,"_links_to":"","_links_to_target":""},"product_brand":[],"product_cat":[4289],"product_tag":[],"class_list":{"0":"post-23965","1":"product","2":"type-product","3":"status-publish","4":"has-post-thumbnail","6":"product_cat-sciences","8":"first","9":"instock","10":"shipping-taxable","11":"purchasable","12":"product-type-variable"},"acf":[],"yoast_head":"<!-- This site is optimized with the Yoast SEO plugin v27.2 - https:\/\/yoast.com\/product\/yoast-seo-wordpress\/ -->\n<title>Les g\u00e9osynth\u00e9tiques d\u2019hier \u00e0 aujourd\u2019hui - ISTE Group<\/title>\n<meta name=\"description\" content=\"Les g\u00e9osynth\u00e9tiques d\u2019hier \u00e0 aujourd\u2019hui pr\u00e9sente les notions et concepts de base n\u00e9cessaires \u00e0 l\u2019emploi, la mise en oeuvre, le dimensionnement et la durabilit\u00e9 de ces produits qui n\u2019ont eu de cesse de s\u2019am\u00e9liorer au cours du temps pour r\u00e9pondre \u00e0 des d\u00e9fis techniques et environnementaux toujours en \u00e9volution.\" \/>\n<meta name=\"robots\" content=\"index, follow, max-snippet:-1, max-image-preview:large, max-video-preview:-1\" \/>\n<link rel=\"canonical\" href=\"https:\/\/www.istegroup.com\/produit\/les-geosynthetiques-dhier-a-aujourdhui\/\" \/>\n<meta property=\"og:locale\" content=\"fr_FR\" \/>\n<meta property=\"og:type\" content=\"article\" \/>\n<meta property=\"og:title\" content=\"Les g\u00e9osynth\u00e9tiques d\u2019hier \u00e0 aujourd\u2019hui - ISTE Group\" \/>\n<meta property=\"og:description\" content=\"Les g\u00e9osynth\u00e9tiques d\u2019hier \u00e0 aujourd\u2019hui pr\u00e9sente les notions et concepts de base n\u00e9cessaires \u00e0 l\u2019emploi, la mise en oeuvre, le dimensionnement et la durabilit\u00e9 de ces produits qui n\u2019ont eu de cesse de s\u2019am\u00e9liorer au cours du temps pour r\u00e9pondre \u00e0 des d\u00e9fis techniques et environnementaux toujours en \u00e9volution.\" \/>\n<meta property=\"og:url\" content=\"https:\/\/www.istegroup.com\/produit\/les-geosynthetiques-dhier-a-aujourdhui\/\" \/>\n<meta property=\"og:site_name\" content=\"ISTE Group\" \/>\n<meta property=\"article:modified_time\" content=\"2025-04-16T10:44:57+00:00\" \/>\n<meta property=\"og:image\" content=\"https:\/\/www.istegroup.com\/wp-content\/uploads\/2019\/11\/Les-geosynthetiques-dhier-a-aujourdhui.jpeg\" \/>\n\t<meta property=\"og:image:width\" content=\"300\" \/>\n\t<meta property=\"og:image:height\" content=\"450\" \/>\n\t<meta property=\"og:image:type\" content=\"image\/jpeg\" \/>\n<meta name=\"twitter:card\" content=\"summary_large_image\" \/>\n<meta name=\"twitter:label1\" content=\"Est. reading time\" \/>\n\t<meta name=\"twitter:data1\" content=\"1 minute\" \/>\n<script type=\"application\/ld+json\" class=\"yoast-schema-graph\">{\"@context\":\"https:\/\/schema.org\",\"@graph\":[{\"@type\":\"WebPage\",\"@id\":\"https:\/\/www.istegroup.com\/produit\/les-geosynthetiques-dhier-a-aujourdhui\/\",\"url\":\"https:\/\/www.istegroup.com\/produit\/les-geosynthetiques-dhier-a-aujourdhui\/\",\"name\":\"Les g\u00e9osynth\u00e9tiques d\u2019hier \u00e0 aujourd\u2019hui - ISTE Group\",\"isPartOf\":{\"@id\":\"https:\/\/www.istegroup.com\/#website\"},\"primaryImageOfPage\":{\"@id\":\"https:\/\/www.istegroup.com\/produit\/les-geosynthetiques-dhier-a-aujourdhui\/#primaryimage\"},\"image\":{\"@id\":\"https:\/\/www.istegroup.com\/produit\/les-geosynthetiques-dhier-a-aujourdhui\/#primaryimage\"},\"thumbnailUrl\":\"https:\/\/www.istegroup.com\/wp-content\/uploads\/2019\/11\/Les-geosynthetiques-dhier-a-aujourdhui.jpeg\",\"datePublished\":\"2024-02-13T16:36:00+00:00\",\"dateModified\":\"2025-04-16T10:44:57+00:00\",\"description\":\"Les g\u00e9osynth\u00e9tiques d\u2019hier \u00e0 aujourd\u2019hui pr\u00e9sente les notions et concepts de base n\u00e9cessaires \u00e0 l\u2019emploi, la mise en oeuvre, le dimensionnement et la durabilit\u00e9 de ces produits qui n\u2019ont eu de cesse de s\u2019am\u00e9liorer au cours du temps pour r\u00e9pondre \u00e0 des d\u00e9fis techniques et environnementaux toujours en \u00e9volution.\",\"breadcrumb\":{\"@id\":\"https:\/\/www.istegroup.com\/produit\/les-geosynthetiques-dhier-a-aujourdhui\/#breadcrumb\"},\"inLanguage\":\"fr-FR\",\"potentialAction\":[{\"@type\":\"ReadAction\",\"target\":[\"https:\/\/www.istegroup.com\/produit\/les-geosynthetiques-dhier-a-aujourdhui\/\"]}]},{\"@type\":\"ImageObject\",\"inLanguage\":\"fr-FR\",\"@id\":\"https:\/\/www.istegroup.com\/produit\/les-geosynthetiques-dhier-a-aujourdhui\/#primaryimage\",\"url\":\"https:\/\/www.istegroup.com\/wp-content\/uploads\/2019\/11\/Les-geosynthetiques-dhier-a-aujourdhui.jpeg\",\"contentUrl\":\"https:\/\/www.istegroup.com\/wp-content\/uploads\/2019\/11\/Les-geosynthetiques-dhier-a-aujourdhui.jpeg\",\"width\":300,\"height\":450,\"caption\":\"Livre scientifique - Les g\u00e9osynth\u00e9tiques d\u2019hier \u00e0 aujourd\u2019hui\"},{\"@type\":\"BreadcrumbList\",\"@id\":\"https:\/\/www.istegroup.com\/produit\/les-geosynthetiques-dhier-a-aujourdhui\/#breadcrumb\",\"itemListElement\":[{\"@type\":\"ListItem\",\"position\":1,\"name\":\"Home\",\"item\":\"https:\/\/www.istegroup.com\/\"},{\"@type\":\"ListItem\",\"position\":2,\"name\":\"Shop\",\"item\":\"https:\/\/www.istegroup.com\/fr\/nouveautes\/\"},{\"@type\":\"ListItem\",\"position\":3,\"name\":\"Les g\u00e9osynth\u00e9tiques d\u2019hier \u00e0 aujourd\u2019hui\"}]},{\"@type\":\"WebSite\",\"@id\":\"https:\/\/www.istegroup.com\/#website\",\"url\":\"https:\/\/www.istegroup.com\/\",\"name\":\"ISTE Group\",\"description\":\"\u00c9diteur des Sciences\",\"potentialAction\":[{\"@type\":\"SearchAction\",\"target\":{\"@type\":\"EntryPoint\",\"urlTemplate\":\"https:\/\/www.istegroup.com\/?s={search_term_string}\"},\"query-input\":{\"@type\":\"PropertyValueSpecification\",\"valueRequired\":true,\"valueName\":\"search_term_string\"}}],\"inLanguage\":\"fr-FR\"}]}<\/script>\n<!-- \/ Yoast SEO plugin. -->","yoast_head_json":{"title":"Les g\u00e9osynth\u00e9tiques d\u2019hier \u00e0 aujourd\u2019hui - ISTE Group","description":"Les g\u00e9osynth\u00e9tiques d\u2019hier \u00e0 aujourd\u2019hui pr\u00e9sente les notions et concepts de base n\u00e9cessaires \u00e0 l\u2019emploi, la mise en oeuvre, le dimensionnement et la durabilit\u00e9 de ces produits qui n\u2019ont eu de cesse de s\u2019am\u00e9liorer au cours du temps pour r\u00e9pondre \u00e0 des d\u00e9fis techniques et environnementaux toujours en \u00e9volution.","robots":{"index":"index","follow":"follow","max-snippet":"max-snippet:-1","max-image-preview":"max-image-preview:large","max-video-preview":"max-video-preview:-1"},"canonical":"https:\/\/www.istegroup.com\/produit\/les-geosynthetiques-dhier-a-aujourdhui\/","og_locale":"fr_FR","og_type":"article","og_title":"Les g\u00e9osynth\u00e9tiques d\u2019hier \u00e0 aujourd\u2019hui - ISTE Group","og_description":"Les g\u00e9osynth\u00e9tiques d\u2019hier \u00e0 aujourd\u2019hui pr\u00e9sente les notions et concepts de base n\u00e9cessaires \u00e0 l\u2019emploi, la mise en oeuvre, le dimensionnement et la durabilit\u00e9 de ces produits qui n\u2019ont eu de cesse de s\u2019am\u00e9liorer au cours du temps pour r\u00e9pondre \u00e0 des d\u00e9fis techniques et environnementaux toujours en \u00e9volution.","og_url":"https:\/\/www.istegroup.com\/produit\/les-geosynthetiques-dhier-a-aujourdhui\/","og_site_name":"ISTE Group","article_modified_time":"2025-04-16T10:44:57+00:00","og_image":[{"width":300,"height":450,"url":"https:\/\/www.istegroup.com\/wp-content\/uploads\/2019\/11\/Les-geosynthetiques-dhier-a-aujourdhui.jpeg","type":"image\/jpeg"}],"twitter_card":"summary_large_image","twitter_misc":{"Est. reading time":"1 minute"},"schema":{"@context":"https:\/\/schema.org","@graph":[{"@type":"WebPage","@id":"https:\/\/www.istegroup.com\/produit\/les-geosynthetiques-dhier-a-aujourdhui\/","url":"https:\/\/www.istegroup.com\/produit\/les-geosynthetiques-dhier-a-aujourdhui\/","name":"Les g\u00e9osynth\u00e9tiques d\u2019hier \u00e0 aujourd\u2019hui - ISTE Group","isPartOf":{"@id":"https:\/\/www.istegroup.com\/#website"},"primaryImageOfPage":{"@id":"https:\/\/www.istegroup.com\/produit\/les-geosynthetiques-dhier-a-aujourdhui\/#primaryimage"},"image":{"@id":"https:\/\/www.istegroup.com\/produit\/les-geosynthetiques-dhier-a-aujourdhui\/#primaryimage"},"thumbnailUrl":"https:\/\/www.istegroup.com\/wp-content\/uploads\/2019\/11\/Les-geosynthetiques-dhier-a-aujourdhui.jpeg","datePublished":"2024-02-13T16:36:00+00:00","dateModified":"2025-04-16T10:44:57+00:00","description":"Les g\u00e9osynth\u00e9tiques d\u2019hier \u00e0 aujourd\u2019hui pr\u00e9sente les notions et concepts de base n\u00e9cessaires \u00e0 l\u2019emploi, la mise en oeuvre, le dimensionnement et la durabilit\u00e9 de ces produits qui n\u2019ont eu de cesse de s\u2019am\u00e9liorer au cours du temps pour r\u00e9pondre \u00e0 des d\u00e9fis techniques et environnementaux toujours en \u00e9volution.","breadcrumb":{"@id":"https:\/\/www.istegroup.com\/produit\/les-geosynthetiques-dhier-a-aujourdhui\/#breadcrumb"},"inLanguage":"fr-FR","potentialAction":[{"@type":"ReadAction","target":["https:\/\/www.istegroup.com\/produit\/les-geosynthetiques-dhier-a-aujourdhui\/"]}]},{"@type":"ImageObject","inLanguage":"fr-FR","@id":"https:\/\/www.istegroup.com\/produit\/les-geosynthetiques-dhier-a-aujourdhui\/#primaryimage","url":"https:\/\/www.istegroup.com\/wp-content\/uploads\/2019\/11\/Les-geosynthetiques-dhier-a-aujourdhui.jpeg","contentUrl":"https:\/\/www.istegroup.com\/wp-content\/uploads\/2019\/11\/Les-geosynthetiques-dhier-a-aujourdhui.jpeg","width":300,"height":450,"caption":"Livre scientifique - Les g\u00e9osynth\u00e9tiques d\u2019hier \u00e0 aujourd\u2019hui"},{"@type":"BreadcrumbList","@id":"https:\/\/www.istegroup.com\/produit\/les-geosynthetiques-dhier-a-aujourdhui\/#breadcrumb","itemListElement":[{"@type":"ListItem","position":1,"name":"Home","item":"https:\/\/www.istegroup.com\/"},{"@type":"ListItem","position":2,"name":"Shop","item":"https:\/\/www.istegroup.com\/fr\/nouveautes\/"},{"@type":"ListItem","position":3,"name":"Les g\u00e9osynth\u00e9tiques d\u2019hier \u00e0 aujourd\u2019hui"}]},{"@type":"WebSite","@id":"https:\/\/www.istegroup.com\/#website","url":"https:\/\/www.istegroup.com\/","name":"ISTE Group","description":"\u00c9diteur des Sciences","potentialAction":[{"@type":"SearchAction","target":{"@type":"EntryPoint","urlTemplate":"https:\/\/www.istegroup.com\/?s={search_term_string}"},"query-input":{"@type":"PropertyValueSpecification","valueRequired":true,"valueName":"search_term_string"}}],"inLanguage":"fr-FR"}]}},"_links":{"self":[{"href":"https:\/\/www.istegroup.com\/fr\/wp-json\/wp\/v2\/product\/23965","targetHints":{"allow":["GET"]}}],"collection":[{"href":"https:\/\/www.istegroup.com\/fr\/wp-json\/wp\/v2\/product"}],"about":[{"href":"https:\/\/www.istegroup.com\/fr\/wp-json\/wp\/v2\/types\/product"}],"wp:featuredmedia":[{"embeddable":true,"href":"https:\/\/www.istegroup.com\/fr\/wp-json\/wp\/v2\/media\/55686"}],"wp:attachment":[{"href":"https:\/\/www.istegroup.com\/fr\/wp-json\/wp\/v2\/media?parent=23965"}],"wp:term":[{"taxonomy":"product_brand","embeddable":true,"href":"https:\/\/www.istegroup.com\/fr\/wp-json\/wp\/v2\/product_brand?post=23965"},{"taxonomy":"product_cat","embeddable":true,"href":"https:\/\/www.istegroup.com\/fr\/wp-json\/wp\/v2\/product_cat?post=23965"},{"taxonomy":"product_tag","embeddable":true,"href":"https:\/\/www.istegroup.com\/fr\/wp-json\/wp\/v2\/product_tag?post=23965"}],"curies":[{"name":"wp","href":"https:\/\/api.w.org\/{rel}","templated":true}]}}