{"id":23952,"date":"2025-05-28T15:54:28","date_gmt":"2025-05-28T14:54:28","guid":{"rendered":"https:\/\/www.istegroup.com\/?post_type=product&#038;p=23952"},"modified":"2025-06-20T15:47:50","modified_gmt":"2025-06-20T14:47:50","slug":"impression-3d-beton","status":"publish","type":"product","link":"https:\/\/www.istegroup.com\/fr\/produit\/impression-3d-beton\/","title":{"rendered":"Impression 3D b\u00e9ton"},"content":{"rendered":"<p><em>Impression 3D b\u00e9ton<\/em> offre un aper\u00e7u complet de l\u2019\u00e9tat de l\u2019art de la fabrication additive dans le domaine de la construction en b\u00e9ton.<\/p>\n<p>Il traite des probl\u00e9matiques li\u00e9es aux mat\u00e9riaux en b\u00e9ton comme leur formulation ou leur comportement \u00e0 l\u2019\u00e9tat frais, des divers proc\u00e9d\u00e9s d\u2019impression d\u00e9velopp\u00e9s et des moyens de d\u00e9crire le comportement m\u00e9canique des structures imprim\u00e9es, ainsi que leurs conceptions architecturales et structurelles et leurs dimensions.<\/p>\n<p>L\u2019ouvrage examine \u00e9galement la transition vers l\u2019application et l\u2019industrialisation, tout en mettant en lumi\u00e8re la pertinence de ces nouvelles technologies pour la r\u00e9duction de l\u2019impact environnemental du secteur de la construction.<\/p>\n<p>Il pr\u00e9sente enfin des m\u00e9thodologies de caract\u00e9risation des mat\u00e9riaux pour analyser leur comportement avant et apr\u00e8s impression, accompagn\u00e9es d\u2019une liste d\u2019outils de mod\u00e9lisation utilis\u00e9s pour simuler le proc\u00e9d\u00e9.<\/p>\n","protected":false},"excerpt":{"rendered":"<p>Impression 3D b\u00e9ton offre un aper\u00e7u complet de l\u2019\u00e9tat de l\u2019art de la fabrication additive dans le domaine de la construction en b\u00e9ton. Il traite des probl\u00e9matiques li\u00e9es aux mat\u00e9riaux en b\u00e9ton comme leur formulation ou leur comportement \u00e0 l\u2019\u00e9tat frais, des divers proc\u00e9d\u00e9s d\u2019impression d\u00e9velopp\u00e9s et des moyens de d\u00e9crire le comportement m\u00e9canique des [&hellip;]<\/p>\n","protected":false},"featured_media":60398,"template":"","meta":{"_acf_changed":false,"_links_to":"","_links_to_target":""},"product_brand":[],"product_cat":[4289],"product_tag":[],"class_list":{"0":"post-23952","1":"product","2":"type-product","3":"status-publish","4":"has-post-thumbnail","6":"product_cat-sciences","8":"first","9":"instock","10":"shipping-taxable","11":"purchasable","12":"product-type-variable"},"acf":[],"yoast_head":"<!-- This site is optimized with the Yoast SEO plugin v27.2 - https:\/\/yoast.com\/product\/yoast-seo-wordpress\/ -->\n<title>Impression 3D b\u00e9ton - ISTE Group<\/title>\n<meta name=\"description\" content=\"Impression 3D b\u00e9ton offre un aper\u00e7u complet de l\u2019\u00e9tat de l\u2019art de la fabrication additive dans le domaine de la construction en b\u00e9ton.\" \/>\n<meta name=\"robots\" content=\"index, follow, max-snippet:-1, max-image-preview:large, max-video-preview:-1\" \/>\n<link rel=\"canonical\" href=\"https:\/\/www.istegroup.com\/produit\/impression-3d-beton\/\" \/>\n<meta property=\"og:locale\" content=\"fr_FR\" \/>\n<meta property=\"og:type\" content=\"article\" \/>\n<meta property=\"og:title\" content=\"Impression 3D b\u00e9ton - ISTE Group\" \/>\n<meta property=\"og:description\" content=\"Impression 3D b\u00e9ton offre un aper\u00e7u complet de l\u2019\u00e9tat de l\u2019art de la fabrication additive dans le domaine de la construction en b\u00e9ton.\" \/>\n<meta property=\"og:url\" content=\"https:\/\/www.istegroup.com\/produit\/impression-3d-beton\/\" \/>\n<meta property=\"og:site_name\" content=\"ISTE Group\" \/>\n<meta property=\"article:modified_time\" content=\"2025-06-20T14:47:50+00:00\" \/>\n<meta property=\"og:image\" content=\"https:\/\/www.istegroup.com\/wp-content\/uploads\/2019\/11\/Impression-3D-beton.jpg\" \/>\n\t<meta property=\"og:image:width\" content=\"300\" \/>\n\t<meta property=\"og:image:height\" content=\"450\" \/>\n\t<meta property=\"og:image:type\" content=\"image\/jpeg\" \/>\n<meta name=\"twitter:card\" content=\"summary_large_image\" \/>\n<meta name=\"twitter:label1\" content=\"Est. reading time\" \/>\n\t<meta name=\"twitter:data1\" content=\"1 minute\" \/>\n<script type=\"application\/ld+json\" class=\"yoast-schema-graph\">{\"@context\":\"https:\/\/schema.org\",\"@graph\":[{\"@type\":\"WebPage\",\"@id\":\"https:\/\/www.istegroup.com\/produit\/impression-3d-beton\/\",\"url\":\"https:\/\/www.istegroup.com\/produit\/impression-3d-beton\/\",\"name\":\"Impression 3D b\u00e9ton - ISTE Group\",\"isPartOf\":{\"@id\":\"https:\/\/www.istegroup.com\/#website\"},\"primaryImageOfPage\":{\"@id\":\"https:\/\/www.istegroup.com\/produit\/impression-3d-beton\/#primaryimage\"},\"image\":{\"@id\":\"https:\/\/www.istegroup.com\/produit\/impression-3d-beton\/#primaryimage\"},\"thumbnailUrl\":\"https:\/\/www.istegroup.com\/wp-content\/uploads\/2019\/11\/Impression-3D-beton.jpg\",\"datePublished\":\"2025-05-28T14:54:28+00:00\",\"dateModified\":\"2025-06-20T14:47:50+00:00\",\"description\":\"Impression 3D b\u00e9ton offre un aper\u00e7u complet de l\u2019\u00e9tat de l\u2019art de la fabrication additive dans le domaine de la construction en b\u00e9ton.\",\"breadcrumb\":{\"@id\":\"https:\/\/www.istegroup.com\/produit\/impression-3d-beton\/#breadcrumb\"},\"inLanguage\":\"fr-FR\",\"potentialAction\":[{\"@type\":\"ReadAction\",\"target\":[\"https:\/\/www.istegroup.com\/produit\/impression-3d-beton\/\"]}]},{\"@type\":\"ImageObject\",\"inLanguage\":\"fr-FR\",\"@id\":\"https:\/\/www.istegroup.com\/produit\/impression-3d-beton\/#primaryimage\",\"url\":\"https:\/\/www.istegroup.com\/wp-content\/uploads\/2019\/11\/Impression-3D-beton.jpg\",\"contentUrl\":\"https:\/\/www.istegroup.com\/wp-content\/uploads\/2019\/11\/Impression-3D-beton.jpg\",\"width\":300,\"height\":450},{\"@type\":\"BreadcrumbList\",\"@id\":\"https:\/\/www.istegroup.com\/produit\/impression-3d-beton\/#breadcrumb\",\"itemListElement\":[{\"@type\":\"ListItem\",\"position\":1,\"name\":\"Home\",\"item\":\"https:\/\/www.istegroup.com\/\"},{\"@type\":\"ListItem\",\"position\":2,\"name\":\"Shop\",\"item\":\"https:\/\/www.istegroup.com\/fr\/nouveautes\/\"},{\"@type\":\"ListItem\",\"position\":3,\"name\":\"Impression 3D b\u00e9ton\"}]},{\"@type\":\"WebSite\",\"@id\":\"https:\/\/www.istegroup.com\/#website\",\"url\":\"https:\/\/www.istegroup.com\/\",\"name\":\"ISTE Group\",\"description\":\"\u00c9diteur des Sciences\",\"potentialAction\":[{\"@type\":\"SearchAction\",\"target\":{\"@type\":\"EntryPoint\",\"urlTemplate\":\"https:\/\/www.istegroup.com\/?s={search_term_string}\"},\"query-input\":{\"@type\":\"PropertyValueSpecification\",\"valueRequired\":true,\"valueName\":\"search_term_string\"}}],\"inLanguage\":\"fr-FR\"}]}<\/script>\n<!-- \/ Yoast SEO plugin. -->","yoast_head_json":{"title":"Impression 3D b\u00e9ton - ISTE Group","description":"Impression 3D b\u00e9ton offre un aper\u00e7u complet de l\u2019\u00e9tat de l\u2019art de la fabrication additive dans le domaine de la construction en b\u00e9ton.","robots":{"index":"index","follow":"follow","max-snippet":"max-snippet:-1","max-image-preview":"max-image-preview:large","max-video-preview":"max-video-preview:-1"},"canonical":"https:\/\/www.istegroup.com\/produit\/impression-3d-beton\/","og_locale":"fr_FR","og_type":"article","og_title":"Impression 3D b\u00e9ton - ISTE Group","og_description":"Impression 3D b\u00e9ton offre un aper\u00e7u complet de l\u2019\u00e9tat de l\u2019art de la fabrication additive dans le domaine de la construction en b\u00e9ton.","og_url":"https:\/\/www.istegroup.com\/produit\/impression-3d-beton\/","og_site_name":"ISTE Group","article_modified_time":"2025-06-20T14:47:50+00:00","og_image":[{"width":300,"height":450,"url":"https:\/\/www.istegroup.com\/wp-content\/uploads\/2019\/11\/Impression-3D-beton.jpg","type":"image\/jpeg"}],"twitter_card":"summary_large_image","twitter_misc":{"Est. reading time":"1 minute"},"schema":{"@context":"https:\/\/schema.org","@graph":[{"@type":"WebPage","@id":"https:\/\/www.istegroup.com\/produit\/impression-3d-beton\/","url":"https:\/\/www.istegroup.com\/produit\/impression-3d-beton\/","name":"Impression 3D b\u00e9ton - ISTE Group","isPartOf":{"@id":"https:\/\/www.istegroup.com\/#website"},"primaryImageOfPage":{"@id":"https:\/\/www.istegroup.com\/produit\/impression-3d-beton\/#primaryimage"},"image":{"@id":"https:\/\/www.istegroup.com\/produit\/impression-3d-beton\/#primaryimage"},"thumbnailUrl":"https:\/\/www.istegroup.com\/wp-content\/uploads\/2019\/11\/Impression-3D-beton.jpg","datePublished":"2025-05-28T14:54:28+00:00","dateModified":"2025-06-20T14:47:50+00:00","description":"Impression 3D b\u00e9ton offre un aper\u00e7u complet de l\u2019\u00e9tat de l\u2019art de la fabrication additive dans le domaine de la construction en b\u00e9ton.","breadcrumb":{"@id":"https:\/\/www.istegroup.com\/produit\/impression-3d-beton\/#breadcrumb"},"inLanguage":"fr-FR","potentialAction":[{"@type":"ReadAction","target":["https:\/\/www.istegroup.com\/produit\/impression-3d-beton\/"]}]},{"@type":"ImageObject","inLanguage":"fr-FR","@id":"https:\/\/www.istegroup.com\/produit\/impression-3d-beton\/#primaryimage","url":"https:\/\/www.istegroup.com\/wp-content\/uploads\/2019\/11\/Impression-3D-beton.jpg","contentUrl":"https:\/\/www.istegroup.com\/wp-content\/uploads\/2019\/11\/Impression-3D-beton.jpg","width":300,"height":450},{"@type":"BreadcrumbList","@id":"https:\/\/www.istegroup.com\/produit\/impression-3d-beton\/#breadcrumb","itemListElement":[{"@type":"ListItem","position":1,"name":"Home","item":"https:\/\/www.istegroup.com\/"},{"@type":"ListItem","position":2,"name":"Shop","item":"https:\/\/www.istegroup.com\/fr\/nouveautes\/"},{"@type":"ListItem","position":3,"name":"Impression 3D b\u00e9ton"}]},{"@type":"WebSite","@id":"https:\/\/www.istegroup.com\/#website","url":"https:\/\/www.istegroup.com\/","name":"ISTE Group","description":"\u00c9diteur des Sciences","potentialAction":[{"@type":"SearchAction","target":{"@type":"EntryPoint","urlTemplate":"https:\/\/www.istegroup.com\/?s={search_term_string}"},"query-input":{"@type":"PropertyValueSpecification","valueRequired":true,"valueName":"search_term_string"}}],"inLanguage":"fr-FR"}]}},"_links":{"self":[{"href":"https:\/\/www.istegroup.com\/fr\/wp-json\/wp\/v2\/product\/23952","targetHints":{"allow":["GET"]}}],"collection":[{"href":"https:\/\/www.istegroup.com\/fr\/wp-json\/wp\/v2\/product"}],"about":[{"href":"https:\/\/www.istegroup.com\/fr\/wp-json\/wp\/v2\/types\/product"}],"wp:featuredmedia":[{"embeddable":true,"href":"https:\/\/www.istegroup.com\/fr\/wp-json\/wp\/v2\/media\/60398"}],"wp:attachment":[{"href":"https:\/\/www.istegroup.com\/fr\/wp-json\/wp\/v2\/media?parent=23952"}],"wp:term":[{"taxonomy":"product_brand","embeddable":true,"href":"https:\/\/www.istegroup.com\/fr\/wp-json\/wp\/v2\/product_brand?post=23952"},{"taxonomy":"product_cat","embeddable":true,"href":"https:\/\/www.istegroup.com\/fr\/wp-json\/wp\/v2\/product_cat?post=23952"},{"taxonomy":"product_tag","embeddable":true,"href":"https:\/\/www.istegroup.com\/fr\/wp-json\/wp\/v2\/product_tag?post=23952"}],"curies":[{"name":"wp","href":"https:\/\/api.w.org\/{rel}","templated":true}]}}