{"id":23944,"date":"2021-06-19T15:47:14","date_gmt":"2021-06-19T14:47:14","guid":{"rendered":"https:\/\/www.istegroup.com\/?post_type=product&#038;p=23944"},"modified":"2025-01-03T12:14:40","modified_gmt":"2025-01-03T12:14:40","slug":"theorie-des-files-dattente-1","status":"publish","type":"product","link":"https:\/\/www.istegroup.com\/fr\/produit\/theorie-des-files-dattente-1\/","title":{"rendered":"Th\u00e9orie des files d&rsquo;attente 1"},"content":{"rendered":"<p><em>Th\u00e9orie des files d\u2019attente 1<\/em> pr\u00e9sente la recherche de pointe actuelle et les pratiques \u00e9tablies dans le domaine des syst\u00e8mes et r\u00e9seaux de files d\u2019attente.<\/p>\n<p>Il expose l\u2019analyse des files d\u2019attente avec des temps d\u2019arriv\u00e9e et de service interd\u00e9pendants, les caract\u00e9ristiques des files d\u2019attente fluides, certaines modifications du syst\u00e8me de files d\u2019attente avec rappels ainsi que les files d\u2019attente avec rappels de source finie avec des d\u00e9faillances al\u00e9atoires, des r\u00e9parations et des collisions de clients.<\/p>\n<p>Cet ouvrage pr\u00e9sente \u00e9galement l\u2019analyse du comportement transitoire des mod\u00e8les de file d\u2019attente \u00e0 serveur infini avec un processus d\u2019arriv\u00e9e mixte, l\u2019analyse de la stabilit\u00e9 forte des syst\u00e8mes et des r\u00e9seaux en file d\u2019attente, de m\u00eame que l\u2019application de m\u00e9thodes de simulation rapide pour r\u00e9soudre des probl\u00e8mes combinatoires de grande dimension.<\/p>\n","protected":false},"excerpt":{"rendered":"<p>Th\u00e9orie des files d\u2019attente 1 pr\u00e9sente la recherche de pointe actuelle et les pratiques \u00e9tablies dans le domaine des syst\u00e8mes et r\u00e9seaux de files d\u2019attente. Il expose l\u2019analyse des files d\u2019attente avec des temps d\u2019arriv\u00e9e et de service interd\u00e9pendants, les caract\u00e9ristiques des files d\u2019attente fluides, certaines modifications du syst\u00e8me de files d\u2019attente avec rappels ainsi [&hellip;]<\/p>\n","protected":false},"featured_media":37771,"template":"","meta":{"_acf_changed":false,"_links_to":"","_links_to_target":""},"product_brand":[],"product_cat":[4289],"product_tag":[],"class_list":{"0":"post-23944","1":"product","2":"type-product","3":"status-publish","4":"has-post-thumbnail","6":"product_cat-sciences","8":"first","9":"instock","10":"shipping-taxable","11":"purchasable","12":"product-type-variable"},"acf":[],"yoast_head":"<!-- This site is optimized with the Yoast SEO plugin v27.2 - https:\/\/yoast.com\/product\/yoast-seo-wordpress\/ -->\n<title>Th\u00e9orie des files d&#039;attente 1 - ISTE Group<\/title>\n<meta name=\"description\" content=\"Th\u00e9orie des files d\u2019attente 1 pr\u00e9sente la recherche de pointe actuelle et les pratiques \u00e9tablies dans le domaine des syst\u00e8mes et r\u00e9seaux de files d\u2019attente.\" \/>\n<meta name=\"robots\" content=\"index, follow, max-snippet:-1, max-image-preview:large, max-video-preview:-1\" \/>\n<link rel=\"canonical\" href=\"https:\/\/www.istegroup.com\/fr\/produit\/theorie-des-files-dattente-1\/\" \/>\n<meta property=\"og:locale\" content=\"fr_FR\" \/>\n<meta property=\"og:type\" content=\"article\" \/>\n<meta property=\"og:title\" content=\"Th\u00e9orie des files d&#039;attente 1 - ISTE Group\" \/>\n<meta property=\"og:description\" content=\"Th\u00e9orie des files d\u2019attente 1 pr\u00e9sente la recherche de pointe actuelle et les pratiques \u00e9tablies dans le domaine des syst\u00e8mes et r\u00e9seaux de files d\u2019attente.\" \/>\n<meta property=\"og:url\" content=\"https:\/\/www.istegroup.com\/fr\/produit\/theorie-des-files-dattente-1\/\" \/>\n<meta property=\"og:site_name\" content=\"ISTE Group\" \/>\n<meta property=\"article:modified_time\" content=\"2025-01-03T12:14:40+00:00\" \/>\n<meta property=\"og:image\" content=\"https:\/\/www.istegroup.com\/wp-content\/uploads\/2020\/12\/theorie-des-files-d-attente-1_sciences.png\" \/>\n\t<meta property=\"og:image:width\" content=\"300\" \/>\n\t<meta property=\"og:image:height\" content=\"453\" \/>\n\t<meta property=\"og:image:type\" content=\"image\/png\" \/>\n<meta name=\"twitter:card\" content=\"summary_large_image\" \/>\n<meta name=\"twitter:label1\" content=\"Est. reading time\" \/>\n\t<meta name=\"twitter:data1\" content=\"1 minute\" \/>\n<script type=\"application\/ld+json\" class=\"yoast-schema-graph\">{\"@context\":\"https:\/\/schema.org\",\"@graph\":[{\"@type\":\"WebPage\",\"@id\":\"https:\/\/www.istegroup.com\/fr\/produit\/theorie-des-files-dattente-1\/\",\"url\":\"https:\/\/www.istegroup.com\/fr\/produit\/theorie-des-files-dattente-1\/\",\"name\":\"Th\u00e9orie des files d'attente 1 - ISTE Group\",\"isPartOf\":{\"@id\":\"https:\/\/www.istegroup.com\/#website\"},\"primaryImageOfPage\":{\"@id\":\"https:\/\/www.istegroup.com\/fr\/produit\/theorie-des-files-dattente-1\/#primaryimage\"},\"image\":{\"@id\":\"https:\/\/www.istegroup.com\/fr\/produit\/theorie-des-files-dattente-1\/#primaryimage\"},\"thumbnailUrl\":\"https:\/\/www.istegroup.com\/wp-content\/uploads\/2020\/12\/theorie-des-files-d-attente-1_sciences.png\",\"datePublished\":\"2021-06-19T14:47:14+00:00\",\"dateModified\":\"2025-01-03T12:14:40+00:00\",\"description\":\"Th\u00e9orie des files d\u2019attente 1 pr\u00e9sente la recherche de pointe actuelle et les pratiques \u00e9tablies dans le domaine des syst\u00e8mes et r\u00e9seaux de files d\u2019attente.\",\"breadcrumb\":{\"@id\":\"https:\/\/www.istegroup.com\/fr\/produit\/theorie-des-files-dattente-1\/#breadcrumb\"},\"inLanguage\":\"fr-FR\",\"potentialAction\":[{\"@type\":\"ReadAction\",\"target\":[\"https:\/\/www.istegroup.com\/fr\/produit\/theorie-des-files-dattente-1\/\"]}]},{\"@type\":\"ImageObject\",\"inLanguage\":\"fr-FR\",\"@id\":\"https:\/\/www.istegroup.com\/fr\/produit\/theorie-des-files-dattente-1\/#primaryimage\",\"url\":\"https:\/\/www.istegroup.com\/wp-content\/uploads\/2020\/12\/theorie-des-files-d-attente-1_sciences.png\",\"contentUrl\":\"https:\/\/www.istegroup.com\/wp-content\/uploads\/2020\/12\/theorie-des-files-d-attente-1_sciences.png\",\"width\":300,\"height\":453,\"caption\":\"Encyclop\u00e9die SCIENCES\"},{\"@type\":\"BreadcrumbList\",\"@id\":\"https:\/\/www.istegroup.com\/fr\/produit\/theorie-des-files-dattente-1\/#breadcrumb\",\"itemListElement\":[{\"@type\":\"ListItem\",\"position\":1,\"name\":\"Home\",\"item\":\"https:\/\/www.istegroup.com\/\"},{\"@type\":\"ListItem\",\"position\":2,\"name\":\"Shop\",\"item\":\"https:\/\/www.istegroup.com\/fr\/nouveautes\/\"},{\"@type\":\"ListItem\",\"position\":3,\"name\":\"Th\u00e9orie des files d&rsquo;attente 1\"}]},{\"@type\":\"WebSite\",\"@id\":\"https:\/\/www.istegroup.com\/#website\",\"url\":\"https:\/\/www.istegroup.com\/\",\"name\":\"ISTE Group\",\"description\":\"\u00c9diteur des Sciences\",\"potentialAction\":[{\"@type\":\"SearchAction\",\"target\":{\"@type\":\"EntryPoint\",\"urlTemplate\":\"https:\/\/www.istegroup.com\/?s={search_term_string}\"},\"query-input\":{\"@type\":\"PropertyValueSpecification\",\"valueRequired\":true,\"valueName\":\"search_term_string\"}}],\"inLanguage\":\"fr-FR\"}]}<\/script>\n<!-- \/ Yoast SEO plugin. -->","yoast_head_json":{"title":"Th\u00e9orie des files d'attente 1 - ISTE Group","description":"Th\u00e9orie des files d\u2019attente 1 pr\u00e9sente la recherche de pointe actuelle et les pratiques \u00e9tablies dans le domaine des syst\u00e8mes et r\u00e9seaux de files d\u2019attente.","robots":{"index":"index","follow":"follow","max-snippet":"max-snippet:-1","max-image-preview":"max-image-preview:large","max-video-preview":"max-video-preview:-1"},"canonical":"https:\/\/www.istegroup.com\/fr\/produit\/theorie-des-files-dattente-1\/","og_locale":"fr_FR","og_type":"article","og_title":"Th\u00e9orie des files d'attente 1 - ISTE Group","og_description":"Th\u00e9orie des files d\u2019attente 1 pr\u00e9sente la recherche de pointe actuelle et les pratiques \u00e9tablies dans le domaine des syst\u00e8mes et r\u00e9seaux de files d\u2019attente.","og_url":"https:\/\/www.istegroup.com\/fr\/produit\/theorie-des-files-dattente-1\/","og_site_name":"ISTE Group","article_modified_time":"2025-01-03T12:14:40+00:00","og_image":[{"width":300,"height":453,"url":"https:\/\/www.istegroup.com\/wp-content\/uploads\/2020\/12\/theorie-des-files-d-attente-1_sciences.png","type":"image\/png"}],"twitter_card":"summary_large_image","twitter_misc":{"Est. reading time":"1 minute"},"schema":{"@context":"https:\/\/schema.org","@graph":[{"@type":"WebPage","@id":"https:\/\/www.istegroup.com\/fr\/produit\/theorie-des-files-dattente-1\/","url":"https:\/\/www.istegroup.com\/fr\/produit\/theorie-des-files-dattente-1\/","name":"Th\u00e9orie des files d'attente 1 - ISTE Group","isPartOf":{"@id":"https:\/\/www.istegroup.com\/#website"},"primaryImageOfPage":{"@id":"https:\/\/www.istegroup.com\/fr\/produit\/theorie-des-files-dattente-1\/#primaryimage"},"image":{"@id":"https:\/\/www.istegroup.com\/fr\/produit\/theorie-des-files-dattente-1\/#primaryimage"},"thumbnailUrl":"https:\/\/www.istegroup.com\/wp-content\/uploads\/2020\/12\/theorie-des-files-d-attente-1_sciences.png","datePublished":"2021-06-19T14:47:14+00:00","dateModified":"2025-01-03T12:14:40+00:00","description":"Th\u00e9orie des files d\u2019attente 1 pr\u00e9sente la recherche de pointe actuelle et les pratiques \u00e9tablies dans le domaine des syst\u00e8mes et r\u00e9seaux de files d\u2019attente.","breadcrumb":{"@id":"https:\/\/www.istegroup.com\/fr\/produit\/theorie-des-files-dattente-1\/#breadcrumb"},"inLanguage":"fr-FR","potentialAction":[{"@type":"ReadAction","target":["https:\/\/www.istegroup.com\/fr\/produit\/theorie-des-files-dattente-1\/"]}]},{"@type":"ImageObject","inLanguage":"fr-FR","@id":"https:\/\/www.istegroup.com\/fr\/produit\/theorie-des-files-dattente-1\/#primaryimage","url":"https:\/\/www.istegroup.com\/wp-content\/uploads\/2020\/12\/theorie-des-files-d-attente-1_sciences.png","contentUrl":"https:\/\/www.istegroup.com\/wp-content\/uploads\/2020\/12\/theorie-des-files-d-attente-1_sciences.png","width":300,"height":453,"caption":"Encyclop\u00e9die SCIENCES"},{"@type":"BreadcrumbList","@id":"https:\/\/www.istegroup.com\/fr\/produit\/theorie-des-files-dattente-1\/#breadcrumb","itemListElement":[{"@type":"ListItem","position":1,"name":"Home","item":"https:\/\/www.istegroup.com\/"},{"@type":"ListItem","position":2,"name":"Shop","item":"https:\/\/www.istegroup.com\/fr\/nouveautes\/"},{"@type":"ListItem","position":3,"name":"Th\u00e9orie des files d&rsquo;attente 1"}]},{"@type":"WebSite","@id":"https:\/\/www.istegroup.com\/#website","url":"https:\/\/www.istegroup.com\/","name":"ISTE Group","description":"\u00c9diteur des Sciences","potentialAction":[{"@type":"SearchAction","target":{"@type":"EntryPoint","urlTemplate":"https:\/\/www.istegroup.com\/?s={search_term_string}"},"query-input":{"@type":"PropertyValueSpecification","valueRequired":true,"valueName":"search_term_string"}}],"inLanguage":"fr-FR"}]}},"_links":{"self":[{"href":"https:\/\/www.istegroup.com\/fr\/wp-json\/wp\/v2\/product\/23944","targetHints":{"allow":["GET"]}}],"collection":[{"href":"https:\/\/www.istegroup.com\/fr\/wp-json\/wp\/v2\/product"}],"about":[{"href":"https:\/\/www.istegroup.com\/fr\/wp-json\/wp\/v2\/types\/product"}],"wp:featuredmedia":[{"embeddable":true,"href":"https:\/\/www.istegroup.com\/fr\/wp-json\/wp\/v2\/media\/37771"}],"wp:attachment":[{"href":"https:\/\/www.istegroup.com\/fr\/wp-json\/wp\/v2\/media?parent=23944"}],"wp:term":[{"taxonomy":"product_brand","embeddable":true,"href":"https:\/\/www.istegroup.com\/fr\/wp-json\/wp\/v2\/product_brand?post=23944"},{"taxonomy":"product_cat","embeddable":true,"href":"https:\/\/www.istegroup.com\/fr\/wp-json\/wp\/v2\/product_cat?post=23944"},{"taxonomy":"product_tag","embeddable":true,"href":"https:\/\/www.istegroup.com\/fr\/wp-json\/wp\/v2\/product_tag?post=23944"}],"curies":[{"name":"wp","href":"https:\/\/api.w.org\/{rel}","templated":true}]}}