{"id":23943,"date":"2021-06-19T15:50:13","date_gmt":"2021-06-19T14:50:13","guid":{"rendered":"https:\/\/www.istegroup.com\/?post_type=product&#038;p=23943"},"modified":"2025-01-03T12:14:25","modified_gmt":"2025-01-03T12:14:25","slug":"theorie-des-files-dattente-2","status":"publish","type":"product","link":"https:\/\/www.istegroup.com\/fr\/produit\/theorie-des-files-dattente-2\/","title":{"rendered":"Th\u00e9orie des files d&rsquo;attente 2"},"content":{"rendered":"<p><em>Th\u00e9orie des files d\u2019attente 2<\/em> examine les pratiques \u00e9tablies et les tendances actuelles dans l\u2019analyse et les applications des mod\u00e8les de files d\u2019attente.<\/p>\n<p>Ce second volume \u00e9tudie l\u2019analyse de stabilit\u00e9 de certains types de syst\u00e8mes de files d\u2019attente r\u00e9g\u00e9n\u00e9ratives multiserveurs, l\u2019analyse transitoire des syst\u00e8mes de files d\u2019attente markoviens se concentrant sur des distributions de formes explicites et des techniques num\u00e9riques, ainsi que l\u2019analyse des mod\u00e8les de files d\u2019attente dans les secteurs de services \u00e0 l\u2019aide d\u2019approches analytiques et de simulation. Enfin, il \u00e9tudie les distributions de probabilit\u00e9s dans les mod\u00e8les de files d\u2019attente et leur utilisation en \u00e9conomie, industrie, d\u00e9mographie et \u00e9tudes environnementales.<\/p>\n<p>Cet ouvrage pr\u00e9sente \u00e9galement des techniques de contr\u00f4le des informations dans les syst\u00e8mes de files d\u2019attente et leur impact sur le comportement strat\u00e9gique des clients, le bien-\u00eatre social et les revenus des monopoles, les applications des m\u00e9thodes d\u2019inf\u00e9rence \u00e0 entropie maximale pour l\u2019analyse d\u2019une file d\u2019attente M\/G\/1 stable avec des queues lourdes, etc.<\/p>\n","protected":false},"excerpt":{"rendered":"<p>Th\u00e9orie des files d\u2019attente 2 examine les pratiques \u00e9tablies et les tendances actuelles dans l\u2019analyse et les applications des mod\u00e8les de files d\u2019attente. Ce second volume \u00e9tudie l\u2019analyse de stabilit\u00e9 de certains types de syst\u00e8mes de files d\u2019attente r\u00e9g\u00e9n\u00e9ratives multiserveurs, l\u2019analyse transitoire des syst\u00e8mes de files d\u2019attente markoviens se concentrant sur des distributions de formes [&hellip;]<\/p>\n","protected":false},"featured_media":38081,"template":"","meta":{"_acf_changed":false,"_links_to":"","_links_to_target":""},"product_brand":[],"product_cat":[4289],"product_tag":[],"class_list":{"0":"post-23943","1":"product","2":"type-product","3":"status-publish","4":"has-post-thumbnail","6":"product_cat-sciences","8":"first","9":"instock","10":"shipping-taxable","11":"purchasable","12":"product-type-variable"},"acf":[],"yoast_head":"<!-- This site is optimized with the Yoast SEO plugin v27.2 - https:\/\/yoast.com\/product\/yoast-seo-wordpress\/ -->\n<title>Th\u00e9orie des files d&#039;attente 2 - ISTE Group<\/title>\n<meta name=\"description\" content=\"Th\u00e9orie des files d\u2019attente 2 examine les pratiques \u00e9tablies et les tendances actuelles dans l\u2019analyse et les applications des mod\u00e8les de files d\u2019attente.\" \/>\n<meta name=\"robots\" content=\"index, follow, max-snippet:-1, max-image-preview:large, max-video-preview:-1\" \/>\n<link rel=\"canonical\" href=\"https:\/\/www.istegroup.com\/fr\/produit\/theorie-des-files-dattente-2\/\" \/>\n<meta property=\"og:locale\" content=\"fr_FR\" \/>\n<meta property=\"og:type\" content=\"article\" \/>\n<meta property=\"og:title\" content=\"Th\u00e9orie des files d&#039;attente 2 - ISTE Group\" \/>\n<meta property=\"og:description\" content=\"Th\u00e9orie des files d\u2019attente 2 examine les pratiques \u00e9tablies et les tendances actuelles dans l\u2019analyse et les applications des mod\u00e8les de files d\u2019attente.\" \/>\n<meta property=\"og:url\" content=\"https:\/\/www.istegroup.com\/fr\/produit\/theorie-des-files-dattente-2\/\" \/>\n<meta property=\"og:site_name\" content=\"ISTE Group\" \/>\n<meta property=\"article:modified_time\" content=\"2025-01-03T12:14:25+00:00\" \/>\n<meta property=\"og:image\" content=\"https:\/\/www.istegroup.com\/wp-content\/uploads\/2020\/12\/Theorie-des-files-dattente-2.jpeg\" \/>\n\t<meta property=\"og:image:width\" content=\"300\" \/>\n\t<meta property=\"og:image:height\" content=\"453\" \/>\n\t<meta property=\"og:image:type\" content=\"image\/jpeg\" \/>\n<meta name=\"twitter:card\" content=\"summary_large_image\" \/>\n<meta name=\"twitter:label1\" content=\"Est. reading time\" \/>\n\t<meta name=\"twitter:data1\" content=\"1 minute\" \/>\n<script type=\"application\/ld+json\" class=\"yoast-schema-graph\">{\"@context\":\"https:\/\/schema.org\",\"@graph\":[{\"@type\":\"WebPage\",\"@id\":\"https:\/\/www.istegroup.com\/fr\/produit\/theorie-des-files-dattente-2\/\",\"url\":\"https:\/\/www.istegroup.com\/fr\/produit\/theorie-des-files-dattente-2\/\",\"name\":\"Th\u00e9orie des files d'attente 2 - ISTE Group\",\"isPartOf\":{\"@id\":\"https:\/\/www.istegroup.com\/#website\"},\"primaryImageOfPage\":{\"@id\":\"https:\/\/www.istegroup.com\/fr\/produit\/theorie-des-files-dattente-2\/#primaryimage\"},\"image\":{\"@id\":\"https:\/\/www.istegroup.com\/fr\/produit\/theorie-des-files-dattente-2\/#primaryimage\"},\"thumbnailUrl\":\"https:\/\/www.istegroup.com\/wp-content\/uploads\/2020\/12\/Theorie-des-files-dattente-2.jpeg\",\"datePublished\":\"2021-06-19T14:50:13+00:00\",\"dateModified\":\"2025-01-03T12:14:25+00:00\",\"description\":\"Th\u00e9orie des files d\u2019attente 2 examine les pratiques \u00e9tablies et les tendances actuelles dans l\u2019analyse et les applications des mod\u00e8les de files d\u2019attente.\",\"breadcrumb\":{\"@id\":\"https:\/\/www.istegroup.com\/fr\/produit\/theorie-des-files-dattente-2\/#breadcrumb\"},\"inLanguage\":\"fr-FR\",\"potentialAction\":[{\"@type\":\"ReadAction\",\"target\":[\"https:\/\/www.istegroup.com\/fr\/produit\/theorie-des-files-dattente-2\/\"]}]},{\"@type\":\"ImageObject\",\"inLanguage\":\"fr-FR\",\"@id\":\"https:\/\/www.istegroup.com\/fr\/produit\/theorie-des-files-dattente-2\/#primaryimage\",\"url\":\"https:\/\/www.istegroup.com\/wp-content\/uploads\/2020\/12\/Theorie-des-files-dattente-2.jpeg\",\"contentUrl\":\"https:\/\/www.istegroup.com\/wp-content\/uploads\/2020\/12\/Theorie-des-files-dattente-2.jpeg\",\"width\":300,\"height\":453,\"caption\":\"Encyclop\u00e9die SCIENCES\"},{\"@type\":\"BreadcrumbList\",\"@id\":\"https:\/\/www.istegroup.com\/fr\/produit\/theorie-des-files-dattente-2\/#breadcrumb\",\"itemListElement\":[{\"@type\":\"ListItem\",\"position\":1,\"name\":\"Home\",\"item\":\"https:\/\/www.istegroup.com\/\"},{\"@type\":\"ListItem\",\"position\":2,\"name\":\"Shop\",\"item\":\"https:\/\/www.istegroup.com\/fr\/nouveautes\/\"},{\"@type\":\"ListItem\",\"position\":3,\"name\":\"Th\u00e9orie des files d&rsquo;attente 2\"}]},{\"@type\":\"WebSite\",\"@id\":\"https:\/\/www.istegroup.com\/#website\",\"url\":\"https:\/\/www.istegroup.com\/\",\"name\":\"ISTE Group\",\"description\":\"\u00c9diteur des Sciences\",\"potentialAction\":[{\"@type\":\"SearchAction\",\"target\":{\"@type\":\"EntryPoint\",\"urlTemplate\":\"https:\/\/www.istegroup.com\/?s={search_term_string}\"},\"query-input\":{\"@type\":\"PropertyValueSpecification\",\"valueRequired\":true,\"valueName\":\"search_term_string\"}}],\"inLanguage\":\"fr-FR\"}]}<\/script>\n<!-- \/ Yoast SEO plugin. -->","yoast_head_json":{"title":"Th\u00e9orie des files d'attente 2 - ISTE Group","description":"Th\u00e9orie des files d\u2019attente 2 examine les pratiques \u00e9tablies et les tendances actuelles dans l\u2019analyse et les applications des mod\u00e8les de files d\u2019attente.","robots":{"index":"index","follow":"follow","max-snippet":"max-snippet:-1","max-image-preview":"max-image-preview:large","max-video-preview":"max-video-preview:-1"},"canonical":"https:\/\/www.istegroup.com\/fr\/produit\/theorie-des-files-dattente-2\/","og_locale":"fr_FR","og_type":"article","og_title":"Th\u00e9orie des files d'attente 2 - ISTE Group","og_description":"Th\u00e9orie des files d\u2019attente 2 examine les pratiques \u00e9tablies et les tendances actuelles dans l\u2019analyse et les applications des mod\u00e8les de files d\u2019attente.","og_url":"https:\/\/www.istegroup.com\/fr\/produit\/theorie-des-files-dattente-2\/","og_site_name":"ISTE Group","article_modified_time":"2025-01-03T12:14:25+00:00","og_image":[{"width":300,"height":453,"url":"https:\/\/www.istegroup.com\/wp-content\/uploads\/2020\/12\/Theorie-des-files-dattente-2.jpeg","type":"image\/jpeg"}],"twitter_card":"summary_large_image","twitter_misc":{"Est. reading time":"1 minute"},"schema":{"@context":"https:\/\/schema.org","@graph":[{"@type":"WebPage","@id":"https:\/\/www.istegroup.com\/fr\/produit\/theorie-des-files-dattente-2\/","url":"https:\/\/www.istegroup.com\/fr\/produit\/theorie-des-files-dattente-2\/","name":"Th\u00e9orie des files d'attente 2 - ISTE Group","isPartOf":{"@id":"https:\/\/www.istegroup.com\/#website"},"primaryImageOfPage":{"@id":"https:\/\/www.istegroup.com\/fr\/produit\/theorie-des-files-dattente-2\/#primaryimage"},"image":{"@id":"https:\/\/www.istegroup.com\/fr\/produit\/theorie-des-files-dattente-2\/#primaryimage"},"thumbnailUrl":"https:\/\/www.istegroup.com\/wp-content\/uploads\/2020\/12\/Theorie-des-files-dattente-2.jpeg","datePublished":"2021-06-19T14:50:13+00:00","dateModified":"2025-01-03T12:14:25+00:00","description":"Th\u00e9orie des files d\u2019attente 2 examine les pratiques \u00e9tablies et les tendances actuelles dans l\u2019analyse et les applications des mod\u00e8les de files d\u2019attente.","breadcrumb":{"@id":"https:\/\/www.istegroup.com\/fr\/produit\/theorie-des-files-dattente-2\/#breadcrumb"},"inLanguage":"fr-FR","potentialAction":[{"@type":"ReadAction","target":["https:\/\/www.istegroup.com\/fr\/produit\/theorie-des-files-dattente-2\/"]}]},{"@type":"ImageObject","inLanguage":"fr-FR","@id":"https:\/\/www.istegroup.com\/fr\/produit\/theorie-des-files-dattente-2\/#primaryimage","url":"https:\/\/www.istegroup.com\/wp-content\/uploads\/2020\/12\/Theorie-des-files-dattente-2.jpeg","contentUrl":"https:\/\/www.istegroup.com\/wp-content\/uploads\/2020\/12\/Theorie-des-files-dattente-2.jpeg","width":300,"height":453,"caption":"Encyclop\u00e9die SCIENCES"},{"@type":"BreadcrumbList","@id":"https:\/\/www.istegroup.com\/fr\/produit\/theorie-des-files-dattente-2\/#breadcrumb","itemListElement":[{"@type":"ListItem","position":1,"name":"Home","item":"https:\/\/www.istegroup.com\/"},{"@type":"ListItem","position":2,"name":"Shop","item":"https:\/\/www.istegroup.com\/fr\/nouveautes\/"},{"@type":"ListItem","position":3,"name":"Th\u00e9orie des files d&rsquo;attente 2"}]},{"@type":"WebSite","@id":"https:\/\/www.istegroup.com\/#website","url":"https:\/\/www.istegroup.com\/","name":"ISTE Group","description":"\u00c9diteur des Sciences","potentialAction":[{"@type":"SearchAction","target":{"@type":"EntryPoint","urlTemplate":"https:\/\/www.istegroup.com\/?s={search_term_string}"},"query-input":{"@type":"PropertyValueSpecification","valueRequired":true,"valueName":"search_term_string"}}],"inLanguage":"fr-FR"}]}},"_links":{"self":[{"href":"https:\/\/www.istegroup.com\/fr\/wp-json\/wp\/v2\/product\/23943","targetHints":{"allow":["GET"]}}],"collection":[{"href":"https:\/\/www.istegroup.com\/fr\/wp-json\/wp\/v2\/product"}],"about":[{"href":"https:\/\/www.istegroup.com\/fr\/wp-json\/wp\/v2\/types\/product"}],"wp:featuredmedia":[{"embeddable":true,"href":"https:\/\/www.istegroup.com\/fr\/wp-json\/wp\/v2\/media\/38081"}],"wp:attachment":[{"href":"https:\/\/www.istegroup.com\/fr\/wp-json\/wp\/v2\/media?parent=23943"}],"wp:term":[{"taxonomy":"product_brand","embeddable":true,"href":"https:\/\/www.istegroup.com\/fr\/wp-json\/wp\/v2\/product_brand?post=23943"},{"taxonomy":"product_cat","embeddable":true,"href":"https:\/\/www.istegroup.com\/fr\/wp-json\/wp\/v2\/product_cat?post=23943"},{"taxonomy":"product_tag","embeddable":true,"href":"https:\/\/www.istegroup.com\/fr\/wp-json\/wp\/v2\/product_tag?post=23943"}],"curies":[{"name":"wp","href":"https:\/\/api.w.org\/{rel}","templated":true}]}}