{"id":23942,"date":"2022-11-13T15:45:09","date_gmt":"2022-11-13T15:45:09","guid":{"rendered":"https:\/\/www.istegroup.com\/?post_type=product&#038;p=23942"},"modified":"2025-01-03T11:56:40","modified_gmt":"2025-01-03T11:56:40","slug":"algebre-et-applications-1","status":"publish","type":"product","link":"https:\/\/www.istegroup.com\/fr\/produit\/algebre-et-applications-1\/","title":{"rendered":"Alg\u00e8bre et applications 1"},"content":{"rendered":"<p><em>Alg\u00e8bre et applications 1<\/em> traite des alg\u00e8bres non associatives et des cat\u00e9gories d\u00e9riv\u00e9es.<\/p>\n<p>Il analyse une grande vari\u00e9t\u00e9 de structures alg\u00e9briques telles que les super-alg\u00e8bres de Jordan, les alg\u00e8bres de Lie, les alg\u00e8bres de composition, les alg\u00e8bres gradu\u00e9es de division, les C*-alg\u00e8bres non associatives, les H*-alg\u00e8bres, les alg\u00e8bres de type Krichever-Novikov, les alg\u00e8bres pr\u00e9-Lie, les structures g\u00e9om\u00e9triques sur les alg\u00e8bres 3-Lie et les cat\u00e9gories d\u00e9riv\u00e9es.<\/p>\n<p>Cet ouvrage pr\u00e9sente \u00e0 la fois les bases th\u00e9oriques, accessibles aux \u00e9tudiants de master et aux jeunes chercheurs, ainsi que des r\u00e9sultats r\u00e9cents, des applications, les tendances actuelles et des perspectives de recherche.<\/p>","protected":false},"excerpt":{"rendered":"<p>Alg\u00e8bre et applications 1 traite des alg\u00e8bres non associatives et des cat\u00e9gories d\u00e9riv\u00e9es. Il analyse une grande vari\u00e9t\u00e9 de structures alg\u00e9briques telles que les super-alg\u00e8bres de Jordan, les alg\u00e8bres de Lie, les alg\u00e8bres de composition, les alg\u00e8bres gradu\u00e9es de division, les C*-alg\u00e8bres non associatives, les H*-alg\u00e8bres, les alg\u00e8bres de type Krichever-Novikov, les alg\u00e8bres pr\u00e9-Lie, les [&hellip;]<\/p>\n","protected":false},"featured_media":48935,"template":"","meta":{"_acf_changed":false,"_links_to":"","_links_to_target":""},"product_brand":[],"product_cat":[4289],"product_tag":[],"class_list":{"0":"post-23942","1":"product","2":"type-product","3":"status-publish","4":"has-post-thumbnail","6":"product_cat-sciences","8":"first","9":"instock","10":"shipping-taxable","11":"purchasable","12":"product-type-variable"},"acf":[],"yoast_head":"<!-- This site is optimized with the Yoast SEO plugin v27.2 - https:\/\/yoast.com\/product\/yoast-seo-wordpress\/ -->\n<title>Alg\u00e8bre et applications 1 - ISTE Group<\/title>\n<meta name=\"robots\" content=\"index, follow, max-snippet:-1, max-image-preview:large, max-video-preview:-1\" \/>\n<link rel=\"canonical\" href=\"https:\/\/www.istegroup.com\/en\/produit\/algebre-et-applications-1\/\" \/>\n<meta property=\"og:locale\" content=\"fr_FR\" \/>\n<meta property=\"og:type\" content=\"article\" \/>\n<meta property=\"og:title\" content=\"Alg\u00e8bre et applications 1 - ISTE Group\" \/>\n<meta property=\"og:description\" content=\"Alg\u00e8bre et applications 1 traite des alg\u00e8bres non associatives et des cat\u00e9gories d\u00e9riv\u00e9es. Il analyse une grande vari\u00e9t\u00e9 de structures alg\u00e9briques telles que les super-alg\u00e8bres de Jordan, les alg\u00e8bres de Lie, les alg\u00e8bres de composition, les alg\u00e8bres gradu\u00e9es de division, les C*-alg\u00e8bres non associatives, les H*-alg\u00e8bres, les alg\u00e8bres de type Krichever-Novikov, les alg\u00e8bres pr\u00e9-Lie, les [&hellip;]\" \/>\n<meta property=\"og:url\" content=\"https:\/\/www.istegroup.com\/en\/produit\/algebre-et-applications-1\/\" \/>\n<meta property=\"og:site_name\" content=\"ISTE Group\" \/>\n<meta property=\"article:modified_time\" content=\"2025-01-03T11:56:40+00:00\" \/>\n<meta property=\"og:image\" content=\"https:\/\/www.istegroup.com\/wp-content\/uploads\/2022\/11\/Makhlouf-couv.png\" \/>\n\t<meta property=\"og:image:width\" content=\"300\" \/>\n\t<meta property=\"og:image:height\" content=\"450\" \/>\n\t<meta property=\"og:image:type\" content=\"image\/png\" \/>\n<meta name=\"twitter:card\" content=\"summary_large_image\" \/>\n<meta name=\"twitter:label1\" content=\"Est. reading time\" \/>\n\t<meta name=\"twitter:data1\" content=\"1 minute\" \/>\n<script type=\"application\/ld+json\" class=\"yoast-schema-graph\">{\"@context\":\"https:\/\/schema.org\",\"@graph\":[{\"@type\":\"WebPage\",\"@id\":\"https:\/\/www.istegroup.com\/en\/produit\/algebre-et-applications-1\/\",\"url\":\"https:\/\/www.istegroup.com\/en\/produit\/algebre-et-applications-1\/\",\"name\":\"Alg\u00e8bre et applications 1 - ISTE Group\",\"isPartOf\":{\"@id\":\"https:\/\/www.istegroup.com\/#website\"},\"primaryImageOfPage\":{\"@id\":\"https:\/\/www.istegroup.com\/en\/produit\/algebre-et-applications-1\/#primaryimage\"},\"image\":{\"@id\":\"https:\/\/www.istegroup.com\/en\/produit\/algebre-et-applications-1\/#primaryimage\"},\"thumbnailUrl\":\"https:\/\/www.istegroup.com\/wp-content\/uploads\/2022\/11\/Makhlouf-couv.png\",\"datePublished\":\"2022-11-13T15:45:09+00:00\",\"dateModified\":\"2025-01-03T11:56:40+00:00\",\"breadcrumb\":{\"@id\":\"https:\/\/www.istegroup.com\/en\/produit\/algebre-et-applications-1\/#breadcrumb\"},\"inLanguage\":\"fr-FR\",\"potentialAction\":[{\"@type\":\"ReadAction\",\"target\":[\"https:\/\/www.istegroup.com\/en\/produit\/algebre-et-applications-1\/\"]}]},{\"@type\":\"ImageObject\",\"inLanguage\":\"fr-FR\",\"@id\":\"https:\/\/www.istegroup.com\/en\/produit\/algebre-et-applications-1\/#primaryimage\",\"url\":\"https:\/\/www.istegroup.com\/wp-content\/uploads\/2022\/11\/Makhlouf-couv.png\",\"contentUrl\":\"https:\/\/www.istegroup.com\/wp-content\/uploads\/2022\/11\/Makhlouf-couv.png\",\"width\":300,\"height\":450,\"caption\":\"Livre scientifique - Alg\u00e8bre et applications 1 - Encyclop\u00e9die SCIENCES\"},{\"@type\":\"BreadcrumbList\",\"@id\":\"https:\/\/www.istegroup.com\/en\/produit\/algebre-et-applications-1\/#breadcrumb\",\"itemListElement\":[{\"@type\":\"ListItem\",\"position\":1,\"name\":\"Home\",\"item\":\"https:\/\/www.istegroup.com\/\"},{\"@type\":\"ListItem\",\"position\":2,\"name\":\"Shop\",\"item\":\"https:\/\/www.istegroup.com\/fr\/nouveautes\/\"},{\"@type\":\"ListItem\",\"position\":3,\"name\":\"Alg\u00e8bre et applications 1\"}]},{\"@type\":\"WebSite\",\"@id\":\"https:\/\/www.istegroup.com\/#website\",\"url\":\"https:\/\/www.istegroup.com\/\",\"name\":\"ISTE Group\",\"description\":\"\u00c9diteur des Sciences\",\"potentialAction\":[{\"@type\":\"SearchAction\",\"target\":{\"@type\":\"EntryPoint\",\"urlTemplate\":\"https:\/\/www.istegroup.com\/?s={search_term_string}\"},\"query-input\":{\"@type\":\"PropertyValueSpecification\",\"valueRequired\":true,\"valueName\":\"search_term_string\"}}],\"inLanguage\":\"fr-FR\"}]}<\/script>\n<!-- \/ Yoast SEO plugin. -->","yoast_head_json":{"title":"Alg\u00e8bre et applications 1 - ISTE Group","robots":{"index":"index","follow":"follow","max-snippet":"max-snippet:-1","max-image-preview":"max-image-preview:large","max-video-preview":"max-video-preview:-1"},"canonical":"https:\/\/www.istegroup.com\/en\/produit\/algebre-et-applications-1\/","og_locale":"fr_FR","og_type":"article","og_title":"Alg\u00e8bre et applications 1 - ISTE Group","og_description":"Alg\u00e8bre et applications 1 traite des alg\u00e8bres non associatives et des cat\u00e9gories d\u00e9riv\u00e9es. Il analyse une grande vari\u00e9t\u00e9 de structures alg\u00e9briques telles que les super-alg\u00e8bres de Jordan, les alg\u00e8bres de Lie, les alg\u00e8bres de composition, les alg\u00e8bres gradu\u00e9es de division, les C*-alg\u00e8bres non associatives, les H*-alg\u00e8bres, les alg\u00e8bres de type Krichever-Novikov, les alg\u00e8bres pr\u00e9-Lie, les [&hellip;]","og_url":"https:\/\/www.istegroup.com\/en\/produit\/algebre-et-applications-1\/","og_site_name":"ISTE Group","article_modified_time":"2025-01-03T11:56:40+00:00","og_image":[{"width":300,"height":450,"url":"https:\/\/www.istegroup.com\/wp-content\/uploads\/2022\/11\/Makhlouf-couv.png","type":"image\/png"}],"twitter_card":"summary_large_image","twitter_misc":{"Est. reading time":"1 minute"},"schema":{"@context":"https:\/\/schema.org","@graph":[{"@type":"WebPage","@id":"https:\/\/www.istegroup.com\/en\/produit\/algebre-et-applications-1\/","url":"https:\/\/www.istegroup.com\/en\/produit\/algebre-et-applications-1\/","name":"Alg\u00e8bre et applications 1 - ISTE Group","isPartOf":{"@id":"https:\/\/www.istegroup.com\/#website"},"primaryImageOfPage":{"@id":"https:\/\/www.istegroup.com\/en\/produit\/algebre-et-applications-1\/#primaryimage"},"image":{"@id":"https:\/\/www.istegroup.com\/en\/produit\/algebre-et-applications-1\/#primaryimage"},"thumbnailUrl":"https:\/\/www.istegroup.com\/wp-content\/uploads\/2022\/11\/Makhlouf-couv.png","datePublished":"2022-11-13T15:45:09+00:00","dateModified":"2025-01-03T11:56:40+00:00","breadcrumb":{"@id":"https:\/\/www.istegroup.com\/en\/produit\/algebre-et-applications-1\/#breadcrumb"},"inLanguage":"fr-FR","potentialAction":[{"@type":"ReadAction","target":["https:\/\/www.istegroup.com\/en\/produit\/algebre-et-applications-1\/"]}]},{"@type":"ImageObject","inLanguage":"fr-FR","@id":"https:\/\/www.istegroup.com\/en\/produit\/algebre-et-applications-1\/#primaryimage","url":"https:\/\/www.istegroup.com\/wp-content\/uploads\/2022\/11\/Makhlouf-couv.png","contentUrl":"https:\/\/www.istegroup.com\/wp-content\/uploads\/2022\/11\/Makhlouf-couv.png","width":300,"height":450,"caption":"Livre scientifique - Alg\u00e8bre et applications 1 - Encyclop\u00e9die SCIENCES"},{"@type":"BreadcrumbList","@id":"https:\/\/www.istegroup.com\/en\/produit\/algebre-et-applications-1\/#breadcrumb","itemListElement":[{"@type":"ListItem","position":1,"name":"Home","item":"https:\/\/www.istegroup.com\/"},{"@type":"ListItem","position":2,"name":"Shop","item":"https:\/\/www.istegroup.com\/fr\/nouveautes\/"},{"@type":"ListItem","position":3,"name":"Alg\u00e8bre et applications 1"}]},{"@type":"WebSite","@id":"https:\/\/www.istegroup.com\/#website","url":"https:\/\/www.istegroup.com\/","name":"ISTE Group","description":"\u00c9diteur des Sciences","potentialAction":[{"@type":"SearchAction","target":{"@type":"EntryPoint","urlTemplate":"https:\/\/www.istegroup.com\/?s={search_term_string}"},"query-input":{"@type":"PropertyValueSpecification","valueRequired":true,"valueName":"search_term_string"}}],"inLanguage":"fr-FR"}]}},"_links":{"self":[{"href":"https:\/\/www.istegroup.com\/fr\/wp-json\/wp\/v2\/product\/23942","targetHints":{"allow":["GET"]}}],"collection":[{"href":"https:\/\/www.istegroup.com\/fr\/wp-json\/wp\/v2\/product"}],"about":[{"href":"https:\/\/www.istegroup.com\/fr\/wp-json\/wp\/v2\/types\/product"}],"wp:featuredmedia":[{"embeddable":true,"href":"https:\/\/www.istegroup.com\/fr\/wp-json\/wp\/v2\/media\/48935"}],"wp:attachment":[{"href":"https:\/\/www.istegroup.com\/fr\/wp-json\/wp\/v2\/media?parent=23942"}],"wp:term":[{"taxonomy":"product_brand","embeddable":true,"href":"https:\/\/www.istegroup.com\/fr\/wp-json\/wp\/v2\/product_brand?post=23942"},{"taxonomy":"product_cat","embeddable":true,"href":"https:\/\/www.istegroup.com\/fr\/wp-json\/wp\/v2\/product_cat?post=23942"},{"taxonomy":"product_tag","embeddable":true,"href":"https:\/\/www.istegroup.com\/fr\/wp-json\/wp\/v2\/product_tag?post=23942"}],"curies":[{"name":"wp","href":"https:\/\/api.w.org\/{rel}","templated":true}]}}