{"id":23918,"date":"2022-07-04T12:50:26","date_gmt":"2022-07-04T11:50:26","guid":{"rendered":"https:\/\/www.istegroup.com\/?post_type=product&#038;p=23918"},"modified":"2025-01-03T12:03:14","modified_gmt":"2025-01-03T12:03:14","slug":"integration-de-donnees-biologiques","status":"publish","type":"product","link":"https:\/\/www.istegroup.com\/fr\/produit\/integration-de-donnees-biologiques\/","title":{"rendered":"Int\u00e9gration de donn\u00e9es biologiques"},"content":{"rendered":"<p>L\u2019\u00e9tude des donn\u00e9es biologiques conna\u00eet constamment de profonds changements. Le volume des donn\u00e9es a d\u2019abord consid\u00e9rablement augment\u00e9 en raison des nouvelles techniques haut d\u00e9bit pour les exp\u00e9riences. Puis, les progr\u00e8s remarquables tant des m\u00e9thodes d\u2019analyses informatiques et statistiques que des infrastructures ont rendu possible le traitement de ces donn\u00e9es volumineuses. L\u2019enjeu qui en r\u00e9sulte est de pouvoir int\u00e9grer ces donn\u00e9es, c\u2019est-\u00e0-dire d\u2019en exploiter la compl\u00e9mentarit\u00e9 dans l\u2019espoir de faire avancer les connaissances. L\u2019int\u00e9gration des donn\u00e9es pour une analyse la plus exhaustive possible constitue ainsi un des d\u00e9fis majeurs de la biologie.<\/p>\n<p><em>Int\u00e9gration de donn\u00e9es biologiques<\/em> traite de fa\u00e7on p\u00e9dagogique des travaux de recherche dans la science des donn\u00e9es biologiques, il examine les approches informatiques pour l\u2019int\u00e9gration des donn\u00e9es puis les approches statistiques pour l\u2019int\u00e9gration des donn\u00e9es omiques.<\/p>","protected":false},"excerpt":{"rendered":"<p>L\u2019\u00e9tude des donn\u00e9es biologiques conna\u00eet constamment de profonds changements. Le volume des donn\u00e9es a d\u2019abord consid\u00e9rablement augment\u00e9 en raison des nouvelles techniques haut d\u00e9bit pour les exp\u00e9riences. Puis, les progr\u00e8s remarquables tant des m\u00e9thodes d\u2019analyses informatiques et statistiques que des infrastructures ont rendu possible le traitement de ces donn\u00e9es volumineuses. L\u2019enjeu qui en r\u00e9sulte est [&hellip;]<\/p>\n","protected":false},"featured_media":46998,"template":"","meta":{"_acf_changed":false,"_links_to":"","_links_to_target":""},"product_brand":[],"product_cat":[4289],"product_tag":[],"class_list":{"0":"post-23918","1":"product","2":"type-product","3":"status-publish","4":"has-post-thumbnail","6":"product_cat-sciences","8":"first","9":"instock","10":"shipping-taxable","11":"purchasable","12":"product-type-variable"},"acf":[],"yoast_head":"<!-- This site is optimized with the Yoast SEO plugin v27.2 - https:\/\/yoast.com\/product\/yoast-seo-wordpress\/ -->\n<title>Int\u00e9gration de donn\u00e9es biologiques - ISTE Group<\/title>\n<meta name=\"description\" content=\"Int\u00e9gration de donn\u00e9es biologiques traite de fa\u00e7on p\u00e9dagogique des travaux de recherche dans la science des donn\u00e9es biologiques, il examine les approches informatiques pour l\u2019int\u00e9gration des donn\u00e9es puis les approches statistiques pour l\u2019int\u00e9gration des donn\u00e9es omiques.\" \/>\n<meta name=\"robots\" content=\"index, follow, max-snippet:-1, max-image-preview:large, max-video-preview:-1\" \/>\n<link rel=\"canonical\" href=\"https:\/\/www.istegroup.com\/fr\/produit\/integration-de-donnees-biologiques\/\" \/>\n<meta property=\"og:locale\" content=\"fr_FR\" \/>\n<meta property=\"og:type\" content=\"article\" \/>\n<meta property=\"og:title\" content=\"Int\u00e9gration de donn\u00e9es biologiques - ISTE Group\" \/>\n<meta property=\"og:description\" content=\"Int\u00e9gration de donn\u00e9es biologiques traite de fa\u00e7on p\u00e9dagogique des travaux de recherche dans la science des donn\u00e9es biologiques, il examine les approches informatiques pour l\u2019int\u00e9gration des donn\u00e9es puis les approches statistiques pour l\u2019int\u00e9gration des donn\u00e9es omiques.\" \/>\n<meta property=\"og:url\" content=\"https:\/\/www.istegroup.com\/fr\/produit\/integration-de-donnees-biologiques\/\" \/>\n<meta property=\"og:site_name\" content=\"ISTE Group\" \/>\n<meta property=\"article:modified_time\" content=\"2025-01-03T12:03:14+00:00\" \/>\n<meta property=\"og:image\" content=\"https:\/\/www.istegroup.com\/wp-content\/uploads\/2022\/06\/Integration-de-donnees-biologiques.jpeg\" \/>\n\t<meta property=\"og:image:width\" content=\"300\" \/>\n\t<meta property=\"og:image:height\" content=\"450\" \/>\n\t<meta property=\"og:image:type\" content=\"image\/jpeg\" \/>\n<meta name=\"twitter:card\" content=\"summary_large_image\" \/>\n<meta name=\"twitter:label1\" content=\"Est. reading time\" \/>\n\t<meta name=\"twitter:data1\" content=\"1 minute\" \/>\n<script type=\"application\/ld+json\" class=\"yoast-schema-graph\">{\"@context\":\"https:\/\/schema.org\",\"@graph\":[{\"@type\":\"WebPage\",\"@id\":\"https:\/\/www.istegroup.com\/fr\/produit\/integration-de-donnees-biologiques\/\",\"url\":\"https:\/\/www.istegroup.com\/fr\/produit\/integration-de-donnees-biologiques\/\",\"name\":\"Int\u00e9gration de donn\u00e9es biologiques - ISTE Group\",\"isPartOf\":{\"@id\":\"https:\/\/www.istegroup.com\/#website\"},\"primaryImageOfPage\":{\"@id\":\"https:\/\/www.istegroup.com\/fr\/produit\/integration-de-donnees-biologiques\/#primaryimage\"},\"image\":{\"@id\":\"https:\/\/www.istegroup.com\/fr\/produit\/integration-de-donnees-biologiques\/#primaryimage\"},\"thumbnailUrl\":\"https:\/\/www.istegroup.com\/wp-content\/uploads\/2022\/06\/Integration-de-donnees-biologiques.jpeg\",\"datePublished\":\"2022-07-04T11:50:26+00:00\",\"dateModified\":\"2025-01-03T12:03:14+00:00\",\"description\":\"Int\u00e9gration de donn\u00e9es biologiques traite de fa\u00e7on p\u00e9dagogique des travaux de recherche dans la science des donn\u00e9es biologiques, il examine les approches informatiques pour l\u2019int\u00e9gration des donn\u00e9es puis les approches statistiques pour l\u2019int\u00e9gration des donn\u00e9es omiques.\",\"breadcrumb\":{\"@id\":\"https:\/\/www.istegroup.com\/fr\/produit\/integration-de-donnees-biologiques\/#breadcrumb\"},\"inLanguage\":\"fr-FR\",\"potentialAction\":[{\"@type\":\"ReadAction\",\"target\":[\"https:\/\/www.istegroup.com\/fr\/produit\/integration-de-donnees-biologiques\/\"]}]},{\"@type\":\"ImageObject\",\"inLanguage\":\"fr-FR\",\"@id\":\"https:\/\/www.istegroup.com\/fr\/produit\/integration-de-donnees-biologiques\/#primaryimage\",\"url\":\"https:\/\/www.istegroup.com\/wp-content\/uploads\/2022\/06\/Integration-de-donnees-biologiques.jpeg\",\"contentUrl\":\"https:\/\/www.istegroup.com\/wp-content\/uploads\/2022\/06\/Integration-de-donnees-biologiques.jpeg\",\"width\":300,\"height\":450,\"caption\":\"Livre scientifique - Int\u00e9gration de donn\u00e9es biologiques - Encyclop\u00e9die SCIENCES\"},{\"@type\":\"BreadcrumbList\",\"@id\":\"https:\/\/www.istegroup.com\/fr\/produit\/integration-de-donnees-biologiques\/#breadcrumb\",\"itemListElement\":[{\"@type\":\"ListItem\",\"position\":1,\"name\":\"Home\",\"item\":\"https:\/\/www.istegroup.com\/\"},{\"@type\":\"ListItem\",\"position\":2,\"name\":\"Shop\",\"item\":\"https:\/\/www.istegroup.com\/fr\/nouveautes\/\"},{\"@type\":\"ListItem\",\"position\":3,\"name\":\"Int\u00e9gration de donn\u00e9es biologiques\"}]},{\"@type\":\"WebSite\",\"@id\":\"https:\/\/www.istegroup.com\/#website\",\"url\":\"https:\/\/www.istegroup.com\/\",\"name\":\"ISTE Group\",\"description\":\"\u00c9diteur des Sciences\",\"potentialAction\":[{\"@type\":\"SearchAction\",\"target\":{\"@type\":\"EntryPoint\",\"urlTemplate\":\"https:\/\/www.istegroup.com\/?s={search_term_string}\"},\"query-input\":{\"@type\":\"PropertyValueSpecification\",\"valueRequired\":true,\"valueName\":\"search_term_string\"}}],\"inLanguage\":\"fr-FR\"}]}<\/script>\n<!-- \/ Yoast SEO plugin. -->","yoast_head_json":{"title":"Int\u00e9gration de donn\u00e9es biologiques - ISTE Group","description":"Int\u00e9gration de donn\u00e9es biologiques traite de fa\u00e7on p\u00e9dagogique des travaux de recherche dans la science des donn\u00e9es biologiques, il examine les approches informatiques pour l\u2019int\u00e9gration des donn\u00e9es puis les approches statistiques pour l\u2019int\u00e9gration des donn\u00e9es omiques.","robots":{"index":"index","follow":"follow","max-snippet":"max-snippet:-1","max-image-preview":"max-image-preview:large","max-video-preview":"max-video-preview:-1"},"canonical":"https:\/\/www.istegroup.com\/fr\/produit\/integration-de-donnees-biologiques\/","og_locale":"fr_FR","og_type":"article","og_title":"Int\u00e9gration de donn\u00e9es biologiques - ISTE Group","og_description":"Int\u00e9gration de donn\u00e9es biologiques traite de fa\u00e7on p\u00e9dagogique des travaux de recherche dans la science des donn\u00e9es biologiques, il examine les approches informatiques pour l\u2019int\u00e9gration des donn\u00e9es puis les approches statistiques pour l\u2019int\u00e9gration des donn\u00e9es omiques.","og_url":"https:\/\/www.istegroup.com\/fr\/produit\/integration-de-donnees-biologiques\/","og_site_name":"ISTE Group","article_modified_time":"2025-01-03T12:03:14+00:00","og_image":[{"width":300,"height":450,"url":"https:\/\/www.istegroup.com\/wp-content\/uploads\/2022\/06\/Integration-de-donnees-biologiques.jpeg","type":"image\/jpeg"}],"twitter_card":"summary_large_image","twitter_misc":{"Est. reading time":"1 minute"},"schema":{"@context":"https:\/\/schema.org","@graph":[{"@type":"WebPage","@id":"https:\/\/www.istegroup.com\/fr\/produit\/integration-de-donnees-biologiques\/","url":"https:\/\/www.istegroup.com\/fr\/produit\/integration-de-donnees-biologiques\/","name":"Int\u00e9gration de donn\u00e9es biologiques - ISTE Group","isPartOf":{"@id":"https:\/\/www.istegroup.com\/#website"},"primaryImageOfPage":{"@id":"https:\/\/www.istegroup.com\/fr\/produit\/integration-de-donnees-biologiques\/#primaryimage"},"image":{"@id":"https:\/\/www.istegroup.com\/fr\/produit\/integration-de-donnees-biologiques\/#primaryimage"},"thumbnailUrl":"https:\/\/www.istegroup.com\/wp-content\/uploads\/2022\/06\/Integration-de-donnees-biologiques.jpeg","datePublished":"2022-07-04T11:50:26+00:00","dateModified":"2025-01-03T12:03:14+00:00","description":"Int\u00e9gration de donn\u00e9es biologiques traite de fa\u00e7on p\u00e9dagogique des travaux de recherche dans la science des donn\u00e9es biologiques, il examine les approches informatiques pour l\u2019int\u00e9gration des donn\u00e9es puis les approches statistiques pour l\u2019int\u00e9gration des donn\u00e9es omiques.","breadcrumb":{"@id":"https:\/\/www.istegroup.com\/fr\/produit\/integration-de-donnees-biologiques\/#breadcrumb"},"inLanguage":"fr-FR","potentialAction":[{"@type":"ReadAction","target":["https:\/\/www.istegroup.com\/fr\/produit\/integration-de-donnees-biologiques\/"]}]},{"@type":"ImageObject","inLanguage":"fr-FR","@id":"https:\/\/www.istegroup.com\/fr\/produit\/integration-de-donnees-biologiques\/#primaryimage","url":"https:\/\/www.istegroup.com\/wp-content\/uploads\/2022\/06\/Integration-de-donnees-biologiques.jpeg","contentUrl":"https:\/\/www.istegroup.com\/wp-content\/uploads\/2022\/06\/Integration-de-donnees-biologiques.jpeg","width":300,"height":450,"caption":"Livre scientifique - Int\u00e9gration de donn\u00e9es biologiques - Encyclop\u00e9die SCIENCES"},{"@type":"BreadcrumbList","@id":"https:\/\/www.istegroup.com\/fr\/produit\/integration-de-donnees-biologiques\/#breadcrumb","itemListElement":[{"@type":"ListItem","position":1,"name":"Home","item":"https:\/\/www.istegroup.com\/"},{"@type":"ListItem","position":2,"name":"Shop","item":"https:\/\/www.istegroup.com\/fr\/nouveautes\/"},{"@type":"ListItem","position":3,"name":"Int\u00e9gration de donn\u00e9es biologiques"}]},{"@type":"WebSite","@id":"https:\/\/www.istegroup.com\/#website","url":"https:\/\/www.istegroup.com\/","name":"ISTE Group","description":"\u00c9diteur des Sciences","potentialAction":[{"@type":"SearchAction","target":{"@type":"EntryPoint","urlTemplate":"https:\/\/www.istegroup.com\/?s={search_term_string}"},"query-input":{"@type":"PropertyValueSpecification","valueRequired":true,"valueName":"search_term_string"}}],"inLanguage":"fr-FR"}]}},"_links":{"self":[{"href":"https:\/\/www.istegroup.com\/fr\/wp-json\/wp\/v2\/product\/23918","targetHints":{"allow":["GET"]}}],"collection":[{"href":"https:\/\/www.istegroup.com\/fr\/wp-json\/wp\/v2\/product"}],"about":[{"href":"https:\/\/www.istegroup.com\/fr\/wp-json\/wp\/v2\/types\/product"}],"wp:featuredmedia":[{"embeddable":true,"href":"https:\/\/www.istegroup.com\/fr\/wp-json\/wp\/v2\/media\/46998"}],"wp:attachment":[{"href":"https:\/\/www.istegroup.com\/fr\/wp-json\/wp\/v2\/media?parent=23918"}],"wp:term":[{"taxonomy":"product_brand","embeddable":true,"href":"https:\/\/www.istegroup.com\/fr\/wp-json\/wp\/v2\/product_brand?post=23918"},{"taxonomy":"product_cat","embeddable":true,"href":"https:\/\/www.istegroup.com\/fr\/wp-json\/wp\/v2\/product_cat?post=23918"},{"taxonomy":"product_tag","embeddable":true,"href":"https:\/\/www.istegroup.com\/fr\/wp-json\/wp\/v2\/product_tag?post=23918"}],"curies":[{"name":"wp","href":"https:\/\/api.w.org\/{rel}","templated":true}]}}