{"id":23917,"date":"2022-07-03T16:21:29","date_gmt":"2022-07-03T15:21:29","guid":{"rendered":"https:\/\/www.istegroup.com\/?post_type=product&#038;p=23917"},"modified":"2025-01-03T12:03:27","modified_gmt":"2025-01-03T12:03:27","slug":"approches-symboliques-de-la-modelisation-et-de-lanalyse-des-systemes-biologiques","status":"publish","type":"product","link":"https:\/\/www.istegroup.com\/fr\/produit\/approches-symboliques-de-la-modelisation-et-de-lanalyse-des-systemes-biologiques\/","title":{"rendered":"Approches symboliques de la mod\u00e9lisation et de l\u2019analyse des syst\u00e8mes biologiques"},"content":{"rendered":"<p>La biologie des syst\u00e8mes, ou biologie syst\u00e9mique, est une approche de la biologie qui consiste \u00e0 englober la complexit\u00e9 des interactions entre les entit\u00e9s biologiques dans un tout syst\u00e9mique. Le but \u00e9tant de comprendre l\u2019\u00e9mergence de propri\u00e9t\u00e9s physiologiques ou fonctionnelles.<\/p>\n<p><em>Approches symboliques de la mod\u00e9lisation et de l\u2019analyse des syst\u00e8mes biologiques<\/em> pr\u00e9sente les apports de m\u00e9thodes formelles issues de l\u2019informatique pour la mod\u00e9lisation de la dynamique des syst\u00e8mes biologiques. Il traite plus sp\u00e9cifiquement des m\u00e9thodes symboliques, c\u2019est-\u00e0-dire qui peuvent \u00e9tablir des propri\u00e9t\u00e9s qualitatives des mod\u00e8les.<\/p>\n<p>Cet ouvrage expose diff\u00e9rentes approches li\u00e9es \u00e0 la s\u00e9mantique, au langage, \u00e0 la mod\u00e9lisation et \u00e0 leur lien avec les donn\u00e9es, et nous permet d\u2019examiner des probl\u00e8mes fondamentaux et des d\u00e9fis auxquels nous confronte la biologie des syst\u00e8mes. Une premi\u00e8re partie regroupe des travaux qui s\u2019appuient sur les diverses donn\u00e9es accessibles pour construire des mod\u00e8les alors que la seconde pr\u00e9sente des contributions autour des questions de la s\u00e9mantique et des m\u00e9thodes formelles.<\/p>","protected":false},"excerpt":{"rendered":"<p>La biologie des syst\u00e8mes, ou biologie syst\u00e9mique, est une approche de la biologie qui consiste \u00e0 englober la complexit\u00e9 des interactions entre les entit\u00e9s biologiques dans un tout syst\u00e9mique. Le but \u00e9tant de comprendre l\u2019\u00e9mergence de propri\u00e9t\u00e9s physiologiques ou fonctionnelles. Approches symboliques de la mod\u00e9lisation et de l\u2019analyse des syst\u00e8mes biologiques pr\u00e9sente les apports de [&hellip;]<\/p>\n","protected":false},"featured_media":46903,"template":"","meta":{"_acf_changed":false,"_links_to":"","_links_to_target":""},"product_brand":[],"product_cat":[4289],"product_tag":[],"class_list":{"0":"post-23917","1":"product","2":"type-product","3":"status-publish","4":"has-post-thumbnail","6":"product_cat-sciences","8":"first","9":"instock","10":"shipping-taxable","11":"purchasable","12":"product-type-variable"},"acf":[],"yoast_head":"<!-- This site is optimized with the Yoast SEO plugin v27.2 - https:\/\/yoast.com\/product\/yoast-seo-wordpress\/ -->\n<title>Approches symboliques de la mod\u00e9lisation et de l\u2019analyse des syst\u00e8mes biologiques - ISTE Group<\/title>\n<meta name=\"description\" content=\"Approches symboliques de la mod\u00e9lisation et de l\u2019analyse des syst\u00e8mes biologiques pr\u00e9sente les apports de m\u00e9thodes formelles issues de l\u2019informatique pour la mod\u00e9lisation de la dynamique des syst\u00e8mes biologiques.\" \/>\n<meta name=\"robots\" content=\"index, follow, max-snippet:-1, max-image-preview:large, max-video-preview:-1\" \/>\n<link rel=\"canonical\" href=\"https:\/\/www.istegroup.com\/fr\/produit\/approches-symboliques-de-la-modelisation-et-de-lanalyse-des-systemes-biologiques\/\" \/>\n<meta property=\"og:locale\" content=\"fr_FR\" \/>\n<meta property=\"og:type\" content=\"article\" \/>\n<meta property=\"og:title\" content=\"Approches symboliques de la mod\u00e9lisation et de l\u2019analyse des syst\u00e8mes biologiques - ISTE Group\" \/>\n<meta property=\"og:description\" content=\"Approches symboliques de la mod\u00e9lisation et de l\u2019analyse des syst\u00e8mes biologiques pr\u00e9sente les apports de m\u00e9thodes formelles issues de l\u2019informatique pour la mod\u00e9lisation de la dynamique des syst\u00e8mes biologiques.\" \/>\n<meta property=\"og:url\" content=\"https:\/\/www.istegroup.com\/fr\/produit\/approches-symboliques-de-la-modelisation-et-de-lanalyse-des-systemes-biologiques\/\" \/>\n<meta property=\"og:site_name\" content=\"ISTE Group\" \/>\n<meta property=\"article:modified_time\" content=\"2025-01-03T12:03:27+00:00\" \/>\n<meta property=\"og:image\" content=\"https:\/\/www.istegroup.com\/wp-content\/uploads\/2022\/06\/Approches-symboliques-de-la-modelisation.jpeg\" \/>\n\t<meta property=\"og:image:width\" content=\"300\" \/>\n\t<meta property=\"og:image:height\" content=\"450\" \/>\n\t<meta property=\"og:image:type\" content=\"image\/jpeg\" \/>\n<meta name=\"twitter:card\" content=\"summary_large_image\" \/>\n<meta name=\"twitter:label1\" content=\"Est. reading time\" \/>\n\t<meta name=\"twitter:data1\" content=\"1 minute\" \/>\n<script type=\"application\/ld+json\" class=\"yoast-schema-graph\">{\"@context\":\"https:\/\/schema.org\",\"@graph\":[{\"@type\":\"WebPage\",\"@id\":\"https:\/\/www.istegroup.com\/fr\/produit\/approches-symboliques-de-la-modelisation-et-de-lanalyse-des-systemes-biologiques\/\",\"url\":\"https:\/\/www.istegroup.com\/fr\/produit\/approches-symboliques-de-la-modelisation-et-de-lanalyse-des-systemes-biologiques\/\",\"name\":\"Approches symboliques de la mod\u00e9lisation et de l\u2019analyse des syst\u00e8mes biologiques - ISTE Group\",\"isPartOf\":{\"@id\":\"https:\/\/www.istegroup.com\/#website\"},\"primaryImageOfPage\":{\"@id\":\"https:\/\/www.istegroup.com\/fr\/produit\/approches-symboliques-de-la-modelisation-et-de-lanalyse-des-systemes-biologiques\/#primaryimage\"},\"image\":{\"@id\":\"https:\/\/www.istegroup.com\/fr\/produit\/approches-symboliques-de-la-modelisation-et-de-lanalyse-des-systemes-biologiques\/#primaryimage\"},\"thumbnailUrl\":\"https:\/\/www.istegroup.com\/wp-content\/uploads\/2022\/06\/Approches-symboliques-de-la-modelisation.jpeg\",\"datePublished\":\"2022-07-03T15:21:29+00:00\",\"dateModified\":\"2025-01-03T12:03:27+00:00\",\"description\":\"Approches symboliques de la mod\u00e9lisation et de l\u2019analyse des syst\u00e8mes biologiques pr\u00e9sente les apports de m\u00e9thodes formelles issues de l\u2019informatique pour la mod\u00e9lisation de la dynamique des syst\u00e8mes biologiques.\",\"breadcrumb\":{\"@id\":\"https:\/\/www.istegroup.com\/fr\/produit\/approches-symboliques-de-la-modelisation-et-de-lanalyse-des-systemes-biologiques\/#breadcrumb\"},\"inLanguage\":\"fr-FR\",\"potentialAction\":[{\"@type\":\"ReadAction\",\"target\":[\"https:\/\/www.istegroup.com\/fr\/produit\/approches-symboliques-de-la-modelisation-et-de-lanalyse-des-systemes-biologiques\/\"]}]},{\"@type\":\"ImageObject\",\"inLanguage\":\"fr-FR\",\"@id\":\"https:\/\/www.istegroup.com\/fr\/produit\/approches-symboliques-de-la-modelisation-et-de-lanalyse-des-systemes-biologiques\/#primaryimage\",\"url\":\"https:\/\/www.istegroup.com\/wp-content\/uploads\/2022\/06\/Approches-symboliques-de-la-modelisation.jpeg\",\"contentUrl\":\"https:\/\/www.istegroup.com\/wp-content\/uploads\/2022\/06\/Approches-symboliques-de-la-modelisation.jpeg\",\"width\":300,\"height\":450,\"caption\":\"Livre scientifique - Approches symboliques de la mod\u00e9lisation et de l\u2019analyse des syst\u00e8mes biologiques - Encyclop\u00e9die SCIENCES\"},{\"@type\":\"BreadcrumbList\",\"@id\":\"https:\/\/www.istegroup.com\/fr\/produit\/approches-symboliques-de-la-modelisation-et-de-lanalyse-des-systemes-biologiques\/#breadcrumb\",\"itemListElement\":[{\"@type\":\"ListItem\",\"position\":1,\"name\":\"Home\",\"item\":\"https:\/\/www.istegroup.com\/\"},{\"@type\":\"ListItem\",\"position\":2,\"name\":\"Shop\",\"item\":\"https:\/\/www.istegroup.com\/fr\/nouveautes\/\"},{\"@type\":\"ListItem\",\"position\":3,\"name\":\"Approches symboliques de la mod\u00e9lisation et de l\u2019analyse des syst\u00e8mes biologiques\"}]},{\"@type\":\"WebSite\",\"@id\":\"https:\/\/www.istegroup.com\/#website\",\"url\":\"https:\/\/www.istegroup.com\/\",\"name\":\"ISTE Group\",\"description\":\"\u00c9diteur des Sciences\",\"potentialAction\":[{\"@type\":\"SearchAction\",\"target\":{\"@type\":\"EntryPoint\",\"urlTemplate\":\"https:\/\/www.istegroup.com\/?s={search_term_string}\"},\"query-input\":{\"@type\":\"PropertyValueSpecification\",\"valueRequired\":true,\"valueName\":\"search_term_string\"}}],\"inLanguage\":\"fr-FR\"}]}<\/script>\n<!-- \/ Yoast SEO plugin. -->","yoast_head_json":{"title":"Approches symboliques de la mod\u00e9lisation et de l\u2019analyse des syst\u00e8mes biologiques - ISTE Group","description":"Approches symboliques de la mod\u00e9lisation et de l\u2019analyse des syst\u00e8mes biologiques pr\u00e9sente les apports de m\u00e9thodes formelles issues de l\u2019informatique pour la mod\u00e9lisation de la dynamique des syst\u00e8mes biologiques.","robots":{"index":"index","follow":"follow","max-snippet":"max-snippet:-1","max-image-preview":"max-image-preview:large","max-video-preview":"max-video-preview:-1"},"canonical":"https:\/\/www.istegroup.com\/fr\/produit\/approches-symboliques-de-la-modelisation-et-de-lanalyse-des-systemes-biologiques\/","og_locale":"fr_FR","og_type":"article","og_title":"Approches symboliques de la mod\u00e9lisation et de l\u2019analyse des syst\u00e8mes biologiques - ISTE Group","og_description":"Approches symboliques de la mod\u00e9lisation et de l\u2019analyse des syst\u00e8mes biologiques pr\u00e9sente les apports de m\u00e9thodes formelles issues de l\u2019informatique pour la mod\u00e9lisation de la dynamique des syst\u00e8mes biologiques.","og_url":"https:\/\/www.istegroup.com\/fr\/produit\/approches-symboliques-de-la-modelisation-et-de-lanalyse-des-systemes-biologiques\/","og_site_name":"ISTE Group","article_modified_time":"2025-01-03T12:03:27+00:00","og_image":[{"width":300,"height":450,"url":"https:\/\/www.istegroup.com\/wp-content\/uploads\/2022\/06\/Approches-symboliques-de-la-modelisation.jpeg","type":"image\/jpeg"}],"twitter_card":"summary_large_image","twitter_misc":{"Est. reading time":"1 minute"},"schema":{"@context":"https:\/\/schema.org","@graph":[{"@type":"WebPage","@id":"https:\/\/www.istegroup.com\/fr\/produit\/approches-symboliques-de-la-modelisation-et-de-lanalyse-des-systemes-biologiques\/","url":"https:\/\/www.istegroup.com\/fr\/produit\/approches-symboliques-de-la-modelisation-et-de-lanalyse-des-systemes-biologiques\/","name":"Approches symboliques de la mod\u00e9lisation et de l\u2019analyse des syst\u00e8mes biologiques - ISTE Group","isPartOf":{"@id":"https:\/\/www.istegroup.com\/#website"},"primaryImageOfPage":{"@id":"https:\/\/www.istegroup.com\/fr\/produit\/approches-symboliques-de-la-modelisation-et-de-lanalyse-des-systemes-biologiques\/#primaryimage"},"image":{"@id":"https:\/\/www.istegroup.com\/fr\/produit\/approches-symboliques-de-la-modelisation-et-de-lanalyse-des-systemes-biologiques\/#primaryimage"},"thumbnailUrl":"https:\/\/www.istegroup.com\/wp-content\/uploads\/2022\/06\/Approches-symboliques-de-la-modelisation.jpeg","datePublished":"2022-07-03T15:21:29+00:00","dateModified":"2025-01-03T12:03:27+00:00","description":"Approches symboliques de la mod\u00e9lisation et de l\u2019analyse des syst\u00e8mes biologiques pr\u00e9sente les apports de m\u00e9thodes formelles issues de l\u2019informatique pour la mod\u00e9lisation de la dynamique des syst\u00e8mes biologiques.","breadcrumb":{"@id":"https:\/\/www.istegroup.com\/fr\/produit\/approches-symboliques-de-la-modelisation-et-de-lanalyse-des-systemes-biologiques\/#breadcrumb"},"inLanguage":"fr-FR","potentialAction":[{"@type":"ReadAction","target":["https:\/\/www.istegroup.com\/fr\/produit\/approches-symboliques-de-la-modelisation-et-de-lanalyse-des-systemes-biologiques\/"]}]},{"@type":"ImageObject","inLanguage":"fr-FR","@id":"https:\/\/www.istegroup.com\/fr\/produit\/approches-symboliques-de-la-modelisation-et-de-lanalyse-des-systemes-biologiques\/#primaryimage","url":"https:\/\/www.istegroup.com\/wp-content\/uploads\/2022\/06\/Approches-symboliques-de-la-modelisation.jpeg","contentUrl":"https:\/\/www.istegroup.com\/wp-content\/uploads\/2022\/06\/Approches-symboliques-de-la-modelisation.jpeg","width":300,"height":450,"caption":"Livre scientifique - Approches symboliques de la mod\u00e9lisation et de l\u2019analyse des syst\u00e8mes biologiques - Encyclop\u00e9die SCIENCES"},{"@type":"BreadcrumbList","@id":"https:\/\/www.istegroup.com\/fr\/produit\/approches-symboliques-de-la-modelisation-et-de-lanalyse-des-systemes-biologiques\/#breadcrumb","itemListElement":[{"@type":"ListItem","position":1,"name":"Home","item":"https:\/\/www.istegroup.com\/"},{"@type":"ListItem","position":2,"name":"Shop","item":"https:\/\/www.istegroup.com\/fr\/nouveautes\/"},{"@type":"ListItem","position":3,"name":"Approches symboliques de la mod\u00e9lisation et de l\u2019analyse des syst\u00e8mes biologiques"}]},{"@type":"WebSite","@id":"https:\/\/www.istegroup.com\/#website","url":"https:\/\/www.istegroup.com\/","name":"ISTE Group","description":"\u00c9diteur des Sciences","potentialAction":[{"@type":"SearchAction","target":{"@type":"EntryPoint","urlTemplate":"https:\/\/www.istegroup.com\/?s={search_term_string}"},"query-input":{"@type":"PropertyValueSpecification","valueRequired":true,"valueName":"search_term_string"}}],"inLanguage":"fr-FR"}]}},"_links":{"self":[{"href":"https:\/\/www.istegroup.com\/fr\/wp-json\/wp\/v2\/product\/23917","targetHints":{"allow":["GET"]}}],"collection":[{"href":"https:\/\/www.istegroup.com\/fr\/wp-json\/wp\/v2\/product"}],"about":[{"href":"https:\/\/www.istegroup.com\/fr\/wp-json\/wp\/v2\/types\/product"}],"wp:featuredmedia":[{"embeddable":true,"href":"https:\/\/www.istegroup.com\/fr\/wp-json\/wp\/v2\/media\/46903"}],"wp:attachment":[{"href":"https:\/\/www.istegroup.com\/fr\/wp-json\/wp\/v2\/media?parent=23917"}],"wp:term":[{"taxonomy":"product_brand","embeddable":true,"href":"https:\/\/www.istegroup.com\/fr\/wp-json\/wp\/v2\/product_brand?post=23917"},{"taxonomy":"product_cat","embeddable":true,"href":"https:\/\/www.istegroup.com\/fr\/wp-json\/wp\/v2\/product_cat?post=23917"},{"taxonomy":"product_tag","embeddable":true,"href":"https:\/\/www.istegroup.com\/fr\/wp-json\/wp\/v2\/product_tag?post=23917"}],"curies":[{"name":"wp","href":"https:\/\/api.w.org\/{rel}","templated":true}]}}