{"id":23901,"date":"2023-02-27T13:23:29","date_gmt":"2023-02-27T13:23:29","guid":{"rendered":"https:\/\/www.istegroup.com\/?post_type=product&#038;p=23901"},"modified":"2025-01-03T11:12:50","modified_gmt":"2025-01-03T11:12:50","slug":"inversion-et-assimilation-de-donnees-de-teledetection","status":"publish","type":"product","link":"https:\/\/www.istegroup.com\/fr\/produit\/inversion-et-assimilation-de-donnees-de-teledetection\/","title":{"rendered":"Inversion et assimilation de donn\u00e9es de t\u00e9l\u00e9d\u00e9tection"},"content":{"rendered":"<p>Les donn\u00e9es de t\u00e9l\u00e9d\u00e9tection constituent d\u00e9sormais les sources primordiales pour l\u2019observation de la Terre et de l\u2019Univers. Les techniques d\u2019inversion et d\u2019assimilation de donn\u00e9es repr\u00e9sentent les outils principaux permettant l\u2019estimation et la pr\u00e9diction des param\u00e8tres g\u00e9ophysiques qui caract\u00e9risent l\u2019\u00e9volution de notre plan\u00e8te et de l\u2019Univers, en exploitant les donn\u00e9es de t\u00e9l\u00e9d\u00e9tection.<\/p>\n<p><em>Inversion et assimilation de donn\u00e9es de t\u00e9l\u00e9d\u00e9tection<\/em> traite des avanc\u00e9es r\u00e9centes dans l\u2019inversion et l\u2019assimilation de donn\u00e9es de t\u00e9l\u00e9d\u00e9tection. Il pr\u00e9sente les m\u00e9thodes traditionnelles et les m\u00e9thodes actuelles de r\u00e9seaux de neurones, ainsi que de nombreuses th\u00e9matiques o\u00f9 ces m\u00e9thodes ont \u00e9t\u00e9 d\u00e9velopp\u00e9es ou adapt\u00e9es en fonction de la sp\u00e9cificit\u00e9 du domaine. La partie assimilation porte sur les probl\u00e8mes de pr\u00e9diction en surveillance de surface continentale, en mod\u00e9lisation des incendies de for\u00eat, en volcanologie et en glaciologie. La partie inversion comprend l\u2019inversion de la biomasse avec des images SAR, l\u2019inversion bio-physio-hydrologique dans les zones c\u00f4ti\u00e8res avec des images multi et hyperspectrales et l\u2019inversion en astrophysique avec les donn\u00e9es issues de t\u00e9lescopes.<\/p>","protected":false},"excerpt":{"rendered":"<p>Les donn\u00e9es de t\u00e9l\u00e9d\u00e9tection constituent d\u00e9sormais les sources primordiales pour l\u2019observation de la Terre et de l\u2019Univers. Les techniques d\u2019inversion et d\u2019assimilation de donn\u00e9es repr\u00e9sentent les outils principaux permettant l\u2019estimation et la pr\u00e9diction des param\u00e8tres g\u00e9ophysiques qui caract\u00e9risent l\u2019\u00e9volution de notre plan\u00e8te et de l\u2019Univers, en exploitant les donn\u00e9es de t\u00e9l\u00e9d\u00e9tection. Inversion et assimilation de [&hellip;]<\/p>\n","protected":false},"featured_media":50174,"template":"","meta":{"_acf_changed":false,"_links_to":"","_links_to_target":""},"product_brand":[],"product_cat":[4289],"product_tag":[],"class_list":{"0":"post-23901","1":"product","2":"type-product","3":"status-publish","4":"has-post-thumbnail","6":"product_cat-sciences","8":"first","9":"instock","10":"shipping-taxable","11":"purchasable","12":"product-type-variable"},"acf":[],"yoast_head":"<!-- This site is optimized with the Yoast SEO plugin v27.2 - https:\/\/yoast.com\/product\/yoast-seo-wordpress\/ -->\n<title>Inversion et assimilation de donn\u00e9es de t\u00e9l\u00e9d\u00e9tection - ISTE Group<\/title>\n<meta name=\"robots\" content=\"index, follow, max-snippet:-1, max-image-preview:large, max-video-preview:-1\" \/>\n<link rel=\"canonical\" href=\"https:\/\/www.istegroup.com\/fr\/produit\/inversion-et-assimilation-de-donnees-de-teledetection\/\" \/>\n<meta property=\"og:locale\" content=\"fr_FR\" \/>\n<meta property=\"og:type\" content=\"article\" \/>\n<meta property=\"og:title\" content=\"Inversion et assimilation de donn\u00e9es de t\u00e9l\u00e9d\u00e9tection - ISTE Group\" \/>\n<meta property=\"og:description\" content=\"Les donn\u00e9es de t\u00e9l\u00e9d\u00e9tection constituent d\u00e9sormais les sources primordiales pour l\u2019observation de la Terre et de l\u2019Univers. Les techniques d\u2019inversion et d\u2019assimilation de donn\u00e9es repr\u00e9sentent les outils principaux permettant l\u2019estimation et la pr\u00e9diction des param\u00e8tres g\u00e9ophysiques qui caract\u00e9risent l\u2019\u00e9volution de notre plan\u00e8te et de l\u2019Univers, en exploitant les donn\u00e9es de t\u00e9l\u00e9d\u00e9tection. Inversion et assimilation de [&hellip;]\" \/>\n<meta property=\"og:url\" content=\"https:\/\/www.istegroup.com\/fr\/produit\/inversion-et-assimilation-de-donnees-de-teledetection\/\" \/>\n<meta property=\"og:site_name\" content=\"ISTE Group\" \/>\n<meta property=\"article:modified_time\" content=\"2025-01-03T11:12:50+00:00\" \/>\n<meta property=\"og:image\" content=\"https:\/\/www.istegroup.com\/wp-content\/uploads\/2019\/11\/Inversion-et-assimilation-de-donnees-de-teledetection.jpeg\" \/>\n\t<meta property=\"og:image:width\" content=\"300\" \/>\n\t<meta property=\"og:image:height\" content=\"450\" \/>\n\t<meta property=\"og:image:type\" content=\"image\/jpeg\" \/>\n<meta name=\"twitter:card\" content=\"summary_large_image\" \/>\n<meta name=\"twitter:label1\" content=\"Est. reading time\" \/>\n\t<meta name=\"twitter:data1\" content=\"1 minute\" \/>\n<script type=\"application\/ld+json\" class=\"yoast-schema-graph\">{\"@context\":\"https:\/\/schema.org\",\"@graph\":[{\"@type\":\"WebPage\",\"@id\":\"https:\/\/www.istegroup.com\/fr\/produit\/inversion-et-assimilation-de-donnees-de-teledetection\/\",\"url\":\"https:\/\/www.istegroup.com\/fr\/produit\/inversion-et-assimilation-de-donnees-de-teledetection\/\",\"name\":\"Inversion et assimilation de donn\u00e9es de t\u00e9l\u00e9d\u00e9tection - ISTE Group\",\"isPartOf\":{\"@id\":\"https:\/\/www.istegroup.com\/#website\"},\"primaryImageOfPage\":{\"@id\":\"https:\/\/www.istegroup.com\/fr\/produit\/inversion-et-assimilation-de-donnees-de-teledetection\/#primaryimage\"},\"image\":{\"@id\":\"https:\/\/www.istegroup.com\/fr\/produit\/inversion-et-assimilation-de-donnees-de-teledetection\/#primaryimage\"},\"thumbnailUrl\":\"https:\/\/www.istegroup.com\/wp-content\/uploads\/2019\/11\/Inversion-et-assimilation-de-donnees-de-teledetection.jpeg\",\"datePublished\":\"2023-02-27T13:23:29+00:00\",\"dateModified\":\"2025-01-03T11:12:50+00:00\",\"breadcrumb\":{\"@id\":\"https:\/\/www.istegroup.com\/fr\/produit\/inversion-et-assimilation-de-donnees-de-teledetection\/#breadcrumb\"},\"inLanguage\":\"fr-FR\",\"potentialAction\":[{\"@type\":\"ReadAction\",\"target\":[\"https:\/\/www.istegroup.com\/fr\/produit\/inversion-et-assimilation-de-donnees-de-teledetection\/\"]}]},{\"@type\":\"ImageObject\",\"inLanguage\":\"fr-FR\",\"@id\":\"https:\/\/www.istegroup.com\/fr\/produit\/inversion-et-assimilation-de-donnees-de-teledetection\/#primaryimage\",\"url\":\"https:\/\/www.istegroup.com\/wp-content\/uploads\/2019\/11\/Inversion-et-assimilation-de-donnees-de-teledetection.jpeg\",\"contentUrl\":\"https:\/\/www.istegroup.com\/wp-content\/uploads\/2019\/11\/Inversion-et-assimilation-de-donnees-de-teledetection.jpeg\",\"width\":300,\"height\":450,\"caption\":\"Livre scientifique - Inversion et assimilation de donn\u00e9es de t\u00e9l\u00e9d\u00e9tection - Encyclop\u00e9die SCIENCES\"},{\"@type\":\"BreadcrumbList\",\"@id\":\"https:\/\/www.istegroup.com\/fr\/produit\/inversion-et-assimilation-de-donnees-de-teledetection\/#breadcrumb\",\"itemListElement\":[{\"@type\":\"ListItem\",\"position\":1,\"name\":\"Home\",\"item\":\"https:\/\/www.istegroup.com\/\"},{\"@type\":\"ListItem\",\"position\":2,\"name\":\"Shop\",\"item\":\"https:\/\/www.istegroup.com\/fr\/nouveautes\/\"},{\"@type\":\"ListItem\",\"position\":3,\"name\":\"Inversion et assimilation de donn\u00e9es de t\u00e9l\u00e9d\u00e9tection\"}]},{\"@type\":\"WebSite\",\"@id\":\"https:\/\/www.istegroup.com\/#website\",\"url\":\"https:\/\/www.istegroup.com\/\",\"name\":\"ISTE Group\",\"description\":\"\u00c9diteur des Sciences\",\"potentialAction\":[{\"@type\":\"SearchAction\",\"target\":{\"@type\":\"EntryPoint\",\"urlTemplate\":\"https:\/\/www.istegroup.com\/?s={search_term_string}\"},\"query-input\":{\"@type\":\"PropertyValueSpecification\",\"valueRequired\":true,\"valueName\":\"search_term_string\"}}],\"inLanguage\":\"fr-FR\"}]}<\/script>\n<!-- \/ Yoast SEO plugin. -->","yoast_head_json":{"title":"Inversion et assimilation de donn\u00e9es de t\u00e9l\u00e9d\u00e9tection - ISTE Group","robots":{"index":"index","follow":"follow","max-snippet":"max-snippet:-1","max-image-preview":"max-image-preview:large","max-video-preview":"max-video-preview:-1"},"canonical":"https:\/\/www.istegroup.com\/fr\/produit\/inversion-et-assimilation-de-donnees-de-teledetection\/","og_locale":"fr_FR","og_type":"article","og_title":"Inversion et assimilation de donn\u00e9es de t\u00e9l\u00e9d\u00e9tection - ISTE Group","og_description":"Les donn\u00e9es de t\u00e9l\u00e9d\u00e9tection constituent d\u00e9sormais les sources primordiales pour l\u2019observation de la Terre et de l\u2019Univers. Les techniques d\u2019inversion et d\u2019assimilation de donn\u00e9es repr\u00e9sentent les outils principaux permettant l\u2019estimation et la pr\u00e9diction des param\u00e8tres g\u00e9ophysiques qui caract\u00e9risent l\u2019\u00e9volution de notre plan\u00e8te et de l\u2019Univers, en exploitant les donn\u00e9es de t\u00e9l\u00e9d\u00e9tection. Inversion et assimilation de [&hellip;]","og_url":"https:\/\/www.istegroup.com\/fr\/produit\/inversion-et-assimilation-de-donnees-de-teledetection\/","og_site_name":"ISTE Group","article_modified_time":"2025-01-03T11:12:50+00:00","og_image":[{"width":300,"height":450,"url":"https:\/\/www.istegroup.com\/wp-content\/uploads\/2019\/11\/Inversion-et-assimilation-de-donnees-de-teledetection.jpeg","type":"image\/jpeg"}],"twitter_card":"summary_large_image","twitter_misc":{"Est. reading time":"1 minute"},"schema":{"@context":"https:\/\/schema.org","@graph":[{"@type":"WebPage","@id":"https:\/\/www.istegroup.com\/fr\/produit\/inversion-et-assimilation-de-donnees-de-teledetection\/","url":"https:\/\/www.istegroup.com\/fr\/produit\/inversion-et-assimilation-de-donnees-de-teledetection\/","name":"Inversion et assimilation de donn\u00e9es de t\u00e9l\u00e9d\u00e9tection - ISTE Group","isPartOf":{"@id":"https:\/\/www.istegroup.com\/#website"},"primaryImageOfPage":{"@id":"https:\/\/www.istegroup.com\/fr\/produit\/inversion-et-assimilation-de-donnees-de-teledetection\/#primaryimage"},"image":{"@id":"https:\/\/www.istegroup.com\/fr\/produit\/inversion-et-assimilation-de-donnees-de-teledetection\/#primaryimage"},"thumbnailUrl":"https:\/\/www.istegroup.com\/wp-content\/uploads\/2019\/11\/Inversion-et-assimilation-de-donnees-de-teledetection.jpeg","datePublished":"2023-02-27T13:23:29+00:00","dateModified":"2025-01-03T11:12:50+00:00","breadcrumb":{"@id":"https:\/\/www.istegroup.com\/fr\/produit\/inversion-et-assimilation-de-donnees-de-teledetection\/#breadcrumb"},"inLanguage":"fr-FR","potentialAction":[{"@type":"ReadAction","target":["https:\/\/www.istegroup.com\/fr\/produit\/inversion-et-assimilation-de-donnees-de-teledetection\/"]}]},{"@type":"ImageObject","inLanguage":"fr-FR","@id":"https:\/\/www.istegroup.com\/fr\/produit\/inversion-et-assimilation-de-donnees-de-teledetection\/#primaryimage","url":"https:\/\/www.istegroup.com\/wp-content\/uploads\/2019\/11\/Inversion-et-assimilation-de-donnees-de-teledetection.jpeg","contentUrl":"https:\/\/www.istegroup.com\/wp-content\/uploads\/2019\/11\/Inversion-et-assimilation-de-donnees-de-teledetection.jpeg","width":300,"height":450,"caption":"Livre scientifique - Inversion et assimilation de donn\u00e9es de t\u00e9l\u00e9d\u00e9tection - Encyclop\u00e9die SCIENCES"},{"@type":"BreadcrumbList","@id":"https:\/\/www.istegroup.com\/fr\/produit\/inversion-et-assimilation-de-donnees-de-teledetection\/#breadcrumb","itemListElement":[{"@type":"ListItem","position":1,"name":"Home","item":"https:\/\/www.istegroup.com\/"},{"@type":"ListItem","position":2,"name":"Shop","item":"https:\/\/www.istegroup.com\/fr\/nouveautes\/"},{"@type":"ListItem","position":3,"name":"Inversion et assimilation de donn\u00e9es de t\u00e9l\u00e9d\u00e9tection"}]},{"@type":"WebSite","@id":"https:\/\/www.istegroup.com\/#website","url":"https:\/\/www.istegroup.com\/","name":"ISTE Group","description":"\u00c9diteur des Sciences","potentialAction":[{"@type":"SearchAction","target":{"@type":"EntryPoint","urlTemplate":"https:\/\/www.istegroup.com\/?s={search_term_string}"},"query-input":{"@type":"PropertyValueSpecification","valueRequired":true,"valueName":"search_term_string"}}],"inLanguage":"fr-FR"}]}},"_links":{"self":[{"href":"https:\/\/www.istegroup.com\/fr\/wp-json\/wp\/v2\/product\/23901","targetHints":{"allow":["GET"]}}],"collection":[{"href":"https:\/\/www.istegroup.com\/fr\/wp-json\/wp\/v2\/product"}],"about":[{"href":"https:\/\/www.istegroup.com\/fr\/wp-json\/wp\/v2\/types\/product"}],"wp:featuredmedia":[{"embeddable":true,"href":"https:\/\/www.istegroup.com\/fr\/wp-json\/wp\/v2\/media\/50174"}],"wp:attachment":[{"href":"https:\/\/www.istegroup.com\/fr\/wp-json\/wp\/v2\/media?parent=23901"}],"wp:term":[{"taxonomy":"product_brand","embeddable":true,"href":"https:\/\/www.istegroup.com\/fr\/wp-json\/wp\/v2\/product_brand?post=23901"},{"taxonomy":"product_cat","embeddable":true,"href":"https:\/\/www.istegroup.com\/fr\/wp-json\/wp\/v2\/product_cat?post=23901"},{"taxonomy":"product_tag","embeddable":true,"href":"https:\/\/www.istegroup.com\/fr\/wp-json\/wp\/v2\/product_tag?post=23901"}],"curies":[{"name":"wp","href":"https:\/\/api.w.org\/{rel}","templated":true}]}}