{"id":23897,"date":"2023-02-26T13:15:44","date_gmt":"2023-02-26T13:15:44","guid":{"rendered":"https:\/\/www.istegroup.com\/?post_type=product&#038;p=23897"},"modified":"2025-01-03T11:13:21","modified_gmt":"2025-01-03T11:13:21","slug":"les-enjeux-de-lirm","status":"publish","type":"product","link":"https:\/\/www.istegroup.com\/fr\/produit\/les-enjeux-de-lirm\/","title":{"rendered":"Les enjeux de l\u2019IRM"},"content":{"rendered":"<p>Apr\u00e8s un rappel des notions essentielles de l\u2019imagerie par r\u00e9sonance magn\u00e9tique (IRM), <em>Les enjeux de l\u2019IRM<\/em> pr\u00e9sente les r\u00e9centes techniques et m\u00e9thodes de l\u2019IRM ainsi que les applications m\u00e9dicales qui en d\u00e9coulent. Ces techniques permettent d\u2019acc\u00e9der \u00e0 des informations qui vont bien au-del\u00e0 de l\u2019anatomie avec des informations de type fonctionnel, h\u00e9modynamique, de structure, biom\u00e9canique ou encore biochimique. L\u2019IRM permet de sonder de multiples fa\u00e7ons le vivant et garantit un potentiel de d\u00e9veloppements continuel int\u00e9grant plusieurs disciplines (physique, \u00e9lectronique, sciences du vivant, traitement du signal ou m\u00e9decine).<\/p>\n<p>Chaque chapitre de cet ouvrage collectif a \u00e9t\u00e9 con\u00e7u par des experts de la communaut\u00e9 fran\u00e7aise en IRM. Ils se sont attach\u00e9s \u00e0 d\u00e9crire les techniques en rappelant la physique sous-jacente et en d\u00e9taillant \u00e9galement la mod\u00e9lisation, les m\u00e9thodes et les strat\u00e9gies d\u2019acquisition ou d\u2019extraction de l\u2019information.<\/p>\n<p>Cet ouvrage s\u2019adresse autant aux \u00e9tudiants de master et doctorat qu\u2019aux enseignants-chercheurs en imagerie m\u00e9dicale et hospitalo-universitaires.<\/p>","protected":false},"excerpt":{"rendered":"<p>Apr\u00e8s un rappel des notions essentielles de l\u2019imagerie par r\u00e9sonance magn\u00e9tique (IRM), Les enjeux de l\u2019IRM pr\u00e9sente les r\u00e9centes techniques et m\u00e9thodes de l\u2019IRM ainsi que les applications m\u00e9dicales qui en d\u00e9coulent. Ces techniques permettent d\u2019acc\u00e9der \u00e0 des informations qui vont bien au-del\u00e0 de l\u2019anatomie avec des informations de type fonctionnel, h\u00e9modynamique, de structure, biom\u00e9canique [&hellip;]<\/p>\n","protected":false},"featured_media":50164,"template":"","meta":{"_acf_changed":false,"_links_to":"","_links_to_target":""},"product_brand":[],"product_cat":[4289],"product_tag":[],"class_list":{"0":"post-23897","1":"product","2":"type-product","3":"status-publish","4":"has-post-thumbnail","6":"product_cat-sciences","8":"first","9":"instock","10":"shipping-taxable","11":"purchasable","12":"product-type-variable"},"acf":[],"yoast_head":"<!-- This site is optimized with the Yoast SEO plugin v27.2 - https:\/\/yoast.com\/product\/yoast-seo-wordpress\/ -->\n<title>Les enjeux de l\u2019IRM - ISTE Group<\/title>\n<meta name=\"robots\" content=\"index, follow, max-snippet:-1, max-image-preview:large, max-video-preview:-1\" \/>\n<link rel=\"canonical\" href=\"https:\/\/www.istegroup.com\/fr\/produit\/les-enjeux-de-lirm\/\" \/>\n<meta property=\"og:locale\" content=\"fr_FR\" \/>\n<meta property=\"og:type\" content=\"article\" \/>\n<meta property=\"og:title\" content=\"Les enjeux de l\u2019IRM - ISTE Group\" \/>\n<meta property=\"og:description\" content=\"Apr\u00e8s un rappel des notions essentielles de l\u2019imagerie par r\u00e9sonance magn\u00e9tique (IRM), Les enjeux de l\u2019IRM pr\u00e9sente les r\u00e9centes techniques et m\u00e9thodes de l\u2019IRM ainsi que les applications m\u00e9dicales qui en d\u00e9coulent. Ces techniques permettent d\u2019acc\u00e9der \u00e0 des informations qui vont bien au-del\u00e0 de l\u2019anatomie avec des informations de type fonctionnel, h\u00e9modynamique, de structure, biom\u00e9canique [&hellip;]\" \/>\n<meta property=\"og:url\" content=\"https:\/\/www.istegroup.com\/fr\/produit\/les-enjeux-de-lirm\/\" \/>\n<meta property=\"og:site_name\" content=\"ISTE Group\" \/>\n<meta property=\"article:modified_time\" content=\"2025-01-03T11:13:21+00:00\" \/>\n<meta property=\"og:image\" content=\"https:\/\/www.istegroup.com\/wp-content\/uploads\/2019\/11\/Les-enjeux-de-lIRM.jpeg\" \/>\n\t<meta property=\"og:image:width\" content=\"300\" \/>\n\t<meta property=\"og:image:height\" content=\"450\" \/>\n\t<meta property=\"og:image:type\" content=\"image\/jpeg\" \/>\n<meta name=\"twitter:card\" content=\"summary_large_image\" \/>\n<meta name=\"twitter:label1\" content=\"Est. reading time\" \/>\n\t<meta name=\"twitter:data1\" content=\"1 minute\" \/>\n<script type=\"application\/ld+json\" class=\"yoast-schema-graph\">{\"@context\":\"https:\/\/schema.org\",\"@graph\":[{\"@type\":\"WebPage\",\"@id\":\"https:\/\/www.istegroup.com\/fr\/produit\/les-enjeux-de-lirm\/\",\"url\":\"https:\/\/www.istegroup.com\/fr\/produit\/les-enjeux-de-lirm\/\",\"name\":\"Les enjeux de l\u2019IRM - ISTE Group\",\"isPartOf\":{\"@id\":\"https:\/\/www.istegroup.com\/#website\"},\"primaryImageOfPage\":{\"@id\":\"https:\/\/www.istegroup.com\/fr\/produit\/les-enjeux-de-lirm\/#primaryimage\"},\"image\":{\"@id\":\"https:\/\/www.istegroup.com\/fr\/produit\/les-enjeux-de-lirm\/#primaryimage\"},\"thumbnailUrl\":\"https:\/\/www.istegroup.com\/wp-content\/uploads\/2019\/11\/Les-enjeux-de-lIRM.jpeg\",\"datePublished\":\"2023-02-26T13:15:44+00:00\",\"dateModified\":\"2025-01-03T11:13:21+00:00\",\"breadcrumb\":{\"@id\":\"https:\/\/www.istegroup.com\/fr\/produit\/les-enjeux-de-lirm\/#breadcrumb\"},\"inLanguage\":\"fr-FR\",\"potentialAction\":[{\"@type\":\"ReadAction\",\"target\":[\"https:\/\/www.istegroup.com\/fr\/produit\/les-enjeux-de-lirm\/\"]}]},{\"@type\":\"ImageObject\",\"inLanguage\":\"fr-FR\",\"@id\":\"https:\/\/www.istegroup.com\/fr\/produit\/les-enjeux-de-lirm\/#primaryimage\",\"url\":\"https:\/\/www.istegroup.com\/wp-content\/uploads\/2019\/11\/Les-enjeux-de-lIRM.jpeg\",\"contentUrl\":\"https:\/\/www.istegroup.com\/wp-content\/uploads\/2019\/11\/Les-enjeux-de-lIRM.jpeg\",\"width\":300,\"height\":450,\"caption\":\"Livre scientifique - Les enjeux de l\u2019IRM - Encyclop\u00e9die SCIENCES\"},{\"@type\":\"BreadcrumbList\",\"@id\":\"https:\/\/www.istegroup.com\/fr\/produit\/les-enjeux-de-lirm\/#breadcrumb\",\"itemListElement\":[{\"@type\":\"ListItem\",\"position\":1,\"name\":\"Home\",\"item\":\"https:\/\/www.istegroup.com\/\"},{\"@type\":\"ListItem\",\"position\":2,\"name\":\"Shop\",\"item\":\"https:\/\/www.istegroup.com\/fr\/nouveautes\/\"},{\"@type\":\"ListItem\",\"position\":3,\"name\":\"Les enjeux de l\u2019IRM\"}]},{\"@type\":\"WebSite\",\"@id\":\"https:\/\/www.istegroup.com\/#website\",\"url\":\"https:\/\/www.istegroup.com\/\",\"name\":\"ISTE Group\",\"description\":\"\u00c9diteur des Sciences\",\"potentialAction\":[{\"@type\":\"SearchAction\",\"target\":{\"@type\":\"EntryPoint\",\"urlTemplate\":\"https:\/\/www.istegroup.com\/?s={search_term_string}\"},\"query-input\":{\"@type\":\"PropertyValueSpecification\",\"valueRequired\":true,\"valueName\":\"search_term_string\"}}],\"inLanguage\":\"fr-FR\"}]}<\/script>\n<!-- \/ Yoast SEO plugin. -->","yoast_head_json":{"title":"Les enjeux de l\u2019IRM - ISTE Group","robots":{"index":"index","follow":"follow","max-snippet":"max-snippet:-1","max-image-preview":"max-image-preview:large","max-video-preview":"max-video-preview:-1"},"canonical":"https:\/\/www.istegroup.com\/fr\/produit\/les-enjeux-de-lirm\/","og_locale":"fr_FR","og_type":"article","og_title":"Les enjeux de l\u2019IRM - ISTE Group","og_description":"Apr\u00e8s un rappel des notions essentielles de l\u2019imagerie par r\u00e9sonance magn\u00e9tique (IRM), Les enjeux de l\u2019IRM pr\u00e9sente les r\u00e9centes techniques et m\u00e9thodes de l\u2019IRM ainsi que les applications m\u00e9dicales qui en d\u00e9coulent. Ces techniques permettent d\u2019acc\u00e9der \u00e0 des informations qui vont bien au-del\u00e0 de l\u2019anatomie avec des informations de type fonctionnel, h\u00e9modynamique, de structure, biom\u00e9canique [&hellip;]","og_url":"https:\/\/www.istegroup.com\/fr\/produit\/les-enjeux-de-lirm\/","og_site_name":"ISTE Group","article_modified_time":"2025-01-03T11:13:21+00:00","og_image":[{"width":300,"height":450,"url":"https:\/\/www.istegroup.com\/wp-content\/uploads\/2019\/11\/Les-enjeux-de-lIRM.jpeg","type":"image\/jpeg"}],"twitter_card":"summary_large_image","twitter_misc":{"Est. reading time":"1 minute"},"schema":{"@context":"https:\/\/schema.org","@graph":[{"@type":"WebPage","@id":"https:\/\/www.istegroup.com\/fr\/produit\/les-enjeux-de-lirm\/","url":"https:\/\/www.istegroup.com\/fr\/produit\/les-enjeux-de-lirm\/","name":"Les enjeux de l\u2019IRM - ISTE Group","isPartOf":{"@id":"https:\/\/www.istegroup.com\/#website"},"primaryImageOfPage":{"@id":"https:\/\/www.istegroup.com\/fr\/produit\/les-enjeux-de-lirm\/#primaryimage"},"image":{"@id":"https:\/\/www.istegroup.com\/fr\/produit\/les-enjeux-de-lirm\/#primaryimage"},"thumbnailUrl":"https:\/\/www.istegroup.com\/wp-content\/uploads\/2019\/11\/Les-enjeux-de-lIRM.jpeg","datePublished":"2023-02-26T13:15:44+00:00","dateModified":"2025-01-03T11:13:21+00:00","breadcrumb":{"@id":"https:\/\/www.istegroup.com\/fr\/produit\/les-enjeux-de-lirm\/#breadcrumb"},"inLanguage":"fr-FR","potentialAction":[{"@type":"ReadAction","target":["https:\/\/www.istegroup.com\/fr\/produit\/les-enjeux-de-lirm\/"]}]},{"@type":"ImageObject","inLanguage":"fr-FR","@id":"https:\/\/www.istegroup.com\/fr\/produit\/les-enjeux-de-lirm\/#primaryimage","url":"https:\/\/www.istegroup.com\/wp-content\/uploads\/2019\/11\/Les-enjeux-de-lIRM.jpeg","contentUrl":"https:\/\/www.istegroup.com\/wp-content\/uploads\/2019\/11\/Les-enjeux-de-lIRM.jpeg","width":300,"height":450,"caption":"Livre scientifique - Les enjeux de l\u2019IRM - Encyclop\u00e9die SCIENCES"},{"@type":"BreadcrumbList","@id":"https:\/\/www.istegroup.com\/fr\/produit\/les-enjeux-de-lirm\/#breadcrumb","itemListElement":[{"@type":"ListItem","position":1,"name":"Home","item":"https:\/\/www.istegroup.com\/"},{"@type":"ListItem","position":2,"name":"Shop","item":"https:\/\/www.istegroup.com\/fr\/nouveautes\/"},{"@type":"ListItem","position":3,"name":"Les enjeux de l\u2019IRM"}]},{"@type":"WebSite","@id":"https:\/\/www.istegroup.com\/#website","url":"https:\/\/www.istegroup.com\/","name":"ISTE Group","description":"\u00c9diteur des Sciences","potentialAction":[{"@type":"SearchAction","target":{"@type":"EntryPoint","urlTemplate":"https:\/\/www.istegroup.com\/?s={search_term_string}"},"query-input":{"@type":"PropertyValueSpecification","valueRequired":true,"valueName":"search_term_string"}}],"inLanguage":"fr-FR"}]}},"_links":{"self":[{"href":"https:\/\/www.istegroup.com\/fr\/wp-json\/wp\/v2\/product\/23897","targetHints":{"allow":["GET"]}}],"collection":[{"href":"https:\/\/www.istegroup.com\/fr\/wp-json\/wp\/v2\/product"}],"about":[{"href":"https:\/\/www.istegroup.com\/fr\/wp-json\/wp\/v2\/types\/product"}],"wp:featuredmedia":[{"embeddable":true,"href":"https:\/\/www.istegroup.com\/fr\/wp-json\/wp\/v2\/media\/50164"}],"wp:attachment":[{"href":"https:\/\/www.istegroup.com\/fr\/wp-json\/wp\/v2\/media?parent=23897"}],"wp:term":[{"taxonomy":"product_brand","embeddable":true,"href":"https:\/\/www.istegroup.com\/fr\/wp-json\/wp\/v2\/product_brand?post=23897"},{"taxonomy":"product_cat","embeddable":true,"href":"https:\/\/www.istegroup.com\/fr\/wp-json\/wp\/v2\/product_cat?post=23897"},{"taxonomy":"product_tag","embeddable":true,"href":"https:\/\/www.istegroup.com\/fr\/wp-json\/wp\/v2\/product_tag?post=23897"}],"curies":[{"name":"wp","href":"https:\/\/api.w.org\/{rel}","templated":true}]}}