{"id":23895,"date":"2023-01-19T13:13:58","date_gmt":"2023-01-19T13:13:58","guid":{"rendered":"https:\/\/www.istegroup.com\/?post_type=product&#038;p=23895"},"modified":"2025-01-03T11:13:44","modified_gmt":"2025-01-03T11:13:44","slug":"imageries-optiques-non-conventionnelles-pour-la-biologie","status":"publish","type":"product","link":"https:\/\/www.istegroup.com\/fr\/produit\/imageries-optiques-non-conventionnelles-pour-la-biologie\/","title":{"rendered":"Imageries optiques non conventionnelles pour la biologie"},"content":{"rendered":"<p>L\u2019imagerie optique des syst\u00e8mes biologiques a connu ces derni\u00e8res ann\u00e9es des d\u00e9veloppements spectaculaires, d\u00e9livrant une quantit\u00e9 et une qualit\u00e9 d\u2019informations qui, il y a une vingtaine d\u2019ann\u00e9es encore, relevaient du r\u00eave pour les physiciens, les biologistes ou les m\u00e9decins.<\/p>\n<p>Les syst\u00e8mes d\u2019imageries non conventionnelles permettent d\u2019acc\u00e9der \u00e0 des grandeurs physiques (opacit\u00e9, phase, indice optique, propri\u00e9t\u00e9 de polarisation d\u2019une onde ou composition chimique d\u2019un objet) non accessibles aux syst\u00e8mes de mesure conventionnels. Pour cela, ces syst\u00e8mes utilisent des montages optiques particuliers et des traitements num\u00e9riques sp\u00e9cifiques des images permettant la reconstruction de grandeurs physiques. On parle \u00e9galement d\u2019imagerie computationnelle.<\/p>\n<p>Cet ouvrage pr\u00e9sente diverses modalit\u00e9s d\u2019imageries non conventionnelles d\u00e9velopp\u00e9es pour le domaine biom\u00e9dical : imagerie par analyse de front d\u2019onde, holographie\/tomographie num\u00e9rique, nanoscopie optique, endoscopie et imagerie monod\u00e9tecteur. Pour chaque modalit\u00e9, les montages et les algorithmes de reconstruction sont pr\u00e9sent\u00e9s.<\/p>","protected":false},"excerpt":{"rendered":"<p>L\u2019imagerie optique des syst\u00e8mes biologiques a connu ces derni\u00e8res ann\u00e9es des d\u00e9veloppements spectaculaires, d\u00e9livrant une quantit\u00e9 et une qualit\u00e9 d\u2019informations qui, il y a une vingtaine d\u2019ann\u00e9es encore, relevaient du r\u00eave pour les physiciens, les biologistes ou les m\u00e9decins. Les syst\u00e8mes d\u2019imageries non conventionnelles permettent d\u2019acc\u00e9der \u00e0 des grandeurs physiques (opacit\u00e9, phase, indice optique, propri\u00e9t\u00e9 [&hellip;]<\/p>\n","protected":false},"featured_media":49362,"template":"","meta":{"_acf_changed":false,"_links_to":"","_links_to_target":""},"product_brand":[],"product_cat":[4289],"product_tag":[],"class_list":{"0":"post-23895","1":"product","2":"type-product","3":"status-publish","4":"has-post-thumbnail","6":"product_cat-sciences","8":"first","9":"instock","10":"shipping-taxable","11":"purchasable","12":"product-type-variable"},"acf":[],"yoast_head":"<!-- This site is optimized with the Yoast SEO plugin v27.2 - https:\/\/yoast.com\/product\/yoast-seo-wordpress\/ -->\n<title>Imageries optiques non conventionnelles pour la biologie - ISTE Group<\/title>\n<meta name=\"description\" content=\"Cet ouvrage pr\u00e9sente diverses modalit\u00e9s d\u2019imageries non conventionnelles d\u00e9velopp\u00e9es pour le domaine biom\u00e9dical : imagerie par analyse de front d\u2019onde, holographie\/tomographie num\u00e9rique, nanoscopie optique, endoscopie et imagerie monod\u00e9tecteur.\" \/>\n<meta name=\"robots\" content=\"index, follow, max-snippet:-1, max-image-preview:large, max-video-preview:-1\" \/>\n<link rel=\"canonical\" href=\"https:\/\/www.istegroup.com\/fr\/produit\/imageries-optiques-non-conventionnelles-pour-la-biologie\/\" \/>\n<meta property=\"og:locale\" content=\"fr_FR\" \/>\n<meta property=\"og:type\" content=\"article\" \/>\n<meta property=\"og:title\" content=\"Imageries optiques non conventionnelles pour la biologie - ISTE Group\" \/>\n<meta property=\"og:description\" content=\"Cet ouvrage pr\u00e9sente diverses modalit\u00e9s d\u2019imageries non conventionnelles d\u00e9velopp\u00e9es pour le domaine biom\u00e9dical : imagerie par analyse de front d\u2019onde, holographie\/tomographie num\u00e9rique, nanoscopie optique, endoscopie et imagerie monod\u00e9tecteur.\" \/>\n<meta property=\"og:url\" content=\"https:\/\/www.istegroup.com\/fr\/produit\/imageries-optiques-non-conventionnelles-pour-la-biologie\/\" \/>\n<meta property=\"og:site_name\" content=\"ISTE Group\" \/>\n<meta property=\"article:modified_time\" content=\"2025-01-03T11:13:44+00:00\" \/>\n<meta property=\"og:image\" content=\"https:\/\/www.istegroup.com\/wp-content\/uploads\/2022\/12\/Imageries-optiques-non-conventionnelles-pour-la-biologie.jpeg\" \/>\n\t<meta property=\"og:image:width\" content=\"300\" \/>\n\t<meta property=\"og:image:height\" content=\"450\" \/>\n\t<meta property=\"og:image:type\" content=\"image\/jpeg\" \/>\n<meta name=\"twitter:card\" content=\"summary_large_image\" \/>\n<meta name=\"twitter:label1\" content=\"Est. reading time\" \/>\n\t<meta name=\"twitter:data1\" content=\"1 minute\" \/>\n<script type=\"application\/ld+json\" class=\"yoast-schema-graph\">{\"@context\":\"https:\/\/schema.org\",\"@graph\":[{\"@type\":\"WebPage\",\"@id\":\"https:\/\/www.istegroup.com\/fr\/produit\/imageries-optiques-non-conventionnelles-pour-la-biologie\/\",\"url\":\"https:\/\/www.istegroup.com\/fr\/produit\/imageries-optiques-non-conventionnelles-pour-la-biologie\/\",\"name\":\"Imageries optiques non conventionnelles pour la biologie - ISTE Group\",\"isPartOf\":{\"@id\":\"https:\/\/www.istegroup.com\/#website\"},\"primaryImageOfPage\":{\"@id\":\"https:\/\/www.istegroup.com\/fr\/produit\/imageries-optiques-non-conventionnelles-pour-la-biologie\/#primaryimage\"},\"image\":{\"@id\":\"https:\/\/www.istegroup.com\/fr\/produit\/imageries-optiques-non-conventionnelles-pour-la-biologie\/#primaryimage\"},\"thumbnailUrl\":\"https:\/\/www.istegroup.com\/wp-content\/uploads\/2022\/12\/Imageries-optiques-non-conventionnelles-pour-la-biologie.jpeg\",\"datePublished\":\"2023-01-19T13:13:58+00:00\",\"dateModified\":\"2025-01-03T11:13:44+00:00\",\"description\":\"Cet ouvrage pr\u00e9sente diverses modalit\u00e9s d\u2019imageries non conventionnelles d\u00e9velopp\u00e9es pour le domaine biom\u00e9dical : imagerie par analyse de front d\u2019onde, holographie\/tomographie num\u00e9rique, nanoscopie optique, endoscopie et imagerie monod\u00e9tecteur.\",\"breadcrumb\":{\"@id\":\"https:\/\/www.istegroup.com\/fr\/produit\/imageries-optiques-non-conventionnelles-pour-la-biologie\/#breadcrumb\"},\"inLanguage\":\"fr-FR\",\"potentialAction\":[{\"@type\":\"ReadAction\",\"target\":[\"https:\/\/www.istegroup.com\/fr\/produit\/imageries-optiques-non-conventionnelles-pour-la-biologie\/\"]}]},{\"@type\":\"ImageObject\",\"inLanguage\":\"fr-FR\",\"@id\":\"https:\/\/www.istegroup.com\/fr\/produit\/imageries-optiques-non-conventionnelles-pour-la-biologie\/#primaryimage\",\"url\":\"https:\/\/www.istegroup.com\/wp-content\/uploads\/2022\/12\/Imageries-optiques-non-conventionnelles-pour-la-biologie.jpeg\",\"contentUrl\":\"https:\/\/www.istegroup.com\/wp-content\/uploads\/2022\/12\/Imageries-optiques-non-conventionnelles-pour-la-biologie.jpeg\",\"width\":300,\"height\":450,\"caption\":\"Livre scientifique - Imageries optiques non conventionnelles pour la biologie - Encyclop\u00e9die SCIENCES\"},{\"@type\":\"BreadcrumbList\",\"@id\":\"https:\/\/www.istegroup.com\/fr\/produit\/imageries-optiques-non-conventionnelles-pour-la-biologie\/#breadcrumb\",\"itemListElement\":[{\"@type\":\"ListItem\",\"position\":1,\"name\":\"Home\",\"item\":\"https:\/\/www.istegroup.com\/\"},{\"@type\":\"ListItem\",\"position\":2,\"name\":\"Shop\",\"item\":\"https:\/\/www.istegroup.com\/fr\/nouveautes\/\"},{\"@type\":\"ListItem\",\"position\":3,\"name\":\"Imageries optiques non conventionnelles pour la biologie\"}]},{\"@type\":\"WebSite\",\"@id\":\"https:\/\/www.istegroup.com\/#website\",\"url\":\"https:\/\/www.istegroup.com\/\",\"name\":\"ISTE Group\",\"description\":\"\u00c9diteur des Sciences\",\"potentialAction\":[{\"@type\":\"SearchAction\",\"target\":{\"@type\":\"EntryPoint\",\"urlTemplate\":\"https:\/\/www.istegroup.com\/?s={search_term_string}\"},\"query-input\":{\"@type\":\"PropertyValueSpecification\",\"valueRequired\":true,\"valueName\":\"search_term_string\"}}],\"inLanguage\":\"fr-FR\"}]}<\/script>\n<!-- \/ Yoast SEO plugin. -->","yoast_head_json":{"title":"Imageries optiques non conventionnelles pour la biologie - ISTE Group","description":"Cet ouvrage pr\u00e9sente diverses modalit\u00e9s d\u2019imageries non conventionnelles d\u00e9velopp\u00e9es pour le domaine biom\u00e9dical : imagerie par analyse de front d\u2019onde, holographie\/tomographie num\u00e9rique, nanoscopie optique, endoscopie et imagerie monod\u00e9tecteur.","robots":{"index":"index","follow":"follow","max-snippet":"max-snippet:-1","max-image-preview":"max-image-preview:large","max-video-preview":"max-video-preview:-1"},"canonical":"https:\/\/www.istegroup.com\/fr\/produit\/imageries-optiques-non-conventionnelles-pour-la-biologie\/","og_locale":"fr_FR","og_type":"article","og_title":"Imageries optiques non conventionnelles pour la biologie - ISTE Group","og_description":"Cet ouvrage pr\u00e9sente diverses modalit\u00e9s d\u2019imageries non conventionnelles d\u00e9velopp\u00e9es pour le domaine biom\u00e9dical : imagerie par analyse de front d\u2019onde, holographie\/tomographie num\u00e9rique, nanoscopie optique, endoscopie et imagerie monod\u00e9tecteur.","og_url":"https:\/\/www.istegroup.com\/fr\/produit\/imageries-optiques-non-conventionnelles-pour-la-biologie\/","og_site_name":"ISTE Group","article_modified_time":"2025-01-03T11:13:44+00:00","og_image":[{"width":300,"height":450,"url":"https:\/\/www.istegroup.com\/wp-content\/uploads\/2022\/12\/Imageries-optiques-non-conventionnelles-pour-la-biologie.jpeg","type":"image\/jpeg"}],"twitter_card":"summary_large_image","twitter_misc":{"Est. reading time":"1 minute"},"schema":{"@context":"https:\/\/schema.org","@graph":[{"@type":"WebPage","@id":"https:\/\/www.istegroup.com\/fr\/produit\/imageries-optiques-non-conventionnelles-pour-la-biologie\/","url":"https:\/\/www.istegroup.com\/fr\/produit\/imageries-optiques-non-conventionnelles-pour-la-biologie\/","name":"Imageries optiques non conventionnelles pour la biologie - ISTE Group","isPartOf":{"@id":"https:\/\/www.istegroup.com\/#website"},"primaryImageOfPage":{"@id":"https:\/\/www.istegroup.com\/fr\/produit\/imageries-optiques-non-conventionnelles-pour-la-biologie\/#primaryimage"},"image":{"@id":"https:\/\/www.istegroup.com\/fr\/produit\/imageries-optiques-non-conventionnelles-pour-la-biologie\/#primaryimage"},"thumbnailUrl":"https:\/\/www.istegroup.com\/wp-content\/uploads\/2022\/12\/Imageries-optiques-non-conventionnelles-pour-la-biologie.jpeg","datePublished":"2023-01-19T13:13:58+00:00","dateModified":"2025-01-03T11:13:44+00:00","description":"Cet ouvrage pr\u00e9sente diverses modalit\u00e9s d\u2019imageries non conventionnelles d\u00e9velopp\u00e9es pour le domaine biom\u00e9dical : imagerie par analyse de front d\u2019onde, holographie\/tomographie num\u00e9rique, nanoscopie optique, endoscopie et imagerie monod\u00e9tecteur.","breadcrumb":{"@id":"https:\/\/www.istegroup.com\/fr\/produit\/imageries-optiques-non-conventionnelles-pour-la-biologie\/#breadcrumb"},"inLanguage":"fr-FR","potentialAction":[{"@type":"ReadAction","target":["https:\/\/www.istegroup.com\/fr\/produit\/imageries-optiques-non-conventionnelles-pour-la-biologie\/"]}]},{"@type":"ImageObject","inLanguage":"fr-FR","@id":"https:\/\/www.istegroup.com\/fr\/produit\/imageries-optiques-non-conventionnelles-pour-la-biologie\/#primaryimage","url":"https:\/\/www.istegroup.com\/wp-content\/uploads\/2022\/12\/Imageries-optiques-non-conventionnelles-pour-la-biologie.jpeg","contentUrl":"https:\/\/www.istegroup.com\/wp-content\/uploads\/2022\/12\/Imageries-optiques-non-conventionnelles-pour-la-biologie.jpeg","width":300,"height":450,"caption":"Livre scientifique - Imageries optiques non conventionnelles pour la biologie - Encyclop\u00e9die SCIENCES"},{"@type":"BreadcrumbList","@id":"https:\/\/www.istegroup.com\/fr\/produit\/imageries-optiques-non-conventionnelles-pour-la-biologie\/#breadcrumb","itemListElement":[{"@type":"ListItem","position":1,"name":"Home","item":"https:\/\/www.istegroup.com\/"},{"@type":"ListItem","position":2,"name":"Shop","item":"https:\/\/www.istegroup.com\/fr\/nouveautes\/"},{"@type":"ListItem","position":3,"name":"Imageries optiques non conventionnelles pour la biologie"}]},{"@type":"WebSite","@id":"https:\/\/www.istegroup.com\/#website","url":"https:\/\/www.istegroup.com\/","name":"ISTE Group","description":"\u00c9diteur des Sciences","potentialAction":[{"@type":"SearchAction","target":{"@type":"EntryPoint","urlTemplate":"https:\/\/www.istegroup.com\/?s={search_term_string}"},"query-input":{"@type":"PropertyValueSpecification","valueRequired":true,"valueName":"search_term_string"}}],"inLanguage":"fr-FR"}]}},"_links":{"self":[{"href":"https:\/\/www.istegroup.com\/fr\/wp-json\/wp\/v2\/product\/23895","targetHints":{"allow":["GET"]}}],"collection":[{"href":"https:\/\/www.istegroup.com\/fr\/wp-json\/wp\/v2\/product"}],"about":[{"href":"https:\/\/www.istegroup.com\/fr\/wp-json\/wp\/v2\/types\/product"}],"wp:featuredmedia":[{"embeddable":true,"href":"https:\/\/www.istegroup.com\/fr\/wp-json\/wp\/v2\/media\/49362"}],"wp:attachment":[{"href":"https:\/\/www.istegroup.com\/fr\/wp-json\/wp\/v2\/media?parent=23895"}],"wp:term":[{"taxonomy":"product_brand","embeddable":true,"href":"https:\/\/www.istegroup.com\/fr\/wp-json\/wp\/v2\/product_brand?post=23895"},{"taxonomy":"product_cat","embeddable":true,"href":"https:\/\/www.istegroup.com\/fr\/wp-json\/wp\/v2\/product_cat?post=23895"},{"taxonomy":"product_tag","embeddable":true,"href":"https:\/\/www.istegroup.com\/fr\/wp-json\/wp\/v2\/product_tag?post=23895"}],"curies":[{"name":"wp","href":"https:\/\/api.w.org\/{rel}","templated":true}]}}