{"id":23878,"date":"2025-09-18T12:07:27","date_gmt":"2025-09-18T11:07:27","guid":{"rendered":"https:\/\/www.istegroup.com\/?post_type=product&#038;p=23878"},"modified":"2026-02-23T10:24:01","modified_gmt":"2026-02-23T10:24:01","slug":"histoire-des-sciences-de-la-vie-et-de-la-medecine-1","status":"publish","type":"product","link":"https:\/\/www.istegroup.com\/fr\/produit\/histoire-des-sciences-de-la-vie-et-de-la-medecine-1\/","title":{"rendered":"Histoire des sciences de la vie et de la m\u00e9decine 1"},"content":{"rendered":"<p>M\u00e9decine et histoire de l\u2019humanit\u00e9 sont \u00e9troitement li\u00e9es. Aujourd\u2019hui, conna\u00eetre l\u2019\u00e9volution de la m\u00e9decine et des sciences de la vie, ainsi que les caract\u00e9ristiques qui les distinguent, est d\u2019autant plus essentiel que ces disciplines sont en pleine transformation.<\/p>\n<p><em>Histoire des sciences de la vie et de la m\u00e9decine 1<\/em> propose un regard nouveau et actualis\u00e9 sur la m\u00e9decine dans le monde gr\u00e9co-romain. Pour ce faire, l\u2019ouvrage met en perspective les traditions m\u00e9dicales occidentales avec celles d\u2019autres cultures : la Chine, l\u2019Inde, l\u2019\u00c9gypte, la M\u00e9sopotamie, ainsi que l\u2019h\u00e9ritage transmis par le monde arabe. Il explore \u00e9galement des domaines connexes, tels que l\u2019\u00e9tude des animaux et des plantes.<\/p>\n<p>Le livre retrace le parcours historique allant des origines de la m\u00e9decine \u00e0 Hippocrate, consid\u00e9r\u00e9 comme le p\u00e8re de la m\u00e9decine scientifique, et s\u2019attarde sur les apports fondamentaux de la m\u00e9decine hell\u00e9nistique, jusqu\u2019\u00e0 Galien et l\u2019Antiquit\u00e9 tardive. Il examine les d\u00e9couvertes majeures en anatomie, nosologie, physiologie et th\u00e9rapeutique, ainsi que l\u2019organisation de la pratique m\u00e9dicale et des institutions associ\u00e9es.<\/p>\n<p>Ce regard transversal et contextualis\u00e9 permet de mieux comprendre la complexit\u00e9 de la notion de maladie, le r\u00f4le du m\u00e9decin, la relation au patient, et l\u2019influence du contexte soci\u00e9tal sur l\u2019exercice de la m\u00e9decine.<\/p>\n","protected":false},"excerpt":{"rendered":"<p>M\u00e9decine et histoire de l\u2019humanit\u00e9 sont \u00e9troitement li\u00e9es. Aujourd\u2019hui, conna\u00eetre l\u2019\u00e9volution de la m\u00e9decine et des sciences de la vie, ainsi que les caract\u00e9ristiques qui les distinguent, est d\u2019autant plus essentiel que ces disciplines sont en pleine transformation. Histoire des sciences de la vie et de la m\u00e9decine 1 propose un regard nouveau et actualis\u00e9 [&hellip;]<\/p>\n","protected":false},"featured_media":61567,"template":"","meta":{"_acf_changed":false,"_links_to":"","_links_to_target":""},"product_brand":[],"product_cat":[4289],"product_tag":[],"class_list":{"0":"post-23878","1":"product","2":"type-product","3":"status-publish","4":"has-post-thumbnail","6":"product_cat-sciences","8":"first","9":"instock","10":"shipping-taxable","11":"purchasable","12":"product-type-variable"},"acf":[],"yoast_head":"<!-- This site is optimized with the Yoast SEO plugin v27.2 - https:\/\/yoast.com\/product\/yoast-seo-wordpress\/ -->\n<title>Histoire des sciences de la vie et de la m\u00e9decine 1 - ISTE Group<\/title>\n<meta name=\"description\" content=\"Histoire des sciences de la vie et de la m\u00e9decine 1 propose un regard nouveau et actualis\u00e9 sur la m\u00e9decine dans le monde gr\u00e9co-romain.\" \/>\n<meta name=\"robots\" content=\"index, follow, max-snippet:-1, max-image-preview:large, max-video-preview:-1\" \/>\n<link rel=\"canonical\" href=\"https:\/\/www.istegroup.com\/produit\/histoire-des-sciences-de-la-vie-et-de-la-medecine-1\/\" \/>\n<meta property=\"og:locale\" content=\"fr_FR\" \/>\n<meta property=\"og:type\" content=\"article\" \/>\n<meta property=\"og:title\" content=\"Histoire des sciences de la vie et de la m\u00e9decine 1 - ISTE Group\" \/>\n<meta property=\"og:description\" content=\"Histoire des sciences de la vie et de la m\u00e9decine 1 propose un regard nouveau et actualis\u00e9 sur la m\u00e9decine dans le monde gr\u00e9co-romain.\" \/>\n<meta property=\"og:url\" content=\"https:\/\/www.istegroup.com\/produit\/histoire-des-sciences-de-la-vie-et-de-la-medecine-1\/\" \/>\n<meta property=\"og:site_name\" content=\"ISTE Group\" \/>\n<meta property=\"article:modified_time\" content=\"2026-02-23T10:24:01+00:00\" \/>\n<meta property=\"og:image\" content=\"https:\/\/www.istegroup.com\/wp-content\/uploads\/2019\/11\/Histoire-des-sciences-de-la-vie-et-de-la-medecine-1.jpg\" \/>\n\t<meta property=\"og:image:width\" content=\"300\" \/>\n\t<meta property=\"og:image:height\" content=\"450\" \/>\n\t<meta property=\"og:image:type\" content=\"image\/jpeg\" \/>\n<meta name=\"twitter:card\" content=\"summary_large_image\" \/>\n<meta name=\"twitter:label1\" content=\"Est. reading time\" \/>\n\t<meta name=\"twitter:data1\" content=\"2 minutes\" \/>\n<script type=\"application\/ld+json\" class=\"yoast-schema-graph\">{\"@context\":\"https:\/\/schema.org\",\"@graph\":[{\"@type\":\"WebPage\",\"@id\":\"https:\/\/www.istegroup.com\/produit\/histoire-des-sciences-de-la-vie-et-de-la-medecine-1\/\",\"url\":\"https:\/\/www.istegroup.com\/produit\/histoire-des-sciences-de-la-vie-et-de-la-medecine-1\/\",\"name\":\"Histoire des sciences de la vie et de la m\u00e9decine 1 - ISTE Group\",\"isPartOf\":{\"@id\":\"https:\/\/www.istegroup.com\/#website\"},\"primaryImageOfPage\":{\"@id\":\"https:\/\/www.istegroup.com\/produit\/histoire-des-sciences-de-la-vie-et-de-la-medecine-1\/#primaryimage\"},\"image\":{\"@id\":\"https:\/\/www.istegroup.com\/produit\/histoire-des-sciences-de-la-vie-et-de-la-medecine-1\/#primaryimage\"},\"thumbnailUrl\":\"https:\/\/www.istegroup.com\/wp-content\/uploads\/2019\/11\/Histoire-des-sciences-de-la-vie-et-de-la-medecine-1.jpg\",\"datePublished\":\"2025-09-18T11:07:27+00:00\",\"dateModified\":\"2026-02-23T10:24:01+00:00\",\"description\":\"Histoire des sciences de la vie et de la m\u00e9decine 1 propose un regard nouveau et actualis\u00e9 sur la m\u00e9decine dans le monde gr\u00e9co-romain.\",\"breadcrumb\":{\"@id\":\"https:\/\/www.istegroup.com\/produit\/histoire-des-sciences-de-la-vie-et-de-la-medecine-1\/#breadcrumb\"},\"inLanguage\":\"fr-FR\",\"potentialAction\":[{\"@type\":\"ReadAction\",\"target\":[\"https:\/\/www.istegroup.com\/produit\/histoire-des-sciences-de-la-vie-et-de-la-medecine-1\/\"]}]},{\"@type\":\"ImageObject\",\"inLanguage\":\"fr-FR\",\"@id\":\"https:\/\/www.istegroup.com\/produit\/histoire-des-sciences-de-la-vie-et-de-la-medecine-1\/#primaryimage\",\"url\":\"https:\/\/www.istegroup.com\/wp-content\/uploads\/2019\/11\/Histoire-des-sciences-de-la-vie-et-de-la-medecine-1.jpg\",\"contentUrl\":\"https:\/\/www.istegroup.com\/wp-content\/uploads\/2019\/11\/Histoire-des-sciences-de-la-vie-et-de-la-medecine-1.jpg\",\"width\":300,\"height\":450},{\"@type\":\"BreadcrumbList\",\"@id\":\"https:\/\/www.istegroup.com\/produit\/histoire-des-sciences-de-la-vie-et-de-la-medecine-1\/#breadcrumb\",\"itemListElement\":[{\"@type\":\"ListItem\",\"position\":1,\"name\":\"Home\",\"item\":\"https:\/\/www.istegroup.com\/\"},{\"@type\":\"ListItem\",\"position\":2,\"name\":\"Shop\",\"item\":\"https:\/\/www.istegroup.com\/fr\/nouveautes\/\"},{\"@type\":\"ListItem\",\"position\":3,\"name\":\"Histoire des sciences de la vie et de la m\u00e9decine 1\"}]},{\"@type\":\"WebSite\",\"@id\":\"https:\/\/www.istegroup.com\/#website\",\"url\":\"https:\/\/www.istegroup.com\/\",\"name\":\"ISTE Group\",\"description\":\"\u00c9diteur des Sciences\",\"potentialAction\":[{\"@type\":\"SearchAction\",\"target\":{\"@type\":\"EntryPoint\",\"urlTemplate\":\"https:\/\/www.istegroup.com\/?s={search_term_string}\"},\"query-input\":{\"@type\":\"PropertyValueSpecification\",\"valueRequired\":true,\"valueName\":\"search_term_string\"}}],\"inLanguage\":\"fr-FR\"}]}<\/script>\n<!-- \/ Yoast SEO plugin. -->","yoast_head_json":{"title":"Histoire des sciences de la vie et de la m\u00e9decine 1 - ISTE Group","description":"Histoire des sciences de la vie et de la m\u00e9decine 1 propose un regard nouveau et actualis\u00e9 sur la m\u00e9decine dans le monde gr\u00e9co-romain.","robots":{"index":"index","follow":"follow","max-snippet":"max-snippet:-1","max-image-preview":"max-image-preview:large","max-video-preview":"max-video-preview:-1"},"canonical":"https:\/\/www.istegroup.com\/produit\/histoire-des-sciences-de-la-vie-et-de-la-medecine-1\/","og_locale":"fr_FR","og_type":"article","og_title":"Histoire des sciences de la vie et de la m\u00e9decine 1 - ISTE Group","og_description":"Histoire des sciences de la vie et de la m\u00e9decine 1 propose un regard nouveau et actualis\u00e9 sur la m\u00e9decine dans le monde gr\u00e9co-romain.","og_url":"https:\/\/www.istegroup.com\/produit\/histoire-des-sciences-de-la-vie-et-de-la-medecine-1\/","og_site_name":"ISTE Group","article_modified_time":"2026-02-23T10:24:01+00:00","og_image":[{"width":300,"height":450,"url":"https:\/\/www.istegroup.com\/wp-content\/uploads\/2019\/11\/Histoire-des-sciences-de-la-vie-et-de-la-medecine-1.jpg","type":"image\/jpeg"}],"twitter_card":"summary_large_image","twitter_misc":{"Est. reading time":"2 minutes"},"schema":{"@context":"https:\/\/schema.org","@graph":[{"@type":"WebPage","@id":"https:\/\/www.istegroup.com\/produit\/histoire-des-sciences-de-la-vie-et-de-la-medecine-1\/","url":"https:\/\/www.istegroup.com\/produit\/histoire-des-sciences-de-la-vie-et-de-la-medecine-1\/","name":"Histoire des sciences de la vie et de la m\u00e9decine 1 - ISTE Group","isPartOf":{"@id":"https:\/\/www.istegroup.com\/#website"},"primaryImageOfPage":{"@id":"https:\/\/www.istegroup.com\/produit\/histoire-des-sciences-de-la-vie-et-de-la-medecine-1\/#primaryimage"},"image":{"@id":"https:\/\/www.istegroup.com\/produit\/histoire-des-sciences-de-la-vie-et-de-la-medecine-1\/#primaryimage"},"thumbnailUrl":"https:\/\/www.istegroup.com\/wp-content\/uploads\/2019\/11\/Histoire-des-sciences-de-la-vie-et-de-la-medecine-1.jpg","datePublished":"2025-09-18T11:07:27+00:00","dateModified":"2026-02-23T10:24:01+00:00","description":"Histoire des sciences de la vie et de la m\u00e9decine 1 propose un regard nouveau et actualis\u00e9 sur la m\u00e9decine dans le monde gr\u00e9co-romain.","breadcrumb":{"@id":"https:\/\/www.istegroup.com\/produit\/histoire-des-sciences-de-la-vie-et-de-la-medecine-1\/#breadcrumb"},"inLanguage":"fr-FR","potentialAction":[{"@type":"ReadAction","target":["https:\/\/www.istegroup.com\/produit\/histoire-des-sciences-de-la-vie-et-de-la-medecine-1\/"]}]},{"@type":"ImageObject","inLanguage":"fr-FR","@id":"https:\/\/www.istegroup.com\/produit\/histoire-des-sciences-de-la-vie-et-de-la-medecine-1\/#primaryimage","url":"https:\/\/www.istegroup.com\/wp-content\/uploads\/2019\/11\/Histoire-des-sciences-de-la-vie-et-de-la-medecine-1.jpg","contentUrl":"https:\/\/www.istegroup.com\/wp-content\/uploads\/2019\/11\/Histoire-des-sciences-de-la-vie-et-de-la-medecine-1.jpg","width":300,"height":450},{"@type":"BreadcrumbList","@id":"https:\/\/www.istegroup.com\/produit\/histoire-des-sciences-de-la-vie-et-de-la-medecine-1\/#breadcrumb","itemListElement":[{"@type":"ListItem","position":1,"name":"Home","item":"https:\/\/www.istegroup.com\/"},{"@type":"ListItem","position":2,"name":"Shop","item":"https:\/\/www.istegroup.com\/fr\/nouveautes\/"},{"@type":"ListItem","position":3,"name":"Histoire des sciences de la vie et de la m\u00e9decine 1"}]},{"@type":"WebSite","@id":"https:\/\/www.istegroup.com\/#website","url":"https:\/\/www.istegroup.com\/","name":"ISTE Group","description":"\u00c9diteur des Sciences","potentialAction":[{"@type":"SearchAction","target":{"@type":"EntryPoint","urlTemplate":"https:\/\/www.istegroup.com\/?s={search_term_string}"},"query-input":{"@type":"PropertyValueSpecification","valueRequired":true,"valueName":"search_term_string"}}],"inLanguage":"fr-FR"}]}},"_links":{"self":[{"href":"https:\/\/www.istegroup.com\/fr\/wp-json\/wp\/v2\/product\/23878","targetHints":{"allow":["GET"]}}],"collection":[{"href":"https:\/\/www.istegroup.com\/fr\/wp-json\/wp\/v2\/product"}],"about":[{"href":"https:\/\/www.istegroup.com\/fr\/wp-json\/wp\/v2\/types\/product"}],"wp:featuredmedia":[{"embeddable":true,"href":"https:\/\/www.istegroup.com\/fr\/wp-json\/wp\/v2\/media\/61567"}],"wp:attachment":[{"href":"https:\/\/www.istegroup.com\/fr\/wp-json\/wp\/v2\/media?parent=23878"}],"wp:term":[{"taxonomy":"product_brand","embeddable":true,"href":"https:\/\/www.istegroup.com\/fr\/wp-json\/wp\/v2\/product_brand?post=23878"},{"taxonomy":"product_cat","embeddable":true,"href":"https:\/\/www.istegroup.com\/fr\/wp-json\/wp\/v2\/product_cat?post=23878"},{"taxonomy":"product_tag","embeddable":true,"href":"https:\/\/www.istegroup.com\/fr\/wp-json\/wp\/v2\/product_tag?post=23878"}],"curies":[{"name":"wp","href":"https:\/\/api.w.org\/{rel}","templated":true}]}}