{"id":23865,"date":"2025-06-20T11:55:01","date_gmt":"2025-06-20T10:55:01","guid":{"rendered":"https:\/\/www.istegroup.com\/?post_type=product&#038;p=23865"},"modified":"2025-12-08T16:13:38","modified_gmt":"2025-12-08T16:13:38","slug":"histoire-des-techniques","status":"publish","type":"product","link":"https:\/\/www.istegroup.com\/fr\/produit\/histoire-des-techniques\/","title":{"rendered":"Histoire des techniques"},"content":{"rendered":"<p>Au cours des trente derni\u00e8res ann\u00e9es, l\u2019histoire des techniques a \u00e9t\u00e9 si largement renouvel\u00e9e qu\u2019un grand nombre de r\u00e9cits jadis canoniques ont \u00e9t\u00e9 invalid\u00e9s. Cet ouvrage collectif rend compte de plusieurs de ces recompositions majeures : les p\u00e9riodes anciennes n\u2019ont jamais \u00e9t\u00e9 des \u00e9poques de stagnation technique ; les techniques ne se \u00ab diffusent \u00bb pas, mais s\u2019interp\u00e9n\u00e8trent et se r\u00e9inventent en voyageant ; l\u2019invention n\u2019est pas une \u00e9piphanie individuelle mais un processus progressif et bien souvent collectif ; loin d\u2019\u00eatre neutre, le mat\u00e9riau est dot\u00e9 d\u2019une agentivit\u00e9 propre ; les notions de capitalisme, de genre et d\u2019environnement sont des apports f\u00e9conds \u00e0 l\u2019histoire des techniques et ont permis d\u2019infirmer de nombreuses na\u00efvet\u00e9s.<\/p>\n<p>Ces travaux r\u00e9cents ont permis d\u2019en finir avec la vision discontinuiste d\u2019une histoire faite de ruptures techniques franches au profit de descriptions plus complexes permettant de mieux saisir les dynamiques r\u00e9elles du monde d\u2019aujourd\u2019hui.<\/p>\n","protected":false},"excerpt":{"rendered":"<p>Au cours des trente derni\u00e8res ann\u00e9es, l\u2019histoire des techniques a \u00e9t\u00e9 si largement renouvel\u00e9e qu\u2019un grand nombre de r\u00e9cits jadis canoniques ont \u00e9t\u00e9 invalid\u00e9s. Cet ouvrage collectif rend compte de plusieurs de ces recompositions majeures : les p\u00e9riodes anciennes n\u2019ont jamais \u00e9t\u00e9 des \u00e9poques de stagnation technique ; les techniques ne se \u00ab diffusent \u00bb [&hellip;]<\/p>\n","protected":false},"featured_media":60696,"template":"","meta":{"_acf_changed":false,"_links_to":"","_links_to_target":""},"product_brand":[],"product_cat":[4289],"product_tag":[],"class_list":{"0":"post-23865","1":"product","2":"type-product","3":"status-publish","4":"has-post-thumbnail","6":"product_cat-sciences","8":"first","9":"instock","10":"shipping-taxable","11":"purchasable","12":"product-type-variable"},"acf":[],"yoast_head":"<!-- This site is optimized with the Yoast SEO plugin v27.2 - https:\/\/yoast.com\/product\/yoast-seo-wordpress\/ -->\n<title>Histoire des techniques - ISTE Group<\/title>\n<meta name=\"description\" content=\"Au cours des trente derni\u00e8res ann\u00e9es, l\u2019histoire des techniques a \u00e9t\u00e9 si largement renouvel\u00e9e qu\u2019un grand nombre de r\u00e9cits jadis canoniques ont \u00e9t\u00e9 invalid\u00e9s. Cet ouvrage collectif rend compte de plusieurs de ces recompositions majeures\" \/>\n<meta name=\"robots\" content=\"index, follow, max-snippet:-1, max-image-preview:large, max-video-preview:-1\" \/>\n<link rel=\"canonical\" href=\"https:\/\/www.istegroup.com\/produit\/histoire-des-techniques\/\" \/>\n<meta property=\"og:locale\" content=\"fr_FR\" \/>\n<meta property=\"og:type\" content=\"article\" \/>\n<meta property=\"og:title\" content=\"Histoire des techniques - ISTE Group\" \/>\n<meta property=\"og:description\" content=\"Au cours des trente derni\u00e8res ann\u00e9es, l\u2019histoire des techniques a \u00e9t\u00e9 si largement renouvel\u00e9e qu\u2019un grand nombre de r\u00e9cits jadis canoniques ont \u00e9t\u00e9 invalid\u00e9s. Cet ouvrage collectif rend compte de plusieurs de ces recompositions majeures\" \/>\n<meta property=\"og:url\" content=\"https:\/\/www.istegroup.com\/produit\/histoire-des-techniques\/\" \/>\n<meta property=\"og:site_name\" content=\"ISTE Group\" \/>\n<meta property=\"article:modified_time\" content=\"2025-12-08T16:13:38+00:00\" \/>\n<meta property=\"og:image\" content=\"https:\/\/www.istegroup.com\/wp-content\/uploads\/2019\/11\/207_Histoire-des-techniques.jpeg\" \/>\n\t<meta property=\"og:image:width\" content=\"300\" \/>\n\t<meta property=\"og:image:height\" content=\"450\" \/>\n\t<meta property=\"og:image:type\" content=\"image\/jpeg\" \/>\n<meta name=\"twitter:card\" content=\"summary_large_image\" \/>\n<meta name=\"twitter:label1\" content=\"Est. reading time\" \/>\n\t<meta name=\"twitter:data1\" content=\"1 minute\" \/>\n<script type=\"application\/ld+json\" class=\"yoast-schema-graph\">{\"@context\":\"https:\/\/schema.org\",\"@graph\":[{\"@type\":\"WebPage\",\"@id\":\"https:\/\/www.istegroup.com\/produit\/histoire-des-techniques\/\",\"url\":\"https:\/\/www.istegroup.com\/produit\/histoire-des-techniques\/\",\"name\":\"Histoire des techniques - ISTE Group\",\"isPartOf\":{\"@id\":\"https:\/\/www.istegroup.com\/#website\"},\"primaryImageOfPage\":{\"@id\":\"https:\/\/www.istegroup.com\/produit\/histoire-des-techniques\/#primaryimage\"},\"image\":{\"@id\":\"https:\/\/www.istegroup.com\/produit\/histoire-des-techniques\/#primaryimage\"},\"thumbnailUrl\":\"https:\/\/www.istegroup.com\/wp-content\/uploads\/2019\/11\/207_Histoire-des-techniques.jpeg\",\"datePublished\":\"2025-06-20T10:55:01+00:00\",\"dateModified\":\"2025-12-08T16:13:38+00:00\",\"description\":\"Au cours des trente derni\u00e8res ann\u00e9es, l\u2019histoire des techniques a \u00e9t\u00e9 si largement renouvel\u00e9e qu\u2019un grand nombre de r\u00e9cits jadis canoniques ont \u00e9t\u00e9 invalid\u00e9s. Cet ouvrage collectif rend compte de plusieurs de ces recompositions majeures\",\"breadcrumb\":{\"@id\":\"https:\/\/www.istegroup.com\/produit\/histoire-des-techniques\/#breadcrumb\"},\"inLanguage\":\"fr-FR\",\"potentialAction\":[{\"@type\":\"ReadAction\",\"target\":[\"https:\/\/www.istegroup.com\/produit\/histoire-des-techniques\/\"]}]},{\"@type\":\"ImageObject\",\"inLanguage\":\"fr-FR\",\"@id\":\"https:\/\/www.istegroup.com\/produit\/histoire-des-techniques\/#primaryimage\",\"url\":\"https:\/\/www.istegroup.com\/wp-content\/uploads\/2019\/11\/207_Histoire-des-techniques.jpeg\",\"contentUrl\":\"https:\/\/www.istegroup.com\/wp-content\/uploads\/2019\/11\/207_Histoire-des-techniques.jpeg\",\"width\":300,\"height\":450},{\"@type\":\"BreadcrumbList\",\"@id\":\"https:\/\/www.istegroup.com\/produit\/histoire-des-techniques\/#breadcrumb\",\"itemListElement\":[{\"@type\":\"ListItem\",\"position\":1,\"name\":\"Home\",\"item\":\"https:\/\/www.istegroup.com\/\"},{\"@type\":\"ListItem\",\"position\":2,\"name\":\"Shop\",\"item\":\"https:\/\/www.istegroup.com\/fr\/nouveautes\/\"},{\"@type\":\"ListItem\",\"position\":3,\"name\":\"Histoire des techniques\"}]},{\"@type\":\"WebSite\",\"@id\":\"https:\/\/www.istegroup.com\/#website\",\"url\":\"https:\/\/www.istegroup.com\/\",\"name\":\"ISTE Group\",\"description\":\"\u00c9diteur des Sciences\",\"potentialAction\":[{\"@type\":\"SearchAction\",\"target\":{\"@type\":\"EntryPoint\",\"urlTemplate\":\"https:\/\/www.istegroup.com\/?s={search_term_string}\"},\"query-input\":{\"@type\":\"PropertyValueSpecification\",\"valueRequired\":true,\"valueName\":\"search_term_string\"}}],\"inLanguage\":\"fr-FR\"}]}<\/script>\n<!-- \/ Yoast SEO plugin. -->","yoast_head_json":{"title":"Histoire des techniques - ISTE Group","description":"Au cours des trente derni\u00e8res ann\u00e9es, l\u2019histoire des techniques a \u00e9t\u00e9 si largement renouvel\u00e9e qu\u2019un grand nombre de r\u00e9cits jadis canoniques ont \u00e9t\u00e9 invalid\u00e9s. Cet ouvrage collectif rend compte de plusieurs de ces recompositions majeures","robots":{"index":"index","follow":"follow","max-snippet":"max-snippet:-1","max-image-preview":"max-image-preview:large","max-video-preview":"max-video-preview:-1"},"canonical":"https:\/\/www.istegroup.com\/produit\/histoire-des-techniques\/","og_locale":"fr_FR","og_type":"article","og_title":"Histoire des techniques - ISTE Group","og_description":"Au cours des trente derni\u00e8res ann\u00e9es, l\u2019histoire des techniques a \u00e9t\u00e9 si largement renouvel\u00e9e qu\u2019un grand nombre de r\u00e9cits jadis canoniques ont \u00e9t\u00e9 invalid\u00e9s. Cet ouvrage collectif rend compte de plusieurs de ces recompositions majeures","og_url":"https:\/\/www.istegroup.com\/produit\/histoire-des-techniques\/","og_site_name":"ISTE Group","article_modified_time":"2025-12-08T16:13:38+00:00","og_image":[{"width":300,"height":450,"url":"https:\/\/www.istegroup.com\/wp-content\/uploads\/2019\/11\/207_Histoire-des-techniques.jpeg","type":"image\/jpeg"}],"twitter_card":"summary_large_image","twitter_misc":{"Est. reading time":"1 minute"},"schema":{"@context":"https:\/\/schema.org","@graph":[{"@type":"WebPage","@id":"https:\/\/www.istegroup.com\/produit\/histoire-des-techniques\/","url":"https:\/\/www.istegroup.com\/produit\/histoire-des-techniques\/","name":"Histoire des techniques - ISTE Group","isPartOf":{"@id":"https:\/\/www.istegroup.com\/#website"},"primaryImageOfPage":{"@id":"https:\/\/www.istegroup.com\/produit\/histoire-des-techniques\/#primaryimage"},"image":{"@id":"https:\/\/www.istegroup.com\/produit\/histoire-des-techniques\/#primaryimage"},"thumbnailUrl":"https:\/\/www.istegroup.com\/wp-content\/uploads\/2019\/11\/207_Histoire-des-techniques.jpeg","datePublished":"2025-06-20T10:55:01+00:00","dateModified":"2025-12-08T16:13:38+00:00","description":"Au cours des trente derni\u00e8res ann\u00e9es, l\u2019histoire des techniques a \u00e9t\u00e9 si largement renouvel\u00e9e qu\u2019un grand nombre de r\u00e9cits jadis canoniques ont \u00e9t\u00e9 invalid\u00e9s. Cet ouvrage collectif rend compte de plusieurs de ces recompositions majeures","breadcrumb":{"@id":"https:\/\/www.istegroup.com\/produit\/histoire-des-techniques\/#breadcrumb"},"inLanguage":"fr-FR","potentialAction":[{"@type":"ReadAction","target":["https:\/\/www.istegroup.com\/produit\/histoire-des-techniques\/"]}]},{"@type":"ImageObject","inLanguage":"fr-FR","@id":"https:\/\/www.istegroup.com\/produit\/histoire-des-techniques\/#primaryimage","url":"https:\/\/www.istegroup.com\/wp-content\/uploads\/2019\/11\/207_Histoire-des-techniques.jpeg","contentUrl":"https:\/\/www.istegroup.com\/wp-content\/uploads\/2019\/11\/207_Histoire-des-techniques.jpeg","width":300,"height":450},{"@type":"BreadcrumbList","@id":"https:\/\/www.istegroup.com\/produit\/histoire-des-techniques\/#breadcrumb","itemListElement":[{"@type":"ListItem","position":1,"name":"Home","item":"https:\/\/www.istegroup.com\/"},{"@type":"ListItem","position":2,"name":"Shop","item":"https:\/\/www.istegroup.com\/fr\/nouveautes\/"},{"@type":"ListItem","position":3,"name":"Histoire des techniques"}]},{"@type":"WebSite","@id":"https:\/\/www.istegroup.com\/#website","url":"https:\/\/www.istegroup.com\/","name":"ISTE Group","description":"\u00c9diteur des Sciences","potentialAction":[{"@type":"SearchAction","target":{"@type":"EntryPoint","urlTemplate":"https:\/\/www.istegroup.com\/?s={search_term_string}"},"query-input":{"@type":"PropertyValueSpecification","valueRequired":true,"valueName":"search_term_string"}}],"inLanguage":"fr-FR"}]}},"_links":{"self":[{"href":"https:\/\/www.istegroup.com\/fr\/wp-json\/wp\/v2\/product\/23865","targetHints":{"allow":["GET"]}}],"collection":[{"href":"https:\/\/www.istegroup.com\/fr\/wp-json\/wp\/v2\/product"}],"about":[{"href":"https:\/\/www.istegroup.com\/fr\/wp-json\/wp\/v2\/types\/product"}],"wp:featuredmedia":[{"embeddable":true,"href":"https:\/\/www.istegroup.com\/fr\/wp-json\/wp\/v2\/media\/60696"}],"wp:attachment":[{"href":"https:\/\/www.istegroup.com\/fr\/wp-json\/wp\/v2\/media?parent=23865"}],"wp:term":[{"taxonomy":"product_brand","embeddable":true,"href":"https:\/\/www.istegroup.com\/fr\/wp-json\/wp\/v2\/product_brand?post=23865"},{"taxonomy":"product_cat","embeddable":true,"href":"https:\/\/www.istegroup.com\/fr\/wp-json\/wp\/v2\/product_cat?post=23865"},{"taxonomy":"product_tag","embeddable":true,"href":"https:\/\/www.istegroup.com\/fr\/wp-json\/wp\/v2\/product_tag?post=23865"}],"curies":[{"name":"wp","href":"https:\/\/api.w.org\/{rel}","templated":true}]}}