{"id":23863,"date":"2024-10-11T09:05:12","date_gmt":"2024-10-11T08:05:12","guid":{"rendered":"https:\/\/www.istegroup.com\/?post_type=product&#038;p=23863"},"modified":"2026-01-26T09:54:41","modified_gmt":"2026-01-26T09:54:41","slug":"structure-et-dynamique-de-linterieur-de-la-terre-2","status":"publish","type":"product","link":"https:\/\/www.istegroup.com\/fr\/produit\/structure-et-dynamique-de-linterieur-de-la-terre-2\/","title":{"rendered":"Structure et dynamique de l&rsquo;int\u00e9rieur de la Terre 2"},"content":{"rendered":"<p>L\u2019int\u00e9rieur de notre plan\u00e8te est l\u2019une des derni\u00e8res <em>Terra Incognita<\/em>. Sa composition chimique et sa structure en oignon faite de roches solides et de min\u00e9raux rares en font un objet fascinant. Mais c\u2019est surtout sa dynamique qui fait de notre plan\u00e8te Terre un objet si singulier dans le syst\u00e8me solaire. Elle est la seule plan\u00e8te \u00e0 avoir une tectonique des plaques p\u00e9renne et active depuis quelques milliards d\u2019ann\u00e9es. Alors que sa dynamique est \u00e9vidente en surface (s\u00e9ismes, \u00e9ruptions volcaniques, ride m\u00e9dio-oc\u00e9anique), la nature m\u00eame du manteau terrestre, sous la cro\u00fbte terrestre et en contact avec le noyau, n\u2019a pas r\u00e9v\u00e9l\u00e9 tous ses secrets.<\/p>\n<p>P\u00e9dagogique, <em>Structure et dynamique de l&rsquo;int\u00e9rieur de la Terre 2<\/em> rappelle les principes fondamentaux de plusieurs propri\u00e9t\u00e9s physicochimiques cl\u00e9s des mat\u00e9riaux qui composent le manteau terrestre. Cet ouvrage expose ensuite les derni\u00e8res avanc\u00e9es technologiques utilis\u00e9es \u00e0 hautes pressions et hautes temp\u00e9ratures pour reproduire en laboratoire les conditions extr\u00eames du manteau terrestre. Il pr\u00e9sente \u00e9galement les derniers r\u00e9sultats scientifiques les plus marquants.<\/p>\n","protected":false},"excerpt":{"rendered":"<p>L\u2019int\u00e9rieur de notre plan\u00e8te est l\u2019une des derni\u00e8res Terra Incognita. Sa composition chimique et sa structure en oignon faite de roches solides et de min\u00e9raux rares en font un objet fascinant. Mais c\u2019est surtout sa dynamique qui fait de notre plan\u00e8te Terre un objet si singulier dans le syst\u00e8me solaire. Elle est la seule plan\u00e8te [&hellip;]<\/p>\n","protected":false},"featured_media":57973,"template":"","meta":{"_acf_changed":false,"_links_to":"","_links_to_target":""},"product_brand":[],"product_cat":[4289],"product_tag":[4467],"class_list":{"0":"post-23863","1":"product","2":"type-product","3":"status-publish","4":"has-post-thumbnail","6":"product_cat-sciences","7":"product_tag-geosciences","9":"first","10":"instock","11":"shipping-taxable","12":"purchasable","13":"product-type-variable"},"acf":[],"yoast_head":"<!-- This site is optimized with the Yoast SEO plugin v27.2 - https:\/\/yoast.com\/product\/yoast-seo-wordpress\/ -->\n<title>Structure et dynamique de l&#039;int\u00e9rieur de la Terre 2 - ISTE Group<\/title>\n<meta name=\"description\" content=\"Structure et dynamique de l&#039;int\u00e9rieur de la Terre 2 rappelle les principes fondamentaux de plusieurs propri\u00e9t\u00e9s physicochimiques cl\u00e9s des mat\u00e9riaux qui composent le manteau terrestre.\" \/>\n<meta name=\"robots\" content=\"index, follow, max-snippet:-1, max-image-preview:large, max-video-preview:-1\" \/>\n<link rel=\"canonical\" href=\"https:\/\/www.istegroup.com\/produit\/structure-et-dynamique-de-linterieur-de-la-terre-2\/\" \/>\n<meta property=\"og:locale\" content=\"fr_FR\" \/>\n<meta property=\"og:type\" content=\"article\" \/>\n<meta property=\"og:title\" content=\"Structure et dynamique de l&#039;int\u00e9rieur de la Terre 2 - ISTE Group\" \/>\n<meta property=\"og:description\" content=\"Structure et dynamique de l&#039;int\u00e9rieur de la Terre 2 rappelle les principes fondamentaux de plusieurs propri\u00e9t\u00e9s physicochimiques cl\u00e9s des mat\u00e9riaux qui composent le manteau terrestre.\" \/>\n<meta property=\"og:url\" content=\"https:\/\/www.istegroup.com\/produit\/structure-et-dynamique-de-linterieur-de-la-terre-2\/\" \/>\n<meta property=\"og:site_name\" content=\"ISTE Group\" \/>\n<meta property=\"article:modified_time\" content=\"2026-01-26T09:54:41+00:00\" \/>\n<meta property=\"og:image\" content=\"https:\/\/www.istegroup.com\/wp-content\/uploads\/2019\/11\/Structure-et-dynamique-de-linterieur-de-la-Terre-2.jpg\" \/>\n\t<meta property=\"og:image:width\" content=\"300\" \/>\n\t<meta property=\"og:image:height\" content=\"450\" \/>\n\t<meta property=\"og:image:type\" content=\"image\/jpeg\" \/>\n<meta name=\"twitter:card\" content=\"summary_large_image\" \/>\n<meta name=\"twitter:label1\" content=\"Est. reading time\" \/>\n\t<meta name=\"twitter:data1\" content=\"2 minutes\" \/>\n<script type=\"application\/ld+json\" class=\"yoast-schema-graph\">{\"@context\":\"https:\/\/schema.org\",\"@graph\":[{\"@type\":\"WebPage\",\"@id\":\"https:\/\/www.istegroup.com\/produit\/structure-et-dynamique-de-linterieur-de-la-terre-2\/\",\"url\":\"https:\/\/www.istegroup.com\/produit\/structure-et-dynamique-de-linterieur-de-la-terre-2\/\",\"name\":\"Structure et dynamique de l'int\u00e9rieur de la Terre 2 - ISTE Group\",\"isPartOf\":{\"@id\":\"https:\/\/www.istegroup.com\/#website\"},\"primaryImageOfPage\":{\"@id\":\"https:\/\/www.istegroup.com\/produit\/structure-et-dynamique-de-linterieur-de-la-terre-2\/#primaryimage\"},\"image\":{\"@id\":\"https:\/\/www.istegroup.com\/produit\/structure-et-dynamique-de-linterieur-de-la-terre-2\/#primaryimage\"},\"thumbnailUrl\":\"https:\/\/www.istegroup.com\/wp-content\/uploads\/2019\/11\/Structure-et-dynamique-de-linterieur-de-la-Terre-2.jpg\",\"datePublished\":\"2024-10-11T08:05:12+00:00\",\"dateModified\":\"2026-01-26T09:54:41+00:00\",\"description\":\"Structure et dynamique de l'int\u00e9rieur de la Terre 2 rappelle les principes fondamentaux de plusieurs propri\u00e9t\u00e9s physicochimiques cl\u00e9s des mat\u00e9riaux qui composent le manteau terrestre.\",\"breadcrumb\":{\"@id\":\"https:\/\/www.istegroup.com\/produit\/structure-et-dynamique-de-linterieur-de-la-terre-2\/#breadcrumb\"},\"inLanguage\":\"fr-FR\",\"potentialAction\":[{\"@type\":\"ReadAction\",\"target\":[\"https:\/\/www.istegroup.com\/produit\/structure-et-dynamique-de-linterieur-de-la-terre-2\/\"]}]},{\"@type\":\"ImageObject\",\"inLanguage\":\"fr-FR\",\"@id\":\"https:\/\/www.istegroup.com\/produit\/structure-et-dynamique-de-linterieur-de-la-terre-2\/#primaryimage\",\"url\":\"https:\/\/www.istegroup.com\/wp-content\/uploads\/2019\/11\/Structure-et-dynamique-de-linterieur-de-la-Terre-2.jpg\",\"contentUrl\":\"https:\/\/www.istegroup.com\/wp-content\/uploads\/2019\/11\/Structure-et-dynamique-de-linterieur-de-la-Terre-2.jpg\",\"width\":300,\"height\":450,\"caption\":\"Livre scientifique - Structure et dynamique de l'int\u00e9rieur de la Terre 2\"},{\"@type\":\"BreadcrumbList\",\"@id\":\"https:\/\/www.istegroup.com\/produit\/structure-et-dynamique-de-linterieur-de-la-terre-2\/#breadcrumb\",\"itemListElement\":[{\"@type\":\"ListItem\",\"position\":1,\"name\":\"Home\",\"item\":\"https:\/\/www.istegroup.com\/\"},{\"@type\":\"ListItem\",\"position\":2,\"name\":\"Shop\",\"item\":\"https:\/\/www.istegroup.com\/fr\/nouveautes\/\"},{\"@type\":\"ListItem\",\"position\":3,\"name\":\"Structure et dynamique de l&rsquo;int\u00e9rieur de la Terre 2\"}]},{\"@type\":\"WebSite\",\"@id\":\"https:\/\/www.istegroup.com\/#website\",\"url\":\"https:\/\/www.istegroup.com\/\",\"name\":\"ISTE Group\",\"description\":\"\u00c9diteur des Sciences\",\"potentialAction\":[{\"@type\":\"SearchAction\",\"target\":{\"@type\":\"EntryPoint\",\"urlTemplate\":\"https:\/\/www.istegroup.com\/?s={search_term_string}\"},\"query-input\":{\"@type\":\"PropertyValueSpecification\",\"valueRequired\":true,\"valueName\":\"search_term_string\"}}],\"inLanguage\":\"fr-FR\"}]}<\/script>\n<!-- \/ Yoast SEO plugin. -->","yoast_head_json":{"title":"Structure et dynamique de l'int\u00e9rieur de la Terre 2 - ISTE Group","description":"Structure et dynamique de l'int\u00e9rieur de la Terre 2 rappelle les principes fondamentaux de plusieurs propri\u00e9t\u00e9s physicochimiques cl\u00e9s des mat\u00e9riaux qui composent le manteau terrestre.","robots":{"index":"index","follow":"follow","max-snippet":"max-snippet:-1","max-image-preview":"max-image-preview:large","max-video-preview":"max-video-preview:-1"},"canonical":"https:\/\/www.istegroup.com\/produit\/structure-et-dynamique-de-linterieur-de-la-terre-2\/","og_locale":"fr_FR","og_type":"article","og_title":"Structure et dynamique de l'int\u00e9rieur de la Terre 2 - ISTE Group","og_description":"Structure et dynamique de l'int\u00e9rieur de la Terre 2 rappelle les principes fondamentaux de plusieurs propri\u00e9t\u00e9s physicochimiques cl\u00e9s des mat\u00e9riaux qui composent le manteau terrestre.","og_url":"https:\/\/www.istegroup.com\/produit\/structure-et-dynamique-de-linterieur-de-la-terre-2\/","og_site_name":"ISTE Group","article_modified_time":"2026-01-26T09:54:41+00:00","og_image":[{"width":300,"height":450,"url":"https:\/\/www.istegroup.com\/wp-content\/uploads\/2019\/11\/Structure-et-dynamique-de-linterieur-de-la-Terre-2.jpg","type":"image\/jpeg"}],"twitter_card":"summary_large_image","twitter_misc":{"Est. reading time":"2 minutes"},"schema":{"@context":"https:\/\/schema.org","@graph":[{"@type":"WebPage","@id":"https:\/\/www.istegroup.com\/produit\/structure-et-dynamique-de-linterieur-de-la-terre-2\/","url":"https:\/\/www.istegroup.com\/produit\/structure-et-dynamique-de-linterieur-de-la-terre-2\/","name":"Structure et dynamique de l'int\u00e9rieur de la Terre 2 - ISTE Group","isPartOf":{"@id":"https:\/\/www.istegroup.com\/#website"},"primaryImageOfPage":{"@id":"https:\/\/www.istegroup.com\/produit\/structure-et-dynamique-de-linterieur-de-la-terre-2\/#primaryimage"},"image":{"@id":"https:\/\/www.istegroup.com\/produit\/structure-et-dynamique-de-linterieur-de-la-terre-2\/#primaryimage"},"thumbnailUrl":"https:\/\/www.istegroup.com\/wp-content\/uploads\/2019\/11\/Structure-et-dynamique-de-linterieur-de-la-Terre-2.jpg","datePublished":"2024-10-11T08:05:12+00:00","dateModified":"2026-01-26T09:54:41+00:00","description":"Structure et dynamique de l'int\u00e9rieur de la Terre 2 rappelle les principes fondamentaux de plusieurs propri\u00e9t\u00e9s physicochimiques cl\u00e9s des mat\u00e9riaux qui composent le manteau terrestre.","breadcrumb":{"@id":"https:\/\/www.istegroup.com\/produit\/structure-et-dynamique-de-linterieur-de-la-terre-2\/#breadcrumb"},"inLanguage":"fr-FR","potentialAction":[{"@type":"ReadAction","target":["https:\/\/www.istegroup.com\/produit\/structure-et-dynamique-de-linterieur-de-la-terre-2\/"]}]},{"@type":"ImageObject","inLanguage":"fr-FR","@id":"https:\/\/www.istegroup.com\/produit\/structure-et-dynamique-de-linterieur-de-la-terre-2\/#primaryimage","url":"https:\/\/www.istegroup.com\/wp-content\/uploads\/2019\/11\/Structure-et-dynamique-de-linterieur-de-la-Terre-2.jpg","contentUrl":"https:\/\/www.istegroup.com\/wp-content\/uploads\/2019\/11\/Structure-et-dynamique-de-linterieur-de-la-Terre-2.jpg","width":300,"height":450,"caption":"Livre scientifique - Structure et dynamique de l'int\u00e9rieur de la Terre 2"},{"@type":"BreadcrumbList","@id":"https:\/\/www.istegroup.com\/produit\/structure-et-dynamique-de-linterieur-de-la-terre-2\/#breadcrumb","itemListElement":[{"@type":"ListItem","position":1,"name":"Home","item":"https:\/\/www.istegroup.com\/"},{"@type":"ListItem","position":2,"name":"Shop","item":"https:\/\/www.istegroup.com\/fr\/nouveautes\/"},{"@type":"ListItem","position":3,"name":"Structure et dynamique de l&rsquo;int\u00e9rieur de la Terre 2"}]},{"@type":"WebSite","@id":"https:\/\/www.istegroup.com\/#website","url":"https:\/\/www.istegroup.com\/","name":"ISTE Group","description":"\u00c9diteur des Sciences","potentialAction":[{"@type":"SearchAction","target":{"@type":"EntryPoint","urlTemplate":"https:\/\/www.istegroup.com\/?s={search_term_string}"},"query-input":{"@type":"PropertyValueSpecification","valueRequired":true,"valueName":"search_term_string"}}],"inLanguage":"fr-FR"}]}},"_links":{"self":[{"href":"https:\/\/www.istegroup.com\/fr\/wp-json\/wp\/v2\/product\/23863","targetHints":{"allow":["GET"]}}],"collection":[{"href":"https:\/\/www.istegroup.com\/fr\/wp-json\/wp\/v2\/product"}],"about":[{"href":"https:\/\/www.istegroup.com\/fr\/wp-json\/wp\/v2\/types\/product"}],"wp:featuredmedia":[{"embeddable":true,"href":"https:\/\/www.istegroup.com\/fr\/wp-json\/wp\/v2\/media\/57973"}],"wp:attachment":[{"href":"https:\/\/www.istegroup.com\/fr\/wp-json\/wp\/v2\/media?parent=23863"}],"wp:term":[{"taxonomy":"product_brand","embeddable":true,"href":"https:\/\/www.istegroup.com\/fr\/wp-json\/wp\/v2\/product_brand?post=23863"},{"taxonomy":"product_cat","embeddable":true,"href":"https:\/\/www.istegroup.com\/fr\/wp-json\/wp\/v2\/product_cat?post=23863"},{"taxonomy":"product_tag","embeddable":true,"href":"https:\/\/www.istegroup.com\/fr\/wp-json\/wp\/v2\/product_tag?post=23863"}],"curies":[{"name":"wp","href":"https:\/\/api.w.org\/{rel}","templated":true}]}}