{"id":23852,"date":"2025-03-20T11:42:01","date_gmt":"2025-03-20T11:42:01","guid":{"rendered":"https:\/\/www.istegroup.com\/?post_type=product&#038;p=23852"},"modified":"2025-10-16T11:15:31","modified_gmt":"2025-10-16T10:15:31","slug":"terre-archeenne-et-proterozoique","status":"publish","type":"product","link":"https:\/\/www.istegroup.com\/fr\/produit\/terre-archeenne-et-proterozoique\/","title":{"rendered":"Terre arch\u00e9enne et prot\u00e9rozo\u00efque"},"content":{"rendered":"<p>Il aura fallu pr\u00e8s de 4 milliards d\u2019ann\u00e9es pour que la Terre devienne une plan\u00e8te hospitali\u00e8re. Cela repr\u00e9sente pr\u00e8s de 90 % de son histoire.<\/p>\n<p><em>Terre arch\u00e9enne et prot\u00e9rozo\u00efque<\/em> retrace les bouleversements g\u00e9odynamiques, biologiques, climatiques et environnementaux qui ont accompagn\u00e9 cette \u00e9volution.<\/p>\n<p>Cet ouvrage s\u2019int\u00e9resse au refroidissement s\u00e9culaire de la plan\u00e8te, ses implications sur la dynamique du manteau terrestre et la mise en oeuvre d\u2019une tectonique des plaques, ainsi que sur l\u2019\u00e9volution de la composition des magmas et la formation d\u2019une cro\u00fbte continentale diff\u00e9renci\u00e9e. Il montre comment les variations de l\u2019intensit\u00e9 du champ magn\u00e9tique terrestre se sont av\u00e9r\u00e9es utiles pour reconstruire les mouvements des continents \u00e0 la surface du globe. Il documente l\u2019origine des oc\u00e9ans et l\u2019apparition des premi\u00e8res traces de vie, et retrace l\u2019\u00e9volution des grands cycles biog\u00e9ochimiques qui ont conduit \u00e0 l\u2019oxyg\u00e9nation de l\u2019atmosph\u00e8re, la diversification du vivant et la concentration de substances d\u2019int\u00e9r\u00eats \u00e9conomiques, en particulier les m\u00e9taux.<\/p>\n","protected":false},"excerpt":{"rendered":"<p>Il aura fallu pr\u00e8s de 4 milliards d\u2019ann\u00e9es pour que la Terre devienne une plan\u00e8te hospitali\u00e8re. Cela repr\u00e9sente pr\u00e8s de 90 % de son histoire. Terre arch\u00e9enne et prot\u00e9rozo\u00efque retrace les bouleversements g\u00e9odynamiques, biologiques, climatiques et environnementaux qui ont accompagn\u00e9 cette \u00e9volution. Cet ouvrage s\u2019int\u00e9resse au refroidissement s\u00e9culaire de la plan\u00e8te, ses implications sur la [&hellip;]<\/p>\n","protected":false},"featured_media":59752,"template":"","meta":{"_acf_changed":false,"_links_to":"","_links_to_target":""},"product_brand":[],"product_cat":[4289],"product_tag":[],"class_list":{"0":"post-23852","1":"product","2":"type-product","3":"status-publish","4":"has-post-thumbnail","6":"product_cat-sciences","8":"first","9":"instock","10":"shipping-taxable","11":"purchasable","12":"product-type-variable"},"acf":[],"yoast_head":"<!-- This site is optimized with the Yoast SEO plugin v27.2 - https:\/\/yoast.com\/product\/yoast-seo-wordpress\/ -->\n<title>Terre arch\u00e9enne et prot\u00e9rozo\u00efque - ISTE Group<\/title>\n<meta name=\"description\" content=\"Terre arch\u00e9enne et prot\u00e9rozo\u00efque retrace les bouleversements g\u00e9odynamiques, biologiques, climatiques et environnementaux qui ont accompagn\u00e9 cette \u00e9volution.\" \/>\n<meta name=\"robots\" content=\"index, follow, max-snippet:-1, max-image-preview:large, max-video-preview:-1\" \/>\n<link rel=\"canonical\" href=\"https:\/\/www.istegroup.com\/produit\/terre-archeenne-et-proterozoique\/\" \/>\n<meta property=\"og:locale\" content=\"fr_FR\" \/>\n<meta property=\"og:type\" content=\"article\" \/>\n<meta property=\"og:title\" content=\"Terre arch\u00e9enne et prot\u00e9rozo\u00efque - ISTE Group\" \/>\n<meta property=\"og:description\" content=\"Terre arch\u00e9enne et prot\u00e9rozo\u00efque retrace les bouleversements g\u00e9odynamiques, biologiques, climatiques et environnementaux qui ont accompagn\u00e9 cette \u00e9volution.\" \/>\n<meta property=\"og:url\" content=\"https:\/\/www.istegroup.com\/produit\/terre-archeenne-et-proterozoique\/\" \/>\n<meta property=\"og:site_name\" content=\"ISTE Group\" \/>\n<meta property=\"article:modified_time\" content=\"2025-10-16T10:15:31+00:00\" \/>\n<meta property=\"og:image\" content=\"https:\/\/www.istegroup.com\/wp-content\/uploads\/2019\/11\/205_Terre-archeenne-et-proterozoique.png\" \/>\n\t<meta property=\"og:image:width\" content=\"300\" \/>\n\t<meta property=\"og:image:height\" content=\"450\" \/>\n\t<meta property=\"og:image:type\" content=\"image\/png\" \/>\n<meta name=\"twitter:card\" content=\"summary_large_image\" \/>\n<meta name=\"twitter:label1\" content=\"Est. reading time\" \/>\n\t<meta name=\"twitter:data1\" content=\"1 minute\" \/>\n<script type=\"application\/ld+json\" class=\"yoast-schema-graph\">{\"@context\":\"https:\/\/schema.org\",\"@graph\":[{\"@type\":\"WebPage\",\"@id\":\"https:\/\/www.istegroup.com\/produit\/terre-archeenne-et-proterozoique\/\",\"url\":\"https:\/\/www.istegroup.com\/produit\/terre-archeenne-et-proterozoique\/\",\"name\":\"Terre arch\u00e9enne et prot\u00e9rozo\u00efque - ISTE Group\",\"isPartOf\":{\"@id\":\"https:\/\/www.istegroup.com\/#website\"},\"primaryImageOfPage\":{\"@id\":\"https:\/\/www.istegroup.com\/produit\/terre-archeenne-et-proterozoique\/#primaryimage\"},\"image\":{\"@id\":\"https:\/\/www.istegroup.com\/produit\/terre-archeenne-et-proterozoique\/#primaryimage\"},\"thumbnailUrl\":\"https:\/\/www.istegroup.com\/wp-content\/uploads\/2019\/11\/205_Terre-archeenne-et-proterozoique.png\",\"datePublished\":\"2025-03-20T11:42:01+00:00\",\"dateModified\":\"2025-10-16T10:15:31+00:00\",\"description\":\"Terre arch\u00e9enne et prot\u00e9rozo\u00efque retrace les bouleversements g\u00e9odynamiques, biologiques, climatiques et environnementaux qui ont accompagn\u00e9 cette \u00e9volution.\",\"breadcrumb\":{\"@id\":\"https:\/\/www.istegroup.com\/produit\/terre-archeenne-et-proterozoique\/#breadcrumb\"},\"inLanguage\":\"fr-FR\",\"potentialAction\":[{\"@type\":\"ReadAction\",\"target\":[\"https:\/\/www.istegroup.com\/produit\/terre-archeenne-et-proterozoique\/\"]}]},{\"@type\":\"ImageObject\",\"inLanguage\":\"fr-FR\",\"@id\":\"https:\/\/www.istegroup.com\/produit\/terre-archeenne-et-proterozoique\/#primaryimage\",\"url\":\"https:\/\/www.istegroup.com\/wp-content\/uploads\/2019\/11\/205_Terre-archeenne-et-proterozoique.png\",\"contentUrl\":\"https:\/\/www.istegroup.com\/wp-content\/uploads\/2019\/11\/205_Terre-archeenne-et-proterozoique.png\",\"width\":300,\"height\":450,\"caption\":\"Livre scientifique - Terre arch\u00e9enne et prot\u00e9rozo\u00efque\"},{\"@type\":\"BreadcrumbList\",\"@id\":\"https:\/\/www.istegroup.com\/produit\/terre-archeenne-et-proterozoique\/#breadcrumb\",\"itemListElement\":[{\"@type\":\"ListItem\",\"position\":1,\"name\":\"Home\",\"item\":\"https:\/\/www.istegroup.com\/\"},{\"@type\":\"ListItem\",\"position\":2,\"name\":\"Shop\",\"item\":\"https:\/\/www.istegroup.com\/fr\/nouveautes\/\"},{\"@type\":\"ListItem\",\"position\":3,\"name\":\"Terre arch\u00e9enne et prot\u00e9rozo\u00efque\"}]},{\"@type\":\"WebSite\",\"@id\":\"https:\/\/www.istegroup.com\/#website\",\"url\":\"https:\/\/www.istegroup.com\/\",\"name\":\"ISTE Group\",\"description\":\"\u00c9diteur des Sciences\",\"potentialAction\":[{\"@type\":\"SearchAction\",\"target\":{\"@type\":\"EntryPoint\",\"urlTemplate\":\"https:\/\/www.istegroup.com\/?s={search_term_string}\"},\"query-input\":{\"@type\":\"PropertyValueSpecification\",\"valueRequired\":true,\"valueName\":\"search_term_string\"}}],\"inLanguage\":\"fr-FR\"}]}<\/script>\n<!-- \/ Yoast SEO plugin. -->","yoast_head_json":{"title":"Terre arch\u00e9enne et prot\u00e9rozo\u00efque - ISTE Group","description":"Terre arch\u00e9enne et prot\u00e9rozo\u00efque retrace les bouleversements g\u00e9odynamiques, biologiques, climatiques et environnementaux qui ont accompagn\u00e9 cette \u00e9volution.","robots":{"index":"index","follow":"follow","max-snippet":"max-snippet:-1","max-image-preview":"max-image-preview:large","max-video-preview":"max-video-preview:-1"},"canonical":"https:\/\/www.istegroup.com\/produit\/terre-archeenne-et-proterozoique\/","og_locale":"fr_FR","og_type":"article","og_title":"Terre arch\u00e9enne et prot\u00e9rozo\u00efque - ISTE Group","og_description":"Terre arch\u00e9enne et prot\u00e9rozo\u00efque retrace les bouleversements g\u00e9odynamiques, biologiques, climatiques et environnementaux qui ont accompagn\u00e9 cette \u00e9volution.","og_url":"https:\/\/www.istegroup.com\/produit\/terre-archeenne-et-proterozoique\/","og_site_name":"ISTE Group","article_modified_time":"2025-10-16T10:15:31+00:00","og_image":[{"width":300,"height":450,"url":"https:\/\/www.istegroup.com\/wp-content\/uploads\/2019\/11\/205_Terre-archeenne-et-proterozoique.png","type":"image\/png"}],"twitter_card":"summary_large_image","twitter_misc":{"Est. reading time":"1 minute"},"schema":{"@context":"https:\/\/schema.org","@graph":[{"@type":"WebPage","@id":"https:\/\/www.istegroup.com\/produit\/terre-archeenne-et-proterozoique\/","url":"https:\/\/www.istegroup.com\/produit\/terre-archeenne-et-proterozoique\/","name":"Terre arch\u00e9enne et prot\u00e9rozo\u00efque - ISTE Group","isPartOf":{"@id":"https:\/\/www.istegroup.com\/#website"},"primaryImageOfPage":{"@id":"https:\/\/www.istegroup.com\/produit\/terre-archeenne-et-proterozoique\/#primaryimage"},"image":{"@id":"https:\/\/www.istegroup.com\/produit\/terre-archeenne-et-proterozoique\/#primaryimage"},"thumbnailUrl":"https:\/\/www.istegroup.com\/wp-content\/uploads\/2019\/11\/205_Terre-archeenne-et-proterozoique.png","datePublished":"2025-03-20T11:42:01+00:00","dateModified":"2025-10-16T10:15:31+00:00","description":"Terre arch\u00e9enne et prot\u00e9rozo\u00efque retrace les bouleversements g\u00e9odynamiques, biologiques, climatiques et environnementaux qui ont accompagn\u00e9 cette \u00e9volution.","breadcrumb":{"@id":"https:\/\/www.istegroup.com\/produit\/terre-archeenne-et-proterozoique\/#breadcrumb"},"inLanguage":"fr-FR","potentialAction":[{"@type":"ReadAction","target":["https:\/\/www.istegroup.com\/produit\/terre-archeenne-et-proterozoique\/"]}]},{"@type":"ImageObject","inLanguage":"fr-FR","@id":"https:\/\/www.istegroup.com\/produit\/terre-archeenne-et-proterozoique\/#primaryimage","url":"https:\/\/www.istegroup.com\/wp-content\/uploads\/2019\/11\/205_Terre-archeenne-et-proterozoique.png","contentUrl":"https:\/\/www.istegroup.com\/wp-content\/uploads\/2019\/11\/205_Terre-archeenne-et-proterozoique.png","width":300,"height":450,"caption":"Livre scientifique - Terre arch\u00e9enne et prot\u00e9rozo\u00efque"},{"@type":"BreadcrumbList","@id":"https:\/\/www.istegroup.com\/produit\/terre-archeenne-et-proterozoique\/#breadcrumb","itemListElement":[{"@type":"ListItem","position":1,"name":"Home","item":"https:\/\/www.istegroup.com\/"},{"@type":"ListItem","position":2,"name":"Shop","item":"https:\/\/www.istegroup.com\/fr\/nouveautes\/"},{"@type":"ListItem","position":3,"name":"Terre arch\u00e9enne et prot\u00e9rozo\u00efque"}]},{"@type":"WebSite","@id":"https:\/\/www.istegroup.com\/#website","url":"https:\/\/www.istegroup.com\/","name":"ISTE Group","description":"\u00c9diteur des Sciences","potentialAction":[{"@type":"SearchAction","target":{"@type":"EntryPoint","urlTemplate":"https:\/\/www.istegroup.com\/?s={search_term_string}"},"query-input":{"@type":"PropertyValueSpecification","valueRequired":true,"valueName":"search_term_string"}}],"inLanguage":"fr-FR"}]}},"_links":{"self":[{"href":"https:\/\/www.istegroup.com\/fr\/wp-json\/wp\/v2\/product\/23852","targetHints":{"allow":["GET"]}}],"collection":[{"href":"https:\/\/www.istegroup.com\/fr\/wp-json\/wp\/v2\/product"}],"about":[{"href":"https:\/\/www.istegroup.com\/fr\/wp-json\/wp\/v2\/types\/product"}],"wp:featuredmedia":[{"embeddable":true,"href":"https:\/\/www.istegroup.com\/fr\/wp-json\/wp\/v2\/media\/59752"}],"wp:attachment":[{"href":"https:\/\/www.istegroup.com\/fr\/wp-json\/wp\/v2\/media?parent=23852"}],"wp:term":[{"taxonomy":"product_brand","embeddable":true,"href":"https:\/\/www.istegroup.com\/fr\/wp-json\/wp\/v2\/product_brand?post=23852"},{"taxonomy":"product_cat","embeddable":true,"href":"https:\/\/www.istegroup.com\/fr\/wp-json\/wp\/v2\/product_cat?post=23852"},{"taxonomy":"product_tag","embeddable":true,"href":"https:\/\/www.istegroup.com\/fr\/wp-json\/wp\/v2\/product_tag?post=23852"}],"curies":[{"name":"wp","href":"https:\/\/api.w.org\/{rel}","templated":true}]}}