{"id":23845,"date":"2025-09-18T11:36:09","date_gmt":"2025-09-18T10:36:09","guid":{"rendered":"https:\/\/www.istegroup.com\/?post_type=product&#038;p=23845"},"modified":"2025-10-29T15:06:09","modified_gmt":"2025-10-29T15:06:09","slug":"les-interactions-entre-la-geosphere-et-la-biosphere","status":"publish","type":"product","link":"https:\/\/www.istegroup.com\/fr\/produit\/les-interactions-entre-la-geosphere-et-la-biosphere\/","title":{"rendered":"Les interactions entre la g\u00e9osph\u00e8re et la biosph\u00e8re"},"content":{"rendered":"<p>Les \u00eatres vivants et la surface de la Terre ont profond\u00e9ment chang\u00e9 au cours des milliards d\u2019ann\u00e9es ayant suivi leur apparition. Les microorganismes peuplant une plan\u00e8te primitive, envelopp\u00e9e d\u2019une atmosph\u00e8re d\u00e9pourvue de dioxyg\u00e8ne, ont \u00e9volu\u00e9 vers une biodiversit\u00e9 adapt\u00e9e aux conditions physicochimiques actuelles.<\/p>\n<p>Cet ouvrage caract\u00e9rise la nature et la diversit\u00e9 des interactions \u00e9troites entre la biosph\u00e8re et la g\u00e9osph\u00e8re, qui ont contribu\u00e9 \u00e0 la formation et \u00e0 la d\u00e9gradation des roches, d\u2019une part, et au maintien du fonctionnement des syst\u00e8mes \u00e9cologiques, d\u2019autre part. Il met \u00e9galement en \u00e9vidence le fait que ces interactions ont conduit \u00e0 une v\u00e9ritable co\u00e9volution entre la biosph\u00e8re et la g\u00e9osph\u00e8re au cours des temps g\u00e9ologiques. L\u2019\u00e9volution des grands cycles biog\u00e9ochimiques du carbone et de l\u2019azote, celle des climats, ainsi que les \u00e9pisodes de diversification et d\u2019extinction du vivant en constituent les manifestations les plus marquantes.<\/p>\n","protected":false},"excerpt":{"rendered":"<p>Les \u00eatres vivants et la surface de la Terre ont profond\u00e9ment chang\u00e9 au cours des milliards d\u2019ann\u00e9es ayant suivi leur apparition. Les microorganismes peuplant une plan\u00e8te primitive, envelopp\u00e9e d\u2019une atmosph\u00e8re d\u00e9pourvue de dioxyg\u00e8ne, ont \u00e9volu\u00e9 vers une biodiversit\u00e9 adapt\u00e9e aux conditions physicochimiques actuelles. Cet ouvrage caract\u00e9rise la nature et la diversit\u00e9 des interactions \u00e9troites entre [&hellip;]<\/p>\n","protected":false},"featured_media":61559,"template":"","meta":{"_acf_changed":false,"_links_to":"","_links_to_target":""},"product_brand":[],"product_cat":[4289],"product_tag":[],"class_list":{"0":"post-23845","1":"product","2":"type-product","3":"status-publish","4":"has-post-thumbnail","6":"product_cat-sciences","8":"first","9":"instock","10":"shipping-taxable","11":"purchasable","12":"product-type-variable"},"acf":[],"yoast_head":"<!-- This site is optimized with the Yoast SEO plugin v27.2 - https:\/\/yoast.com\/product\/yoast-seo-wordpress\/ -->\n<title>Les interactions entre la g\u00e9osph\u00e8re et la biosph\u00e8re - ISTE Group<\/title>\n<meta name=\"robots\" content=\"index, follow, max-snippet:-1, max-image-preview:large, max-video-preview:-1\" \/>\n<link rel=\"canonical\" href=\"https:\/\/www.istegroup.com\/produit\/les-interactions-entre-la-geosphere-et-la-biosphere\/\" \/>\n<meta property=\"og:locale\" content=\"fr_FR\" \/>\n<meta property=\"og:type\" content=\"article\" \/>\n<meta property=\"og:title\" content=\"Les interactions entre la g\u00e9osph\u00e8re et la biosph\u00e8re - ISTE Group\" \/>\n<meta property=\"og:description\" content=\"Les \u00eatres vivants et la surface de la Terre ont profond\u00e9ment chang\u00e9 au cours des milliards d\u2019ann\u00e9es ayant suivi leur apparition. Les microorganismes peuplant une plan\u00e8te primitive, envelopp\u00e9e d\u2019une atmosph\u00e8re d\u00e9pourvue de dioxyg\u00e8ne, ont \u00e9volu\u00e9 vers une biodiversit\u00e9 adapt\u00e9e aux conditions physicochimiques actuelles. Cet ouvrage caract\u00e9rise la nature et la diversit\u00e9 des interactions \u00e9troites entre [&hellip;]\" \/>\n<meta property=\"og:url\" content=\"https:\/\/www.istegroup.com\/produit\/les-interactions-entre-la-geosphere-et-la-biosphere\/\" \/>\n<meta property=\"og:site_name\" content=\"ISTE Group\" \/>\n<meta property=\"article:modified_time\" content=\"2025-10-29T15:06:09+00:00\" \/>\n<meta property=\"og:image\" content=\"https:\/\/www.istegroup.com\/wp-content\/uploads\/2019\/11\/Les-interactions-entre-la-geosphere-et-la-biosphere.jpeg\" \/>\n\t<meta property=\"og:image:width\" content=\"300\" \/>\n\t<meta property=\"og:image:height\" content=\"450\" \/>\n\t<meta property=\"og:image:type\" content=\"image\/jpeg\" \/>\n<meta name=\"twitter:card\" content=\"summary_large_image\" \/>\n<meta name=\"twitter:label1\" content=\"Est. reading time\" \/>\n\t<meta name=\"twitter:data1\" content=\"1 minute\" \/>\n<script type=\"application\/ld+json\" class=\"yoast-schema-graph\">{\"@context\":\"https:\/\/schema.org\",\"@graph\":[{\"@type\":\"WebPage\",\"@id\":\"https:\/\/www.istegroup.com\/produit\/les-interactions-entre-la-geosphere-et-la-biosphere\/\",\"url\":\"https:\/\/www.istegroup.com\/produit\/les-interactions-entre-la-geosphere-et-la-biosphere\/\",\"name\":\"Les interactions entre la g\u00e9osph\u00e8re et la biosph\u00e8re - ISTE Group\",\"isPartOf\":{\"@id\":\"https:\/\/www.istegroup.com\/#website\"},\"primaryImageOfPage\":{\"@id\":\"https:\/\/www.istegroup.com\/produit\/les-interactions-entre-la-geosphere-et-la-biosphere\/#primaryimage\"},\"image\":{\"@id\":\"https:\/\/www.istegroup.com\/produit\/les-interactions-entre-la-geosphere-et-la-biosphere\/#primaryimage\"},\"thumbnailUrl\":\"https:\/\/www.istegroup.com\/wp-content\/uploads\/2019\/11\/Les-interactions-entre-la-geosphere-et-la-biosphere.jpeg\",\"datePublished\":\"2025-09-18T10:36:09+00:00\",\"dateModified\":\"2025-10-29T15:06:09+00:00\",\"breadcrumb\":{\"@id\":\"https:\/\/www.istegroup.com\/produit\/les-interactions-entre-la-geosphere-et-la-biosphere\/#breadcrumb\"},\"inLanguage\":\"fr-FR\",\"potentialAction\":[{\"@type\":\"ReadAction\",\"target\":[\"https:\/\/www.istegroup.com\/produit\/les-interactions-entre-la-geosphere-et-la-biosphere\/\"]}]},{\"@type\":\"ImageObject\",\"inLanguage\":\"fr-FR\",\"@id\":\"https:\/\/www.istegroup.com\/produit\/les-interactions-entre-la-geosphere-et-la-biosphere\/#primaryimage\",\"url\":\"https:\/\/www.istegroup.com\/wp-content\/uploads\/2019\/11\/Les-interactions-entre-la-geosphere-et-la-biosphere.jpeg\",\"contentUrl\":\"https:\/\/www.istegroup.com\/wp-content\/uploads\/2019\/11\/Les-interactions-entre-la-geosphere-et-la-biosphere.jpeg\",\"width\":300,\"height\":450},{\"@type\":\"BreadcrumbList\",\"@id\":\"https:\/\/www.istegroup.com\/produit\/les-interactions-entre-la-geosphere-et-la-biosphere\/#breadcrumb\",\"itemListElement\":[{\"@type\":\"ListItem\",\"position\":1,\"name\":\"Home\",\"item\":\"https:\/\/www.istegroup.com\/\"},{\"@type\":\"ListItem\",\"position\":2,\"name\":\"Shop\",\"item\":\"https:\/\/www.istegroup.com\/fr\/nouveautes\/\"},{\"@type\":\"ListItem\",\"position\":3,\"name\":\"Les interactions entre la g\u00e9osph\u00e8re et la biosph\u00e8re\"}]},{\"@type\":\"WebSite\",\"@id\":\"https:\/\/www.istegroup.com\/#website\",\"url\":\"https:\/\/www.istegroup.com\/\",\"name\":\"ISTE Group\",\"description\":\"\u00c9diteur des Sciences\",\"potentialAction\":[{\"@type\":\"SearchAction\",\"target\":{\"@type\":\"EntryPoint\",\"urlTemplate\":\"https:\/\/www.istegroup.com\/?s={search_term_string}\"},\"query-input\":{\"@type\":\"PropertyValueSpecification\",\"valueRequired\":true,\"valueName\":\"search_term_string\"}}],\"inLanguage\":\"fr-FR\"}]}<\/script>\n<!-- \/ Yoast SEO plugin. -->","yoast_head_json":{"title":"Les interactions entre la g\u00e9osph\u00e8re et la biosph\u00e8re - ISTE Group","robots":{"index":"index","follow":"follow","max-snippet":"max-snippet:-1","max-image-preview":"max-image-preview:large","max-video-preview":"max-video-preview:-1"},"canonical":"https:\/\/www.istegroup.com\/produit\/les-interactions-entre-la-geosphere-et-la-biosphere\/","og_locale":"fr_FR","og_type":"article","og_title":"Les interactions entre la g\u00e9osph\u00e8re et la biosph\u00e8re - ISTE Group","og_description":"Les \u00eatres vivants et la surface de la Terre ont profond\u00e9ment chang\u00e9 au cours des milliards d\u2019ann\u00e9es ayant suivi leur apparition. Les microorganismes peuplant une plan\u00e8te primitive, envelopp\u00e9e d\u2019une atmosph\u00e8re d\u00e9pourvue de dioxyg\u00e8ne, ont \u00e9volu\u00e9 vers une biodiversit\u00e9 adapt\u00e9e aux conditions physicochimiques actuelles. Cet ouvrage caract\u00e9rise la nature et la diversit\u00e9 des interactions \u00e9troites entre [&hellip;]","og_url":"https:\/\/www.istegroup.com\/produit\/les-interactions-entre-la-geosphere-et-la-biosphere\/","og_site_name":"ISTE Group","article_modified_time":"2025-10-29T15:06:09+00:00","og_image":[{"width":300,"height":450,"url":"https:\/\/www.istegroup.com\/wp-content\/uploads\/2019\/11\/Les-interactions-entre-la-geosphere-et-la-biosphere.jpeg","type":"image\/jpeg"}],"twitter_card":"summary_large_image","twitter_misc":{"Est. reading time":"1 minute"},"schema":{"@context":"https:\/\/schema.org","@graph":[{"@type":"WebPage","@id":"https:\/\/www.istegroup.com\/produit\/les-interactions-entre-la-geosphere-et-la-biosphere\/","url":"https:\/\/www.istegroup.com\/produit\/les-interactions-entre-la-geosphere-et-la-biosphere\/","name":"Les interactions entre la g\u00e9osph\u00e8re et la biosph\u00e8re - ISTE Group","isPartOf":{"@id":"https:\/\/www.istegroup.com\/#website"},"primaryImageOfPage":{"@id":"https:\/\/www.istegroup.com\/produit\/les-interactions-entre-la-geosphere-et-la-biosphere\/#primaryimage"},"image":{"@id":"https:\/\/www.istegroup.com\/produit\/les-interactions-entre-la-geosphere-et-la-biosphere\/#primaryimage"},"thumbnailUrl":"https:\/\/www.istegroup.com\/wp-content\/uploads\/2019\/11\/Les-interactions-entre-la-geosphere-et-la-biosphere.jpeg","datePublished":"2025-09-18T10:36:09+00:00","dateModified":"2025-10-29T15:06:09+00:00","breadcrumb":{"@id":"https:\/\/www.istegroup.com\/produit\/les-interactions-entre-la-geosphere-et-la-biosphere\/#breadcrumb"},"inLanguage":"fr-FR","potentialAction":[{"@type":"ReadAction","target":["https:\/\/www.istegroup.com\/produit\/les-interactions-entre-la-geosphere-et-la-biosphere\/"]}]},{"@type":"ImageObject","inLanguage":"fr-FR","@id":"https:\/\/www.istegroup.com\/produit\/les-interactions-entre-la-geosphere-et-la-biosphere\/#primaryimage","url":"https:\/\/www.istegroup.com\/wp-content\/uploads\/2019\/11\/Les-interactions-entre-la-geosphere-et-la-biosphere.jpeg","contentUrl":"https:\/\/www.istegroup.com\/wp-content\/uploads\/2019\/11\/Les-interactions-entre-la-geosphere-et-la-biosphere.jpeg","width":300,"height":450},{"@type":"BreadcrumbList","@id":"https:\/\/www.istegroup.com\/produit\/les-interactions-entre-la-geosphere-et-la-biosphere\/#breadcrumb","itemListElement":[{"@type":"ListItem","position":1,"name":"Home","item":"https:\/\/www.istegroup.com\/"},{"@type":"ListItem","position":2,"name":"Shop","item":"https:\/\/www.istegroup.com\/fr\/nouveautes\/"},{"@type":"ListItem","position":3,"name":"Les interactions entre la g\u00e9osph\u00e8re et la biosph\u00e8re"}]},{"@type":"WebSite","@id":"https:\/\/www.istegroup.com\/#website","url":"https:\/\/www.istegroup.com\/","name":"ISTE Group","description":"\u00c9diteur des Sciences","potentialAction":[{"@type":"SearchAction","target":{"@type":"EntryPoint","urlTemplate":"https:\/\/www.istegroup.com\/?s={search_term_string}"},"query-input":{"@type":"PropertyValueSpecification","valueRequired":true,"valueName":"search_term_string"}}],"inLanguage":"fr-FR"}]}},"_links":{"self":[{"href":"https:\/\/www.istegroup.com\/fr\/wp-json\/wp\/v2\/product\/23845","targetHints":{"allow":["GET"]}}],"collection":[{"href":"https:\/\/www.istegroup.com\/fr\/wp-json\/wp\/v2\/product"}],"about":[{"href":"https:\/\/www.istegroup.com\/fr\/wp-json\/wp\/v2\/types\/product"}],"wp:featuredmedia":[{"embeddable":true,"href":"https:\/\/www.istegroup.com\/fr\/wp-json\/wp\/v2\/media\/61559"}],"wp:attachment":[{"href":"https:\/\/www.istegroup.com\/fr\/wp-json\/wp\/v2\/media?parent=23845"}],"wp:term":[{"taxonomy":"product_brand","embeddable":true,"href":"https:\/\/www.istegroup.com\/fr\/wp-json\/wp\/v2\/product_brand?post=23845"},{"taxonomy":"product_cat","embeddable":true,"href":"https:\/\/www.istegroup.com\/fr\/wp-json\/wp\/v2\/product_cat?post=23845"},{"taxonomy":"product_tag","embeddable":true,"href":"https:\/\/www.istegroup.com\/fr\/wp-json\/wp\/v2\/product_tag?post=23845"}],"curies":[{"name":"wp","href":"https:\/\/api.w.org\/{rel}","templated":true}]}}