{"id":23837,"date":"2022-02-15T11:30:45","date_gmt":"2022-02-15T11:30:45","guid":{"rendered":"https:\/\/www.istegroup.com\/?post_type=product&#038;p=23837"},"modified":"2025-01-03T12:06:08","modified_gmt":"2025-01-03T12:06:08","slug":"aleas-et-surveillance-de-lactivite-volcanique-1","status":"publish","type":"product","link":"https:\/\/www.istegroup.com\/fr\/produit\/aleas-et-surveillance-de-lactivite-volcanique-1\/","title":{"rendered":"Al\u00e9as et surveillance de l\u2019activit\u00e9 volcanique 1"},"content":{"rendered":"<p>L\u2019impact des catastrophes naturelles est devenu une pr\u00e9occupation forte de nos soci\u00e9t\u00e9s modernes. Parmi celles-ci, les \u00e9ruptions volcaniques sont redout\u00e9es pour leurs effets d\u00e9vastateurs locaux, r\u00e9gionaux ou globaux. Depuis le d\u00e9but du XXe si\u00e8cle une expertise scientifique s\u2019est progressivement d\u00e9velopp\u00e9e visant \u00e0 \u00e9valuer les al\u00e9as de l\u2019activit\u00e9 volcanique et \u00e0 suivre et pr\u00e9voir les \u00e9ruptions. Les capacit\u00e9s scientifiques dans ce domaine ont \u00e9volu\u00e9 avec l\u2019accroissement des connaissances fondamentales et les d\u00e9veloppements technologiques.<\/p>\n<p><em>Al\u00e9as et surveillance de l\u2019activit\u00e9 volcanique<\/em> a pour but de regrouper l\u2019ensemble des techniques et approches disponibles afin de les rendre ais\u00e9ment accessibles aux enseignants, aux chercheurs et aux \u00e9tudiants.<\/p>\n<p>Ce volume est consacr\u00e9 aux approches g\u00e9ologiques et historiques. L\u2019\u00e9valuation des al\u00e9as et la strat\u00e9gie de surveillance s\u2019appuient prioritairement sur la connaissance du comportement pass\u00e9 d\u2019un volcan ou sur celui de volcans similaires. Il d\u00e9crit les types d\u2019al\u00e9as volcaniques et les approches de leur cartographie, avant de dresser un historique des techniques de surveillance.<\/p>","protected":false},"excerpt":{"rendered":"<h2><\/h2>\n","protected":false},"featured_media":45301,"template":"","meta":{"_acf_changed":false,"_links_to":"","_links_to_target":""},"product_brand":[],"product_cat":[4289],"product_tag":[],"class_list":{"0":"post-23837","1":"product","2":"type-product","3":"status-publish","4":"has-post-thumbnail","6":"product_cat-sciences","8":"first","9":"instock","10":"shipping-taxable","11":"purchasable","12":"product-type-variable"},"acf":[],"yoast_head":"<!-- This site is optimized with the Yoast SEO plugin v27.2 - https:\/\/yoast.com\/product\/yoast-seo-wordpress\/ -->\n<title>Al\u00e9as et surveillance de l\u2019activit\u00e9 volcanique 1 - ISTE Group<\/title>\n<meta name=\"description\" content=\"Al\u00e9as et surveillance de l\u2019activit\u00e9 volcanique a pour but de regrouper l\u2019ensemble des techniques et approches disponibles afin de les rendre ais\u00e9ment accessibles aux enseignants, aux chercheurs et aux \u00e9tudiants.\" \/>\n<meta name=\"robots\" content=\"index, follow, max-snippet:-1, max-image-preview:large, max-video-preview:-1\" \/>\n<link rel=\"canonical\" href=\"https:\/\/www.istegroup.com\/en\/produit\/aleas-et-surveillance-de-lactivite-volcanique-1\/\" \/>\n<meta property=\"og:locale\" content=\"fr_FR\" \/>\n<meta property=\"og:type\" content=\"article\" \/>\n<meta property=\"og:title\" content=\"Al\u00e9as et surveillance de l\u2019activit\u00e9 volcanique 1 - ISTE Group\" \/>\n<meta property=\"og:description\" content=\"Al\u00e9as et surveillance de l\u2019activit\u00e9 volcanique a pour but de regrouper l\u2019ensemble des techniques et approches disponibles afin de les rendre ais\u00e9ment accessibles aux enseignants, aux chercheurs et aux \u00e9tudiants.\" \/>\n<meta property=\"og:url\" content=\"https:\/\/www.istegroup.com\/en\/produit\/aleas-et-surveillance-de-lactivite-volcanique-1\/\" \/>\n<meta property=\"og:site_name\" content=\"ISTE Group\" \/>\n<meta property=\"article:modified_time\" content=\"2025-01-03T12:06:08+00:00\" \/>\n<meta property=\"og:image\" content=\"https:\/\/www.istegroup.com\/wp-content\/uploads\/2022\/02\/Aleas-et-surveillance-de-lactivite-volcanique-1-couverture.jpeg\" \/>\n\t<meta property=\"og:image:width\" content=\"300\" \/>\n\t<meta property=\"og:image:height\" content=\"450\" \/>\n\t<meta property=\"og:image:type\" content=\"image\/jpeg\" \/>\n<meta name=\"twitter:card\" content=\"summary_large_image\" \/>\n<meta name=\"twitter:label1\" content=\"Est. reading time\" \/>\n\t<meta name=\"twitter:data1\" content=\"1 minute\" \/>\n<script type=\"application\/ld+json\" class=\"yoast-schema-graph\">{\"@context\":\"https:\/\/schema.org\",\"@graph\":[{\"@type\":\"WebPage\",\"@id\":\"https:\/\/www.istegroup.com\/en\/produit\/aleas-et-surveillance-de-lactivite-volcanique-1\/\",\"url\":\"https:\/\/www.istegroup.com\/en\/produit\/aleas-et-surveillance-de-lactivite-volcanique-1\/\",\"name\":\"Al\u00e9as et surveillance de l\u2019activit\u00e9 volcanique 1 - ISTE Group\",\"isPartOf\":{\"@id\":\"https:\/\/www.istegroup.com\/#website\"},\"primaryImageOfPage\":{\"@id\":\"https:\/\/www.istegroup.com\/en\/produit\/aleas-et-surveillance-de-lactivite-volcanique-1\/#primaryimage\"},\"image\":{\"@id\":\"https:\/\/www.istegroup.com\/en\/produit\/aleas-et-surveillance-de-lactivite-volcanique-1\/#primaryimage\"},\"thumbnailUrl\":\"https:\/\/www.istegroup.com\/wp-content\/uploads\/2022\/02\/Aleas-et-surveillance-de-lactivite-volcanique-1-couverture.jpeg\",\"datePublished\":\"2022-02-15T11:30:45+00:00\",\"dateModified\":\"2025-01-03T12:06:08+00:00\",\"description\":\"Al\u00e9as et surveillance de l\u2019activit\u00e9 volcanique a pour but de regrouper l\u2019ensemble des techniques et approches disponibles afin de les rendre ais\u00e9ment accessibles aux enseignants, aux chercheurs et aux \u00e9tudiants.\",\"breadcrumb\":{\"@id\":\"https:\/\/www.istegroup.com\/en\/produit\/aleas-et-surveillance-de-lactivite-volcanique-1\/#breadcrumb\"},\"inLanguage\":\"fr-FR\",\"potentialAction\":[{\"@type\":\"ReadAction\",\"target\":[\"https:\/\/www.istegroup.com\/en\/produit\/aleas-et-surveillance-de-lactivite-volcanique-1\/\"]}]},{\"@type\":\"ImageObject\",\"inLanguage\":\"fr-FR\",\"@id\":\"https:\/\/www.istegroup.com\/en\/produit\/aleas-et-surveillance-de-lactivite-volcanique-1\/#primaryimage\",\"url\":\"https:\/\/www.istegroup.com\/wp-content\/uploads\/2022\/02\/Aleas-et-surveillance-de-lactivite-volcanique-1-couverture.jpeg\",\"contentUrl\":\"https:\/\/www.istegroup.com\/wp-content\/uploads\/2022\/02\/Aleas-et-surveillance-de-lactivite-volcanique-1-couverture.jpeg\",\"width\":300,\"height\":450,\"caption\":\"Livre scientifique - Al\u00e9as et surveillance de l\u2019activit\u00e9 volcanique 1 - Encyclop\u00e9die SCIENCES\"},{\"@type\":\"BreadcrumbList\",\"@id\":\"https:\/\/www.istegroup.com\/en\/produit\/aleas-et-surveillance-de-lactivite-volcanique-1\/#breadcrumb\",\"itemListElement\":[{\"@type\":\"ListItem\",\"position\":1,\"name\":\"Home\",\"item\":\"https:\/\/www.istegroup.com\/\"},{\"@type\":\"ListItem\",\"position\":2,\"name\":\"Shop\",\"item\":\"https:\/\/www.istegroup.com\/fr\/nouveautes\/\"},{\"@type\":\"ListItem\",\"position\":3,\"name\":\"Al\u00e9as et surveillance de l\u2019activit\u00e9 volcanique 1\"}]},{\"@type\":\"WebSite\",\"@id\":\"https:\/\/www.istegroup.com\/#website\",\"url\":\"https:\/\/www.istegroup.com\/\",\"name\":\"ISTE Group\",\"description\":\"\u00c9diteur des Sciences\",\"potentialAction\":[{\"@type\":\"SearchAction\",\"target\":{\"@type\":\"EntryPoint\",\"urlTemplate\":\"https:\/\/www.istegroup.com\/?s={search_term_string}\"},\"query-input\":{\"@type\":\"PropertyValueSpecification\",\"valueRequired\":true,\"valueName\":\"search_term_string\"}}],\"inLanguage\":\"fr-FR\"}]}<\/script>\n<!-- \/ Yoast SEO plugin. -->","yoast_head_json":{"title":"Al\u00e9as et surveillance de l\u2019activit\u00e9 volcanique 1 - ISTE Group","description":"Al\u00e9as et surveillance de l\u2019activit\u00e9 volcanique a pour but de regrouper l\u2019ensemble des techniques et approches disponibles afin de les rendre ais\u00e9ment accessibles aux enseignants, aux chercheurs et aux \u00e9tudiants.","robots":{"index":"index","follow":"follow","max-snippet":"max-snippet:-1","max-image-preview":"max-image-preview:large","max-video-preview":"max-video-preview:-1"},"canonical":"https:\/\/www.istegroup.com\/en\/produit\/aleas-et-surveillance-de-lactivite-volcanique-1\/","og_locale":"fr_FR","og_type":"article","og_title":"Al\u00e9as et surveillance de l\u2019activit\u00e9 volcanique 1 - ISTE Group","og_description":"Al\u00e9as et surveillance de l\u2019activit\u00e9 volcanique a pour but de regrouper l\u2019ensemble des techniques et approches disponibles afin de les rendre ais\u00e9ment accessibles aux enseignants, aux chercheurs et aux \u00e9tudiants.","og_url":"https:\/\/www.istegroup.com\/en\/produit\/aleas-et-surveillance-de-lactivite-volcanique-1\/","og_site_name":"ISTE Group","article_modified_time":"2025-01-03T12:06:08+00:00","og_image":[{"width":300,"height":450,"url":"https:\/\/www.istegroup.com\/wp-content\/uploads\/2022\/02\/Aleas-et-surveillance-de-lactivite-volcanique-1-couverture.jpeg","type":"image\/jpeg"}],"twitter_card":"summary_large_image","twitter_misc":{"Est. reading time":"1 minute"},"schema":{"@context":"https:\/\/schema.org","@graph":[{"@type":"WebPage","@id":"https:\/\/www.istegroup.com\/en\/produit\/aleas-et-surveillance-de-lactivite-volcanique-1\/","url":"https:\/\/www.istegroup.com\/en\/produit\/aleas-et-surveillance-de-lactivite-volcanique-1\/","name":"Al\u00e9as et surveillance de l\u2019activit\u00e9 volcanique 1 - ISTE Group","isPartOf":{"@id":"https:\/\/www.istegroup.com\/#website"},"primaryImageOfPage":{"@id":"https:\/\/www.istegroup.com\/en\/produit\/aleas-et-surveillance-de-lactivite-volcanique-1\/#primaryimage"},"image":{"@id":"https:\/\/www.istegroup.com\/en\/produit\/aleas-et-surveillance-de-lactivite-volcanique-1\/#primaryimage"},"thumbnailUrl":"https:\/\/www.istegroup.com\/wp-content\/uploads\/2022\/02\/Aleas-et-surveillance-de-lactivite-volcanique-1-couverture.jpeg","datePublished":"2022-02-15T11:30:45+00:00","dateModified":"2025-01-03T12:06:08+00:00","description":"Al\u00e9as et surveillance de l\u2019activit\u00e9 volcanique a pour but de regrouper l\u2019ensemble des techniques et approches disponibles afin de les rendre ais\u00e9ment accessibles aux enseignants, aux chercheurs et aux \u00e9tudiants.","breadcrumb":{"@id":"https:\/\/www.istegroup.com\/en\/produit\/aleas-et-surveillance-de-lactivite-volcanique-1\/#breadcrumb"},"inLanguage":"fr-FR","potentialAction":[{"@type":"ReadAction","target":["https:\/\/www.istegroup.com\/en\/produit\/aleas-et-surveillance-de-lactivite-volcanique-1\/"]}]},{"@type":"ImageObject","inLanguage":"fr-FR","@id":"https:\/\/www.istegroup.com\/en\/produit\/aleas-et-surveillance-de-lactivite-volcanique-1\/#primaryimage","url":"https:\/\/www.istegroup.com\/wp-content\/uploads\/2022\/02\/Aleas-et-surveillance-de-lactivite-volcanique-1-couverture.jpeg","contentUrl":"https:\/\/www.istegroup.com\/wp-content\/uploads\/2022\/02\/Aleas-et-surveillance-de-lactivite-volcanique-1-couverture.jpeg","width":300,"height":450,"caption":"Livre scientifique - Al\u00e9as et surveillance de l\u2019activit\u00e9 volcanique 1 - Encyclop\u00e9die SCIENCES"},{"@type":"BreadcrumbList","@id":"https:\/\/www.istegroup.com\/en\/produit\/aleas-et-surveillance-de-lactivite-volcanique-1\/#breadcrumb","itemListElement":[{"@type":"ListItem","position":1,"name":"Home","item":"https:\/\/www.istegroup.com\/"},{"@type":"ListItem","position":2,"name":"Shop","item":"https:\/\/www.istegroup.com\/fr\/nouveautes\/"},{"@type":"ListItem","position":3,"name":"Al\u00e9as et surveillance de l\u2019activit\u00e9 volcanique 1"}]},{"@type":"WebSite","@id":"https:\/\/www.istegroup.com\/#website","url":"https:\/\/www.istegroup.com\/","name":"ISTE Group","description":"\u00c9diteur des Sciences","potentialAction":[{"@type":"SearchAction","target":{"@type":"EntryPoint","urlTemplate":"https:\/\/www.istegroup.com\/?s={search_term_string}"},"query-input":{"@type":"PropertyValueSpecification","valueRequired":true,"valueName":"search_term_string"}}],"inLanguage":"fr-FR"}]}},"_links":{"self":[{"href":"https:\/\/www.istegroup.com\/fr\/wp-json\/wp\/v2\/product\/23837","targetHints":{"allow":["GET"]}}],"collection":[{"href":"https:\/\/www.istegroup.com\/fr\/wp-json\/wp\/v2\/product"}],"about":[{"href":"https:\/\/www.istegroup.com\/fr\/wp-json\/wp\/v2\/types\/product"}],"wp:featuredmedia":[{"embeddable":true,"href":"https:\/\/www.istegroup.com\/fr\/wp-json\/wp\/v2\/media\/45301"}],"wp:attachment":[{"href":"https:\/\/www.istegroup.com\/fr\/wp-json\/wp\/v2\/media?parent=23837"}],"wp:term":[{"taxonomy":"product_brand","embeddable":true,"href":"https:\/\/www.istegroup.com\/fr\/wp-json\/wp\/v2\/product_brand?post=23837"},{"taxonomy":"product_cat","embeddable":true,"href":"https:\/\/www.istegroup.com\/fr\/wp-json\/wp\/v2\/product_cat?post=23837"},{"taxonomy":"product_tag","embeddable":true,"href":"https:\/\/www.istegroup.com\/fr\/wp-json\/wp\/v2\/product_tag?post=23837"}],"curies":[{"name":"wp","href":"https:\/\/api.w.org\/{rel}","templated":true}]}}