{"id":23822,"date":"2025-05-28T10:57:10","date_gmt":"2025-05-28T09:57:10","guid":{"rendered":"https:\/\/www.istegroup.com\/?post_type=product&#038;p=23822"},"modified":"2025-06-20T14:39:55","modified_gmt":"2025-06-20T13:39:55","slug":"thermochronologie-par-traces-de-fission","status":"publish","type":"product","link":"https:\/\/www.istegroup.com\/fr\/produit\/thermochronologie-par-traces-de-fission\/","title":{"rendered":"Thermochronologie par traces de fission"},"content":{"rendered":"<p>L\u2019\u00e2ge, la dur\u00e9e et la vitesse des processus sont des param\u00e8tres indispensables aux \u00e9tudes g\u00e9ologiques. Cet ouvrage s\u2019int\u00e9resse \u00e0 la thermochronologie basse temp\u00e9rature, devenue un outil essentiel \u00e0 l\u2019\u00e9tude des cha\u00eenes de montagnes ou des bassins s\u00e9dimentaires.<\/p>\n<p><em>Thermochronologie par traces de fission<\/em> traite des principes physico-chimiques sur lesquels reposent les m\u00e9thodes de thermochronologie par traces de fission et (U-Th-Sm\/He), ainsi que les avanc\u00e9es m\u00e9thodologiques ayant permis de les faire \u00e9voluer jusqu\u2019\u00e0 la r\u00e9volution r\u00e9cemment apport\u00e9e par l\u2019utilisation de l\u2019ICP-MS \u00e0 ablation laser. Sont \u00e9galement d\u00e9taill\u00e9s les concepts et m\u00e9thodes math\u00e9matiques de mod\u00e9lisation de l\u2019histoire thermique des \u00e9chantillons, \u00e9tape indispensable pour traduire les r\u00e9sultats d\u2019analyses en concepts g\u00e9ologiques. Chacune de ces explications th\u00e9oriques est accompagn\u00e9e d\u2019exemples d\u2019applications \u00e0 la r\u00e9solution de probl\u00e8mes g\u00e9ologiques, avec notamment un chapitre consacr\u00e9 \u00e0 la quantification des mouvements tectoniques en Asie.<\/p>\n","protected":false},"excerpt":{"rendered":"<p>L\u2019\u00e2ge, la dur\u00e9e et la vitesse des processus sont des param\u00e8tres indispensables aux \u00e9tudes g\u00e9ologiques. Cet ouvrage s\u2019int\u00e9resse \u00e0 la thermochronologie basse temp\u00e9rature, devenue un outil essentiel \u00e0 l\u2019\u00e9tude des cha\u00eenes de montagnes ou des bassins s\u00e9dimentaires. Thermochronologie par traces de fission traite des principes physico-chimiques sur lesquels reposent les m\u00e9thodes de thermochronologie par traces [&hellip;]<\/p>\n","protected":false},"featured_media":60396,"template":"","meta":{"_acf_changed":false,"_links_to":"","_links_to_target":""},"product_brand":[],"product_cat":[4289],"product_tag":[],"class_list":{"0":"post-23822","1":"product","2":"type-product","3":"status-publish","4":"has-post-thumbnail","6":"product_cat-sciences","8":"first","9":"instock","10":"shipping-taxable","11":"purchasable","12":"product-type-variable"},"acf":[],"yoast_head":"<!-- This site is optimized with the Yoast SEO plugin v27.2 - https:\/\/yoast.com\/product\/yoast-seo-wordpress\/ -->\n<title>Thermochronologie par traces de fission - ISTE Group<\/title>\n<meta name=\"description\" content=\"Thermochronologie par traces de fission traite des principes physico-chimiques sur lesquels reposent les m\u00e9thodes de thermochronologie par traces de fission et (U-Th-Sm\/He), ainsi que les avanc\u00e9es m\u00e9thodologiques ayant permis de les faire \u00e9voluer jusqu\u2019\u00e0 la r\u00e9volution r\u00e9cemment apport\u00e9e par l\u2019utilisation de l\u2019ICP-MS \u00e0 ablation laser.\" \/>\n<meta name=\"robots\" content=\"index, follow, max-snippet:-1, max-image-preview:large, max-video-preview:-1\" \/>\n<link rel=\"canonical\" href=\"https:\/\/www.istegroup.com\/produit\/thermochronologie-par-traces-de-fission\/\" \/>\n<meta property=\"og:locale\" content=\"fr_FR\" \/>\n<meta property=\"og:type\" content=\"article\" \/>\n<meta property=\"og:title\" content=\"Thermochronologie par traces de fission - ISTE Group\" \/>\n<meta property=\"og:description\" content=\"Thermochronologie par traces de fission traite des principes physico-chimiques sur lesquels reposent les m\u00e9thodes de thermochronologie par traces de fission et (U-Th-Sm\/He), ainsi que les avanc\u00e9es m\u00e9thodologiques ayant permis de les faire \u00e9voluer jusqu\u2019\u00e0 la r\u00e9volution r\u00e9cemment apport\u00e9e par l\u2019utilisation de l\u2019ICP-MS \u00e0 ablation laser.\" \/>\n<meta property=\"og:url\" content=\"https:\/\/www.istegroup.com\/produit\/thermochronologie-par-traces-de-fission\/\" \/>\n<meta property=\"og:site_name\" content=\"ISTE Group\" \/>\n<meta property=\"article:modified_time\" content=\"2025-06-20T13:39:55+00:00\" \/>\n<meta property=\"og:image\" content=\"https:\/\/www.istegroup.com\/wp-content\/uploads\/2019\/11\/Thermochronologie-par-traces-de-fission.jpg\" \/>\n\t<meta property=\"og:image:width\" content=\"300\" \/>\n\t<meta property=\"og:image:height\" content=\"450\" \/>\n\t<meta property=\"og:image:type\" content=\"image\/jpeg\" \/>\n<meta name=\"twitter:card\" content=\"summary_large_image\" \/>\n<meta name=\"twitter:label1\" content=\"Est. reading time\" \/>\n\t<meta name=\"twitter:data1\" content=\"1 minute\" \/>\n<script type=\"application\/ld+json\" class=\"yoast-schema-graph\">{\"@context\":\"https:\/\/schema.org\",\"@graph\":[{\"@type\":\"WebPage\",\"@id\":\"https:\/\/www.istegroup.com\/produit\/thermochronologie-par-traces-de-fission\/\",\"url\":\"https:\/\/www.istegroup.com\/produit\/thermochronologie-par-traces-de-fission\/\",\"name\":\"Thermochronologie par traces de fission - ISTE Group\",\"isPartOf\":{\"@id\":\"https:\/\/www.istegroup.com\/#website\"},\"primaryImageOfPage\":{\"@id\":\"https:\/\/www.istegroup.com\/produit\/thermochronologie-par-traces-de-fission\/#primaryimage\"},\"image\":{\"@id\":\"https:\/\/www.istegroup.com\/produit\/thermochronologie-par-traces-de-fission\/#primaryimage\"},\"thumbnailUrl\":\"https:\/\/www.istegroup.com\/wp-content\/uploads\/2019\/11\/Thermochronologie-par-traces-de-fission.jpg\",\"datePublished\":\"2025-05-28T09:57:10+00:00\",\"dateModified\":\"2025-06-20T13:39:55+00:00\",\"description\":\"Thermochronologie par traces de fission traite des principes physico-chimiques sur lesquels reposent les m\u00e9thodes de thermochronologie par traces de fission et (U-Th-Sm\/He), ainsi que les avanc\u00e9es m\u00e9thodologiques ayant permis de les faire \u00e9voluer jusqu\u2019\u00e0 la r\u00e9volution r\u00e9cemment apport\u00e9e par l\u2019utilisation de l\u2019ICP-MS \u00e0 ablation laser.\",\"breadcrumb\":{\"@id\":\"https:\/\/www.istegroup.com\/produit\/thermochronologie-par-traces-de-fission\/#breadcrumb\"},\"inLanguage\":\"fr-FR\",\"potentialAction\":[{\"@type\":\"ReadAction\",\"target\":[\"https:\/\/www.istegroup.com\/produit\/thermochronologie-par-traces-de-fission\/\"]}]},{\"@type\":\"ImageObject\",\"inLanguage\":\"fr-FR\",\"@id\":\"https:\/\/www.istegroup.com\/produit\/thermochronologie-par-traces-de-fission\/#primaryimage\",\"url\":\"https:\/\/www.istegroup.com\/wp-content\/uploads\/2019\/11\/Thermochronologie-par-traces-de-fission.jpg\",\"contentUrl\":\"https:\/\/www.istegroup.com\/wp-content\/uploads\/2019\/11\/Thermochronologie-par-traces-de-fission.jpg\",\"width\":300,\"height\":450},{\"@type\":\"BreadcrumbList\",\"@id\":\"https:\/\/www.istegroup.com\/produit\/thermochronologie-par-traces-de-fission\/#breadcrumb\",\"itemListElement\":[{\"@type\":\"ListItem\",\"position\":1,\"name\":\"Home\",\"item\":\"https:\/\/www.istegroup.com\/\"},{\"@type\":\"ListItem\",\"position\":2,\"name\":\"Shop\",\"item\":\"https:\/\/www.istegroup.com\/fr\/nouveautes\/\"},{\"@type\":\"ListItem\",\"position\":3,\"name\":\"Thermochronologie par traces de fission\"}]},{\"@type\":\"WebSite\",\"@id\":\"https:\/\/www.istegroup.com\/#website\",\"url\":\"https:\/\/www.istegroup.com\/\",\"name\":\"ISTE Group\",\"description\":\"\u00c9diteur des Sciences\",\"potentialAction\":[{\"@type\":\"SearchAction\",\"target\":{\"@type\":\"EntryPoint\",\"urlTemplate\":\"https:\/\/www.istegroup.com\/?s={search_term_string}\"},\"query-input\":{\"@type\":\"PropertyValueSpecification\",\"valueRequired\":true,\"valueName\":\"search_term_string\"}}],\"inLanguage\":\"fr-FR\"}]}<\/script>\n<!-- \/ Yoast SEO plugin. -->","yoast_head_json":{"title":"Thermochronologie par traces de fission - ISTE Group","description":"Thermochronologie par traces de fission traite des principes physico-chimiques sur lesquels reposent les m\u00e9thodes de thermochronologie par traces de fission et (U-Th-Sm\/He), ainsi que les avanc\u00e9es m\u00e9thodologiques ayant permis de les faire \u00e9voluer jusqu\u2019\u00e0 la r\u00e9volution r\u00e9cemment apport\u00e9e par l\u2019utilisation de l\u2019ICP-MS \u00e0 ablation laser.","robots":{"index":"index","follow":"follow","max-snippet":"max-snippet:-1","max-image-preview":"max-image-preview:large","max-video-preview":"max-video-preview:-1"},"canonical":"https:\/\/www.istegroup.com\/produit\/thermochronologie-par-traces-de-fission\/","og_locale":"fr_FR","og_type":"article","og_title":"Thermochronologie par traces de fission - ISTE Group","og_description":"Thermochronologie par traces de fission traite des principes physico-chimiques sur lesquels reposent les m\u00e9thodes de thermochronologie par traces de fission et (U-Th-Sm\/He), ainsi que les avanc\u00e9es m\u00e9thodologiques ayant permis de les faire \u00e9voluer jusqu\u2019\u00e0 la r\u00e9volution r\u00e9cemment apport\u00e9e par l\u2019utilisation de l\u2019ICP-MS \u00e0 ablation laser.","og_url":"https:\/\/www.istegroup.com\/produit\/thermochronologie-par-traces-de-fission\/","og_site_name":"ISTE Group","article_modified_time":"2025-06-20T13:39:55+00:00","og_image":[{"width":300,"height":450,"url":"https:\/\/www.istegroup.com\/wp-content\/uploads\/2019\/11\/Thermochronologie-par-traces-de-fission.jpg","type":"image\/jpeg"}],"twitter_card":"summary_large_image","twitter_misc":{"Est. reading time":"1 minute"},"schema":{"@context":"https:\/\/schema.org","@graph":[{"@type":"WebPage","@id":"https:\/\/www.istegroup.com\/produit\/thermochronologie-par-traces-de-fission\/","url":"https:\/\/www.istegroup.com\/produit\/thermochronologie-par-traces-de-fission\/","name":"Thermochronologie par traces de fission - ISTE Group","isPartOf":{"@id":"https:\/\/www.istegroup.com\/#website"},"primaryImageOfPage":{"@id":"https:\/\/www.istegroup.com\/produit\/thermochronologie-par-traces-de-fission\/#primaryimage"},"image":{"@id":"https:\/\/www.istegroup.com\/produit\/thermochronologie-par-traces-de-fission\/#primaryimage"},"thumbnailUrl":"https:\/\/www.istegroup.com\/wp-content\/uploads\/2019\/11\/Thermochronologie-par-traces-de-fission.jpg","datePublished":"2025-05-28T09:57:10+00:00","dateModified":"2025-06-20T13:39:55+00:00","description":"Thermochronologie par traces de fission traite des principes physico-chimiques sur lesquels reposent les m\u00e9thodes de thermochronologie par traces de fission et (U-Th-Sm\/He), ainsi que les avanc\u00e9es m\u00e9thodologiques ayant permis de les faire \u00e9voluer jusqu\u2019\u00e0 la r\u00e9volution r\u00e9cemment apport\u00e9e par l\u2019utilisation de l\u2019ICP-MS \u00e0 ablation laser.","breadcrumb":{"@id":"https:\/\/www.istegroup.com\/produit\/thermochronologie-par-traces-de-fission\/#breadcrumb"},"inLanguage":"fr-FR","potentialAction":[{"@type":"ReadAction","target":["https:\/\/www.istegroup.com\/produit\/thermochronologie-par-traces-de-fission\/"]}]},{"@type":"ImageObject","inLanguage":"fr-FR","@id":"https:\/\/www.istegroup.com\/produit\/thermochronologie-par-traces-de-fission\/#primaryimage","url":"https:\/\/www.istegroup.com\/wp-content\/uploads\/2019\/11\/Thermochronologie-par-traces-de-fission.jpg","contentUrl":"https:\/\/www.istegroup.com\/wp-content\/uploads\/2019\/11\/Thermochronologie-par-traces-de-fission.jpg","width":300,"height":450},{"@type":"BreadcrumbList","@id":"https:\/\/www.istegroup.com\/produit\/thermochronologie-par-traces-de-fission\/#breadcrumb","itemListElement":[{"@type":"ListItem","position":1,"name":"Home","item":"https:\/\/www.istegroup.com\/"},{"@type":"ListItem","position":2,"name":"Shop","item":"https:\/\/www.istegroup.com\/fr\/nouveautes\/"},{"@type":"ListItem","position":3,"name":"Thermochronologie par traces de fission"}]},{"@type":"WebSite","@id":"https:\/\/www.istegroup.com\/#website","url":"https:\/\/www.istegroup.com\/","name":"ISTE Group","description":"\u00c9diteur des Sciences","potentialAction":[{"@type":"SearchAction","target":{"@type":"EntryPoint","urlTemplate":"https:\/\/www.istegroup.com\/?s={search_term_string}"},"query-input":{"@type":"PropertyValueSpecification","valueRequired":true,"valueName":"search_term_string"}}],"inLanguage":"fr-FR"}]}},"_links":{"self":[{"href":"https:\/\/www.istegroup.com\/fr\/wp-json\/wp\/v2\/product\/23822","targetHints":{"allow":["GET"]}}],"collection":[{"href":"https:\/\/www.istegroup.com\/fr\/wp-json\/wp\/v2\/product"}],"about":[{"href":"https:\/\/www.istegroup.com\/fr\/wp-json\/wp\/v2\/types\/product"}],"wp:featuredmedia":[{"embeddable":true,"href":"https:\/\/www.istegroup.com\/fr\/wp-json\/wp\/v2\/media\/60396"}],"wp:attachment":[{"href":"https:\/\/www.istegroup.com\/fr\/wp-json\/wp\/v2\/media?parent=23822"}],"wp:term":[{"taxonomy":"product_brand","embeddable":true,"href":"https:\/\/www.istegroup.com\/fr\/wp-json\/wp\/v2\/product_brand?post=23822"},{"taxonomy":"product_cat","embeddable":true,"href":"https:\/\/www.istegroup.com\/fr\/wp-json\/wp\/v2\/product_cat?post=23822"},{"taxonomy":"product_tag","embeddable":true,"href":"https:\/\/www.istegroup.com\/fr\/wp-json\/wp\/v2\/product_tag?post=23822"}],"curies":[{"name":"wp","href":"https:\/\/api.w.org\/{rel}","templated":true}]}}