{"id":23809,"date":"2024-06-06T10:46:32","date_gmt":"2024-06-06T09:46:32","guid":{"rendered":"https:\/\/www.istegroup.com\/?post_type=product&#038;p=23809"},"modified":"2025-07-09T15:48:39","modified_gmt":"2025-07-09T14:48:39","slug":"europe-en-ses-decoupages","status":"publish","type":"product","link":"https:\/\/www.istegroup.com\/fr\/produit\/europe-en-ses-decoupages\/","title":{"rendered":"L\u2019Europe en ses d\u00e9coupages"},"content":{"rendered":"<p>L\u2019Europe est le continent ayant donn\u00e9 lieu au plus grand nombre de d\u00e9coupages spatiaux. Ses limites ont suscit\u00e9 nombre de d\u00e9bats, en son sein comme en dehors. L\u2019Union europ\u00e9enne est pour sa part devenue un laboratoire de production de d\u00e9coupages.<\/p>\n<p>Chacun de ses d\u00e9coupages, vecteur d\u2019identit\u00e9s et de territorialit\u00e9, refl\u00e8te une intentionnalit\u00e9 que d\u00e9voile <em>L\u2019Europe en ses d\u00e9coupages<\/em> en montrant la multiplicit\u00e9 des formes, des modalit\u00e9s et des acteurs qui les produisent, les utilisent et les questionnent dans un monde globalis\u00e9 et r\u00e9ticulaire. Un monde qui est aujourd\u2019hui boulevers\u00e9 par l\u2019urgence du changement climatique.<\/p>\n<p>Du continent aux r\u00e9gions en passant par les aires m\u00e9tropolitaines ou leurs r\u00e9seaux, de maillage en zonage, de r\u00e9gionalisations en repr\u00e9sentations, cet ouvrage explore l\u2019art de la d\u00e9coupe pour gouverner, am\u00e9nager, imaginer et construire les territoires europ\u00e9ens par-del\u00e0 les h\u00e9ritages des \u00c9tats et de leurs fronti\u00e8res. Les chapitres \u00e9clairent ainsi de fa\u00e7on in\u00e9dite, \u00e0 diff\u00e9rentes \u00e9chelles de temps et d\u2019espace, les enjeux th\u00e9oriques et pratiques des d\u00e9coupages de l\u2019Europe.<\/p>","protected":false},"excerpt":{"rendered":"<p>L\u2019Europe est le continent ayant donn\u00e9 lieu au plus grand nombre de d\u00e9coupages spatiaux. Ses limites ont suscit\u00e9 nombre de d\u00e9bats, en son sein comme en dehors. L\u2019Union europ\u00e9enne est pour sa part devenue un laboratoire de production de d\u00e9coupages. Chacun de ses d\u00e9coupages, vecteur d\u2019identit\u00e9s et de territorialit\u00e9, refl\u00e8te une intentionnalit\u00e9 que d\u00e9voile L\u2019Europe [&hellip;]<\/p>\n","protected":false},"featured_media":56924,"template":"","meta":{"_acf_changed":false,"_links_to":"","_links_to_target":""},"product_brand":[],"product_cat":[4289],"product_tag":[],"class_list":{"0":"post-23809","1":"product","2":"type-product","3":"status-publish","4":"has-post-thumbnail","6":"product_cat-sciences","8":"first","9":"instock","10":"shipping-taxable","11":"purchasable","12":"product-type-variable"},"acf":[],"yoast_head":"<!-- This site is optimized with the Yoast SEO plugin v27.2 - https:\/\/yoast.com\/product\/yoast-seo-wordpress\/ -->\n<title>L\u2019Europe en ses d\u00e9coupages - ISTE Group<\/title>\n<meta name=\"description\" content=\"L\u2019Europe est le continent ayant donn\u00e9 lieu au plus grand nombre de d\u00e9coupages spatiaux. Ses limites ont suscit\u00e9 nombre de d\u00e9bats, en son sein comme en dehors. L\u2019Union europ\u00e9enne est pour sa part devenue un laboratoire de production de d\u00e9coupages.\" \/>\n<meta name=\"robots\" content=\"index, follow, max-snippet:-1, max-image-preview:large, max-video-preview:-1\" \/>\n<link rel=\"canonical\" href=\"https:\/\/www.istegroup.com\/produit\/europe-en-ses-decoupages\/\" \/>\n<meta property=\"og:locale\" content=\"fr_FR\" \/>\n<meta property=\"og:type\" content=\"article\" \/>\n<meta property=\"og:title\" content=\"L\u2019Europe en ses d\u00e9coupages - ISTE Group\" \/>\n<meta property=\"og:description\" content=\"L\u2019Europe est le continent ayant donn\u00e9 lieu au plus grand nombre de d\u00e9coupages spatiaux. Ses limites ont suscit\u00e9 nombre de d\u00e9bats, en son sein comme en dehors. L\u2019Union europ\u00e9enne est pour sa part devenue un laboratoire de production de d\u00e9coupages.\" \/>\n<meta property=\"og:url\" content=\"https:\/\/www.istegroup.com\/produit\/europe-en-ses-decoupages\/\" \/>\n<meta property=\"og:site_name\" content=\"ISTE Group\" \/>\n<meta property=\"article:modified_time\" content=\"2025-07-09T14:48:39+00:00\" \/>\n<meta property=\"og:image\" content=\"https:\/\/www.istegroup.com\/wp-content\/uploads\/2019\/11\/LEurope-en-ses-decoupages.jpeg\" \/>\n\t<meta property=\"og:image:width\" content=\"300\" \/>\n\t<meta property=\"og:image:height\" content=\"450\" \/>\n\t<meta property=\"og:image:type\" content=\"image\/jpeg\" \/>\n<meta name=\"twitter:card\" content=\"summary_large_image\" \/>\n<meta name=\"twitter:label1\" content=\"Est. reading time\" \/>\n\t<meta name=\"twitter:data1\" content=\"2 minutes\" \/>\n<script type=\"application\/ld+json\" class=\"yoast-schema-graph\">{\"@context\":\"https:\/\/schema.org\",\"@graph\":[{\"@type\":\"WebPage\",\"@id\":\"https:\/\/www.istegroup.com\/produit\/europe-en-ses-decoupages\/\",\"url\":\"https:\/\/www.istegroup.com\/produit\/europe-en-ses-decoupages\/\",\"name\":\"L\u2019Europe en ses d\u00e9coupages - ISTE Group\",\"isPartOf\":{\"@id\":\"https:\/\/www.istegroup.com\/#website\"},\"primaryImageOfPage\":{\"@id\":\"https:\/\/www.istegroup.com\/produit\/europe-en-ses-decoupages\/#primaryimage\"},\"image\":{\"@id\":\"https:\/\/www.istegroup.com\/produit\/europe-en-ses-decoupages\/#primaryimage\"},\"thumbnailUrl\":\"https:\/\/www.istegroup.com\/wp-content\/uploads\/2019\/11\/LEurope-en-ses-decoupages.jpeg\",\"datePublished\":\"2024-06-06T09:46:32+00:00\",\"dateModified\":\"2025-07-09T14:48:39+00:00\",\"description\":\"L\u2019Europe est le continent ayant donn\u00e9 lieu au plus grand nombre de d\u00e9coupages spatiaux. Ses limites ont suscit\u00e9 nombre de d\u00e9bats, en son sein comme en dehors. L\u2019Union europ\u00e9enne est pour sa part devenue un laboratoire de production de d\u00e9coupages.\",\"breadcrumb\":{\"@id\":\"https:\/\/www.istegroup.com\/produit\/europe-en-ses-decoupages\/#breadcrumb\"},\"inLanguage\":\"fr-FR\",\"potentialAction\":[{\"@type\":\"ReadAction\",\"target\":[\"https:\/\/www.istegroup.com\/produit\/europe-en-ses-decoupages\/\"]}]},{\"@type\":\"ImageObject\",\"inLanguage\":\"fr-FR\",\"@id\":\"https:\/\/www.istegroup.com\/produit\/europe-en-ses-decoupages\/#primaryimage\",\"url\":\"https:\/\/www.istegroup.com\/wp-content\/uploads\/2019\/11\/LEurope-en-ses-decoupages.jpeg\",\"contentUrl\":\"https:\/\/www.istegroup.com\/wp-content\/uploads\/2019\/11\/LEurope-en-ses-decoupages.jpeg\",\"width\":300,\"height\":450,\"caption\":\"Livre scientifique - L'Europe en ses d\u00e9coupages\"},{\"@type\":\"BreadcrumbList\",\"@id\":\"https:\/\/www.istegroup.com\/produit\/europe-en-ses-decoupages\/#breadcrumb\",\"itemListElement\":[{\"@type\":\"ListItem\",\"position\":1,\"name\":\"Home\",\"item\":\"https:\/\/www.istegroup.com\/\"},{\"@type\":\"ListItem\",\"position\":2,\"name\":\"Shop\",\"item\":\"https:\/\/www.istegroup.com\/fr\/nouveautes\/\"},{\"@type\":\"ListItem\",\"position\":3,\"name\":\"L\u2019Europe en ses d\u00e9coupages\"}]},{\"@type\":\"WebSite\",\"@id\":\"https:\/\/www.istegroup.com\/#website\",\"url\":\"https:\/\/www.istegroup.com\/\",\"name\":\"ISTE Group\",\"description\":\"\u00c9diteur des Sciences\",\"potentialAction\":[{\"@type\":\"SearchAction\",\"target\":{\"@type\":\"EntryPoint\",\"urlTemplate\":\"https:\/\/www.istegroup.com\/?s={search_term_string}\"},\"query-input\":{\"@type\":\"PropertyValueSpecification\",\"valueRequired\":true,\"valueName\":\"search_term_string\"}}],\"inLanguage\":\"fr-FR\"}]}<\/script>\n<!-- \/ Yoast SEO plugin. -->","yoast_head_json":{"title":"L\u2019Europe en ses d\u00e9coupages - ISTE Group","description":"L\u2019Europe est le continent ayant donn\u00e9 lieu au plus grand nombre de d\u00e9coupages spatiaux. Ses limites ont suscit\u00e9 nombre de d\u00e9bats, en son sein comme en dehors. L\u2019Union europ\u00e9enne est pour sa part devenue un laboratoire de production de d\u00e9coupages.","robots":{"index":"index","follow":"follow","max-snippet":"max-snippet:-1","max-image-preview":"max-image-preview:large","max-video-preview":"max-video-preview:-1"},"canonical":"https:\/\/www.istegroup.com\/produit\/europe-en-ses-decoupages\/","og_locale":"fr_FR","og_type":"article","og_title":"L\u2019Europe en ses d\u00e9coupages - ISTE Group","og_description":"L\u2019Europe est le continent ayant donn\u00e9 lieu au plus grand nombre de d\u00e9coupages spatiaux. Ses limites ont suscit\u00e9 nombre de d\u00e9bats, en son sein comme en dehors. L\u2019Union europ\u00e9enne est pour sa part devenue un laboratoire de production de d\u00e9coupages.","og_url":"https:\/\/www.istegroup.com\/produit\/europe-en-ses-decoupages\/","og_site_name":"ISTE Group","article_modified_time":"2025-07-09T14:48:39+00:00","og_image":[{"width":300,"height":450,"url":"https:\/\/www.istegroup.com\/wp-content\/uploads\/2019\/11\/LEurope-en-ses-decoupages.jpeg","type":"image\/jpeg"}],"twitter_card":"summary_large_image","twitter_misc":{"Est. reading time":"2 minutes"},"schema":{"@context":"https:\/\/schema.org","@graph":[{"@type":"WebPage","@id":"https:\/\/www.istegroup.com\/produit\/europe-en-ses-decoupages\/","url":"https:\/\/www.istegroup.com\/produit\/europe-en-ses-decoupages\/","name":"L\u2019Europe en ses d\u00e9coupages - ISTE Group","isPartOf":{"@id":"https:\/\/www.istegroup.com\/#website"},"primaryImageOfPage":{"@id":"https:\/\/www.istegroup.com\/produit\/europe-en-ses-decoupages\/#primaryimage"},"image":{"@id":"https:\/\/www.istegroup.com\/produit\/europe-en-ses-decoupages\/#primaryimage"},"thumbnailUrl":"https:\/\/www.istegroup.com\/wp-content\/uploads\/2019\/11\/LEurope-en-ses-decoupages.jpeg","datePublished":"2024-06-06T09:46:32+00:00","dateModified":"2025-07-09T14:48:39+00:00","description":"L\u2019Europe est le continent ayant donn\u00e9 lieu au plus grand nombre de d\u00e9coupages spatiaux. Ses limites ont suscit\u00e9 nombre de d\u00e9bats, en son sein comme en dehors. L\u2019Union europ\u00e9enne est pour sa part devenue un laboratoire de production de d\u00e9coupages.","breadcrumb":{"@id":"https:\/\/www.istegroup.com\/produit\/europe-en-ses-decoupages\/#breadcrumb"},"inLanguage":"fr-FR","potentialAction":[{"@type":"ReadAction","target":["https:\/\/www.istegroup.com\/produit\/europe-en-ses-decoupages\/"]}]},{"@type":"ImageObject","inLanguage":"fr-FR","@id":"https:\/\/www.istegroup.com\/produit\/europe-en-ses-decoupages\/#primaryimage","url":"https:\/\/www.istegroup.com\/wp-content\/uploads\/2019\/11\/LEurope-en-ses-decoupages.jpeg","contentUrl":"https:\/\/www.istegroup.com\/wp-content\/uploads\/2019\/11\/LEurope-en-ses-decoupages.jpeg","width":300,"height":450,"caption":"Livre scientifique - L'Europe en ses d\u00e9coupages"},{"@type":"BreadcrumbList","@id":"https:\/\/www.istegroup.com\/produit\/europe-en-ses-decoupages\/#breadcrumb","itemListElement":[{"@type":"ListItem","position":1,"name":"Home","item":"https:\/\/www.istegroup.com\/"},{"@type":"ListItem","position":2,"name":"Shop","item":"https:\/\/www.istegroup.com\/fr\/nouveautes\/"},{"@type":"ListItem","position":3,"name":"L\u2019Europe en ses d\u00e9coupages"}]},{"@type":"WebSite","@id":"https:\/\/www.istegroup.com\/#website","url":"https:\/\/www.istegroup.com\/","name":"ISTE Group","description":"\u00c9diteur des Sciences","potentialAction":[{"@type":"SearchAction","target":{"@type":"EntryPoint","urlTemplate":"https:\/\/www.istegroup.com\/?s={search_term_string}"},"query-input":{"@type":"PropertyValueSpecification","valueRequired":true,"valueName":"search_term_string"}}],"inLanguage":"fr-FR"}]}},"_links":{"self":[{"href":"https:\/\/www.istegroup.com\/fr\/wp-json\/wp\/v2\/product\/23809","targetHints":{"allow":["GET"]}}],"collection":[{"href":"https:\/\/www.istegroup.com\/fr\/wp-json\/wp\/v2\/product"}],"about":[{"href":"https:\/\/www.istegroup.com\/fr\/wp-json\/wp\/v2\/types\/product"}],"wp:featuredmedia":[{"embeddable":true,"href":"https:\/\/www.istegroup.com\/fr\/wp-json\/wp\/v2\/media\/56924"}],"wp:attachment":[{"href":"https:\/\/www.istegroup.com\/fr\/wp-json\/wp\/v2\/media?parent=23809"}],"wp:term":[{"taxonomy":"product_brand","embeddable":true,"href":"https:\/\/www.istegroup.com\/fr\/wp-json\/wp\/v2\/product_brand?post=23809"},{"taxonomy":"product_cat","embeddable":true,"href":"https:\/\/www.istegroup.com\/fr\/wp-json\/wp\/v2\/product_cat?post=23809"},{"taxonomy":"product_tag","embeddable":true,"href":"https:\/\/www.istegroup.com\/fr\/wp-json\/wp\/v2\/product_tag?post=23809"}],"curies":[{"name":"wp","href":"https:\/\/api.w.org\/{rel}","templated":true}]}}