{"id":23798,"date":"2024-01-14T10:28:47","date_gmt":"2024-01-14T10:28:47","guid":{"rendered":"https:\/\/www.istegroup.com\/?post_type=product&#038;p=23798"},"modified":"2025-01-03T11:04:58","modified_gmt":"2025-01-03T11:04:58","slug":"mondialisation-et-dynamiques-de-la-production-urbaine","status":"publish","type":"product","link":"https:\/\/www.istegroup.com\/fr\/produit\/mondialisation-et-dynamiques-de-la-production-urbaine\/","title":{"rendered":"Mondialisation et dynamiques de la production urbaine"},"content":{"rendered":"<p>Au cours des vingt derni\u00e8res ann\u00e9es, les processus d\u2019urbanisation ont subi de profondes transformations sous l\u2019influence croissante d\u2019acteurs priv\u00e9s, tout particuli\u00e8rement financiers, exposant le cadre physique des villes aux flux de capitaux mondiaux. Cela a g\u00e9n\u00e9r\u00e9 une hausse g\u00e9n\u00e9ralis\u00e9e des valeurs immobili\u00e8res \u00e0 l\u2019\u00e9chelle plan\u00e9taire, le plus souvent d\u00e9connect\u00e9e des capacit\u00e9s financi\u00e8res des acteurs locaux \u2013 en premier lieu les m\u00e9nages \u2013 qui creuse les in\u00e9galit\u00e9s et accro\u00eet la vuln\u00e9rabilit\u00e9 des soci\u00e9t\u00e9s aux risques financiers et environnementaux.<\/p>\n<p><em>Mondialisation et dynamiques de la production urbaine<\/em> offre des cl\u00e9s de lecture pour appr\u00e9hender ces dynamiques d\u2019accumulation du capital dans le cadre b\u00e2ti des villes, en rendant compte de la diversit\u00e9 de leurs configurations, de leur intensit\u00e9 et de leurs effets urbains selon les contextes nationaux. Au-del\u00e0 du cas des grands pays occidentaux, foyers initiaux de l\u2019industrie financi\u00e8re et des th\u00e9orisations sur l\u2019urbain, cet ouvrage aborde les contextes particuliers de la production immobili\u00e8re dans quatre grandes r\u00e9gions : Asie du Nord-Est, Asie du Sud-Est, Moyen-Orient et Afrique de l\u2019Ouest.<\/p>","protected":false},"excerpt":{"rendered":"<p>Au cours des vingt derni\u00e8res ann\u00e9es, les processus d\u2019urbanisation ont subi de profondes transformations sous l\u2019influence croissante d\u2019acteurs priv\u00e9s, tout particuli\u00e8rement financiers, exposant le cadre physique des villes aux flux de capitaux mondiaux. Cela a g\u00e9n\u00e9r\u00e9 une hausse g\u00e9n\u00e9ralis\u00e9e des valeurs immobili\u00e8res \u00e0 l\u2019\u00e9chelle plan\u00e9taire, le plus souvent d\u00e9connect\u00e9e des capacit\u00e9s financi\u00e8res des acteurs locaux [&hellip;]<\/p>\n","protected":false},"featured_media":55140,"template":"","meta":{"_acf_changed":false,"_links_to":"","_links_to_target":""},"product_brand":[],"product_cat":[4289],"product_tag":[],"class_list":{"0":"post-23798","1":"product","2":"type-product","3":"status-publish","4":"has-post-thumbnail","6":"product_cat-sciences","8":"first","9":"instock","10":"shipping-taxable","11":"purchasable","12":"product-type-variable"},"acf":[],"yoast_head":"<!-- This site is optimized with the Yoast SEO plugin v27.2 - https:\/\/yoast.com\/product\/yoast-seo-wordpress\/ -->\n<title>Mondialisation et dynamiques de la production urbaine - ISTE Group<\/title>\n<meta name=\"description\" content=\"Mondialisation et dynamiques de la production urbaine offre des cl\u00e9s de lecture pour appr\u00e9hender ces dynamiques d\u2019accumulation du capital dans le cadre b\u00e2ti des villes, en rendant compte de la diversit\u00e9 de leurs configurations, de leur intensit\u00e9 et de leurs effets urbains selon les contextes nationaux.\" \/>\n<meta name=\"robots\" content=\"index, follow, max-snippet:-1, max-image-preview:large, max-video-preview:-1\" \/>\n<link rel=\"canonical\" href=\"https:\/\/www.istegroup.com\/fr\/produit\/mondialisation-et-dynamiques-de-la-production-urbaine\/\" \/>\n<meta property=\"og:locale\" content=\"fr_FR\" \/>\n<meta property=\"og:type\" content=\"article\" \/>\n<meta property=\"og:title\" content=\"Mondialisation et dynamiques de la production urbaine - ISTE Group\" \/>\n<meta property=\"og:description\" content=\"Mondialisation et dynamiques de la production urbaine offre des cl\u00e9s de lecture pour appr\u00e9hender ces dynamiques d\u2019accumulation du capital dans le cadre b\u00e2ti des villes, en rendant compte de la diversit\u00e9 de leurs configurations, de leur intensit\u00e9 et de leurs effets urbains selon les contextes nationaux.\" \/>\n<meta property=\"og:url\" content=\"https:\/\/www.istegroup.com\/fr\/produit\/mondialisation-et-dynamiques-de-la-production-urbaine\/\" \/>\n<meta property=\"og:site_name\" content=\"ISTE Group\" \/>\n<meta property=\"article:modified_time\" content=\"2025-01-03T11:04:58+00:00\" \/>\n<meta property=\"og:image\" content=\"https:\/\/www.istegroup.com\/wp-content\/uploads\/2019\/11\/Mondialisation-et-dynamiques-de-la-production-urbaine.jpeg\" \/>\n\t<meta property=\"og:image:width\" content=\"300\" \/>\n\t<meta property=\"og:image:height\" content=\"450\" \/>\n\t<meta property=\"og:image:type\" content=\"image\/jpeg\" \/>\n<meta name=\"twitter:card\" content=\"summary_large_image\" \/>\n<meta name=\"twitter:label1\" content=\"Est. reading time\" \/>\n\t<meta name=\"twitter:data1\" content=\"1 minute\" \/>\n<script type=\"application\/ld+json\" class=\"yoast-schema-graph\">{\"@context\":\"https:\/\/schema.org\",\"@graph\":[{\"@type\":\"WebPage\",\"@id\":\"https:\/\/www.istegroup.com\/fr\/produit\/mondialisation-et-dynamiques-de-la-production-urbaine\/\",\"url\":\"https:\/\/www.istegroup.com\/fr\/produit\/mondialisation-et-dynamiques-de-la-production-urbaine\/\",\"name\":\"Mondialisation et dynamiques de la production urbaine - ISTE Group\",\"isPartOf\":{\"@id\":\"https:\/\/www.istegroup.com\/#website\"},\"primaryImageOfPage\":{\"@id\":\"https:\/\/www.istegroup.com\/fr\/produit\/mondialisation-et-dynamiques-de-la-production-urbaine\/#primaryimage\"},\"image\":{\"@id\":\"https:\/\/www.istegroup.com\/fr\/produit\/mondialisation-et-dynamiques-de-la-production-urbaine\/#primaryimage\"},\"thumbnailUrl\":\"https:\/\/www.istegroup.com\/wp-content\/uploads\/2019\/11\/Mondialisation-et-dynamiques-de-la-production-urbaine.jpeg\",\"datePublished\":\"2024-01-14T10:28:47+00:00\",\"dateModified\":\"2025-01-03T11:04:58+00:00\",\"description\":\"Mondialisation et dynamiques de la production urbaine offre des cl\u00e9s de lecture pour appr\u00e9hender ces dynamiques d\u2019accumulation du capital dans le cadre b\u00e2ti des villes, en rendant compte de la diversit\u00e9 de leurs configurations, de leur intensit\u00e9 et de leurs effets urbains selon les contextes nationaux.\",\"breadcrumb\":{\"@id\":\"https:\/\/www.istegroup.com\/fr\/produit\/mondialisation-et-dynamiques-de-la-production-urbaine\/#breadcrumb\"},\"inLanguage\":\"fr-FR\",\"potentialAction\":[{\"@type\":\"ReadAction\",\"target\":[\"https:\/\/www.istegroup.com\/fr\/produit\/mondialisation-et-dynamiques-de-la-production-urbaine\/\"]}]},{\"@type\":\"ImageObject\",\"inLanguage\":\"fr-FR\",\"@id\":\"https:\/\/www.istegroup.com\/fr\/produit\/mondialisation-et-dynamiques-de-la-production-urbaine\/#primaryimage\",\"url\":\"https:\/\/www.istegroup.com\/wp-content\/uploads\/2019\/11\/Mondialisation-et-dynamiques-de-la-production-urbaine.jpeg\",\"contentUrl\":\"https:\/\/www.istegroup.com\/wp-content\/uploads\/2019\/11\/Mondialisation-et-dynamiques-de-la-production-urbaine.jpeg\",\"width\":300,\"height\":450,\"caption\":\"Livre scientifique - Mondialisation et dynamiques de la production urbaine\"},{\"@type\":\"BreadcrumbList\",\"@id\":\"https:\/\/www.istegroup.com\/fr\/produit\/mondialisation-et-dynamiques-de-la-production-urbaine\/#breadcrumb\",\"itemListElement\":[{\"@type\":\"ListItem\",\"position\":1,\"name\":\"Home\",\"item\":\"https:\/\/www.istegroup.com\/\"},{\"@type\":\"ListItem\",\"position\":2,\"name\":\"Shop\",\"item\":\"https:\/\/www.istegroup.com\/fr\/nouveautes\/\"},{\"@type\":\"ListItem\",\"position\":3,\"name\":\"Mondialisation et dynamiques de la production urbaine\"}]},{\"@type\":\"WebSite\",\"@id\":\"https:\/\/www.istegroup.com\/#website\",\"url\":\"https:\/\/www.istegroup.com\/\",\"name\":\"ISTE Group\",\"description\":\"\u00c9diteur des Sciences\",\"potentialAction\":[{\"@type\":\"SearchAction\",\"target\":{\"@type\":\"EntryPoint\",\"urlTemplate\":\"https:\/\/www.istegroup.com\/?s={search_term_string}\"},\"query-input\":{\"@type\":\"PropertyValueSpecification\",\"valueRequired\":true,\"valueName\":\"search_term_string\"}}],\"inLanguage\":\"fr-FR\"}]}<\/script>\n<!-- \/ Yoast SEO plugin. -->","yoast_head_json":{"title":"Mondialisation et dynamiques de la production urbaine - ISTE Group","description":"Mondialisation et dynamiques de la production urbaine offre des cl\u00e9s de lecture pour appr\u00e9hender ces dynamiques d\u2019accumulation du capital dans le cadre b\u00e2ti des villes, en rendant compte de la diversit\u00e9 de leurs configurations, de leur intensit\u00e9 et de leurs effets urbains selon les contextes nationaux.","robots":{"index":"index","follow":"follow","max-snippet":"max-snippet:-1","max-image-preview":"max-image-preview:large","max-video-preview":"max-video-preview:-1"},"canonical":"https:\/\/www.istegroup.com\/fr\/produit\/mondialisation-et-dynamiques-de-la-production-urbaine\/","og_locale":"fr_FR","og_type":"article","og_title":"Mondialisation et dynamiques de la production urbaine - ISTE Group","og_description":"Mondialisation et dynamiques de la production urbaine offre des cl\u00e9s de lecture pour appr\u00e9hender ces dynamiques d\u2019accumulation du capital dans le cadre b\u00e2ti des villes, en rendant compte de la diversit\u00e9 de leurs configurations, de leur intensit\u00e9 et de leurs effets urbains selon les contextes nationaux.","og_url":"https:\/\/www.istegroup.com\/fr\/produit\/mondialisation-et-dynamiques-de-la-production-urbaine\/","og_site_name":"ISTE Group","article_modified_time":"2025-01-03T11:04:58+00:00","og_image":[{"width":300,"height":450,"url":"https:\/\/www.istegroup.com\/wp-content\/uploads\/2019\/11\/Mondialisation-et-dynamiques-de-la-production-urbaine.jpeg","type":"image\/jpeg"}],"twitter_card":"summary_large_image","twitter_misc":{"Est. reading time":"1 minute"},"schema":{"@context":"https:\/\/schema.org","@graph":[{"@type":"WebPage","@id":"https:\/\/www.istegroup.com\/fr\/produit\/mondialisation-et-dynamiques-de-la-production-urbaine\/","url":"https:\/\/www.istegroup.com\/fr\/produit\/mondialisation-et-dynamiques-de-la-production-urbaine\/","name":"Mondialisation et dynamiques de la production urbaine - ISTE Group","isPartOf":{"@id":"https:\/\/www.istegroup.com\/#website"},"primaryImageOfPage":{"@id":"https:\/\/www.istegroup.com\/fr\/produit\/mondialisation-et-dynamiques-de-la-production-urbaine\/#primaryimage"},"image":{"@id":"https:\/\/www.istegroup.com\/fr\/produit\/mondialisation-et-dynamiques-de-la-production-urbaine\/#primaryimage"},"thumbnailUrl":"https:\/\/www.istegroup.com\/wp-content\/uploads\/2019\/11\/Mondialisation-et-dynamiques-de-la-production-urbaine.jpeg","datePublished":"2024-01-14T10:28:47+00:00","dateModified":"2025-01-03T11:04:58+00:00","description":"Mondialisation et dynamiques de la production urbaine offre des cl\u00e9s de lecture pour appr\u00e9hender ces dynamiques d\u2019accumulation du capital dans le cadre b\u00e2ti des villes, en rendant compte de la diversit\u00e9 de leurs configurations, de leur intensit\u00e9 et de leurs effets urbains selon les contextes nationaux.","breadcrumb":{"@id":"https:\/\/www.istegroup.com\/fr\/produit\/mondialisation-et-dynamiques-de-la-production-urbaine\/#breadcrumb"},"inLanguage":"fr-FR","potentialAction":[{"@type":"ReadAction","target":["https:\/\/www.istegroup.com\/fr\/produit\/mondialisation-et-dynamiques-de-la-production-urbaine\/"]}]},{"@type":"ImageObject","inLanguage":"fr-FR","@id":"https:\/\/www.istegroup.com\/fr\/produit\/mondialisation-et-dynamiques-de-la-production-urbaine\/#primaryimage","url":"https:\/\/www.istegroup.com\/wp-content\/uploads\/2019\/11\/Mondialisation-et-dynamiques-de-la-production-urbaine.jpeg","contentUrl":"https:\/\/www.istegroup.com\/wp-content\/uploads\/2019\/11\/Mondialisation-et-dynamiques-de-la-production-urbaine.jpeg","width":300,"height":450,"caption":"Livre scientifique - Mondialisation et dynamiques de la production urbaine"},{"@type":"BreadcrumbList","@id":"https:\/\/www.istegroup.com\/fr\/produit\/mondialisation-et-dynamiques-de-la-production-urbaine\/#breadcrumb","itemListElement":[{"@type":"ListItem","position":1,"name":"Home","item":"https:\/\/www.istegroup.com\/"},{"@type":"ListItem","position":2,"name":"Shop","item":"https:\/\/www.istegroup.com\/fr\/nouveautes\/"},{"@type":"ListItem","position":3,"name":"Mondialisation et dynamiques de la production urbaine"}]},{"@type":"WebSite","@id":"https:\/\/www.istegroup.com\/#website","url":"https:\/\/www.istegroup.com\/","name":"ISTE Group","description":"\u00c9diteur des Sciences","potentialAction":[{"@type":"SearchAction","target":{"@type":"EntryPoint","urlTemplate":"https:\/\/www.istegroup.com\/?s={search_term_string}"},"query-input":{"@type":"PropertyValueSpecification","valueRequired":true,"valueName":"search_term_string"}}],"inLanguage":"fr-FR"}]}},"_links":{"self":[{"href":"https:\/\/www.istegroup.com\/fr\/wp-json\/wp\/v2\/product\/23798","targetHints":{"allow":["GET"]}}],"collection":[{"href":"https:\/\/www.istegroup.com\/fr\/wp-json\/wp\/v2\/product"}],"about":[{"href":"https:\/\/www.istegroup.com\/fr\/wp-json\/wp\/v2\/types\/product"}],"wp:featuredmedia":[{"embeddable":true,"href":"https:\/\/www.istegroup.com\/fr\/wp-json\/wp\/v2\/media\/55140"}],"wp:attachment":[{"href":"https:\/\/www.istegroup.com\/fr\/wp-json\/wp\/v2\/media?parent=23798"}],"wp:term":[{"taxonomy":"product_brand","embeddable":true,"href":"https:\/\/www.istegroup.com\/fr\/wp-json\/wp\/v2\/product_brand?post=23798"},{"taxonomy":"product_cat","embeddable":true,"href":"https:\/\/www.istegroup.com\/fr\/wp-json\/wp\/v2\/product_cat?post=23798"},{"taxonomy":"product_tag","embeddable":true,"href":"https:\/\/www.istegroup.com\/fr\/wp-json\/wp\/v2\/product_tag?post=23798"}],"curies":[{"name":"wp","href":"https:\/\/api.w.org\/{rel}","templated":true}]}}