{"id":23792,"date":"2023-03-21T10:24:46","date_gmt":"2023-03-21T10:24:46","guid":{"rendered":"https:\/\/www.istegroup.com\/?post_type=product&#038;p=23792"},"modified":"2025-01-03T11:12:23","modified_gmt":"2025-01-03T11:12:23","slug":"politiques-des-noms-de-lieux","status":"publish","type":"product","link":"https:\/\/www.istegroup.com\/fr\/produit\/politiques-des-noms-de-lieux\/","title":{"rendered":"Politiques des noms de lieux"},"content":{"rendered":"<p>D\u00e9nommer les lieux du monde est une op\u00e9ration humaine essentielle de territorialisation. Elle peut \u00eatre objet de conflits ou de contestations. Elle se d\u00e9cline de nombreuses mani\u00e8res qui ont \u00e0 voir avec les rapports \u00e0 l\u2019espace individuel et collectif, les imaginaires et les identit\u00e9s associ\u00e9s. Les traces des noms de lieux ou toponymes sont \u00e9galement diff\u00e9rentes selon les modalit\u00e9s d\u2019inscription dans le paysage et l\u2019histoire. Elles constituent un h\u00e9ritage, un t\u00e9moignage, un marquage des lieux qui renseignent sur leurs origines, leurs fonctions et leurs usages, mais aussi sur le sens que leur donne une soci\u00e9t\u00e9 ou un pouvoir.<\/p>\n<p>La d\u00e9nomination des lieux est ainsi \u00e9tudi\u00e9e dans cet ouvrage de diff\u00e9rents points de vue. Ceux-ci vont de la linguistique \u00e0 la g\u00e9ographie politique et culturelle, en passant par l\u2019histoire, l\u2019anthropologie, la cartographie et d\u2019autres champs d\u2019\u00e9tudes comme les \u00e9tudes urbaines, les humanit\u00e9s num\u00e9riques ou les \u00e9tudes subalternes. <em>Politiques des noms de lieux<\/em> rend compte de cette transversalit\u00e9 en instituant les \u00e9tudes en d\u00e9nomination des lieux.<\/p>","protected":false},"excerpt":{"rendered":"<p>D\u00e9nommer les lieux du monde est une op\u00e9ration humaine essentielle de territorialisation. Elle peut \u00eatre objet de conflits ou de contestations. Elle se d\u00e9cline de nombreuses mani\u00e8res qui ont \u00e0 voir avec les rapports \u00e0 l\u2019espace individuel et collectif, les imaginaires et les identit\u00e9s associ\u00e9s. Les traces des noms de lieux ou toponymes sont \u00e9galement [&hellip;]<\/p>\n","protected":false},"featured_media":50458,"template":"","meta":{"_acf_changed":false,"_links_to":"","_links_to_target":""},"product_brand":[],"product_cat":[4289],"product_tag":[],"class_list":{"0":"post-23792","1":"product","2":"type-product","3":"status-publish","4":"has-post-thumbnail","6":"product_cat-sciences","8":"first","9":"instock","10":"shipping-taxable","11":"purchasable","12":"product-type-variable"},"acf":[],"yoast_head":"<!-- This site is optimized with the Yoast SEO plugin v27.2 - https:\/\/yoast.com\/product\/yoast-seo-wordpress\/ -->\n<title>Politiques des noms de lieux - ISTE Group<\/title>\n<meta name=\"robots\" content=\"index, follow, max-snippet:-1, max-image-preview:large, max-video-preview:-1\" \/>\n<link rel=\"canonical\" href=\"https:\/\/www.istegroup.com\/fr\/produit\/politiques-des-noms-de-lieux\/\" \/>\n<meta property=\"og:locale\" content=\"fr_FR\" \/>\n<meta property=\"og:type\" content=\"article\" \/>\n<meta property=\"og:title\" content=\"Politiques des noms de lieux - ISTE Group\" \/>\n<meta property=\"og:description\" content=\"D\u00e9nommer les lieux du monde est une op\u00e9ration humaine essentielle de territorialisation. Elle peut \u00eatre objet de conflits ou de contestations. Elle se d\u00e9cline de nombreuses mani\u00e8res qui ont \u00e0 voir avec les rapports \u00e0 l\u2019espace individuel et collectif, les imaginaires et les identit\u00e9s associ\u00e9s. Les traces des noms de lieux ou toponymes sont \u00e9galement [&hellip;]\" \/>\n<meta property=\"og:url\" content=\"https:\/\/www.istegroup.com\/fr\/produit\/politiques-des-noms-de-lieux\/\" \/>\n<meta property=\"og:site_name\" content=\"ISTE Group\" \/>\n<meta property=\"article:modified_time\" content=\"2025-01-03T11:12:23+00:00\" \/>\n<meta property=\"og:image\" content=\"https:\/\/www.istegroup.com\/wp-content\/uploads\/2019\/11\/115_Politiques-des-noms-de-lieux.png\" \/>\n\t<meta property=\"og:image:width\" content=\"300\" \/>\n\t<meta property=\"og:image:height\" content=\"450\" \/>\n\t<meta property=\"og:image:type\" content=\"image\/png\" \/>\n<meta name=\"twitter:card\" content=\"summary_large_image\" \/>\n<meta name=\"twitter:label1\" content=\"Est. reading time\" \/>\n\t<meta name=\"twitter:data1\" content=\"1 minute\" \/>\n<script type=\"application\/ld+json\" class=\"yoast-schema-graph\">{\"@context\":\"https:\/\/schema.org\",\"@graph\":[{\"@type\":\"WebPage\",\"@id\":\"https:\/\/www.istegroup.com\/fr\/produit\/politiques-des-noms-de-lieux\/\",\"url\":\"https:\/\/www.istegroup.com\/fr\/produit\/politiques-des-noms-de-lieux\/\",\"name\":\"Politiques des noms de lieux - ISTE Group\",\"isPartOf\":{\"@id\":\"https:\/\/www.istegroup.com\/#website\"},\"primaryImageOfPage\":{\"@id\":\"https:\/\/www.istegroup.com\/fr\/produit\/politiques-des-noms-de-lieux\/#primaryimage\"},\"image\":{\"@id\":\"https:\/\/www.istegroup.com\/fr\/produit\/politiques-des-noms-de-lieux\/#primaryimage\"},\"thumbnailUrl\":\"https:\/\/www.istegroup.com\/wp-content\/uploads\/2019\/11\/115_Politiques-des-noms-de-lieux.png\",\"datePublished\":\"2023-03-21T10:24:46+00:00\",\"dateModified\":\"2025-01-03T11:12:23+00:00\",\"breadcrumb\":{\"@id\":\"https:\/\/www.istegroup.com\/fr\/produit\/politiques-des-noms-de-lieux\/#breadcrumb\"},\"inLanguage\":\"fr-FR\",\"potentialAction\":[{\"@type\":\"ReadAction\",\"target\":[\"https:\/\/www.istegroup.com\/fr\/produit\/politiques-des-noms-de-lieux\/\"]}]},{\"@type\":\"ImageObject\",\"inLanguage\":\"fr-FR\",\"@id\":\"https:\/\/www.istegroup.com\/fr\/produit\/politiques-des-noms-de-lieux\/#primaryimage\",\"url\":\"https:\/\/www.istegroup.com\/wp-content\/uploads\/2019\/11\/115_Politiques-des-noms-de-lieux.png\",\"contentUrl\":\"https:\/\/www.istegroup.com\/wp-content\/uploads\/2019\/11\/115_Politiques-des-noms-de-lieux.png\",\"width\":300,\"height\":450,\"caption\":\"Livre scientifique - Politiques des noms de lieux - Encyclop\u00e9die SCIENCES\"},{\"@type\":\"BreadcrumbList\",\"@id\":\"https:\/\/www.istegroup.com\/fr\/produit\/politiques-des-noms-de-lieux\/#breadcrumb\",\"itemListElement\":[{\"@type\":\"ListItem\",\"position\":1,\"name\":\"Home\",\"item\":\"https:\/\/www.istegroup.com\/\"},{\"@type\":\"ListItem\",\"position\":2,\"name\":\"Shop\",\"item\":\"https:\/\/www.istegroup.com\/fr\/nouveautes\/\"},{\"@type\":\"ListItem\",\"position\":3,\"name\":\"Politiques des noms de lieux\"}]},{\"@type\":\"WebSite\",\"@id\":\"https:\/\/www.istegroup.com\/#website\",\"url\":\"https:\/\/www.istegroup.com\/\",\"name\":\"ISTE Group\",\"description\":\"\u00c9diteur des Sciences\",\"potentialAction\":[{\"@type\":\"SearchAction\",\"target\":{\"@type\":\"EntryPoint\",\"urlTemplate\":\"https:\/\/www.istegroup.com\/?s={search_term_string}\"},\"query-input\":{\"@type\":\"PropertyValueSpecification\",\"valueRequired\":true,\"valueName\":\"search_term_string\"}}],\"inLanguage\":\"fr-FR\"}]}<\/script>\n<!-- \/ Yoast SEO plugin. -->","yoast_head_json":{"title":"Politiques des noms de lieux - ISTE Group","robots":{"index":"index","follow":"follow","max-snippet":"max-snippet:-1","max-image-preview":"max-image-preview:large","max-video-preview":"max-video-preview:-1"},"canonical":"https:\/\/www.istegroup.com\/fr\/produit\/politiques-des-noms-de-lieux\/","og_locale":"fr_FR","og_type":"article","og_title":"Politiques des noms de lieux - ISTE Group","og_description":"D\u00e9nommer les lieux du monde est une op\u00e9ration humaine essentielle de territorialisation. Elle peut \u00eatre objet de conflits ou de contestations. Elle se d\u00e9cline de nombreuses mani\u00e8res qui ont \u00e0 voir avec les rapports \u00e0 l\u2019espace individuel et collectif, les imaginaires et les identit\u00e9s associ\u00e9s. Les traces des noms de lieux ou toponymes sont \u00e9galement [&hellip;]","og_url":"https:\/\/www.istegroup.com\/fr\/produit\/politiques-des-noms-de-lieux\/","og_site_name":"ISTE Group","article_modified_time":"2025-01-03T11:12:23+00:00","og_image":[{"width":300,"height":450,"url":"https:\/\/www.istegroup.com\/wp-content\/uploads\/2019\/11\/115_Politiques-des-noms-de-lieux.png","type":"image\/png"}],"twitter_card":"summary_large_image","twitter_misc":{"Est. reading time":"1 minute"},"schema":{"@context":"https:\/\/schema.org","@graph":[{"@type":"WebPage","@id":"https:\/\/www.istegroup.com\/fr\/produit\/politiques-des-noms-de-lieux\/","url":"https:\/\/www.istegroup.com\/fr\/produit\/politiques-des-noms-de-lieux\/","name":"Politiques des noms de lieux - ISTE Group","isPartOf":{"@id":"https:\/\/www.istegroup.com\/#website"},"primaryImageOfPage":{"@id":"https:\/\/www.istegroup.com\/fr\/produit\/politiques-des-noms-de-lieux\/#primaryimage"},"image":{"@id":"https:\/\/www.istegroup.com\/fr\/produit\/politiques-des-noms-de-lieux\/#primaryimage"},"thumbnailUrl":"https:\/\/www.istegroup.com\/wp-content\/uploads\/2019\/11\/115_Politiques-des-noms-de-lieux.png","datePublished":"2023-03-21T10:24:46+00:00","dateModified":"2025-01-03T11:12:23+00:00","breadcrumb":{"@id":"https:\/\/www.istegroup.com\/fr\/produit\/politiques-des-noms-de-lieux\/#breadcrumb"},"inLanguage":"fr-FR","potentialAction":[{"@type":"ReadAction","target":["https:\/\/www.istegroup.com\/fr\/produit\/politiques-des-noms-de-lieux\/"]}]},{"@type":"ImageObject","inLanguage":"fr-FR","@id":"https:\/\/www.istegroup.com\/fr\/produit\/politiques-des-noms-de-lieux\/#primaryimage","url":"https:\/\/www.istegroup.com\/wp-content\/uploads\/2019\/11\/115_Politiques-des-noms-de-lieux.png","contentUrl":"https:\/\/www.istegroup.com\/wp-content\/uploads\/2019\/11\/115_Politiques-des-noms-de-lieux.png","width":300,"height":450,"caption":"Livre scientifique - Politiques des noms de lieux - Encyclop\u00e9die SCIENCES"},{"@type":"BreadcrumbList","@id":"https:\/\/www.istegroup.com\/fr\/produit\/politiques-des-noms-de-lieux\/#breadcrumb","itemListElement":[{"@type":"ListItem","position":1,"name":"Home","item":"https:\/\/www.istegroup.com\/"},{"@type":"ListItem","position":2,"name":"Shop","item":"https:\/\/www.istegroup.com\/fr\/nouveautes\/"},{"@type":"ListItem","position":3,"name":"Politiques des noms de lieux"}]},{"@type":"WebSite","@id":"https:\/\/www.istegroup.com\/#website","url":"https:\/\/www.istegroup.com\/","name":"ISTE Group","description":"\u00c9diteur des Sciences","potentialAction":[{"@type":"SearchAction","target":{"@type":"EntryPoint","urlTemplate":"https:\/\/www.istegroup.com\/?s={search_term_string}"},"query-input":{"@type":"PropertyValueSpecification","valueRequired":true,"valueName":"search_term_string"}}],"inLanguage":"fr-FR"}]}},"_links":{"self":[{"href":"https:\/\/www.istegroup.com\/fr\/wp-json\/wp\/v2\/product\/23792","targetHints":{"allow":["GET"]}}],"collection":[{"href":"https:\/\/www.istegroup.com\/fr\/wp-json\/wp\/v2\/product"}],"about":[{"href":"https:\/\/www.istegroup.com\/fr\/wp-json\/wp\/v2\/types\/product"}],"wp:featuredmedia":[{"embeddable":true,"href":"https:\/\/www.istegroup.com\/fr\/wp-json\/wp\/v2\/media\/50458"}],"wp:attachment":[{"href":"https:\/\/www.istegroup.com\/fr\/wp-json\/wp\/v2\/media?parent=23792"}],"wp:term":[{"taxonomy":"product_brand","embeddable":true,"href":"https:\/\/www.istegroup.com\/fr\/wp-json\/wp\/v2\/product_brand?post=23792"},{"taxonomy":"product_cat","embeddable":true,"href":"https:\/\/www.istegroup.com\/fr\/wp-json\/wp\/v2\/product_cat?post=23792"},{"taxonomy":"product_tag","embeddable":true,"href":"https:\/\/www.istegroup.com\/fr\/wp-json\/wp\/v2\/product_tag?post=23792"}],"curies":[{"name":"wp","href":"https:\/\/api.w.org\/{rel}","templated":true}]}}