{"id":23791,"date":"2021-06-19T10:23:24","date_gmt":"2021-06-19T09:23:24","guid":{"rendered":"https:\/\/www.istegroup.com\/?post_type=product&#038;p=23791"},"modified":"2025-01-03T12:16:37","modified_gmt":"2025-01-03T12:16:37","slug":"les-impacts-spatiaux-du-changement-climatique","status":"publish","type":"product","link":"https:\/\/www.istegroup.com\/fr\/produit\/les-impacts-spatiaux-du-changement-climatique\/","title":{"rendered":"Les impacts spatiaux du changement climatique"},"content":{"rendered":"<p>Depuis quelques ann\u00e9es, le changement climatique est au centre des pr\u00e9occupations avec des cons\u00e9quences visibles et fortement m\u00e9diatis\u00e9es comme la fonte de la banquise arctique, la fonte des glaciers de montagne, l\u2019\u00e9l\u00e9vation du niveau de la mer ou la submersion des littoraux bas lors des temp\u00eates des latitudes moyennes et des cyclones tropicaux.<\/p>\n<p>Cet ouvrage expose une revue des impacts spatiaux du changement climatique contemporain en privil\u00e9giant une approche multiscalaire et syst\u00e9mique. Au-del\u00e0 des faits (\u00e9l\u00e9vation de la temp\u00e9rature, modification de la distribution spatiale des pr\u00e9cipitations, fonte de la cryosph\u00e8re marine et terrestre, modifications des r\u00e9gimes hydrologiques aux hautes et moyennes latitudes, etc.), il analyse \u00e9galement les cons\u00e9quences g\u00e9opolitiques en Arctique et en Asie centrale, les changements sur les cultures m\u00e9diterran\u00e9ennes et sur la viticulture \u00e0 l\u2019\u00e9chelle mondiale, ainsi que les impacts sur la distribution du vivant (for\u00eat amazonienne, grands biomes \u00e0 l\u2019\u00e9chelle mondiale, oiseaux, etc.).<\/p>\n","protected":false},"excerpt":{"rendered":"<p>Depuis quelques ann\u00e9es, le changement climatique est au centre des pr\u00e9occupations avec des cons\u00e9quences visibles et fortement m\u00e9diatis\u00e9es comme la fonte de la banquise arctique, la fonte des glaciers de montagne, l\u2019\u00e9l\u00e9vation du niveau de la mer ou la submersion des littoraux bas lors des temp\u00eates des latitudes moyennes et des cyclones tropicaux. Cet ouvrage [&hellip;]<\/p>\n","protected":false},"featured_media":37763,"template":"","meta":{"_acf_changed":false,"_links_to":"","_links_to_target":""},"product_brand":[],"product_cat":[4289],"product_tag":[],"class_list":{"0":"post-23791","1":"product","2":"type-product","3":"status-publish","4":"has-post-thumbnail","6":"product_cat-sciences","8":"first","9":"instock","10":"shipping-taxable","11":"purchasable","12":"product-type-variable"},"acf":[],"yoast_head":"<!-- This site is optimized with the Yoast SEO plugin v27.2 - https:\/\/yoast.com\/product\/yoast-seo-wordpress\/ -->\n<title>Les impacts spatiaux du changement climatique - ISTE Group<\/title>\n<meta name=\"description\" content=\"Cet ouvrage expose une revue des impacts spatiaux du changement climatique contemporain en privil\u00e9giant une approche multiscalaire et syst\u00e9mique.\" \/>\n<meta name=\"robots\" content=\"index, follow, max-snippet:-1, max-image-preview:large, max-video-preview:-1\" \/>\n<link rel=\"canonical\" href=\"https:\/\/www.istegroup.com\/fr\/produit\/les-impacts-spatiaux-du-changement-climatique\/\" \/>\n<meta property=\"og:locale\" content=\"fr_FR\" \/>\n<meta property=\"og:type\" content=\"article\" \/>\n<meta property=\"og:title\" content=\"Les impacts spatiaux du changement climatique - ISTE Group\" \/>\n<meta property=\"og:description\" content=\"Cet ouvrage expose une revue des impacts spatiaux du changement climatique contemporain en privil\u00e9giant une approche multiscalaire et syst\u00e9mique.\" \/>\n<meta property=\"og:url\" content=\"https:\/\/www.istegroup.com\/fr\/produit\/les-impacts-spatiaux-du-changement-climatique\/\" \/>\n<meta property=\"og:site_name\" content=\"ISTE Group\" \/>\n<meta property=\"article:modified_time\" content=\"2025-01-03T12:16:37+00:00\" \/>\n<meta property=\"og:image\" content=\"https:\/\/www.istegroup.com\/wp-content\/uploads\/2020\/12\/les-impacts-spatiaux-du-changement-climatique_sciences.png\" \/>\n\t<meta property=\"og:image:width\" content=\"300\" \/>\n\t<meta property=\"og:image:height\" content=\"453\" \/>\n\t<meta property=\"og:image:type\" content=\"image\/png\" \/>\n<meta name=\"twitter:card\" content=\"summary_large_image\" \/>\n<meta name=\"twitter:label1\" content=\"Est. reading time\" \/>\n\t<meta name=\"twitter:data1\" content=\"1 minute\" \/>\n<script type=\"application\/ld+json\" class=\"yoast-schema-graph\">{\"@context\":\"https:\/\/schema.org\",\"@graph\":[{\"@type\":\"WebPage\",\"@id\":\"https:\/\/www.istegroup.com\/fr\/produit\/les-impacts-spatiaux-du-changement-climatique\/\",\"url\":\"https:\/\/www.istegroup.com\/fr\/produit\/les-impacts-spatiaux-du-changement-climatique\/\",\"name\":\"Les impacts spatiaux du changement climatique - ISTE Group\",\"isPartOf\":{\"@id\":\"https:\/\/www.istegroup.com\/#website\"},\"primaryImageOfPage\":{\"@id\":\"https:\/\/www.istegroup.com\/fr\/produit\/les-impacts-spatiaux-du-changement-climatique\/#primaryimage\"},\"image\":{\"@id\":\"https:\/\/www.istegroup.com\/fr\/produit\/les-impacts-spatiaux-du-changement-climatique\/#primaryimage\"},\"thumbnailUrl\":\"https:\/\/www.istegroup.com\/wp-content\/uploads\/2020\/12\/les-impacts-spatiaux-du-changement-climatique_sciences.png\",\"datePublished\":\"2021-06-19T09:23:24+00:00\",\"dateModified\":\"2025-01-03T12:16:37+00:00\",\"description\":\"Cet ouvrage expose une revue des impacts spatiaux du changement climatique contemporain en privil\u00e9giant une approche multiscalaire et syst\u00e9mique.\",\"breadcrumb\":{\"@id\":\"https:\/\/www.istegroup.com\/fr\/produit\/les-impacts-spatiaux-du-changement-climatique\/#breadcrumb\"},\"inLanguage\":\"fr-FR\",\"potentialAction\":[{\"@type\":\"ReadAction\",\"target\":[\"https:\/\/www.istegroup.com\/fr\/produit\/les-impacts-spatiaux-du-changement-climatique\/\"]}]},{\"@type\":\"ImageObject\",\"inLanguage\":\"fr-FR\",\"@id\":\"https:\/\/www.istegroup.com\/fr\/produit\/les-impacts-spatiaux-du-changement-climatique\/#primaryimage\",\"url\":\"https:\/\/www.istegroup.com\/wp-content\/uploads\/2020\/12\/les-impacts-spatiaux-du-changement-climatique_sciences.png\",\"contentUrl\":\"https:\/\/www.istegroup.com\/wp-content\/uploads\/2020\/12\/les-impacts-spatiaux-du-changement-climatique_sciences.png\",\"width\":300,\"height\":453,\"caption\":\"Encyclop\u00e9die SCIENCES\"},{\"@type\":\"BreadcrumbList\",\"@id\":\"https:\/\/www.istegroup.com\/fr\/produit\/les-impacts-spatiaux-du-changement-climatique\/#breadcrumb\",\"itemListElement\":[{\"@type\":\"ListItem\",\"position\":1,\"name\":\"Home\",\"item\":\"https:\/\/www.istegroup.com\/\"},{\"@type\":\"ListItem\",\"position\":2,\"name\":\"Shop\",\"item\":\"https:\/\/www.istegroup.com\/fr\/nouveautes\/\"},{\"@type\":\"ListItem\",\"position\":3,\"name\":\"Les impacts spatiaux du changement climatique\"}]},{\"@type\":\"WebSite\",\"@id\":\"https:\/\/www.istegroup.com\/#website\",\"url\":\"https:\/\/www.istegroup.com\/\",\"name\":\"ISTE Group\",\"description\":\"\u00c9diteur des Sciences\",\"potentialAction\":[{\"@type\":\"SearchAction\",\"target\":{\"@type\":\"EntryPoint\",\"urlTemplate\":\"https:\/\/www.istegroup.com\/?s={search_term_string}\"},\"query-input\":{\"@type\":\"PropertyValueSpecification\",\"valueRequired\":true,\"valueName\":\"search_term_string\"}}],\"inLanguage\":\"fr-FR\"}]}<\/script>\n<!-- \/ Yoast SEO plugin. -->","yoast_head_json":{"title":"Les impacts spatiaux du changement climatique - ISTE Group","description":"Cet ouvrage expose une revue des impacts spatiaux du changement climatique contemporain en privil\u00e9giant une approche multiscalaire et syst\u00e9mique.","robots":{"index":"index","follow":"follow","max-snippet":"max-snippet:-1","max-image-preview":"max-image-preview:large","max-video-preview":"max-video-preview:-1"},"canonical":"https:\/\/www.istegroup.com\/fr\/produit\/les-impacts-spatiaux-du-changement-climatique\/","og_locale":"fr_FR","og_type":"article","og_title":"Les impacts spatiaux du changement climatique - ISTE Group","og_description":"Cet ouvrage expose une revue des impacts spatiaux du changement climatique contemporain en privil\u00e9giant une approche multiscalaire et syst\u00e9mique.","og_url":"https:\/\/www.istegroup.com\/fr\/produit\/les-impacts-spatiaux-du-changement-climatique\/","og_site_name":"ISTE Group","article_modified_time":"2025-01-03T12:16:37+00:00","og_image":[{"width":300,"height":453,"url":"https:\/\/www.istegroup.com\/wp-content\/uploads\/2020\/12\/les-impacts-spatiaux-du-changement-climatique_sciences.png","type":"image\/png"}],"twitter_card":"summary_large_image","twitter_misc":{"Est. reading time":"1 minute"},"schema":{"@context":"https:\/\/schema.org","@graph":[{"@type":"WebPage","@id":"https:\/\/www.istegroup.com\/fr\/produit\/les-impacts-spatiaux-du-changement-climatique\/","url":"https:\/\/www.istegroup.com\/fr\/produit\/les-impacts-spatiaux-du-changement-climatique\/","name":"Les impacts spatiaux du changement climatique - ISTE Group","isPartOf":{"@id":"https:\/\/www.istegroup.com\/#website"},"primaryImageOfPage":{"@id":"https:\/\/www.istegroup.com\/fr\/produit\/les-impacts-spatiaux-du-changement-climatique\/#primaryimage"},"image":{"@id":"https:\/\/www.istegroup.com\/fr\/produit\/les-impacts-spatiaux-du-changement-climatique\/#primaryimage"},"thumbnailUrl":"https:\/\/www.istegroup.com\/wp-content\/uploads\/2020\/12\/les-impacts-spatiaux-du-changement-climatique_sciences.png","datePublished":"2021-06-19T09:23:24+00:00","dateModified":"2025-01-03T12:16:37+00:00","description":"Cet ouvrage expose une revue des impacts spatiaux du changement climatique contemporain en privil\u00e9giant une approche multiscalaire et syst\u00e9mique.","breadcrumb":{"@id":"https:\/\/www.istegroup.com\/fr\/produit\/les-impacts-spatiaux-du-changement-climatique\/#breadcrumb"},"inLanguage":"fr-FR","potentialAction":[{"@type":"ReadAction","target":["https:\/\/www.istegroup.com\/fr\/produit\/les-impacts-spatiaux-du-changement-climatique\/"]}]},{"@type":"ImageObject","inLanguage":"fr-FR","@id":"https:\/\/www.istegroup.com\/fr\/produit\/les-impacts-spatiaux-du-changement-climatique\/#primaryimage","url":"https:\/\/www.istegroup.com\/wp-content\/uploads\/2020\/12\/les-impacts-spatiaux-du-changement-climatique_sciences.png","contentUrl":"https:\/\/www.istegroup.com\/wp-content\/uploads\/2020\/12\/les-impacts-spatiaux-du-changement-climatique_sciences.png","width":300,"height":453,"caption":"Encyclop\u00e9die SCIENCES"},{"@type":"BreadcrumbList","@id":"https:\/\/www.istegroup.com\/fr\/produit\/les-impacts-spatiaux-du-changement-climatique\/#breadcrumb","itemListElement":[{"@type":"ListItem","position":1,"name":"Home","item":"https:\/\/www.istegroup.com\/"},{"@type":"ListItem","position":2,"name":"Shop","item":"https:\/\/www.istegroup.com\/fr\/nouveautes\/"},{"@type":"ListItem","position":3,"name":"Les impacts spatiaux du changement climatique"}]},{"@type":"WebSite","@id":"https:\/\/www.istegroup.com\/#website","url":"https:\/\/www.istegroup.com\/","name":"ISTE Group","description":"\u00c9diteur des Sciences","potentialAction":[{"@type":"SearchAction","target":{"@type":"EntryPoint","urlTemplate":"https:\/\/www.istegroup.com\/?s={search_term_string}"},"query-input":{"@type":"PropertyValueSpecification","valueRequired":true,"valueName":"search_term_string"}}],"inLanguage":"fr-FR"}]}},"_links":{"self":[{"href":"https:\/\/www.istegroup.com\/fr\/wp-json\/wp\/v2\/product\/23791","targetHints":{"allow":["GET"]}}],"collection":[{"href":"https:\/\/www.istegroup.com\/fr\/wp-json\/wp\/v2\/product"}],"about":[{"href":"https:\/\/www.istegroup.com\/fr\/wp-json\/wp\/v2\/types\/product"}],"wp:featuredmedia":[{"embeddable":true,"href":"https:\/\/www.istegroup.com\/fr\/wp-json\/wp\/v2\/media\/37763"}],"wp:attachment":[{"href":"https:\/\/www.istegroup.com\/fr\/wp-json\/wp\/v2\/media?parent=23791"}],"wp:term":[{"taxonomy":"product_brand","embeddable":true,"href":"https:\/\/www.istegroup.com\/fr\/wp-json\/wp\/v2\/product_brand?post=23791"},{"taxonomy":"product_cat","embeddable":true,"href":"https:\/\/www.istegroup.com\/fr\/wp-json\/wp\/v2\/product_cat?post=23791"},{"taxonomy":"product_tag","embeddable":true,"href":"https:\/\/www.istegroup.com\/fr\/wp-json\/wp\/v2\/product_tag?post=23791"}],"curies":[{"name":"wp","href":"https:\/\/api.w.org\/{rel}","templated":true}]}}