{"id":23790,"date":"2025-03-20T10:17:56","date_gmt":"2025-03-20T10:17:56","guid":{"rendered":"https:\/\/www.istegroup.com\/?post_type=product&#038;p=23790"},"modified":"2025-06-13T14:42:42","modified_gmt":"2025-06-13T13:42:42","slug":"analyse-territoriale-des-enjeux-environnementaux","status":"publish","type":"product","link":"https:\/\/www.istegroup.com\/fr\/produit\/analyse-territoriale-des-enjeux-environnementaux\/","title":{"rendered":"Analyse territoriale des enjeux environnementaux"},"content":{"rendered":"<p>Les territoires sont aujourd\u2019hui confront\u00e9s \u00e0 de nombreux enjeux environnementaux, mais souffrent d\u2019un manque d\u2019acc\u00e8s \u00e0 une information adapt\u00e9e \u00e0 leur \u00e9chelon d\u2019action.<\/p>\n<p>L\u2019analyse territoriale des environnements apporte un \u00e9clairage sur la mani\u00e8re dont les donn\u00e9es caract\u00e9risant les changements environnementaux doivent \u00eatre trait\u00e9es, compl\u00e9t\u00e9es et diffus\u00e9es afin que les acteurs locaux puissent se les approprier. Il s\u2019agit de pr\u00e9senter des m\u00e9thodes pour \u00e9laborer des indicateurs locaux ou r\u00e9gionaux des changements en cours, mais aussi de comprendre les logiques des acteurs agissant sur un territoire donn\u00e9.<\/p>\n<p>Pour ce faire, <em>Analyse territoriale des enjeux environnementaux<\/em> accorde une large place \u00e0 la notion de syst\u00e8me et aux approches de mod\u00e9lisation. Il pr\u00e9sente \u00e9galement les donn\u00e9es disponibles et les m\u00e9thodes permettant de d\u00e9velopper une analyse de leur dimension spatiale, en s\u2019appuyant sur un large \u00e9ventail d\u2019\u00e9tudes de cas, combinant donn\u00e9es environnementales et jeux d\u2019acteurs.<\/p>\n","protected":false},"excerpt":{"rendered":"<p>Les territoires sont aujourd\u2019hui confront\u00e9s \u00e0 de nombreux enjeux environnementaux, mais souffrent d\u2019un manque d\u2019acc\u00e8s \u00e0 une information adapt\u00e9e \u00e0 leur \u00e9chelon d\u2019action. L\u2019analyse territoriale des environnements apporte un \u00e9clairage sur la mani\u00e8re dont les donn\u00e9es caract\u00e9risant les changements environnementaux doivent \u00eatre trait\u00e9es, compl\u00e9t\u00e9es et diffus\u00e9es afin que les acteurs locaux puissent se les approprier. [&hellip;]<\/p>\n","protected":false},"featured_media":59751,"template":"","meta":{"_acf_changed":false,"_links_to":"","_links_to_target":""},"product_brand":[],"product_cat":[4289],"product_tag":[],"class_list":{"0":"post-23790","1":"product","2":"type-product","3":"status-publish","4":"has-post-thumbnail","6":"product_cat-sciences","8":"first","9":"instock","10":"shipping-taxable","11":"purchasable","12":"product-type-variable"},"acf":[],"yoast_head":"<!-- This site is optimized with the Yoast SEO plugin v27.2 - https:\/\/yoast.com\/product\/yoast-seo-wordpress\/ -->\n<title>Analyse territoriale des enjeux environnementaux - ISTE Group<\/title>\n<meta name=\"description\" content=\"L\u2019analyse territoriale des environnements apporte un \u00e9clairage sur la mani\u00e8re dont les donn\u00e9es caract\u00e9risant les changements environnementaux doivent \u00eatre trait\u00e9es, compl\u00e9t\u00e9es et diffus\u00e9es afin que les acteurs locaux puissent se les approprier.\" \/>\n<meta name=\"robots\" content=\"index, follow, max-snippet:-1, max-image-preview:large, max-video-preview:-1\" \/>\n<link rel=\"canonical\" href=\"https:\/\/www.istegroup.com\/produit\/analyse-territoriale-des-enjeux-environnementaux\/\" \/>\n<meta property=\"og:locale\" content=\"fr_FR\" \/>\n<meta property=\"og:type\" content=\"article\" \/>\n<meta property=\"og:title\" content=\"Analyse territoriale des enjeux environnementaux - ISTE Group\" \/>\n<meta property=\"og:description\" content=\"L\u2019analyse territoriale des environnements apporte un \u00e9clairage sur la mani\u00e8re dont les donn\u00e9es caract\u00e9risant les changements environnementaux doivent \u00eatre trait\u00e9es, compl\u00e9t\u00e9es et diffus\u00e9es afin que les acteurs locaux puissent se les approprier.\" \/>\n<meta property=\"og:url\" content=\"https:\/\/www.istegroup.com\/produit\/analyse-territoriale-des-enjeux-environnementaux\/\" \/>\n<meta property=\"og:site_name\" content=\"ISTE Group\" \/>\n<meta property=\"article:modified_time\" content=\"2025-06-13T13:42:42+00:00\" \/>\n<meta property=\"og:image\" content=\"https:\/\/www.istegroup.com\/wp-content\/uploads\/2019\/11\/198_Analyse-territoriale-des-enjeux-environnementaux.png\" \/>\n\t<meta property=\"og:image:width\" content=\"300\" \/>\n\t<meta property=\"og:image:height\" content=\"450\" \/>\n\t<meta property=\"og:image:type\" content=\"image\/png\" \/>\n<meta name=\"twitter:card\" content=\"summary_large_image\" \/>\n<meta name=\"twitter:label1\" content=\"Est. reading time\" \/>\n\t<meta name=\"twitter:data1\" content=\"1 minute\" \/>\n<script type=\"application\/ld+json\" class=\"yoast-schema-graph\">{\"@context\":\"https:\/\/schema.org\",\"@graph\":[{\"@type\":\"WebPage\",\"@id\":\"https:\/\/www.istegroup.com\/produit\/analyse-territoriale-des-enjeux-environnementaux\/\",\"url\":\"https:\/\/www.istegroup.com\/produit\/analyse-territoriale-des-enjeux-environnementaux\/\",\"name\":\"Analyse territoriale des enjeux environnementaux - ISTE Group\",\"isPartOf\":{\"@id\":\"https:\/\/www.istegroup.com\/#website\"},\"primaryImageOfPage\":{\"@id\":\"https:\/\/www.istegroup.com\/produit\/analyse-territoriale-des-enjeux-environnementaux\/#primaryimage\"},\"image\":{\"@id\":\"https:\/\/www.istegroup.com\/produit\/analyse-territoriale-des-enjeux-environnementaux\/#primaryimage\"},\"thumbnailUrl\":\"https:\/\/www.istegroup.com\/wp-content\/uploads\/2019\/11\/198_Analyse-territoriale-des-enjeux-environnementaux.png\",\"datePublished\":\"2025-03-20T10:17:56+00:00\",\"dateModified\":\"2025-06-13T13:42:42+00:00\",\"description\":\"L\u2019analyse territoriale des environnements apporte un \u00e9clairage sur la mani\u00e8re dont les donn\u00e9es caract\u00e9risant les changements environnementaux doivent \u00eatre trait\u00e9es, compl\u00e9t\u00e9es et diffus\u00e9es afin que les acteurs locaux puissent se les approprier.\",\"breadcrumb\":{\"@id\":\"https:\/\/www.istegroup.com\/produit\/analyse-territoriale-des-enjeux-environnementaux\/#breadcrumb\"},\"inLanguage\":\"fr-FR\",\"potentialAction\":[{\"@type\":\"ReadAction\",\"target\":[\"https:\/\/www.istegroup.com\/produit\/analyse-territoriale-des-enjeux-environnementaux\/\"]}]},{\"@type\":\"ImageObject\",\"inLanguage\":\"fr-FR\",\"@id\":\"https:\/\/www.istegroup.com\/produit\/analyse-territoriale-des-enjeux-environnementaux\/#primaryimage\",\"url\":\"https:\/\/www.istegroup.com\/wp-content\/uploads\/2019\/11\/198_Analyse-territoriale-des-enjeux-environnementaux.png\",\"contentUrl\":\"https:\/\/www.istegroup.com\/wp-content\/uploads\/2019\/11\/198_Analyse-territoriale-des-enjeux-environnementaux.png\",\"width\":300,\"height\":450,\"caption\":\"Livre scientifique - Analyse territoriale des enjeux environnementaux\"},{\"@type\":\"BreadcrumbList\",\"@id\":\"https:\/\/www.istegroup.com\/produit\/analyse-territoriale-des-enjeux-environnementaux\/#breadcrumb\",\"itemListElement\":[{\"@type\":\"ListItem\",\"position\":1,\"name\":\"Home\",\"item\":\"https:\/\/www.istegroup.com\/\"},{\"@type\":\"ListItem\",\"position\":2,\"name\":\"Shop\",\"item\":\"https:\/\/www.istegroup.com\/fr\/nouveautes\/\"},{\"@type\":\"ListItem\",\"position\":3,\"name\":\"Analyse territoriale des enjeux environnementaux\"}]},{\"@type\":\"WebSite\",\"@id\":\"https:\/\/www.istegroup.com\/#website\",\"url\":\"https:\/\/www.istegroup.com\/\",\"name\":\"ISTE Group\",\"description\":\"\u00c9diteur des Sciences\",\"potentialAction\":[{\"@type\":\"SearchAction\",\"target\":{\"@type\":\"EntryPoint\",\"urlTemplate\":\"https:\/\/www.istegroup.com\/?s={search_term_string}\"},\"query-input\":{\"@type\":\"PropertyValueSpecification\",\"valueRequired\":true,\"valueName\":\"search_term_string\"}}],\"inLanguage\":\"fr-FR\"}]}<\/script>\n<!-- \/ Yoast SEO plugin. -->","yoast_head_json":{"title":"Analyse territoriale des enjeux environnementaux - ISTE Group","description":"L\u2019analyse territoriale des environnements apporte un \u00e9clairage sur la mani\u00e8re dont les donn\u00e9es caract\u00e9risant les changements environnementaux doivent \u00eatre trait\u00e9es, compl\u00e9t\u00e9es et diffus\u00e9es afin que les acteurs locaux puissent se les approprier.","robots":{"index":"index","follow":"follow","max-snippet":"max-snippet:-1","max-image-preview":"max-image-preview:large","max-video-preview":"max-video-preview:-1"},"canonical":"https:\/\/www.istegroup.com\/produit\/analyse-territoriale-des-enjeux-environnementaux\/","og_locale":"fr_FR","og_type":"article","og_title":"Analyse territoriale des enjeux environnementaux - ISTE Group","og_description":"L\u2019analyse territoriale des environnements apporte un \u00e9clairage sur la mani\u00e8re dont les donn\u00e9es caract\u00e9risant les changements environnementaux doivent \u00eatre trait\u00e9es, compl\u00e9t\u00e9es et diffus\u00e9es afin que les acteurs locaux puissent se les approprier.","og_url":"https:\/\/www.istegroup.com\/produit\/analyse-territoriale-des-enjeux-environnementaux\/","og_site_name":"ISTE Group","article_modified_time":"2025-06-13T13:42:42+00:00","og_image":[{"width":300,"height":450,"url":"https:\/\/www.istegroup.com\/wp-content\/uploads\/2019\/11\/198_Analyse-territoriale-des-enjeux-environnementaux.png","type":"image\/png"}],"twitter_card":"summary_large_image","twitter_misc":{"Est. reading time":"1 minute"},"schema":{"@context":"https:\/\/schema.org","@graph":[{"@type":"WebPage","@id":"https:\/\/www.istegroup.com\/produit\/analyse-territoriale-des-enjeux-environnementaux\/","url":"https:\/\/www.istegroup.com\/produit\/analyse-territoriale-des-enjeux-environnementaux\/","name":"Analyse territoriale des enjeux environnementaux - ISTE Group","isPartOf":{"@id":"https:\/\/www.istegroup.com\/#website"},"primaryImageOfPage":{"@id":"https:\/\/www.istegroup.com\/produit\/analyse-territoriale-des-enjeux-environnementaux\/#primaryimage"},"image":{"@id":"https:\/\/www.istegroup.com\/produit\/analyse-territoriale-des-enjeux-environnementaux\/#primaryimage"},"thumbnailUrl":"https:\/\/www.istegroup.com\/wp-content\/uploads\/2019\/11\/198_Analyse-territoriale-des-enjeux-environnementaux.png","datePublished":"2025-03-20T10:17:56+00:00","dateModified":"2025-06-13T13:42:42+00:00","description":"L\u2019analyse territoriale des environnements apporte un \u00e9clairage sur la mani\u00e8re dont les donn\u00e9es caract\u00e9risant les changements environnementaux doivent \u00eatre trait\u00e9es, compl\u00e9t\u00e9es et diffus\u00e9es afin que les acteurs locaux puissent se les approprier.","breadcrumb":{"@id":"https:\/\/www.istegroup.com\/produit\/analyse-territoriale-des-enjeux-environnementaux\/#breadcrumb"},"inLanguage":"fr-FR","potentialAction":[{"@type":"ReadAction","target":["https:\/\/www.istegroup.com\/produit\/analyse-territoriale-des-enjeux-environnementaux\/"]}]},{"@type":"ImageObject","inLanguage":"fr-FR","@id":"https:\/\/www.istegroup.com\/produit\/analyse-territoriale-des-enjeux-environnementaux\/#primaryimage","url":"https:\/\/www.istegroup.com\/wp-content\/uploads\/2019\/11\/198_Analyse-territoriale-des-enjeux-environnementaux.png","contentUrl":"https:\/\/www.istegroup.com\/wp-content\/uploads\/2019\/11\/198_Analyse-territoriale-des-enjeux-environnementaux.png","width":300,"height":450,"caption":"Livre scientifique - Analyse territoriale des enjeux environnementaux"},{"@type":"BreadcrumbList","@id":"https:\/\/www.istegroup.com\/produit\/analyse-territoriale-des-enjeux-environnementaux\/#breadcrumb","itemListElement":[{"@type":"ListItem","position":1,"name":"Home","item":"https:\/\/www.istegroup.com\/"},{"@type":"ListItem","position":2,"name":"Shop","item":"https:\/\/www.istegroup.com\/fr\/nouveautes\/"},{"@type":"ListItem","position":3,"name":"Analyse territoriale des enjeux environnementaux"}]},{"@type":"WebSite","@id":"https:\/\/www.istegroup.com\/#website","url":"https:\/\/www.istegroup.com\/","name":"ISTE Group","description":"\u00c9diteur des Sciences","potentialAction":[{"@type":"SearchAction","target":{"@type":"EntryPoint","urlTemplate":"https:\/\/www.istegroup.com\/?s={search_term_string}"},"query-input":{"@type":"PropertyValueSpecification","valueRequired":true,"valueName":"search_term_string"}}],"inLanguage":"fr-FR"}]}},"_links":{"self":[{"href":"https:\/\/www.istegroup.com\/fr\/wp-json\/wp\/v2\/product\/23790","targetHints":{"allow":["GET"]}}],"collection":[{"href":"https:\/\/www.istegroup.com\/fr\/wp-json\/wp\/v2\/product"}],"about":[{"href":"https:\/\/www.istegroup.com\/fr\/wp-json\/wp\/v2\/types\/product"}],"wp:featuredmedia":[{"embeddable":true,"href":"https:\/\/www.istegroup.com\/fr\/wp-json\/wp\/v2\/media\/59751"}],"wp:attachment":[{"href":"https:\/\/www.istegroup.com\/fr\/wp-json\/wp\/v2\/media?parent=23790"}],"wp:term":[{"taxonomy":"product_brand","embeddable":true,"href":"https:\/\/www.istegroup.com\/fr\/wp-json\/wp\/v2\/product_brand?post=23790"},{"taxonomy":"product_cat","embeddable":true,"href":"https:\/\/www.istegroup.com\/fr\/wp-json\/wp\/v2\/product_cat?post=23790"},{"taxonomy":"product_tag","embeddable":true,"href":"https:\/\/www.istegroup.com\/fr\/wp-json\/wp\/v2\/product_tag?post=23790"}],"curies":[{"name":"wp","href":"https:\/\/api.w.org\/{rel}","templated":true}]}}