{"id":23780,"date":"2023-01-19T10:07:59","date_gmt":"2023-01-19T10:07:59","guid":{"rendered":"https:\/\/www.istegroup.com\/?post_type=product&#038;p=23780"},"modified":"2025-01-03T11:54:13","modified_gmt":"2025-01-03T11:54:13","slug":"gestion-des-crises-territoriales","status":"publish","type":"product","link":"https:\/\/www.istegroup.com\/fr\/produit\/gestion-des-crises-territoriales\/","title":{"rendered":"Gestion des crises territoriales"},"content":{"rendered":"<p>Nos soci\u00e9t\u00e9s sont devenues tr\u00e8s crisog\u00e8nes. La gestion de ces crises est un v\u00e9ritable enjeu pour les territoires qui ont souvent des solutions diff\u00e9rentes, que ce soit avant, pendant ou apr\u00e8s la crise. Il d\u00e9coule souvent de ces crises une forme d\u2019inertie territoriale. Cependant certains innovent, imaginent des territoires renouvel\u00e9s, pr\u00e9parent la reconstruction, voire recomposent d\u00e8s maintenant les territoires, afin de les rendre plus r\u00e9silients.<\/p>\n<p><em>Gestion des crises territoriales<\/em> explore les crises et les modalit\u00e9s d\u2019anticipation, de gestion et de reconstruction. Il cerne cette notion largement mobilis\u00e9e et explicite les modalit\u00e9s d\u2019action dans le champ de la gestion des crises, afin de penser un <em>continuum<\/em> risque-crise-d\u00e9veloppement territorial. L\u2019ouvrage questionne aussi les diff\u00e9rentes formes d\u2019apprentissage propos\u00e9es pour mieux affronter les crises futures. Il invite enfin \u00e0 analyser les ressources en appui \u00e0 la gestion des crises et \u00e0 la reconstruction pour concevoir des strat\u00e9gies territoriales \u00e0 venir. La crise peut en effet \u00eatre le moteur ou l\u2019acc\u00e9l\u00e9rateur de ces changements et contribuer \u00e0 l\u2019\u00e9mergence de nouvelles pratiques, voire de nouvelles utopies urbaines et territoriales.<\/p>","protected":false},"excerpt":{"rendered":"<p>Nos soci\u00e9t\u00e9s sont devenues tr\u00e8s crisog\u00e8nes. La gestion de ces crises est un v\u00e9ritable enjeu pour les territoires qui ont souvent des solutions diff\u00e9rentes, que ce soit avant, pendant ou apr\u00e8s la crise. Il d\u00e9coule souvent de ces crises une forme d\u2019inertie territoriale. Cependant certains innovent, imaginent des territoires renouvel\u00e9s, pr\u00e9parent la reconstruction, voire recomposent [&hellip;]<\/p>\n","protected":false},"featured_media":49343,"template":"","meta":{"_acf_changed":false,"_links_to":"","_links_to_target":""},"product_brand":[],"product_cat":[4289],"product_tag":[],"class_list":{"0":"post-23780","1":"product","2":"type-product","3":"status-publish","4":"has-post-thumbnail","6":"product_cat-sciences","8":"first","9":"instock","10":"shipping-taxable","11":"purchasable","12":"product-type-variable"},"acf":[],"yoast_head":"<!-- This site is optimized with the Yoast SEO plugin v27.2 - https:\/\/yoast.com\/product\/yoast-seo-wordpress\/ -->\n<title>Gestion des crises territoriales - ISTE Group<\/title>\n<meta name=\"description\" content=\"Gestion des crises territoriales explore les crises et les modalit\u00e9s d\u2019anticipation, de gestion et de reconstruction.\" \/>\n<meta name=\"robots\" content=\"index, follow, max-snippet:-1, max-image-preview:large, max-video-preview:-1\" \/>\n<link rel=\"canonical\" href=\"https:\/\/www.istegroup.com\/en\/produit\/gestion-des-crises-territoriales\/\" \/>\n<meta property=\"og:locale\" content=\"fr_FR\" \/>\n<meta property=\"og:type\" content=\"article\" \/>\n<meta property=\"og:title\" content=\"Gestion des crises territoriales - ISTE Group\" \/>\n<meta property=\"og:description\" content=\"Gestion des crises territoriales explore les crises et les modalit\u00e9s d\u2019anticipation, de gestion et de reconstruction.\" \/>\n<meta property=\"og:url\" content=\"https:\/\/www.istegroup.com\/en\/produit\/gestion-des-crises-territoriales\/\" \/>\n<meta property=\"og:site_name\" content=\"ISTE Group\" \/>\n<meta property=\"article:modified_time\" content=\"2025-01-03T11:54:13+00:00\" \/>\n<meta property=\"og:image\" content=\"https:\/\/www.istegroup.com\/wp-content\/uploads\/2022\/12\/Gestion-des-crises-territoriales.jpeg\" \/>\n\t<meta property=\"og:image:width\" content=\"300\" \/>\n\t<meta property=\"og:image:height\" content=\"450\" \/>\n\t<meta property=\"og:image:type\" content=\"image\/jpeg\" \/>\n<meta name=\"twitter:card\" content=\"summary_large_image\" \/>\n<meta name=\"twitter:label1\" content=\"Est. reading time\" \/>\n\t<meta name=\"twitter:data1\" content=\"1 minute\" \/>\n<script type=\"application\/ld+json\" class=\"yoast-schema-graph\">{\"@context\":\"https:\/\/schema.org\",\"@graph\":[{\"@type\":\"WebPage\",\"@id\":\"https:\/\/www.istegroup.com\/en\/produit\/gestion-des-crises-territoriales\/\",\"url\":\"https:\/\/www.istegroup.com\/en\/produit\/gestion-des-crises-territoriales\/\",\"name\":\"Gestion des crises territoriales - ISTE Group\",\"isPartOf\":{\"@id\":\"https:\/\/www.istegroup.com\/#website\"},\"primaryImageOfPage\":{\"@id\":\"https:\/\/www.istegroup.com\/en\/produit\/gestion-des-crises-territoriales\/#primaryimage\"},\"image\":{\"@id\":\"https:\/\/www.istegroup.com\/en\/produit\/gestion-des-crises-territoriales\/#primaryimage\"},\"thumbnailUrl\":\"https:\/\/www.istegroup.com\/wp-content\/uploads\/2022\/12\/Gestion-des-crises-territoriales.jpeg\",\"datePublished\":\"2023-01-19T10:07:59+00:00\",\"dateModified\":\"2025-01-03T11:54:13+00:00\",\"description\":\"Gestion des crises territoriales explore les crises et les modalit\u00e9s d\u2019anticipation, de gestion et de reconstruction.\",\"breadcrumb\":{\"@id\":\"https:\/\/www.istegroup.com\/en\/produit\/gestion-des-crises-territoriales\/#breadcrumb\"},\"inLanguage\":\"fr-FR\",\"potentialAction\":[{\"@type\":\"ReadAction\",\"target\":[\"https:\/\/www.istegroup.com\/en\/produit\/gestion-des-crises-territoriales\/\"]}]},{\"@type\":\"ImageObject\",\"inLanguage\":\"fr-FR\",\"@id\":\"https:\/\/www.istegroup.com\/en\/produit\/gestion-des-crises-territoriales\/#primaryimage\",\"url\":\"https:\/\/www.istegroup.com\/wp-content\/uploads\/2022\/12\/Gestion-des-crises-territoriales.jpeg\",\"contentUrl\":\"https:\/\/www.istegroup.com\/wp-content\/uploads\/2022\/12\/Gestion-des-crises-territoriales.jpeg\",\"width\":300,\"height\":450,\"caption\":\"Livre scientifique - Gestion des crises territoriales - Encyclop\u00e9die SCIENCES\"},{\"@type\":\"BreadcrumbList\",\"@id\":\"https:\/\/www.istegroup.com\/en\/produit\/gestion-des-crises-territoriales\/#breadcrumb\",\"itemListElement\":[{\"@type\":\"ListItem\",\"position\":1,\"name\":\"Home\",\"item\":\"https:\/\/www.istegroup.com\/\"},{\"@type\":\"ListItem\",\"position\":2,\"name\":\"Shop\",\"item\":\"https:\/\/www.istegroup.com\/fr\/nouveautes\/\"},{\"@type\":\"ListItem\",\"position\":3,\"name\":\"Gestion des crises territoriales\"}]},{\"@type\":\"WebSite\",\"@id\":\"https:\/\/www.istegroup.com\/#website\",\"url\":\"https:\/\/www.istegroup.com\/\",\"name\":\"ISTE Group\",\"description\":\"\u00c9diteur des Sciences\",\"potentialAction\":[{\"@type\":\"SearchAction\",\"target\":{\"@type\":\"EntryPoint\",\"urlTemplate\":\"https:\/\/www.istegroup.com\/?s={search_term_string}\"},\"query-input\":{\"@type\":\"PropertyValueSpecification\",\"valueRequired\":true,\"valueName\":\"search_term_string\"}}],\"inLanguage\":\"fr-FR\"}]}<\/script>\n<!-- \/ Yoast SEO plugin. -->","yoast_head_json":{"title":"Gestion des crises territoriales - ISTE Group","description":"Gestion des crises territoriales explore les crises et les modalit\u00e9s d\u2019anticipation, de gestion et de reconstruction.","robots":{"index":"index","follow":"follow","max-snippet":"max-snippet:-1","max-image-preview":"max-image-preview:large","max-video-preview":"max-video-preview:-1"},"canonical":"https:\/\/www.istegroup.com\/en\/produit\/gestion-des-crises-territoriales\/","og_locale":"fr_FR","og_type":"article","og_title":"Gestion des crises territoriales - ISTE Group","og_description":"Gestion des crises territoriales explore les crises et les modalit\u00e9s d\u2019anticipation, de gestion et de reconstruction.","og_url":"https:\/\/www.istegroup.com\/en\/produit\/gestion-des-crises-territoriales\/","og_site_name":"ISTE Group","article_modified_time":"2025-01-03T11:54:13+00:00","og_image":[{"width":300,"height":450,"url":"https:\/\/www.istegroup.com\/wp-content\/uploads\/2022\/12\/Gestion-des-crises-territoriales.jpeg","type":"image\/jpeg"}],"twitter_card":"summary_large_image","twitter_misc":{"Est. reading time":"1 minute"},"schema":{"@context":"https:\/\/schema.org","@graph":[{"@type":"WebPage","@id":"https:\/\/www.istegroup.com\/en\/produit\/gestion-des-crises-territoriales\/","url":"https:\/\/www.istegroup.com\/en\/produit\/gestion-des-crises-territoriales\/","name":"Gestion des crises territoriales - ISTE Group","isPartOf":{"@id":"https:\/\/www.istegroup.com\/#website"},"primaryImageOfPage":{"@id":"https:\/\/www.istegroup.com\/en\/produit\/gestion-des-crises-territoriales\/#primaryimage"},"image":{"@id":"https:\/\/www.istegroup.com\/en\/produit\/gestion-des-crises-territoriales\/#primaryimage"},"thumbnailUrl":"https:\/\/www.istegroup.com\/wp-content\/uploads\/2022\/12\/Gestion-des-crises-territoriales.jpeg","datePublished":"2023-01-19T10:07:59+00:00","dateModified":"2025-01-03T11:54:13+00:00","description":"Gestion des crises territoriales explore les crises et les modalit\u00e9s d\u2019anticipation, de gestion et de reconstruction.","breadcrumb":{"@id":"https:\/\/www.istegroup.com\/en\/produit\/gestion-des-crises-territoriales\/#breadcrumb"},"inLanguage":"fr-FR","potentialAction":[{"@type":"ReadAction","target":["https:\/\/www.istegroup.com\/en\/produit\/gestion-des-crises-territoriales\/"]}]},{"@type":"ImageObject","inLanguage":"fr-FR","@id":"https:\/\/www.istegroup.com\/en\/produit\/gestion-des-crises-territoriales\/#primaryimage","url":"https:\/\/www.istegroup.com\/wp-content\/uploads\/2022\/12\/Gestion-des-crises-territoriales.jpeg","contentUrl":"https:\/\/www.istegroup.com\/wp-content\/uploads\/2022\/12\/Gestion-des-crises-territoriales.jpeg","width":300,"height":450,"caption":"Livre scientifique - Gestion des crises territoriales - Encyclop\u00e9die SCIENCES"},{"@type":"BreadcrumbList","@id":"https:\/\/www.istegroup.com\/en\/produit\/gestion-des-crises-territoriales\/#breadcrumb","itemListElement":[{"@type":"ListItem","position":1,"name":"Home","item":"https:\/\/www.istegroup.com\/"},{"@type":"ListItem","position":2,"name":"Shop","item":"https:\/\/www.istegroup.com\/fr\/nouveautes\/"},{"@type":"ListItem","position":3,"name":"Gestion des crises territoriales"}]},{"@type":"WebSite","@id":"https:\/\/www.istegroup.com\/#website","url":"https:\/\/www.istegroup.com\/","name":"ISTE Group","description":"\u00c9diteur des Sciences","potentialAction":[{"@type":"SearchAction","target":{"@type":"EntryPoint","urlTemplate":"https:\/\/www.istegroup.com\/?s={search_term_string}"},"query-input":{"@type":"PropertyValueSpecification","valueRequired":true,"valueName":"search_term_string"}}],"inLanguage":"fr-FR"}]}},"_links":{"self":[{"href":"https:\/\/www.istegroup.com\/fr\/wp-json\/wp\/v2\/product\/23780","targetHints":{"allow":["GET"]}}],"collection":[{"href":"https:\/\/www.istegroup.com\/fr\/wp-json\/wp\/v2\/product"}],"about":[{"href":"https:\/\/www.istegroup.com\/fr\/wp-json\/wp\/v2\/types\/product"}],"wp:featuredmedia":[{"embeddable":true,"href":"https:\/\/www.istegroup.com\/fr\/wp-json\/wp\/v2\/media\/49343"}],"wp:attachment":[{"href":"https:\/\/www.istegroup.com\/fr\/wp-json\/wp\/v2\/media?parent=23780"}],"wp:term":[{"taxonomy":"product_brand","embeddable":true,"href":"https:\/\/www.istegroup.com\/fr\/wp-json\/wp\/v2\/product_brand?post=23780"},{"taxonomy":"product_cat","embeddable":true,"href":"https:\/\/www.istegroup.com\/fr\/wp-json\/wp\/v2\/product_cat?post=23780"},{"taxonomy":"product_tag","embeddable":true,"href":"https:\/\/www.istegroup.com\/fr\/wp-json\/wp\/v2\/product_tag?post=23780"}],"curies":[{"name":"wp","href":"https:\/\/api.w.org\/{rel}","templated":true}]}}