{"id":23771,"date":"2024-02-13T10:00:54","date_gmt":"2024-02-13T10:00:54","guid":{"rendered":"https:\/\/www.istegroup.com\/?post_type=product&#038;p=23771"},"modified":"2026-05-11T09:47:33","modified_gmt":"2026-05-11T08:47:33","slug":"systemes-de-mobilite-urbaine-dans-le-monde","status":"publish","type":"product","link":"https:\/\/www.istegroup.com\/fr\/produit\/systemes-de-mobilite-urbaine-dans-le-monde\/","title":{"rendered":"Syst\u00e8mes de mobilit\u00e9 urbaine dans le monde"},"content":{"rendered":"<p>Cet ouvrage examine l\u2019organisation g\u00e9ographique des syst\u00e8mes de mobilit\u00e9 urbaine \u00e0 travers le monde. Le terme \u00ab syst\u00e8me \u00bb fait r\u00e9f\u00e9rence aux r\u00e9seaux d\u2019infrastructure, aux services de transport existants et aux pratiques de d\u00e9placement des populations. S\u2019inscrivant dans une d\u00e9marche comparatiste, cet ouvrage met en avant la diversit\u00e9 g\u00e9ographique des syst\u00e8mes de mobilit\u00e9, \u00e0 partir de cas d\u2019\u00e9tudes en Afrique, en Am\u00e9rique du Nord et du Sud, en Asie et en Europe.<\/p>\n<p>Pluridisciplinaire, <em>Syst\u00e8mes de mobilit\u00e9 urbaine dans le monde<\/em> s\u2019organise en quatre temps. Apr\u00e8s avoir dress\u00e9 un panorama de la mobilit\u00e9 urbaine, la premi\u00e8re partie s\u2019int\u00e9resse aux d\u00e9terminants de la mobilit\u00e9 quotidienne en ville, r\u00e9v\u00e9lant des pratiques de d\u00e9placement diff\u00e9renci\u00e9es selon les populations (pauvres, \u00e2g\u00e9es, enfants). Les parties suivantes \u00e9tudient respectivement les transports collectifs urbains (train, m\u00e9tro, minibus) et les modes actifs (marche, v\u00e9lo), ainsi que les politiques d\u2019infrastructures qui leur sont li\u00e9es. Une derni\u00e8re partie questionne la circulation des m\u00e9thodes d\u2019analyse de la mobilit\u00e9 urbaine et des mod\u00e8les d\u2019action publique.<\/p>","protected":false},"excerpt":{"rendered":"<p>Cet ouvrage examine l\u2019organisation g\u00e9ographique des syst\u00e8mes de mobilit\u00e9 urbaine \u00e0 travers le monde. Le terme \u00ab syst\u00e8me \u00bb fait r\u00e9f\u00e9rence aux r\u00e9seaux d\u2019infrastructure, aux services de transport existants et aux pratiques de d\u00e9placement des populations. S\u2019inscrivant dans une d\u00e9marche comparatiste, cet ouvrage met en avant la diversit\u00e9 g\u00e9ographique des syst\u00e8mes de mobilit\u00e9, \u00e0 partir [&hellip;]<\/p>\n","protected":false},"featured_media":55684,"template":"","meta":{"_acf_changed":false,"_links_to":"","_links_to_target":""},"product_brand":[],"product_cat":[4289],"product_tag":[],"class_list":{"0":"post-23771","1":"product","2":"type-product","3":"status-publish","4":"has-post-thumbnail","6":"product_cat-sciences","8":"first","9":"instock","10":"shipping-taxable","11":"purchasable","12":"product-type-variable"},"acf":[],"yoast_head":"<!-- This site is optimized with the Yoast SEO plugin v27.2 - https:\/\/yoast.com\/product\/yoast-seo-wordpress\/ -->\n<title>Syst\u00e8mes de mobilit\u00e9 urbaine dans le monde - ISTE Group<\/title>\n<meta name=\"description\" content=\"Cet ouvrage examine l\u2019organisation g\u00e9ographique des syst\u00e8mes de mobilit\u00e9 urbaine \u00e0 travers le monde.\" \/>\n<meta name=\"robots\" content=\"index, follow, max-snippet:-1, max-image-preview:large, max-video-preview:-1\" \/>\n<link rel=\"canonical\" href=\"https:\/\/www.istegroup.com\/produit\/systemes-de-mobilite-urbaine-dans-le-monde\/\" \/>\n<meta property=\"og:locale\" content=\"fr_FR\" \/>\n<meta property=\"og:type\" content=\"article\" \/>\n<meta property=\"og:title\" content=\"Syst\u00e8mes de mobilit\u00e9 urbaine dans le monde - ISTE Group\" \/>\n<meta property=\"og:description\" content=\"Cet ouvrage examine l\u2019organisation g\u00e9ographique des syst\u00e8mes de mobilit\u00e9 urbaine \u00e0 travers le monde.\" \/>\n<meta property=\"og:url\" content=\"https:\/\/www.istegroup.com\/produit\/systemes-de-mobilite-urbaine-dans-le-monde\/\" \/>\n<meta property=\"og:site_name\" content=\"ISTE Group\" \/>\n<meta property=\"article:modified_time\" content=\"2026-05-11T08:47:33+00:00\" \/>\n<meta property=\"og:image\" content=\"https:\/\/www.istegroup.com\/wp-content\/uploads\/2019\/11\/Systemes-de-mobilite-urbaine-dans-le-monde.jpeg\" \/>\n\t<meta property=\"og:image:width\" content=\"300\" \/>\n\t<meta property=\"og:image:height\" content=\"450\" \/>\n\t<meta property=\"og:image:type\" content=\"image\/jpeg\" \/>\n<meta name=\"twitter:card\" content=\"summary_large_image\" \/>\n<meta name=\"twitter:label1\" content=\"Est. reading time\" \/>\n\t<meta name=\"twitter:data1\" content=\"2 minutes\" \/>\n<script type=\"application\/ld+json\" class=\"yoast-schema-graph\">{\"@context\":\"https:\/\/schema.org\",\"@graph\":[{\"@type\":\"WebPage\",\"@id\":\"https:\/\/www.istegroup.com\/produit\/systemes-de-mobilite-urbaine-dans-le-monde\/\",\"url\":\"https:\/\/www.istegroup.com\/produit\/systemes-de-mobilite-urbaine-dans-le-monde\/\",\"name\":\"Syst\u00e8mes de mobilit\u00e9 urbaine dans le monde - ISTE Group\",\"isPartOf\":{\"@id\":\"https:\/\/www.istegroup.com\/#website\"},\"primaryImageOfPage\":{\"@id\":\"https:\/\/www.istegroup.com\/produit\/systemes-de-mobilite-urbaine-dans-le-monde\/#primaryimage\"},\"image\":{\"@id\":\"https:\/\/www.istegroup.com\/produit\/systemes-de-mobilite-urbaine-dans-le-monde\/#primaryimage\"},\"thumbnailUrl\":\"https:\/\/www.istegroup.com\/wp-content\/uploads\/2019\/11\/Systemes-de-mobilite-urbaine-dans-le-monde.jpeg\",\"datePublished\":\"2024-02-13T10:00:54+00:00\",\"dateModified\":\"2026-05-11T08:47:33+00:00\",\"description\":\"Cet ouvrage examine l\u2019organisation g\u00e9ographique des syst\u00e8mes de mobilit\u00e9 urbaine \u00e0 travers le monde.\",\"breadcrumb\":{\"@id\":\"https:\/\/www.istegroup.com\/produit\/systemes-de-mobilite-urbaine-dans-le-monde\/#breadcrumb\"},\"inLanguage\":\"fr-FR\",\"potentialAction\":[{\"@type\":\"ReadAction\",\"target\":[\"https:\/\/www.istegroup.com\/produit\/systemes-de-mobilite-urbaine-dans-le-monde\/\"]}]},{\"@type\":\"ImageObject\",\"inLanguage\":\"fr-FR\",\"@id\":\"https:\/\/www.istegroup.com\/produit\/systemes-de-mobilite-urbaine-dans-le-monde\/#primaryimage\",\"url\":\"https:\/\/www.istegroup.com\/wp-content\/uploads\/2019\/11\/Systemes-de-mobilite-urbaine-dans-le-monde.jpeg\",\"contentUrl\":\"https:\/\/www.istegroup.com\/wp-content\/uploads\/2019\/11\/Systemes-de-mobilite-urbaine-dans-le-monde.jpeg\",\"width\":300,\"height\":450},{\"@type\":\"BreadcrumbList\",\"@id\":\"https:\/\/www.istegroup.com\/produit\/systemes-de-mobilite-urbaine-dans-le-monde\/#breadcrumb\",\"itemListElement\":[{\"@type\":\"ListItem\",\"position\":1,\"name\":\"Home\",\"item\":\"https:\/\/www.istegroup.com\/\"},{\"@type\":\"ListItem\",\"position\":2,\"name\":\"Shop\",\"item\":\"https:\/\/www.istegroup.com\/fr\/nouveautes\/\"},{\"@type\":\"ListItem\",\"position\":3,\"name\":\"Syst\u00e8mes de mobilit\u00e9 urbaine dans le monde\"}]},{\"@type\":\"WebSite\",\"@id\":\"https:\/\/www.istegroup.com\/#website\",\"url\":\"https:\/\/www.istegroup.com\/\",\"name\":\"ISTE Group\",\"description\":\"\u00c9diteur des Sciences\",\"potentialAction\":[{\"@type\":\"SearchAction\",\"target\":{\"@type\":\"EntryPoint\",\"urlTemplate\":\"https:\/\/www.istegroup.com\/?s={search_term_string}\"},\"query-input\":{\"@type\":\"PropertyValueSpecification\",\"valueRequired\":true,\"valueName\":\"search_term_string\"}}],\"inLanguage\":\"fr-FR\"}]}<\/script>\n<!-- \/ Yoast SEO plugin. -->","yoast_head_json":{"title":"Syst\u00e8mes de mobilit\u00e9 urbaine dans le monde - ISTE Group","description":"Cet ouvrage examine l\u2019organisation g\u00e9ographique des syst\u00e8mes de mobilit\u00e9 urbaine \u00e0 travers le monde.","robots":{"index":"index","follow":"follow","max-snippet":"max-snippet:-1","max-image-preview":"max-image-preview:large","max-video-preview":"max-video-preview:-1"},"canonical":"https:\/\/www.istegroup.com\/produit\/systemes-de-mobilite-urbaine-dans-le-monde\/","og_locale":"fr_FR","og_type":"article","og_title":"Syst\u00e8mes de mobilit\u00e9 urbaine dans le monde - ISTE Group","og_description":"Cet ouvrage examine l\u2019organisation g\u00e9ographique des syst\u00e8mes de mobilit\u00e9 urbaine \u00e0 travers le monde.","og_url":"https:\/\/www.istegroup.com\/produit\/systemes-de-mobilite-urbaine-dans-le-monde\/","og_site_name":"ISTE Group","article_modified_time":"2026-05-11T08:47:33+00:00","og_image":[{"width":300,"height":450,"url":"https:\/\/www.istegroup.com\/wp-content\/uploads\/2019\/11\/Systemes-de-mobilite-urbaine-dans-le-monde.jpeg","type":"image\/jpeg"}],"twitter_card":"summary_large_image","twitter_misc":{"Est. reading time":"2 minutes"},"schema":{"@context":"https:\/\/schema.org","@graph":[{"@type":"WebPage","@id":"https:\/\/www.istegroup.com\/produit\/systemes-de-mobilite-urbaine-dans-le-monde\/","url":"https:\/\/www.istegroup.com\/produit\/systemes-de-mobilite-urbaine-dans-le-monde\/","name":"Syst\u00e8mes de mobilit\u00e9 urbaine dans le monde - ISTE Group","isPartOf":{"@id":"https:\/\/www.istegroup.com\/#website"},"primaryImageOfPage":{"@id":"https:\/\/www.istegroup.com\/produit\/systemes-de-mobilite-urbaine-dans-le-monde\/#primaryimage"},"image":{"@id":"https:\/\/www.istegroup.com\/produit\/systemes-de-mobilite-urbaine-dans-le-monde\/#primaryimage"},"thumbnailUrl":"https:\/\/www.istegroup.com\/wp-content\/uploads\/2019\/11\/Systemes-de-mobilite-urbaine-dans-le-monde.jpeg","datePublished":"2024-02-13T10:00:54+00:00","dateModified":"2026-05-11T08:47:33+00:00","description":"Cet ouvrage examine l\u2019organisation g\u00e9ographique des syst\u00e8mes de mobilit\u00e9 urbaine \u00e0 travers le monde.","breadcrumb":{"@id":"https:\/\/www.istegroup.com\/produit\/systemes-de-mobilite-urbaine-dans-le-monde\/#breadcrumb"},"inLanguage":"fr-FR","potentialAction":[{"@type":"ReadAction","target":["https:\/\/www.istegroup.com\/produit\/systemes-de-mobilite-urbaine-dans-le-monde\/"]}]},{"@type":"ImageObject","inLanguage":"fr-FR","@id":"https:\/\/www.istegroup.com\/produit\/systemes-de-mobilite-urbaine-dans-le-monde\/#primaryimage","url":"https:\/\/www.istegroup.com\/wp-content\/uploads\/2019\/11\/Systemes-de-mobilite-urbaine-dans-le-monde.jpeg","contentUrl":"https:\/\/www.istegroup.com\/wp-content\/uploads\/2019\/11\/Systemes-de-mobilite-urbaine-dans-le-monde.jpeg","width":300,"height":450},{"@type":"BreadcrumbList","@id":"https:\/\/www.istegroup.com\/produit\/systemes-de-mobilite-urbaine-dans-le-monde\/#breadcrumb","itemListElement":[{"@type":"ListItem","position":1,"name":"Home","item":"https:\/\/www.istegroup.com\/"},{"@type":"ListItem","position":2,"name":"Shop","item":"https:\/\/www.istegroup.com\/fr\/nouveautes\/"},{"@type":"ListItem","position":3,"name":"Syst\u00e8mes de mobilit\u00e9 urbaine dans le monde"}]},{"@type":"WebSite","@id":"https:\/\/www.istegroup.com\/#website","url":"https:\/\/www.istegroup.com\/","name":"ISTE Group","description":"\u00c9diteur des Sciences","potentialAction":[{"@type":"SearchAction","target":{"@type":"EntryPoint","urlTemplate":"https:\/\/www.istegroup.com\/?s={search_term_string}"},"query-input":{"@type":"PropertyValueSpecification","valueRequired":true,"valueName":"search_term_string"}}],"inLanguage":"fr-FR"}]}},"_links":{"self":[{"href":"https:\/\/www.istegroup.com\/fr\/wp-json\/wp\/v2\/product\/23771","targetHints":{"allow":["GET"]}}],"collection":[{"href":"https:\/\/www.istegroup.com\/fr\/wp-json\/wp\/v2\/product"}],"about":[{"href":"https:\/\/www.istegroup.com\/fr\/wp-json\/wp\/v2\/types\/product"}],"wp:featuredmedia":[{"embeddable":true,"href":"https:\/\/www.istegroup.com\/fr\/wp-json\/wp\/v2\/media\/55684"}],"wp:attachment":[{"href":"https:\/\/www.istegroup.com\/fr\/wp-json\/wp\/v2\/media?parent=23771"}],"wp:term":[{"taxonomy":"product_brand","embeddable":true,"href":"https:\/\/www.istegroup.com\/fr\/wp-json\/wp\/v2\/product_brand?post=23771"},{"taxonomy":"product_cat","embeddable":true,"href":"https:\/\/www.istegroup.com\/fr\/wp-json\/wp\/v2\/product_cat?post=23771"},{"taxonomy":"product_tag","embeddable":true,"href":"https:\/\/www.istegroup.com\/fr\/wp-json\/wp\/v2\/product_tag?post=23771"}],"curies":[{"name":"wp","href":"https:\/\/api.w.org\/{rel}","templated":true}]}}