{"id":23769,"date":"2024-03-10T09:59:35","date_gmt":"2024-03-10T09:59:35","guid":{"rendered":"https:\/\/www.istegroup.com\/?post_type=product&#038;p=23769"},"modified":"2025-06-20T14:23:31","modified_gmt":"2025-06-20T13:23:31","slug":"les-transports-et-leurs-lieux","status":"publish","type":"product","link":"https:\/\/www.istegroup.com\/fr\/produit\/les-transports-et-leurs-lieux\/","title":{"rendered":"Les transports et leurs lieux"},"content":{"rendered":"<p>Dans l\u2019enchev\u00eatrement de pratiques, de protagonistes, de techniques et d\u2019infrastructures qui permettent la mobilit\u00e9, les sites du transport occupent une place d\u00e9terminante.<\/p>\n<p>Alors que les transports sont souvent abord\u00e9s par le prisme des r\u00e9seaux, <em>Les transports et leurs lieux<\/em> invite \u00e0 d\u00e9placer le regard vers les lieux qui assurent l\u2019arrimage des transports et la mise en mouvement des individus, des objets et des mat\u00e9riaux. Par les multiples activit\u00e9s qui s\u2019y d\u00e9ploient, les lieux de transport participent activement aux interd\u00e9pendances qui fondent notre quotidien.<\/p>\n<p>Cet ouvrage permet d\u2019appr\u00e9hender les sites de production et d\u2019exp\u00e9rience du transport comme des lieux-processus o\u00f9 se joue une part consid\u00e9rable des d\u00e9fis des soci\u00e9t\u00e9s et de l\u2019habitabilit\u00e9 des territoires : transition \u00e9cologique, in\u00e9galit\u00e9s sociales, place du vivant et des minorit\u00e9s, acc\u00e8s \u00e0 l\u2019emploi et \u00e0 d\u2019autres ressources, prise en compte du sensible, logiques marchandes et s\u00e9curitaires, d\u00e9ploiement du capitalisme num\u00e9rique et relations au proche et au lointain.<\/p>","protected":false},"excerpt":{"rendered":"<p>Dans l\u2019enchev\u00eatrement de pratiques, de protagonistes, de techniques et d\u2019infrastructures qui permettent la mobilit\u00e9, les sites du transport occupent une place d\u00e9terminante. Alors que les transports sont souvent abord\u00e9s par le prisme des r\u00e9seaux, Les transports et leurs lieux invite \u00e0 d\u00e9placer le regard vers les lieux qui assurent l\u2019arrimage des transports et la mise [&hellip;]<\/p>\n","protected":false},"featured_media":55941,"template":"","meta":{"_acf_changed":false,"_links_to":"","_links_to_target":""},"product_brand":[],"product_cat":[4289],"product_tag":[],"class_list":{"0":"post-23769","1":"product","2":"type-product","3":"status-publish","4":"has-post-thumbnail","6":"product_cat-sciences","8":"first","9":"instock","10":"shipping-taxable","11":"purchasable","12":"product-type-variable"},"acf":[],"yoast_head":"<!-- This site is optimized with the Yoast SEO plugin v27.2 - https:\/\/yoast.com\/product\/yoast-seo-wordpress\/ -->\n<title>Les transports et leurs lieux - ISTE Group<\/title>\n<meta name=\"description\" content=\"Les transports et leurs lieux invite \u00e0 d\u00e9placer le regard vers les lieux qui assurent l\u2019arrimage des transports et la mise en mouvement des individus, des objets et des mat\u00e9riaux.\" \/>\n<meta name=\"robots\" content=\"index, follow, max-snippet:-1, max-image-preview:large, max-video-preview:-1\" \/>\n<link rel=\"canonical\" href=\"https:\/\/www.istegroup.com\/produit\/les-transports-et-leurs-lieux\/\" \/>\n<meta property=\"og:locale\" content=\"fr_FR\" \/>\n<meta property=\"og:type\" content=\"article\" \/>\n<meta property=\"og:title\" content=\"Les transports et leurs lieux - ISTE Group\" \/>\n<meta property=\"og:description\" content=\"Les transports et leurs lieux invite \u00e0 d\u00e9placer le regard vers les lieux qui assurent l\u2019arrimage des transports et la mise en mouvement des individus, des objets et des mat\u00e9riaux.\" \/>\n<meta property=\"og:url\" content=\"https:\/\/www.istegroup.com\/produit\/les-transports-et-leurs-lieux\/\" \/>\n<meta property=\"og:site_name\" content=\"ISTE Group\" \/>\n<meta property=\"article:modified_time\" content=\"2025-06-20T13:23:31+00:00\" \/>\n<meta property=\"og:image\" content=\"https:\/\/www.istegroup.com\/wp-content\/uploads\/2019\/11\/Les-transports-et-leurs-lieux.jpeg\" \/>\n\t<meta property=\"og:image:width\" content=\"300\" \/>\n\t<meta property=\"og:image:height\" content=\"450\" \/>\n\t<meta property=\"og:image:type\" content=\"image\/jpeg\" \/>\n<meta name=\"twitter:card\" content=\"summary_large_image\" \/>\n<meta name=\"twitter:label1\" content=\"Est. reading time\" \/>\n\t<meta name=\"twitter:data1\" content=\"1 minute\" \/>\n<script type=\"application\/ld+json\" class=\"yoast-schema-graph\">{\"@context\":\"https:\/\/schema.org\",\"@graph\":[{\"@type\":\"WebPage\",\"@id\":\"https:\/\/www.istegroup.com\/produit\/les-transports-et-leurs-lieux\/\",\"url\":\"https:\/\/www.istegroup.com\/produit\/les-transports-et-leurs-lieux\/\",\"name\":\"Les transports et leurs lieux - ISTE Group\",\"isPartOf\":{\"@id\":\"https:\/\/www.istegroup.com\/#website\"},\"primaryImageOfPage\":{\"@id\":\"https:\/\/www.istegroup.com\/produit\/les-transports-et-leurs-lieux\/#primaryimage\"},\"image\":{\"@id\":\"https:\/\/www.istegroup.com\/produit\/les-transports-et-leurs-lieux\/#primaryimage\"},\"thumbnailUrl\":\"https:\/\/www.istegroup.com\/wp-content\/uploads\/2019\/11\/Les-transports-et-leurs-lieux.jpeg\",\"datePublished\":\"2024-03-10T09:59:35+00:00\",\"dateModified\":\"2025-06-20T13:23:31+00:00\",\"description\":\"Les transports et leurs lieux invite \u00e0 d\u00e9placer le regard vers les lieux qui assurent l\u2019arrimage des transports et la mise en mouvement des individus, des objets et des mat\u00e9riaux.\",\"breadcrumb\":{\"@id\":\"https:\/\/www.istegroup.com\/produit\/les-transports-et-leurs-lieux\/#breadcrumb\"},\"inLanguage\":\"fr-FR\",\"potentialAction\":[{\"@type\":\"ReadAction\",\"target\":[\"https:\/\/www.istegroup.com\/produit\/les-transports-et-leurs-lieux\/\"]}]},{\"@type\":\"ImageObject\",\"inLanguage\":\"fr-FR\",\"@id\":\"https:\/\/www.istegroup.com\/produit\/les-transports-et-leurs-lieux\/#primaryimage\",\"url\":\"https:\/\/www.istegroup.com\/wp-content\/uploads\/2019\/11\/Les-transports-et-leurs-lieux.jpeg\",\"contentUrl\":\"https:\/\/www.istegroup.com\/wp-content\/uploads\/2019\/11\/Les-transports-et-leurs-lieux.jpeg\",\"width\":300,\"height\":450,\"caption\":\"Livre scientifique - Les transports et leurs lieux\"},{\"@type\":\"BreadcrumbList\",\"@id\":\"https:\/\/www.istegroup.com\/produit\/les-transports-et-leurs-lieux\/#breadcrumb\",\"itemListElement\":[{\"@type\":\"ListItem\",\"position\":1,\"name\":\"Home\",\"item\":\"https:\/\/www.istegroup.com\/\"},{\"@type\":\"ListItem\",\"position\":2,\"name\":\"Shop\",\"item\":\"https:\/\/www.istegroup.com\/fr\/nouveautes\/\"},{\"@type\":\"ListItem\",\"position\":3,\"name\":\"Les transports et leurs lieux\"}]},{\"@type\":\"WebSite\",\"@id\":\"https:\/\/www.istegroup.com\/#website\",\"url\":\"https:\/\/www.istegroup.com\/\",\"name\":\"ISTE Group\",\"description\":\"\u00c9diteur des Sciences\",\"potentialAction\":[{\"@type\":\"SearchAction\",\"target\":{\"@type\":\"EntryPoint\",\"urlTemplate\":\"https:\/\/www.istegroup.com\/?s={search_term_string}\"},\"query-input\":{\"@type\":\"PropertyValueSpecification\",\"valueRequired\":true,\"valueName\":\"search_term_string\"}}],\"inLanguage\":\"fr-FR\"}]}<\/script>\n<!-- \/ Yoast SEO plugin. -->","yoast_head_json":{"title":"Les transports et leurs lieux - ISTE Group","description":"Les transports et leurs lieux invite \u00e0 d\u00e9placer le regard vers les lieux qui assurent l\u2019arrimage des transports et la mise en mouvement des individus, des objets et des mat\u00e9riaux.","robots":{"index":"index","follow":"follow","max-snippet":"max-snippet:-1","max-image-preview":"max-image-preview:large","max-video-preview":"max-video-preview:-1"},"canonical":"https:\/\/www.istegroup.com\/produit\/les-transports-et-leurs-lieux\/","og_locale":"fr_FR","og_type":"article","og_title":"Les transports et leurs lieux - ISTE Group","og_description":"Les transports et leurs lieux invite \u00e0 d\u00e9placer le regard vers les lieux qui assurent l\u2019arrimage des transports et la mise en mouvement des individus, des objets et des mat\u00e9riaux.","og_url":"https:\/\/www.istegroup.com\/produit\/les-transports-et-leurs-lieux\/","og_site_name":"ISTE Group","article_modified_time":"2025-06-20T13:23:31+00:00","og_image":[{"width":300,"height":450,"url":"https:\/\/www.istegroup.com\/wp-content\/uploads\/2019\/11\/Les-transports-et-leurs-lieux.jpeg","type":"image\/jpeg"}],"twitter_card":"summary_large_image","twitter_misc":{"Est. reading time":"1 minute"},"schema":{"@context":"https:\/\/schema.org","@graph":[{"@type":"WebPage","@id":"https:\/\/www.istegroup.com\/produit\/les-transports-et-leurs-lieux\/","url":"https:\/\/www.istegroup.com\/produit\/les-transports-et-leurs-lieux\/","name":"Les transports et leurs lieux - ISTE Group","isPartOf":{"@id":"https:\/\/www.istegroup.com\/#website"},"primaryImageOfPage":{"@id":"https:\/\/www.istegroup.com\/produit\/les-transports-et-leurs-lieux\/#primaryimage"},"image":{"@id":"https:\/\/www.istegroup.com\/produit\/les-transports-et-leurs-lieux\/#primaryimage"},"thumbnailUrl":"https:\/\/www.istegroup.com\/wp-content\/uploads\/2019\/11\/Les-transports-et-leurs-lieux.jpeg","datePublished":"2024-03-10T09:59:35+00:00","dateModified":"2025-06-20T13:23:31+00:00","description":"Les transports et leurs lieux invite \u00e0 d\u00e9placer le regard vers les lieux qui assurent l\u2019arrimage des transports et la mise en mouvement des individus, des objets et des mat\u00e9riaux.","breadcrumb":{"@id":"https:\/\/www.istegroup.com\/produit\/les-transports-et-leurs-lieux\/#breadcrumb"},"inLanguage":"fr-FR","potentialAction":[{"@type":"ReadAction","target":["https:\/\/www.istegroup.com\/produit\/les-transports-et-leurs-lieux\/"]}]},{"@type":"ImageObject","inLanguage":"fr-FR","@id":"https:\/\/www.istegroup.com\/produit\/les-transports-et-leurs-lieux\/#primaryimage","url":"https:\/\/www.istegroup.com\/wp-content\/uploads\/2019\/11\/Les-transports-et-leurs-lieux.jpeg","contentUrl":"https:\/\/www.istegroup.com\/wp-content\/uploads\/2019\/11\/Les-transports-et-leurs-lieux.jpeg","width":300,"height":450,"caption":"Livre scientifique - Les transports et leurs lieux"},{"@type":"BreadcrumbList","@id":"https:\/\/www.istegroup.com\/produit\/les-transports-et-leurs-lieux\/#breadcrumb","itemListElement":[{"@type":"ListItem","position":1,"name":"Home","item":"https:\/\/www.istegroup.com\/"},{"@type":"ListItem","position":2,"name":"Shop","item":"https:\/\/www.istegroup.com\/fr\/nouveautes\/"},{"@type":"ListItem","position":3,"name":"Les transports et leurs lieux"}]},{"@type":"WebSite","@id":"https:\/\/www.istegroup.com\/#website","url":"https:\/\/www.istegroup.com\/","name":"ISTE Group","description":"\u00c9diteur des Sciences","potentialAction":[{"@type":"SearchAction","target":{"@type":"EntryPoint","urlTemplate":"https:\/\/www.istegroup.com\/?s={search_term_string}"},"query-input":{"@type":"PropertyValueSpecification","valueRequired":true,"valueName":"search_term_string"}}],"inLanguage":"fr-FR"}]}},"_links":{"self":[{"href":"https:\/\/www.istegroup.com\/fr\/wp-json\/wp\/v2\/product\/23769","targetHints":{"allow":["GET"]}}],"collection":[{"href":"https:\/\/www.istegroup.com\/fr\/wp-json\/wp\/v2\/product"}],"about":[{"href":"https:\/\/www.istegroup.com\/fr\/wp-json\/wp\/v2\/types\/product"}],"wp:featuredmedia":[{"embeddable":true,"href":"https:\/\/www.istegroup.com\/fr\/wp-json\/wp\/v2\/media\/55941"}],"wp:attachment":[{"href":"https:\/\/www.istegroup.com\/fr\/wp-json\/wp\/v2\/media?parent=23769"}],"wp:term":[{"taxonomy":"product_brand","embeddable":true,"href":"https:\/\/www.istegroup.com\/fr\/wp-json\/wp\/v2\/product_brand?post=23769"},{"taxonomy":"product_cat","embeddable":true,"href":"https:\/\/www.istegroup.com\/fr\/wp-json\/wp\/v2\/product_cat?post=23769"},{"taxonomy":"product_tag","embeddable":true,"href":"https:\/\/www.istegroup.com\/fr\/wp-json\/wp\/v2\/product_tag?post=23769"}],"curies":[{"name":"wp","href":"https:\/\/api.w.org\/{rel}","templated":true}]}}