{"id":23767,"date":"2023-01-19T09:57:52","date_gmt":"2023-01-19T09:57:52","guid":{"rendered":"https:\/\/www.istegroup.com\/?post_type=product&#038;p=23767"},"modified":"2025-01-03T11:54:26","modified_gmt":"2025-01-03T11:54:26","slug":"les-inegalites-territoriales","status":"publish","type":"product","link":"https:\/\/www.istegroup.com\/fr\/produit\/les-inegalites-territoriales\/","title":{"rendered":"Les in\u00e9galit\u00e9s territoriales"},"content":{"rendered":"<p>L\u2019am\u00e9nagement du territoire a pris \u00e0 bras-le-corps l\u2019id\u00e9e d\u2019un traitement des in\u00e9galit\u00e9s territoriales en s\u2019attardant sur des logiques d\u2019\u00e9quipement \u00e0 l\u2019\u00e9chelle nationale, puis de d\u00e9veloppement \u00e9conomique \u00e0 l\u2019\u00e9chelle locale.<\/p>\n<p>Aujourd\u2019hui, cette question cr\u00e9e de nouvelles sc\u00e8nes de d\u00e9bats \u00e0 forte r\u00e9sonance politique (Brexit, Gilets jaunes). Les interpr\u00e9tations de ces mouvements sont souvent rapides et binaires : opposition entre les m\u00e9tropoles et les p\u00e9riph\u00e9ries, entre les villes et les campagnes, entre les Nords et les Suds ou entre l\u2019Est et l\u2019Ouest de l\u2019Union europ\u00e9enne.<\/p>\n<p><em>Les in\u00e9galit\u00e9s territoriales<\/em> tente d\u2019\u00e9clairer les port\u00e9es sociales, politiques et op\u00e9rationnelles de ces divergences. Les textes ont \u00e9t\u00e9 choisis pour couvrir le sujet \u00e0 diff\u00e9rentes \u00e9chelles d\u2019actions et d\u2019observations (du quartier au monde), mais aussi selon leurs interd\u00e9pendances. Pour traiter d\u2019un th\u00e8me aussi vaste et ambitieux, l\u2019approche privil\u00e9gi\u00e9e est celle du d\u00e9veloppement territorial et de son corollaire en termes de politiques publiques, \u00e0 savoir l\u2019am\u00e9nagement du territoire.<\/p>\n<p><strong>La presse en parle<\/strong><\/p>\n<p>Ce pr\u00e9cieux volume scientifique rassemble plusieurs recherches, men\u00e9es \u00e0 la fois par des g\u00e9ographes, des \u00e9conomistes et des politistes, dans une d\u00e9marche globale visant \u00e0 th\u00e9oriser des mod\u00e8les de g\u00e9ographie des in\u00e9galit\u00e9s territoriales, \u00e0 partir d\u2019\u00e9tudes empiriques. [&#8230;]<\/p>\n<p><a style=\"color: #1e9691;\" href=\"https:\/\/www.istegroup.com\/wp-content\/uploads\/2023\/05\/U431_Recensions_DA.pdf\">revue Urbanisme<\/a>, N\u00b0431, mai-juin 2023<\/p>","protected":false},"excerpt":{"rendered":"<p>L\u2019am\u00e9nagement du territoire a pris \u00e0 bras-le-corps l\u2019id\u00e9e d\u2019un traitement des in\u00e9galit\u00e9s territoriales en s\u2019attardant sur des logiques d\u2019\u00e9quipement \u00e0 l\u2019\u00e9chelle nationale, puis de d\u00e9veloppement \u00e9conomique \u00e0 l\u2019\u00e9chelle locale. Aujourd\u2019hui, cette question cr\u00e9e de nouvelles sc\u00e8nes de d\u00e9bats \u00e0 forte r\u00e9sonance politique (Brexit, Gilets jaunes). Les interpr\u00e9tations de ces mouvements sont souvent rapides et binaires [&hellip;]<\/p>\n","protected":false},"featured_media":49350,"template":"","meta":{"_acf_changed":false,"_links_to":"","_links_to_target":""},"product_brand":[],"product_cat":[4289],"product_tag":[],"class_list":{"0":"post-23767","1":"product","2":"type-product","3":"status-publish","4":"has-post-thumbnail","6":"product_cat-sciences","8":"first","9":"instock","10":"shipping-taxable","11":"purchasable","12":"product-type-variable"},"acf":[],"yoast_head":"<!-- This site is optimized with the Yoast SEO plugin v27.2 - https:\/\/yoast.com\/product\/yoast-seo-wordpress\/ -->\n<title>Les in\u00e9galit\u00e9s territoriales - ISTE Group<\/title>\n<meta name=\"description\" content=\"Les in\u00e9galit\u00e9s territoriales tente d\u2019\u00e9clairer les port\u00e9es sociales, politiques et op\u00e9rationnelles de ces divergences.\" \/>\n<meta name=\"robots\" content=\"index, follow, max-snippet:-1, max-image-preview:large, max-video-preview:-1\" \/>\n<link rel=\"canonical\" href=\"https:\/\/www.istegroup.com\/fr\/produit\/les-inegalites-territoriales\/\" \/>\n<meta property=\"og:locale\" content=\"fr_FR\" \/>\n<meta property=\"og:type\" content=\"article\" \/>\n<meta property=\"og:title\" content=\"Les in\u00e9galit\u00e9s territoriales - ISTE Group\" \/>\n<meta property=\"og:description\" content=\"Les in\u00e9galit\u00e9s territoriales tente d\u2019\u00e9clairer les port\u00e9es sociales, politiques et op\u00e9rationnelles de ces divergences.\" \/>\n<meta property=\"og:url\" content=\"https:\/\/www.istegroup.com\/fr\/produit\/les-inegalites-territoriales\/\" \/>\n<meta property=\"og:site_name\" content=\"ISTE Group\" \/>\n<meta property=\"article:modified_time\" content=\"2025-01-03T11:54:26+00:00\" \/>\n<meta property=\"og:image\" content=\"https:\/\/www.istegroup.com\/wp-content\/uploads\/2022\/12\/Les-inegalites-territoriales.jpeg\" \/>\n\t<meta property=\"og:image:width\" content=\"300\" \/>\n\t<meta property=\"og:image:height\" content=\"450\" \/>\n\t<meta property=\"og:image:type\" content=\"image\/jpeg\" \/>\n<meta name=\"twitter:card\" content=\"summary_large_image\" \/>\n<meta name=\"twitter:label1\" content=\"Est. reading time\" \/>\n\t<meta name=\"twitter:data1\" content=\"1 minute\" \/>\n<script type=\"application\/ld+json\" class=\"yoast-schema-graph\">{\"@context\":\"https:\/\/schema.org\",\"@graph\":[{\"@type\":\"WebPage\",\"@id\":\"https:\/\/www.istegroup.com\/fr\/produit\/les-inegalites-territoriales\/\",\"url\":\"https:\/\/www.istegroup.com\/fr\/produit\/les-inegalites-territoriales\/\",\"name\":\"Les in\u00e9galit\u00e9s territoriales - ISTE Group\",\"isPartOf\":{\"@id\":\"https:\/\/www.istegroup.com\/#website\"},\"primaryImageOfPage\":{\"@id\":\"https:\/\/www.istegroup.com\/fr\/produit\/les-inegalites-territoriales\/#primaryimage\"},\"image\":{\"@id\":\"https:\/\/www.istegroup.com\/fr\/produit\/les-inegalites-territoriales\/#primaryimage\"},\"thumbnailUrl\":\"https:\/\/www.istegroup.com\/wp-content\/uploads\/2022\/12\/Les-inegalites-territoriales.jpeg\",\"datePublished\":\"2023-01-19T09:57:52+00:00\",\"dateModified\":\"2025-01-03T11:54:26+00:00\",\"description\":\"Les in\u00e9galit\u00e9s territoriales tente d\u2019\u00e9clairer les port\u00e9es sociales, politiques et op\u00e9rationnelles de ces divergences.\",\"breadcrumb\":{\"@id\":\"https:\/\/www.istegroup.com\/fr\/produit\/les-inegalites-territoriales\/#breadcrumb\"},\"inLanguage\":\"fr-FR\",\"potentialAction\":[{\"@type\":\"ReadAction\",\"target\":[\"https:\/\/www.istegroup.com\/fr\/produit\/les-inegalites-territoriales\/\"]}]},{\"@type\":\"ImageObject\",\"inLanguage\":\"fr-FR\",\"@id\":\"https:\/\/www.istegroup.com\/fr\/produit\/les-inegalites-territoriales\/#primaryimage\",\"url\":\"https:\/\/www.istegroup.com\/wp-content\/uploads\/2022\/12\/Les-inegalites-territoriales.jpeg\",\"contentUrl\":\"https:\/\/www.istegroup.com\/wp-content\/uploads\/2022\/12\/Les-inegalites-territoriales.jpeg\",\"width\":300,\"height\":450,\"caption\":\"Livre scientifique - Les in\u00e9galit\u00e9s territoriales - Encyclop\u00e9die SCIENCES\"},{\"@type\":\"BreadcrumbList\",\"@id\":\"https:\/\/www.istegroup.com\/fr\/produit\/les-inegalites-territoriales\/#breadcrumb\",\"itemListElement\":[{\"@type\":\"ListItem\",\"position\":1,\"name\":\"Home\",\"item\":\"https:\/\/www.istegroup.com\/\"},{\"@type\":\"ListItem\",\"position\":2,\"name\":\"Shop\",\"item\":\"https:\/\/www.istegroup.com\/fr\/nouveautes\/\"},{\"@type\":\"ListItem\",\"position\":3,\"name\":\"Les in\u00e9galit\u00e9s territoriales\"}]},{\"@type\":\"WebSite\",\"@id\":\"https:\/\/www.istegroup.com\/#website\",\"url\":\"https:\/\/www.istegroup.com\/\",\"name\":\"ISTE Group\",\"description\":\"\u00c9diteur des Sciences\",\"potentialAction\":[{\"@type\":\"SearchAction\",\"target\":{\"@type\":\"EntryPoint\",\"urlTemplate\":\"https:\/\/www.istegroup.com\/?s={search_term_string}\"},\"query-input\":{\"@type\":\"PropertyValueSpecification\",\"valueRequired\":true,\"valueName\":\"search_term_string\"}}],\"inLanguage\":\"fr-FR\"}]}<\/script>\n<!-- \/ Yoast SEO plugin. -->","yoast_head_json":{"title":"Les in\u00e9galit\u00e9s territoriales - ISTE Group","description":"Les in\u00e9galit\u00e9s territoriales tente d\u2019\u00e9clairer les port\u00e9es sociales, politiques et op\u00e9rationnelles de ces divergences.","robots":{"index":"index","follow":"follow","max-snippet":"max-snippet:-1","max-image-preview":"max-image-preview:large","max-video-preview":"max-video-preview:-1"},"canonical":"https:\/\/www.istegroup.com\/fr\/produit\/les-inegalites-territoriales\/","og_locale":"fr_FR","og_type":"article","og_title":"Les in\u00e9galit\u00e9s territoriales - ISTE Group","og_description":"Les in\u00e9galit\u00e9s territoriales tente d\u2019\u00e9clairer les port\u00e9es sociales, politiques et op\u00e9rationnelles de ces divergences.","og_url":"https:\/\/www.istegroup.com\/fr\/produit\/les-inegalites-territoriales\/","og_site_name":"ISTE Group","article_modified_time":"2025-01-03T11:54:26+00:00","og_image":[{"width":300,"height":450,"url":"https:\/\/www.istegroup.com\/wp-content\/uploads\/2022\/12\/Les-inegalites-territoriales.jpeg","type":"image\/jpeg"}],"twitter_card":"summary_large_image","twitter_misc":{"Est. reading time":"1 minute"},"schema":{"@context":"https:\/\/schema.org","@graph":[{"@type":"WebPage","@id":"https:\/\/www.istegroup.com\/fr\/produit\/les-inegalites-territoriales\/","url":"https:\/\/www.istegroup.com\/fr\/produit\/les-inegalites-territoriales\/","name":"Les in\u00e9galit\u00e9s territoriales - ISTE Group","isPartOf":{"@id":"https:\/\/www.istegroup.com\/#website"},"primaryImageOfPage":{"@id":"https:\/\/www.istegroup.com\/fr\/produit\/les-inegalites-territoriales\/#primaryimage"},"image":{"@id":"https:\/\/www.istegroup.com\/fr\/produit\/les-inegalites-territoriales\/#primaryimage"},"thumbnailUrl":"https:\/\/www.istegroup.com\/wp-content\/uploads\/2022\/12\/Les-inegalites-territoriales.jpeg","datePublished":"2023-01-19T09:57:52+00:00","dateModified":"2025-01-03T11:54:26+00:00","description":"Les in\u00e9galit\u00e9s territoriales tente d\u2019\u00e9clairer les port\u00e9es sociales, politiques et op\u00e9rationnelles de ces divergences.","breadcrumb":{"@id":"https:\/\/www.istegroup.com\/fr\/produit\/les-inegalites-territoriales\/#breadcrumb"},"inLanguage":"fr-FR","potentialAction":[{"@type":"ReadAction","target":["https:\/\/www.istegroup.com\/fr\/produit\/les-inegalites-territoriales\/"]}]},{"@type":"ImageObject","inLanguage":"fr-FR","@id":"https:\/\/www.istegroup.com\/fr\/produit\/les-inegalites-territoriales\/#primaryimage","url":"https:\/\/www.istegroup.com\/wp-content\/uploads\/2022\/12\/Les-inegalites-territoriales.jpeg","contentUrl":"https:\/\/www.istegroup.com\/wp-content\/uploads\/2022\/12\/Les-inegalites-territoriales.jpeg","width":300,"height":450,"caption":"Livre scientifique - Les in\u00e9galit\u00e9s territoriales - Encyclop\u00e9die SCIENCES"},{"@type":"BreadcrumbList","@id":"https:\/\/www.istegroup.com\/fr\/produit\/les-inegalites-territoriales\/#breadcrumb","itemListElement":[{"@type":"ListItem","position":1,"name":"Home","item":"https:\/\/www.istegroup.com\/"},{"@type":"ListItem","position":2,"name":"Shop","item":"https:\/\/www.istegroup.com\/fr\/nouveautes\/"},{"@type":"ListItem","position":3,"name":"Les in\u00e9galit\u00e9s territoriales"}]},{"@type":"WebSite","@id":"https:\/\/www.istegroup.com\/#website","url":"https:\/\/www.istegroup.com\/","name":"ISTE Group","description":"\u00c9diteur des Sciences","potentialAction":[{"@type":"SearchAction","target":{"@type":"EntryPoint","urlTemplate":"https:\/\/www.istegroup.com\/?s={search_term_string}"},"query-input":{"@type":"PropertyValueSpecification","valueRequired":true,"valueName":"search_term_string"}}],"inLanguage":"fr-FR"}]}},"_links":{"self":[{"href":"https:\/\/www.istegroup.com\/fr\/wp-json\/wp\/v2\/product\/23767","targetHints":{"allow":["GET"]}}],"collection":[{"href":"https:\/\/www.istegroup.com\/fr\/wp-json\/wp\/v2\/product"}],"about":[{"href":"https:\/\/www.istegroup.com\/fr\/wp-json\/wp\/v2\/types\/product"}],"wp:featuredmedia":[{"embeddable":true,"href":"https:\/\/www.istegroup.com\/fr\/wp-json\/wp\/v2\/media\/49350"}],"wp:attachment":[{"href":"https:\/\/www.istegroup.com\/fr\/wp-json\/wp\/v2\/media?parent=23767"}],"wp:term":[{"taxonomy":"product_brand","embeddable":true,"href":"https:\/\/www.istegroup.com\/fr\/wp-json\/wp\/v2\/product_brand?post=23767"},{"taxonomy":"product_cat","embeddable":true,"href":"https:\/\/www.istegroup.com\/fr\/wp-json\/wp\/v2\/product_cat?post=23767"},{"taxonomy":"product_tag","embeddable":true,"href":"https:\/\/www.istegroup.com\/fr\/wp-json\/wp\/v2\/product_tag?post=23767"}],"curies":[{"name":"wp","href":"https:\/\/api.w.org\/{rel}","templated":true}]}}