{"id":23766,"date":"2022-07-05T09:40:02","date_gmt":"2022-07-05T08:40:02","guid":{"rendered":"https:\/\/www.istegroup.com\/?post_type=product&#038;p=23766"},"modified":"2025-01-03T12:02:22","modified_gmt":"2025-01-03T12:02:22","slug":"les-villes-au-coeur-des-inegalites","status":"publish","type":"product","link":"https:\/\/www.istegroup.com\/fr\/produit\/les-villes-au-coeur-des-inegalites\/","title":{"rendered":"Les villes au c\u0153ur des ine\u0301galite\u0301s"},"content":{"rendered":"<p>Les villes sont d\u00e9sormais la forme dominante d\u2019habitat des soci\u00e9t\u00e9s humaines. Elles sont aussi les lieux o\u00f9 les in\u00e9galit\u00e9s sociales sont les plus importantes et les plus visibles. Les in\u00e9galit\u00e9s \u00e9conomiques, sociales, fonci\u00e8res et mat\u00e9rielles, ainsi que l\u2019acc\u00e8s in\u00e9gal au logement, \u00e0 la sant\u00e9, aux services et \u00e0 un environnement de qualit\u00e9 ont des cons\u00e9quences majeures sur l\u2019espace et les conditions de vie des urbains.<\/p>\n<p><em>Les villes au coeur des in\u00e9galit\u00e9s<\/em> examine la fa\u00e7on dont ces in\u00e9galit\u00e9s sont produites et reproduites, \u00e0 la fois dans et entre les villes. Les th\u00e9ories de la rente fonci\u00e8re et de la s\u00e9gr\u00e9gation sociale sont vues \u00e0 travers le prisme d\u2019une diversit\u00e9 de r\u00e9f\u00e9rences disciplinaires et au moyen d\u2019exemples pris dans diff\u00e9rentes parties du monde. Cet ouvrage analyse \u00e9galement l\u2019attraction des centralit\u00e9s urbaines en lien avec la pression migratoire, et les effets de la financiarisation croissante de la propri\u00e9t\u00e9 et du capital urbain.<\/p>","protected":false},"excerpt":{"rendered":"<p>Les villes sont d\u00e9sormais la forme dominante d\u2019habitat des soci\u00e9t\u00e9s humaines. Elles sont aussi les lieux o\u00f9 les in\u00e9galit\u00e9s sociales sont les plus importantes et les plus visibles. Les in\u00e9galit\u00e9s \u00e9conomiques, sociales, fonci\u00e8res et mat\u00e9rielles, ainsi que l\u2019acc\u00e8s in\u00e9gal au logement, \u00e0 la sant\u00e9, aux services et \u00e0 un environnement de qualit\u00e9 ont des cons\u00e9quences [&hellip;]<\/p>\n","protected":false},"featured_media":47045,"template":"","meta":{"_acf_changed":false,"_links_to":"","_links_to_target":""},"product_brand":[],"product_cat":[4289],"product_tag":[],"class_list":{"0":"post-23766","1":"product","2":"type-product","3":"status-publish","4":"has-post-thumbnail","6":"product_cat-sciences","8":"first","9":"instock","10":"shipping-taxable","11":"purchasable","12":"product-type-variable"},"acf":[],"yoast_head":"<!-- This site is optimized with the Yoast SEO plugin v27.2 - https:\/\/yoast.com\/product\/yoast-seo-wordpress\/ -->\n<title>Les villes au c\u0153ur des ine\u0301galite\u0301s - ISTE Group<\/title>\n<meta name=\"description\" content=\"Les villes au coeur des in\u00e9galit\u00e9s examine la fa\u00e7on dont ces in\u00e9galit\u00e9s sont produites et reproduites, \u00e0 la fois dans et entre les villes.\" \/>\n<meta name=\"robots\" content=\"index, follow, max-snippet:-1, max-image-preview:large, max-video-preview:-1\" \/>\n<link rel=\"canonical\" href=\"https:\/\/www.istegroup.com\/fr\/produit\/les-villes-au-coeur-des-inegalites\/\" \/>\n<meta property=\"og:locale\" content=\"fr_FR\" \/>\n<meta property=\"og:type\" content=\"article\" \/>\n<meta property=\"og:title\" content=\"Les villes au c\u0153ur des ine\u0301galite\u0301s - ISTE Group\" \/>\n<meta property=\"og:description\" content=\"Les villes au coeur des in\u00e9galit\u00e9s examine la fa\u00e7on dont ces in\u00e9galit\u00e9s sont produites et reproduites, \u00e0 la fois dans et entre les villes.\" \/>\n<meta property=\"og:url\" content=\"https:\/\/www.istegroup.com\/fr\/produit\/les-villes-au-coeur-des-inegalites\/\" \/>\n<meta property=\"og:site_name\" content=\"ISTE Group\" \/>\n<meta property=\"article:modified_time\" content=\"2025-01-03T12:02:22+00:00\" \/>\n<meta property=\"og:image\" content=\"https:\/\/www.istegroup.com\/wp-content\/uploads\/2022\/06\/Les-villes-au-coeur-des-inegalites_sciences.jpeg\" \/>\n\t<meta property=\"og:image:width\" content=\"300\" \/>\n\t<meta property=\"og:image:height\" content=\"450\" \/>\n\t<meta property=\"og:image:type\" content=\"image\/jpeg\" \/>\n<meta name=\"twitter:card\" content=\"summary_large_image\" \/>\n<meta name=\"twitter:label1\" content=\"Est. reading time\" \/>\n\t<meta name=\"twitter:data1\" content=\"1 minute\" \/>\n<script type=\"application\/ld+json\" class=\"yoast-schema-graph\">{\"@context\":\"https:\/\/schema.org\",\"@graph\":[{\"@type\":\"WebPage\",\"@id\":\"https:\/\/www.istegroup.com\/fr\/produit\/les-villes-au-coeur-des-inegalites\/\",\"url\":\"https:\/\/www.istegroup.com\/fr\/produit\/les-villes-au-coeur-des-inegalites\/\",\"name\":\"Les villes au c\u0153ur des ine\u0301galite\u0301s - ISTE Group\",\"isPartOf\":{\"@id\":\"https:\/\/www.istegroup.com\/#website\"},\"primaryImageOfPage\":{\"@id\":\"https:\/\/www.istegroup.com\/fr\/produit\/les-villes-au-coeur-des-inegalites\/#primaryimage\"},\"image\":{\"@id\":\"https:\/\/www.istegroup.com\/fr\/produit\/les-villes-au-coeur-des-inegalites\/#primaryimage\"},\"thumbnailUrl\":\"https:\/\/www.istegroup.com\/wp-content\/uploads\/2022\/06\/Les-villes-au-coeur-des-inegalites_sciences.jpeg\",\"datePublished\":\"2022-07-05T08:40:02+00:00\",\"dateModified\":\"2025-01-03T12:02:22+00:00\",\"description\":\"Les villes au coeur des in\u00e9galit\u00e9s examine la fa\u00e7on dont ces in\u00e9galit\u00e9s sont produites et reproduites, \u00e0 la fois dans et entre les villes.\",\"breadcrumb\":{\"@id\":\"https:\/\/www.istegroup.com\/fr\/produit\/les-villes-au-coeur-des-inegalites\/#breadcrumb\"},\"inLanguage\":\"fr-FR\",\"potentialAction\":[{\"@type\":\"ReadAction\",\"target\":[\"https:\/\/www.istegroup.com\/fr\/produit\/les-villes-au-coeur-des-inegalites\/\"]}]},{\"@type\":\"ImageObject\",\"inLanguage\":\"fr-FR\",\"@id\":\"https:\/\/www.istegroup.com\/fr\/produit\/les-villes-au-coeur-des-inegalites\/#primaryimage\",\"url\":\"https:\/\/www.istegroup.com\/wp-content\/uploads\/2022\/06\/Les-villes-au-coeur-des-inegalites_sciences.jpeg\",\"contentUrl\":\"https:\/\/www.istegroup.com\/wp-content\/uploads\/2022\/06\/Les-villes-au-coeur-des-inegalites_sciences.jpeg\",\"width\":300,\"height\":450,\"caption\":\"Livre scientifique - Les villes au coeur des in\u00e9galit\u00e9s - Encyclop\u00e9die SCIENCES\"},{\"@type\":\"BreadcrumbList\",\"@id\":\"https:\/\/www.istegroup.com\/fr\/produit\/les-villes-au-coeur-des-inegalites\/#breadcrumb\",\"itemListElement\":[{\"@type\":\"ListItem\",\"position\":1,\"name\":\"Home\",\"item\":\"https:\/\/www.istegroup.com\/\"},{\"@type\":\"ListItem\",\"position\":2,\"name\":\"Shop\",\"item\":\"https:\/\/www.istegroup.com\/fr\/nouveautes\/\"},{\"@type\":\"ListItem\",\"position\":3,\"name\":\"Les villes au c\u0153ur des ine\u0301galite\u0301s\"}]},{\"@type\":\"WebSite\",\"@id\":\"https:\/\/www.istegroup.com\/#website\",\"url\":\"https:\/\/www.istegroup.com\/\",\"name\":\"ISTE Group\",\"description\":\"\u00c9diteur des Sciences\",\"potentialAction\":[{\"@type\":\"SearchAction\",\"target\":{\"@type\":\"EntryPoint\",\"urlTemplate\":\"https:\/\/www.istegroup.com\/?s={search_term_string}\"},\"query-input\":{\"@type\":\"PropertyValueSpecification\",\"valueRequired\":true,\"valueName\":\"search_term_string\"}}],\"inLanguage\":\"fr-FR\"}]}<\/script>\n<!-- \/ Yoast SEO plugin. -->","yoast_head_json":{"title":"Les villes au c\u0153ur des ine\u0301galite\u0301s - ISTE Group","description":"Les villes au coeur des in\u00e9galit\u00e9s examine la fa\u00e7on dont ces in\u00e9galit\u00e9s sont produites et reproduites, \u00e0 la fois dans et entre les villes.","robots":{"index":"index","follow":"follow","max-snippet":"max-snippet:-1","max-image-preview":"max-image-preview:large","max-video-preview":"max-video-preview:-1"},"canonical":"https:\/\/www.istegroup.com\/fr\/produit\/les-villes-au-coeur-des-inegalites\/","og_locale":"fr_FR","og_type":"article","og_title":"Les villes au c\u0153ur des ine\u0301galite\u0301s - ISTE Group","og_description":"Les villes au coeur des in\u00e9galit\u00e9s examine la fa\u00e7on dont ces in\u00e9galit\u00e9s sont produites et reproduites, \u00e0 la fois dans et entre les villes.","og_url":"https:\/\/www.istegroup.com\/fr\/produit\/les-villes-au-coeur-des-inegalites\/","og_site_name":"ISTE Group","article_modified_time":"2025-01-03T12:02:22+00:00","og_image":[{"width":300,"height":450,"url":"https:\/\/www.istegroup.com\/wp-content\/uploads\/2022\/06\/Les-villes-au-coeur-des-inegalites_sciences.jpeg","type":"image\/jpeg"}],"twitter_card":"summary_large_image","twitter_misc":{"Est. reading time":"1 minute"},"schema":{"@context":"https:\/\/schema.org","@graph":[{"@type":"WebPage","@id":"https:\/\/www.istegroup.com\/fr\/produit\/les-villes-au-coeur-des-inegalites\/","url":"https:\/\/www.istegroup.com\/fr\/produit\/les-villes-au-coeur-des-inegalites\/","name":"Les villes au c\u0153ur des ine\u0301galite\u0301s - ISTE Group","isPartOf":{"@id":"https:\/\/www.istegroup.com\/#website"},"primaryImageOfPage":{"@id":"https:\/\/www.istegroup.com\/fr\/produit\/les-villes-au-coeur-des-inegalites\/#primaryimage"},"image":{"@id":"https:\/\/www.istegroup.com\/fr\/produit\/les-villes-au-coeur-des-inegalites\/#primaryimage"},"thumbnailUrl":"https:\/\/www.istegroup.com\/wp-content\/uploads\/2022\/06\/Les-villes-au-coeur-des-inegalites_sciences.jpeg","datePublished":"2022-07-05T08:40:02+00:00","dateModified":"2025-01-03T12:02:22+00:00","description":"Les villes au coeur des in\u00e9galit\u00e9s examine la fa\u00e7on dont ces in\u00e9galit\u00e9s sont produites et reproduites, \u00e0 la fois dans et entre les villes.","breadcrumb":{"@id":"https:\/\/www.istegroup.com\/fr\/produit\/les-villes-au-coeur-des-inegalites\/#breadcrumb"},"inLanguage":"fr-FR","potentialAction":[{"@type":"ReadAction","target":["https:\/\/www.istegroup.com\/fr\/produit\/les-villes-au-coeur-des-inegalites\/"]}]},{"@type":"ImageObject","inLanguage":"fr-FR","@id":"https:\/\/www.istegroup.com\/fr\/produit\/les-villes-au-coeur-des-inegalites\/#primaryimage","url":"https:\/\/www.istegroup.com\/wp-content\/uploads\/2022\/06\/Les-villes-au-coeur-des-inegalites_sciences.jpeg","contentUrl":"https:\/\/www.istegroup.com\/wp-content\/uploads\/2022\/06\/Les-villes-au-coeur-des-inegalites_sciences.jpeg","width":300,"height":450,"caption":"Livre scientifique - Les villes au coeur des in\u00e9galit\u00e9s - Encyclop\u00e9die SCIENCES"},{"@type":"BreadcrumbList","@id":"https:\/\/www.istegroup.com\/fr\/produit\/les-villes-au-coeur-des-inegalites\/#breadcrumb","itemListElement":[{"@type":"ListItem","position":1,"name":"Home","item":"https:\/\/www.istegroup.com\/"},{"@type":"ListItem","position":2,"name":"Shop","item":"https:\/\/www.istegroup.com\/fr\/nouveautes\/"},{"@type":"ListItem","position":3,"name":"Les villes au c\u0153ur des ine\u0301galite\u0301s"}]},{"@type":"WebSite","@id":"https:\/\/www.istegroup.com\/#website","url":"https:\/\/www.istegroup.com\/","name":"ISTE Group","description":"\u00c9diteur des Sciences","potentialAction":[{"@type":"SearchAction","target":{"@type":"EntryPoint","urlTemplate":"https:\/\/www.istegroup.com\/?s={search_term_string}"},"query-input":{"@type":"PropertyValueSpecification","valueRequired":true,"valueName":"search_term_string"}}],"inLanguage":"fr-FR"}]}},"_links":{"self":[{"href":"https:\/\/www.istegroup.com\/fr\/wp-json\/wp\/v2\/product\/23766","targetHints":{"allow":["GET"]}}],"collection":[{"href":"https:\/\/www.istegroup.com\/fr\/wp-json\/wp\/v2\/product"}],"about":[{"href":"https:\/\/www.istegroup.com\/fr\/wp-json\/wp\/v2\/types\/product"}],"wp:featuredmedia":[{"embeddable":true,"href":"https:\/\/www.istegroup.com\/fr\/wp-json\/wp\/v2\/media\/47045"}],"wp:attachment":[{"href":"https:\/\/www.istegroup.com\/fr\/wp-json\/wp\/v2\/media?parent=23766"}],"wp:term":[{"taxonomy":"product_brand","embeddable":true,"href":"https:\/\/www.istegroup.com\/fr\/wp-json\/wp\/v2\/product_brand?post=23766"},{"taxonomy":"product_cat","embeddable":true,"href":"https:\/\/www.istegroup.com\/fr\/wp-json\/wp\/v2\/product_cat?post=23766"},{"taxonomy":"product_tag","embeddable":true,"href":"https:\/\/www.istegroup.com\/fr\/wp-json\/wp\/v2\/product_tag?post=23766"}],"curies":[{"name":"wp","href":"https:\/\/api.w.org\/{rel}","templated":true}]}}