{"id":23753,"date":"2025-05-28T16:44:15","date_gmt":"2025-05-28T15:44:15","guid":{"rendered":"https:\/\/www.istegroup.com\/?post_type=product&#038;p=23753"},"modified":"2025-06-20T15:22:50","modified_gmt":"2025-06-20T14:22:50","slug":"dynamiques-du-peuplement-mondial","status":"publish","type":"product","link":"https:\/\/www.istegroup.com\/fr\/produit\/dynamiques-du-peuplement-mondial\/","title":{"rendered":"Dynamiques du peuplement mondial"},"content":{"rendered":"<p>Huit milliards d\u2019humains sur la Terre : o\u00f9 sont-ils ? Comment sommes-nous arriv\u00e9s \u00e0 la r\u00e9partition actuelle des humains sur la plan\u00e8te ? Quelle forme prend-elle et comment \u00e9voluera-t-elle ?<\/p>\n<p>La r\u00e9ponse originale propos\u00e9e dans cet ouvrage repose sur la volont\u00e9 explicite de placer le peuplement au coeur de son questionnement, en variant le niveau d\u2019analyse du global au local. Apr\u00e8s avoir rappel\u00e9 comment les humains ont colonis\u00e9 l\u2019ensemble de la plan\u00e8te, <em>Dynamiques du peuplement mondial<\/em> pr\u00e9sente leur r\u00e9partition actuelle, qui est majoritairement urbaine. Les dynamiques de la population (natalit\u00e9, mortalit\u00e9, migration) entra\u00eenent des changements (dont la d\u00e9croissance d\u00e9mographique de certaines r\u00e9gions) qui sont pr\u00e9sent\u00e9s et expliqu\u00e9s sous l\u2019angle des mobilit\u00e9s r\u00e9sidentielles et des migrations internationales, tout en questionnant l\u2019impact que peuvent avoir les changements climatiques en cours. L\u2019ouvrage conclut par une interrogation concernant l\u2019avenir de ce peuplement, en s\u2019appuyant sur les donn\u00e9es de l\u2019ONU et en posant la question de la durabilit\u00e9 des implantations humaines sur Terre.<\/p>\n","protected":false},"excerpt":{"rendered":"<p>Huit milliards d\u2019humains sur la Terre : o\u00f9 sont-ils ? Comment sommes-nous arriv\u00e9s \u00e0 la r\u00e9partition actuelle des humains sur la plan\u00e8te ? Quelle forme prend-elle et comment \u00e9voluera-t-elle ? La r\u00e9ponse originale propos\u00e9e dans cet ouvrage repose sur la volont\u00e9 explicite de placer le peuplement au coeur de son questionnement, en variant le niveau [&hellip;]<\/p>\n","protected":false},"featured_media":60397,"template":"","meta":{"_acf_changed":false,"_links_to":"","_links_to_target":""},"product_brand":[],"product_cat":[4289],"product_tag":[],"class_list":{"0":"post-23753","1":"product","2":"type-product","3":"status-publish","4":"has-post-thumbnail","6":"product_cat-sciences","8":"first","9":"instock","10":"shipping-taxable","11":"purchasable","12":"product-type-variable"},"acf":[],"yoast_head":"<!-- This site is optimized with the Yoast SEO plugin v27.2 - https:\/\/yoast.com\/product\/yoast-seo-wordpress\/ -->\n<title>Dynamiques du peuplement mondial - ISTE Group<\/title>\n<meta name=\"description\" content=\"Apr\u00e8s avoir rappel\u00e9 comment les humains ont colonis\u00e9 l\u2019ensemble de la plan\u00e8te, Dynamiques du peuplement mondial pr\u00e9sente leur r\u00e9partition actuelle, qui est majoritairement urbaine.\" \/>\n<meta name=\"robots\" content=\"index, follow, max-snippet:-1, max-image-preview:large, max-video-preview:-1\" \/>\n<link rel=\"canonical\" href=\"https:\/\/www.istegroup.com\/produit\/dynamiques-du-peuplement-mondial\/\" \/>\n<meta property=\"og:locale\" content=\"fr_FR\" \/>\n<meta property=\"og:type\" content=\"article\" \/>\n<meta property=\"og:title\" content=\"Dynamiques du peuplement mondial - ISTE Group\" \/>\n<meta property=\"og:description\" content=\"Apr\u00e8s avoir rappel\u00e9 comment les humains ont colonis\u00e9 l\u2019ensemble de la plan\u00e8te, Dynamiques du peuplement mondial pr\u00e9sente leur r\u00e9partition actuelle, qui est majoritairement urbaine.\" \/>\n<meta property=\"og:url\" content=\"https:\/\/www.istegroup.com\/produit\/dynamiques-du-peuplement-mondial\/\" \/>\n<meta property=\"og:site_name\" content=\"ISTE Group\" \/>\n<meta property=\"article:modified_time\" content=\"2025-06-20T14:22:50+00:00\" \/>\n<meta property=\"og:image\" content=\"https:\/\/www.istegroup.com\/wp-content\/uploads\/2019\/11\/Dynamiques-du-peuplement-mondial.jpg\" \/>\n\t<meta property=\"og:image:width\" content=\"300\" \/>\n\t<meta property=\"og:image:height\" content=\"450\" \/>\n\t<meta property=\"og:image:type\" content=\"image\/jpeg\" \/>\n<meta name=\"twitter:card\" content=\"summary_large_image\" \/>\n<meta name=\"twitter:label1\" content=\"Est. reading time\" \/>\n\t<meta name=\"twitter:data1\" content=\"1 minute\" \/>\n<script type=\"application\/ld+json\" class=\"yoast-schema-graph\">{\"@context\":\"https:\/\/schema.org\",\"@graph\":[{\"@type\":\"WebPage\",\"@id\":\"https:\/\/www.istegroup.com\/produit\/dynamiques-du-peuplement-mondial\/\",\"url\":\"https:\/\/www.istegroup.com\/produit\/dynamiques-du-peuplement-mondial\/\",\"name\":\"Dynamiques du peuplement mondial - ISTE Group\",\"isPartOf\":{\"@id\":\"https:\/\/www.istegroup.com\/#website\"},\"primaryImageOfPage\":{\"@id\":\"https:\/\/www.istegroup.com\/produit\/dynamiques-du-peuplement-mondial\/#primaryimage\"},\"image\":{\"@id\":\"https:\/\/www.istegroup.com\/produit\/dynamiques-du-peuplement-mondial\/#primaryimage\"},\"thumbnailUrl\":\"https:\/\/www.istegroup.com\/wp-content\/uploads\/2019\/11\/Dynamiques-du-peuplement-mondial.jpg\",\"datePublished\":\"2025-05-28T15:44:15+00:00\",\"dateModified\":\"2025-06-20T14:22:50+00:00\",\"description\":\"Apr\u00e8s avoir rappel\u00e9 comment les humains ont colonis\u00e9 l\u2019ensemble de la plan\u00e8te, Dynamiques du peuplement mondial pr\u00e9sente leur r\u00e9partition actuelle, qui est majoritairement urbaine.\",\"breadcrumb\":{\"@id\":\"https:\/\/www.istegroup.com\/produit\/dynamiques-du-peuplement-mondial\/#breadcrumb\"},\"inLanguage\":\"fr-FR\",\"potentialAction\":[{\"@type\":\"ReadAction\",\"target\":[\"https:\/\/www.istegroup.com\/produit\/dynamiques-du-peuplement-mondial\/\"]}]},{\"@type\":\"ImageObject\",\"inLanguage\":\"fr-FR\",\"@id\":\"https:\/\/www.istegroup.com\/produit\/dynamiques-du-peuplement-mondial\/#primaryimage\",\"url\":\"https:\/\/www.istegroup.com\/wp-content\/uploads\/2019\/11\/Dynamiques-du-peuplement-mondial.jpg\",\"contentUrl\":\"https:\/\/www.istegroup.com\/wp-content\/uploads\/2019\/11\/Dynamiques-du-peuplement-mondial.jpg\",\"width\":300,\"height\":450},{\"@type\":\"BreadcrumbList\",\"@id\":\"https:\/\/www.istegroup.com\/produit\/dynamiques-du-peuplement-mondial\/#breadcrumb\",\"itemListElement\":[{\"@type\":\"ListItem\",\"position\":1,\"name\":\"Home\",\"item\":\"https:\/\/www.istegroup.com\/\"},{\"@type\":\"ListItem\",\"position\":2,\"name\":\"Shop\",\"item\":\"https:\/\/www.istegroup.com\/fr\/nouveautes\/\"},{\"@type\":\"ListItem\",\"position\":3,\"name\":\"Dynamiques du peuplement mondial\"}]},{\"@type\":\"WebSite\",\"@id\":\"https:\/\/www.istegroup.com\/#website\",\"url\":\"https:\/\/www.istegroup.com\/\",\"name\":\"ISTE Group\",\"description\":\"\u00c9diteur des Sciences\",\"potentialAction\":[{\"@type\":\"SearchAction\",\"target\":{\"@type\":\"EntryPoint\",\"urlTemplate\":\"https:\/\/www.istegroup.com\/?s={search_term_string}\"},\"query-input\":{\"@type\":\"PropertyValueSpecification\",\"valueRequired\":true,\"valueName\":\"search_term_string\"}}],\"inLanguage\":\"fr-FR\"}]}<\/script>\n<!-- \/ Yoast SEO plugin. -->","yoast_head_json":{"title":"Dynamiques du peuplement mondial - ISTE Group","description":"Apr\u00e8s avoir rappel\u00e9 comment les humains ont colonis\u00e9 l\u2019ensemble de la plan\u00e8te, Dynamiques du peuplement mondial pr\u00e9sente leur r\u00e9partition actuelle, qui est majoritairement urbaine.","robots":{"index":"index","follow":"follow","max-snippet":"max-snippet:-1","max-image-preview":"max-image-preview:large","max-video-preview":"max-video-preview:-1"},"canonical":"https:\/\/www.istegroup.com\/produit\/dynamiques-du-peuplement-mondial\/","og_locale":"fr_FR","og_type":"article","og_title":"Dynamiques du peuplement mondial - ISTE Group","og_description":"Apr\u00e8s avoir rappel\u00e9 comment les humains ont colonis\u00e9 l\u2019ensemble de la plan\u00e8te, Dynamiques du peuplement mondial pr\u00e9sente leur r\u00e9partition actuelle, qui est majoritairement urbaine.","og_url":"https:\/\/www.istegroup.com\/produit\/dynamiques-du-peuplement-mondial\/","og_site_name":"ISTE Group","article_modified_time":"2025-06-20T14:22:50+00:00","og_image":[{"width":300,"height":450,"url":"https:\/\/www.istegroup.com\/wp-content\/uploads\/2019\/11\/Dynamiques-du-peuplement-mondial.jpg","type":"image\/jpeg"}],"twitter_card":"summary_large_image","twitter_misc":{"Est. reading time":"1 minute"},"schema":{"@context":"https:\/\/schema.org","@graph":[{"@type":"WebPage","@id":"https:\/\/www.istegroup.com\/produit\/dynamiques-du-peuplement-mondial\/","url":"https:\/\/www.istegroup.com\/produit\/dynamiques-du-peuplement-mondial\/","name":"Dynamiques du peuplement mondial - ISTE Group","isPartOf":{"@id":"https:\/\/www.istegroup.com\/#website"},"primaryImageOfPage":{"@id":"https:\/\/www.istegroup.com\/produit\/dynamiques-du-peuplement-mondial\/#primaryimage"},"image":{"@id":"https:\/\/www.istegroup.com\/produit\/dynamiques-du-peuplement-mondial\/#primaryimage"},"thumbnailUrl":"https:\/\/www.istegroup.com\/wp-content\/uploads\/2019\/11\/Dynamiques-du-peuplement-mondial.jpg","datePublished":"2025-05-28T15:44:15+00:00","dateModified":"2025-06-20T14:22:50+00:00","description":"Apr\u00e8s avoir rappel\u00e9 comment les humains ont colonis\u00e9 l\u2019ensemble de la plan\u00e8te, Dynamiques du peuplement mondial pr\u00e9sente leur r\u00e9partition actuelle, qui est majoritairement urbaine.","breadcrumb":{"@id":"https:\/\/www.istegroup.com\/produit\/dynamiques-du-peuplement-mondial\/#breadcrumb"},"inLanguage":"fr-FR","potentialAction":[{"@type":"ReadAction","target":["https:\/\/www.istegroup.com\/produit\/dynamiques-du-peuplement-mondial\/"]}]},{"@type":"ImageObject","inLanguage":"fr-FR","@id":"https:\/\/www.istegroup.com\/produit\/dynamiques-du-peuplement-mondial\/#primaryimage","url":"https:\/\/www.istegroup.com\/wp-content\/uploads\/2019\/11\/Dynamiques-du-peuplement-mondial.jpg","contentUrl":"https:\/\/www.istegroup.com\/wp-content\/uploads\/2019\/11\/Dynamiques-du-peuplement-mondial.jpg","width":300,"height":450},{"@type":"BreadcrumbList","@id":"https:\/\/www.istegroup.com\/produit\/dynamiques-du-peuplement-mondial\/#breadcrumb","itemListElement":[{"@type":"ListItem","position":1,"name":"Home","item":"https:\/\/www.istegroup.com\/"},{"@type":"ListItem","position":2,"name":"Shop","item":"https:\/\/www.istegroup.com\/fr\/nouveautes\/"},{"@type":"ListItem","position":3,"name":"Dynamiques du peuplement mondial"}]},{"@type":"WebSite","@id":"https:\/\/www.istegroup.com\/#website","url":"https:\/\/www.istegroup.com\/","name":"ISTE Group","description":"\u00c9diteur des Sciences","potentialAction":[{"@type":"SearchAction","target":{"@type":"EntryPoint","urlTemplate":"https:\/\/www.istegroup.com\/?s={search_term_string}"},"query-input":{"@type":"PropertyValueSpecification","valueRequired":true,"valueName":"search_term_string"}}],"inLanguage":"fr-FR"}]}},"_links":{"self":[{"href":"https:\/\/www.istegroup.com\/fr\/wp-json\/wp\/v2\/product\/23753","targetHints":{"allow":["GET"]}}],"collection":[{"href":"https:\/\/www.istegroup.com\/fr\/wp-json\/wp\/v2\/product"}],"about":[{"href":"https:\/\/www.istegroup.com\/fr\/wp-json\/wp\/v2\/types\/product"}],"wp:featuredmedia":[{"embeddable":true,"href":"https:\/\/www.istegroup.com\/fr\/wp-json\/wp\/v2\/media\/60397"}],"wp:attachment":[{"href":"https:\/\/www.istegroup.com\/fr\/wp-json\/wp\/v2\/media?parent=23753"}],"wp:term":[{"taxonomy":"product_brand","embeddable":true,"href":"https:\/\/www.istegroup.com\/fr\/wp-json\/wp\/v2\/product_brand?post=23753"},{"taxonomy":"product_cat","embeddable":true,"href":"https:\/\/www.istegroup.com\/fr\/wp-json\/wp\/v2\/product_cat?post=23753"},{"taxonomy":"product_tag","embeddable":true,"href":"https:\/\/www.istegroup.com\/fr\/wp-json\/wp\/v2\/product_tag?post=23753"}],"curies":[{"name":"wp","href":"https:\/\/api.w.org\/{rel}","templated":true}]}}