{"id":23751,"date":"2021-09-23T16:42:56","date_gmt":"2021-09-23T15:42:56","guid":{"rendered":"https:\/\/www.istegroup.com\/?post_type=product&#038;p=23751"},"modified":"2025-01-03T12:06:18","modified_gmt":"2025-01-03T12:06:18","slug":"population-et-questions-de-developpement","status":"publish","type":"product","link":"https:\/\/www.istegroup.com\/fr\/produit\/population-et-questions-de-developpement\/","title":{"rendered":"Population et questions de d\u00e9veloppement"},"content":{"rendered":"<p>Un des enjeux majeurs de la plan\u00e8te est l\u2019interaction entre les \u00e9volutions d\u00e9mographiques et le d\u00e9veloppement, mais la population est-elle le probl\u00e8me majeur ou un facteur parmi d\u2019autres et en particulier la pauvret\u00e9, l\u2019analphab\u00e9tisme, l\u2019urbanisation anarchique, l\u2019in\u00e9galit\u00e9 entre hommes et femmes ?<\/p>\n<p><em>Population et questions de d\u00e9veloppement<\/em> analyse les relations entre les principales variables d\u00e9mographiques et des grandes questions de d\u00e9veloppement.<\/p>\n<p>Cet ouvrage, qui rassemble des contributions de sp\u00e9cialistes de chaque domaine, offre une pr\u00e9sentation simple et claire des donn\u00e9es empiriques associ\u00e9e \u00e0 une r\u00e9flexion th\u00e9orique sur les implications pour le d\u00e9veloppement, qu\u2019il s\u2019agisse d\u2019\u00e9ducation, d\u2019emploi, de sant\u00e9, des in\u00e9galit\u00e9s ou du climat.<\/p>\n","protected":false},"excerpt":{"rendered":"<p>Un des enjeux majeurs de la plan\u00e8te est l\u2019interaction entre les \u00e9volutions d\u00e9mographiques et le d\u00e9veloppement, mais la population est-elle le probl\u00e8me majeur ou un facteur parmi d\u2019autres et en particulier la pauvret\u00e9, l\u2019analphab\u00e9tisme, l\u2019urbanisation anarchique, l\u2019in\u00e9galit\u00e9 entre hommes et femmes ? Population et questions de d\u00e9veloppement analyse les relations entre les principales variables d\u00e9mographiques [&hellip;]<\/p>\n","protected":false},"featured_media":45323,"template":"","meta":{"_acf_changed":false,"_links_to":"","_links_to_target":""},"product_brand":[],"product_cat":[4289],"product_tag":[],"class_list":{"0":"post-23751","1":"product","2":"type-product","3":"status-publish","4":"has-post-thumbnail","6":"product_cat-sciences","8":"first","9":"instock","10":"shipping-taxable","11":"purchasable","12":"product-type-variable"},"acf":[],"yoast_head":"<!-- This site is optimized with the Yoast SEO plugin v27.2 - https:\/\/yoast.com\/product\/yoast-seo-wordpress\/ -->\n<title>Population et questions de d\u00e9veloppement - ISTE Group<\/title>\n<meta name=\"description\" content=\"Population et questions de d\u00e9veloppement analyse les relations entre les principales variables d\u00e9mographiques et des grandes questions de d\u00e9veloppement.\" \/>\n<meta name=\"robots\" content=\"index, follow, max-snippet:-1, max-image-preview:large, max-video-preview:-1\" \/>\n<link rel=\"canonical\" href=\"https:\/\/www.istegroup.com\/en\/produit\/population-et-questions-de-developpement\/\" \/>\n<meta property=\"og:locale\" content=\"fr_FR\" \/>\n<meta property=\"og:type\" content=\"article\" \/>\n<meta property=\"og:title\" content=\"Population et questions de d\u00e9veloppement - ISTE Group\" \/>\n<meta property=\"og:description\" content=\"Population et questions de d\u00e9veloppement analyse les relations entre les principales variables d\u00e9mographiques et des grandes questions de d\u00e9veloppement.\" \/>\n<meta property=\"og:url\" content=\"https:\/\/www.istegroup.com\/en\/produit\/population-et-questions-de-developpement\/\" \/>\n<meta property=\"og:site_name\" content=\"ISTE Group\" \/>\n<meta property=\"article:modified_time\" content=\"2025-01-03T12:06:18+00:00\" \/>\n<meta property=\"og:image\" content=\"https:\/\/www.istegroup.com\/wp-content\/uploads\/2022\/02\/couv-Populations-et-questions-de-de\u0301veloppement.png\" \/>\n\t<meta property=\"og:image:width\" content=\"300\" \/>\n\t<meta property=\"og:image:height\" content=\"450\" \/>\n\t<meta property=\"og:image:type\" content=\"image\/png\" \/>\n<meta name=\"twitter:card\" content=\"summary_large_image\" \/>\n<meta name=\"twitter:label1\" content=\"Est. reading time\" \/>\n\t<meta name=\"twitter:data1\" content=\"1 minute\" \/>\n<script type=\"application\/ld+json\" class=\"yoast-schema-graph\">{\"@context\":\"https:\/\/schema.org\",\"@graph\":[{\"@type\":\"WebPage\",\"@id\":\"https:\/\/www.istegroup.com\/en\/produit\/population-et-questions-de-developpement\/\",\"url\":\"https:\/\/www.istegroup.com\/en\/produit\/population-et-questions-de-developpement\/\",\"name\":\"Population et questions de d\u00e9veloppement - ISTE Group\",\"isPartOf\":{\"@id\":\"https:\/\/www.istegroup.com\/#website\"},\"primaryImageOfPage\":{\"@id\":\"https:\/\/www.istegroup.com\/en\/produit\/population-et-questions-de-developpement\/#primaryimage\"},\"image\":{\"@id\":\"https:\/\/www.istegroup.com\/en\/produit\/population-et-questions-de-developpement\/#primaryimage\"},\"thumbnailUrl\":\"https:\/\/www.istegroup.com\/wp-content\/uploads\/2022\/02\/couv-Populations-et-questions-de-de\u0301veloppement.png\",\"datePublished\":\"2021-09-23T15:42:56+00:00\",\"dateModified\":\"2025-01-03T12:06:18+00:00\",\"description\":\"Population et questions de d\u00e9veloppement analyse les relations entre les principales variables d\u00e9mographiques et des grandes questions de d\u00e9veloppement.\",\"breadcrumb\":{\"@id\":\"https:\/\/www.istegroup.com\/en\/produit\/population-et-questions-de-developpement\/#breadcrumb\"},\"inLanguage\":\"fr-FR\",\"potentialAction\":[{\"@type\":\"ReadAction\",\"target\":[\"https:\/\/www.istegroup.com\/en\/produit\/population-et-questions-de-developpement\/\"]}]},{\"@type\":\"ImageObject\",\"inLanguage\":\"fr-FR\",\"@id\":\"https:\/\/www.istegroup.com\/en\/produit\/population-et-questions-de-developpement\/#primaryimage\",\"url\":\"https:\/\/www.istegroup.com\/wp-content\/uploads\/2022\/02\/couv-Populations-et-questions-de-de\u0301veloppement.png\",\"contentUrl\":\"https:\/\/www.istegroup.com\/wp-content\/uploads\/2022\/02\/couv-Populations-et-questions-de-de\u0301veloppement.png\",\"width\":300,\"height\":450,\"caption\":\"Livre scientifique - Population et questions de d\u00e9veloppement - Encyclop\u00e9die SCIENCES\"},{\"@type\":\"BreadcrumbList\",\"@id\":\"https:\/\/www.istegroup.com\/en\/produit\/population-et-questions-de-developpement\/#breadcrumb\",\"itemListElement\":[{\"@type\":\"ListItem\",\"position\":1,\"name\":\"Home\",\"item\":\"https:\/\/www.istegroup.com\/\"},{\"@type\":\"ListItem\",\"position\":2,\"name\":\"Shop\",\"item\":\"https:\/\/www.istegroup.com\/fr\/nouveautes\/\"},{\"@type\":\"ListItem\",\"position\":3,\"name\":\"Population et questions de d\u00e9veloppement\"}]},{\"@type\":\"WebSite\",\"@id\":\"https:\/\/www.istegroup.com\/#website\",\"url\":\"https:\/\/www.istegroup.com\/\",\"name\":\"ISTE Group\",\"description\":\"\u00c9diteur des Sciences\",\"potentialAction\":[{\"@type\":\"SearchAction\",\"target\":{\"@type\":\"EntryPoint\",\"urlTemplate\":\"https:\/\/www.istegroup.com\/?s={search_term_string}\"},\"query-input\":{\"@type\":\"PropertyValueSpecification\",\"valueRequired\":true,\"valueName\":\"search_term_string\"}}],\"inLanguage\":\"fr-FR\"}]}<\/script>\n<!-- \/ Yoast SEO plugin. -->","yoast_head_json":{"title":"Population et questions de d\u00e9veloppement - ISTE Group","description":"Population et questions de d\u00e9veloppement analyse les relations entre les principales variables d\u00e9mographiques et des grandes questions de d\u00e9veloppement.","robots":{"index":"index","follow":"follow","max-snippet":"max-snippet:-1","max-image-preview":"max-image-preview:large","max-video-preview":"max-video-preview:-1"},"canonical":"https:\/\/www.istegroup.com\/en\/produit\/population-et-questions-de-developpement\/","og_locale":"fr_FR","og_type":"article","og_title":"Population et questions de d\u00e9veloppement - ISTE Group","og_description":"Population et questions de d\u00e9veloppement analyse les relations entre les principales variables d\u00e9mographiques et des grandes questions de d\u00e9veloppement.","og_url":"https:\/\/www.istegroup.com\/en\/produit\/population-et-questions-de-developpement\/","og_site_name":"ISTE Group","article_modified_time":"2025-01-03T12:06:18+00:00","og_image":[{"width":300,"height":450,"url":"https:\/\/www.istegroup.com\/wp-content\/uploads\/2022\/02\/couv-Populations-et-questions-de-de\u0301veloppement.png","type":"image\/png"}],"twitter_card":"summary_large_image","twitter_misc":{"Est. reading time":"1 minute"},"schema":{"@context":"https:\/\/schema.org","@graph":[{"@type":"WebPage","@id":"https:\/\/www.istegroup.com\/en\/produit\/population-et-questions-de-developpement\/","url":"https:\/\/www.istegroup.com\/en\/produit\/population-et-questions-de-developpement\/","name":"Population et questions de d\u00e9veloppement - ISTE Group","isPartOf":{"@id":"https:\/\/www.istegroup.com\/#website"},"primaryImageOfPage":{"@id":"https:\/\/www.istegroup.com\/en\/produit\/population-et-questions-de-developpement\/#primaryimage"},"image":{"@id":"https:\/\/www.istegroup.com\/en\/produit\/population-et-questions-de-developpement\/#primaryimage"},"thumbnailUrl":"https:\/\/www.istegroup.com\/wp-content\/uploads\/2022\/02\/couv-Populations-et-questions-de-de\u0301veloppement.png","datePublished":"2021-09-23T15:42:56+00:00","dateModified":"2025-01-03T12:06:18+00:00","description":"Population et questions de d\u00e9veloppement analyse les relations entre les principales variables d\u00e9mographiques et des grandes questions de d\u00e9veloppement.","breadcrumb":{"@id":"https:\/\/www.istegroup.com\/en\/produit\/population-et-questions-de-developpement\/#breadcrumb"},"inLanguage":"fr-FR","potentialAction":[{"@type":"ReadAction","target":["https:\/\/www.istegroup.com\/en\/produit\/population-et-questions-de-developpement\/"]}]},{"@type":"ImageObject","inLanguage":"fr-FR","@id":"https:\/\/www.istegroup.com\/en\/produit\/population-et-questions-de-developpement\/#primaryimage","url":"https:\/\/www.istegroup.com\/wp-content\/uploads\/2022\/02\/couv-Populations-et-questions-de-de\u0301veloppement.png","contentUrl":"https:\/\/www.istegroup.com\/wp-content\/uploads\/2022\/02\/couv-Populations-et-questions-de-de\u0301veloppement.png","width":300,"height":450,"caption":"Livre scientifique - Population et questions de d\u00e9veloppement - Encyclop\u00e9die SCIENCES"},{"@type":"BreadcrumbList","@id":"https:\/\/www.istegroup.com\/en\/produit\/population-et-questions-de-developpement\/#breadcrumb","itemListElement":[{"@type":"ListItem","position":1,"name":"Home","item":"https:\/\/www.istegroup.com\/"},{"@type":"ListItem","position":2,"name":"Shop","item":"https:\/\/www.istegroup.com\/fr\/nouveautes\/"},{"@type":"ListItem","position":3,"name":"Population et questions de d\u00e9veloppement"}]},{"@type":"WebSite","@id":"https:\/\/www.istegroup.com\/#website","url":"https:\/\/www.istegroup.com\/","name":"ISTE Group","description":"\u00c9diteur des Sciences","potentialAction":[{"@type":"SearchAction","target":{"@type":"EntryPoint","urlTemplate":"https:\/\/www.istegroup.com\/?s={search_term_string}"},"query-input":{"@type":"PropertyValueSpecification","valueRequired":true,"valueName":"search_term_string"}}],"inLanguage":"fr-FR"}]}},"_links":{"self":[{"href":"https:\/\/www.istegroup.com\/fr\/wp-json\/wp\/v2\/product\/23751","targetHints":{"allow":["GET"]}}],"collection":[{"href":"https:\/\/www.istegroup.com\/fr\/wp-json\/wp\/v2\/product"}],"about":[{"href":"https:\/\/www.istegroup.com\/fr\/wp-json\/wp\/v2\/types\/product"}],"wp:featuredmedia":[{"embeddable":true,"href":"https:\/\/www.istegroup.com\/fr\/wp-json\/wp\/v2\/media\/45323"}],"wp:attachment":[{"href":"https:\/\/www.istegroup.com\/fr\/wp-json\/wp\/v2\/media?parent=23751"}],"wp:term":[{"taxonomy":"product_brand","embeddable":true,"href":"https:\/\/www.istegroup.com\/fr\/wp-json\/wp\/v2\/product_brand?post=23751"},{"taxonomy":"product_cat","embeddable":true,"href":"https:\/\/www.istegroup.com\/fr\/wp-json\/wp\/v2\/product_cat?post=23751"},{"taxonomy":"product_tag","embeddable":true,"href":"https:\/\/www.istegroup.com\/fr\/wp-json\/wp\/v2\/product_tag?post=23751"}],"curies":[{"name":"wp","href":"https:\/\/api.w.org\/{rel}","templated":true}]}}