{"id":23745,"date":"2023-09-26T15:33:16","date_gmt":"2023-09-26T14:33:16","guid":{"rendered":"https:\/\/www.istegroup.com\/?post_type=product&#038;p=23745"},"modified":"2025-01-03T11:07:14","modified_gmt":"2025-01-03T11:07:14","slug":"traitements-et-cartographie-de-linformation-geographique","status":"publish","type":"product","link":"https:\/\/www.istegroup.com\/fr\/produit\/traitements-et-cartographie-de-linformation-geographique\/","title":{"rendered":"Traitements et cartographie de l\u2019information g\u00e9ographique"},"content":{"rendered":"<p>Avec la massification des donn\u00e9es et la syst\u00e9matisation du r\u00e9f\u00e9rencement g\u00e9ographique de l\u2019information, les cartes constituent aujourd\u2019hui des enjeux importants, tant pour les sp\u00e9cialistes que pour les organismes d\u2019am\u00e9nagement, d\u2019urbanisme ou le grand public. Cependant, si produire une carte peut para\u00eetre facile, le passage concret des donn\u00e9es \u00e0 une carte utile pour la question pos\u00e9e est jalonn\u00e9 par une succession d\u2019op\u00e9rations pr\u00e9cises mobilisant des connaissances en divers domaines : statistique, g\u00e9ographie, cartographie, etc.<\/p>\n<p><em>Traitements et cartographie de l\u2019information g\u00e9ographique<\/em> pr\u00e9sente une diversit\u00e9 d\u2019encha\u00eenements d\u2019op\u00e9rations \u00e0 partir d\u2019exemples vari\u00e9s. Chaque chapitre emprunte un chemin diff\u00e9rent, explicitant les choix m\u00e9thodologiques op\u00e9r\u00e9s en fonction du th\u00e8me trait\u00e9 et du but poursuivi.<\/p>\n<p>Cette approche couvrant l\u2019ensemble de la d\u00e9marche de production d\u2019une carte permettra \u00e0 tout lecteur, qu\u2019il soit \u00e9tudiant, chercheur, enseignant ou am\u00e9nagiste de comprendre les multiples r\u00f4les que la carte peut jouer dans des analyses de donn\u00e9es g\u00e9ographiques.<\/p>\n<p><a style=\"color: #1e9691;\" href=\"https:\/\/www.istegroup.com\/wp-content\/uploads\/2023\/09\/Erratum-Mathian_chap2_GueroisMadelin.pdf\">Erratum Chapitre 2<\/a><\/p>","protected":false},"excerpt":{"rendered":"<p>Avec la massification des donn\u00e9es et la syst\u00e9matisation du r\u00e9f\u00e9rencement g\u00e9ographique de l\u2019information, les cartes constituent aujourd\u2019hui des enjeux importants, tant pour les sp\u00e9cialistes que pour les organismes d\u2019am\u00e9nagement, d\u2019urbanisme ou le grand public. Cependant, si produire une carte peut para\u00eetre facile, le passage concret des donn\u00e9es \u00e0 une carte utile pour la question pos\u00e9e [&hellip;]<\/p>\n","protected":false},"featured_media":53091,"template":"","meta":{"_acf_changed":false,"_links_to":"","_links_to_target":""},"product_brand":[],"product_cat":[4289],"product_tag":[],"class_list":{"0":"post-23745","1":"product","2":"type-product","3":"status-publish","4":"has-post-thumbnail","6":"product_cat-sciences","8":"first","9":"instock","10":"shipping-taxable","11":"purchasable","12":"product-type-variable"},"acf":[],"yoast_head":"<!-- This site is optimized with the Yoast SEO plugin v27.2 - https:\/\/yoast.com\/product\/yoast-seo-wordpress\/ -->\n<title>Traitements et cartographie de l\u2019information g\u00e9ographique - ISTE Group<\/title>\n<meta name=\"description\" content=\"Traitements et cartographie de l\u2019information g\u00e9ographique pr\u00e9sente une diversit\u00e9 d\u2019encha\u00eenements d\u2019op\u00e9rations \u00e0 partir d\u2019exemples vari\u00e9s.\" \/>\n<meta name=\"robots\" content=\"index, follow, max-snippet:-1, max-image-preview:large, max-video-preview:-1\" \/>\n<link rel=\"canonical\" href=\"https:\/\/www.istegroup.com\/en\/produit\/traitements-et-cartographie-de-linformation-geographique\/\" \/>\n<meta property=\"og:locale\" content=\"fr_FR\" \/>\n<meta property=\"og:type\" content=\"article\" \/>\n<meta property=\"og:title\" content=\"Traitements et cartographie de l\u2019information g\u00e9ographique - ISTE Group\" \/>\n<meta property=\"og:description\" content=\"Traitements et cartographie de l\u2019information g\u00e9ographique pr\u00e9sente une diversit\u00e9 d\u2019encha\u00eenements d\u2019op\u00e9rations \u00e0 partir d\u2019exemples vari\u00e9s.\" \/>\n<meta property=\"og:url\" content=\"https:\/\/www.istegroup.com\/en\/produit\/traitements-et-cartographie-de-linformation-geographique\/\" \/>\n<meta property=\"og:site_name\" content=\"ISTE Group\" \/>\n<meta property=\"article:modified_time\" content=\"2025-01-03T11:07:14+00:00\" \/>\n<meta property=\"og:image\" content=\"https:\/\/www.istegroup.com\/wp-content\/uploads\/2019\/11\/Traitements-et-cartographie-de-linformation-geographique.jpeg\" \/>\n\t<meta property=\"og:image:width\" content=\"300\" \/>\n\t<meta property=\"og:image:height\" content=\"450\" \/>\n\t<meta property=\"og:image:type\" content=\"image\/jpeg\" \/>\n<meta name=\"twitter:card\" content=\"summary_large_image\" \/>\n<meta name=\"twitter:label1\" content=\"Est. reading time\" \/>\n\t<meta name=\"twitter:data1\" content=\"1 minute\" \/>\n<script type=\"application\/ld+json\" class=\"yoast-schema-graph\">{\"@context\":\"https:\/\/schema.org\",\"@graph\":[{\"@type\":\"WebPage\",\"@id\":\"https:\/\/www.istegroup.com\/en\/produit\/traitements-et-cartographie-de-linformation-geographique\/\",\"url\":\"https:\/\/www.istegroup.com\/en\/produit\/traitements-et-cartographie-de-linformation-geographique\/\",\"name\":\"Traitements et cartographie de l\u2019information g\u00e9ographique - ISTE Group\",\"isPartOf\":{\"@id\":\"https:\/\/www.istegroup.com\/#website\"},\"primaryImageOfPage\":{\"@id\":\"https:\/\/www.istegroup.com\/en\/produit\/traitements-et-cartographie-de-linformation-geographique\/#primaryimage\"},\"image\":{\"@id\":\"https:\/\/www.istegroup.com\/en\/produit\/traitements-et-cartographie-de-linformation-geographique\/#primaryimage\"},\"thumbnailUrl\":\"https:\/\/www.istegroup.com\/wp-content\/uploads\/2019\/11\/Traitements-et-cartographie-de-linformation-geographique.jpeg\",\"datePublished\":\"2023-09-26T14:33:16+00:00\",\"dateModified\":\"2025-01-03T11:07:14+00:00\",\"description\":\"Traitements et cartographie de l\u2019information g\u00e9ographique pr\u00e9sente une diversit\u00e9 d\u2019encha\u00eenements d\u2019op\u00e9rations \u00e0 partir d\u2019exemples vari\u00e9s.\",\"breadcrumb\":{\"@id\":\"https:\/\/www.istegroup.com\/en\/produit\/traitements-et-cartographie-de-linformation-geographique\/#breadcrumb\"},\"inLanguage\":\"fr-FR\",\"potentialAction\":[{\"@type\":\"ReadAction\",\"target\":[\"https:\/\/www.istegroup.com\/en\/produit\/traitements-et-cartographie-de-linformation-geographique\/\"]}]},{\"@type\":\"ImageObject\",\"inLanguage\":\"fr-FR\",\"@id\":\"https:\/\/www.istegroup.com\/en\/produit\/traitements-et-cartographie-de-linformation-geographique\/#primaryimage\",\"url\":\"https:\/\/www.istegroup.com\/wp-content\/uploads\/2019\/11\/Traitements-et-cartographie-de-linformation-geographique.jpeg\",\"contentUrl\":\"https:\/\/www.istegroup.com\/wp-content\/uploads\/2019\/11\/Traitements-et-cartographie-de-linformation-geographique.jpeg\",\"width\":300,\"height\":450,\"caption\":\"Livre scientifique - Traitements et cartographie de l'information g\u00e9ographique\"},{\"@type\":\"BreadcrumbList\",\"@id\":\"https:\/\/www.istegroup.com\/en\/produit\/traitements-et-cartographie-de-linformation-geographique\/#breadcrumb\",\"itemListElement\":[{\"@type\":\"ListItem\",\"position\":1,\"name\":\"Home\",\"item\":\"https:\/\/www.istegroup.com\/\"},{\"@type\":\"ListItem\",\"position\":2,\"name\":\"Shop\",\"item\":\"https:\/\/www.istegroup.com\/fr\/nouveautes\/\"},{\"@type\":\"ListItem\",\"position\":3,\"name\":\"Traitements et cartographie de l\u2019information g\u00e9ographique\"}]},{\"@type\":\"WebSite\",\"@id\":\"https:\/\/www.istegroup.com\/#website\",\"url\":\"https:\/\/www.istegroup.com\/\",\"name\":\"ISTE Group\",\"description\":\"\u00c9diteur des Sciences\",\"potentialAction\":[{\"@type\":\"SearchAction\",\"target\":{\"@type\":\"EntryPoint\",\"urlTemplate\":\"https:\/\/www.istegroup.com\/?s={search_term_string}\"},\"query-input\":{\"@type\":\"PropertyValueSpecification\",\"valueRequired\":true,\"valueName\":\"search_term_string\"}}],\"inLanguage\":\"fr-FR\"}]}<\/script>\n<!-- \/ Yoast SEO plugin. -->","yoast_head_json":{"title":"Traitements et cartographie de l\u2019information g\u00e9ographique - ISTE Group","description":"Traitements et cartographie de l\u2019information g\u00e9ographique pr\u00e9sente une diversit\u00e9 d\u2019encha\u00eenements d\u2019op\u00e9rations \u00e0 partir d\u2019exemples vari\u00e9s.","robots":{"index":"index","follow":"follow","max-snippet":"max-snippet:-1","max-image-preview":"max-image-preview:large","max-video-preview":"max-video-preview:-1"},"canonical":"https:\/\/www.istegroup.com\/en\/produit\/traitements-et-cartographie-de-linformation-geographique\/","og_locale":"fr_FR","og_type":"article","og_title":"Traitements et cartographie de l\u2019information g\u00e9ographique - ISTE Group","og_description":"Traitements et cartographie de l\u2019information g\u00e9ographique pr\u00e9sente une diversit\u00e9 d\u2019encha\u00eenements d\u2019op\u00e9rations \u00e0 partir d\u2019exemples vari\u00e9s.","og_url":"https:\/\/www.istegroup.com\/en\/produit\/traitements-et-cartographie-de-linformation-geographique\/","og_site_name":"ISTE Group","article_modified_time":"2025-01-03T11:07:14+00:00","og_image":[{"width":300,"height":450,"url":"https:\/\/www.istegroup.com\/wp-content\/uploads\/2019\/11\/Traitements-et-cartographie-de-linformation-geographique.jpeg","type":"image\/jpeg"}],"twitter_card":"summary_large_image","twitter_misc":{"Est. reading time":"1 minute"},"schema":{"@context":"https:\/\/schema.org","@graph":[{"@type":"WebPage","@id":"https:\/\/www.istegroup.com\/en\/produit\/traitements-et-cartographie-de-linformation-geographique\/","url":"https:\/\/www.istegroup.com\/en\/produit\/traitements-et-cartographie-de-linformation-geographique\/","name":"Traitements et cartographie de l\u2019information g\u00e9ographique - ISTE Group","isPartOf":{"@id":"https:\/\/www.istegroup.com\/#website"},"primaryImageOfPage":{"@id":"https:\/\/www.istegroup.com\/en\/produit\/traitements-et-cartographie-de-linformation-geographique\/#primaryimage"},"image":{"@id":"https:\/\/www.istegroup.com\/en\/produit\/traitements-et-cartographie-de-linformation-geographique\/#primaryimage"},"thumbnailUrl":"https:\/\/www.istegroup.com\/wp-content\/uploads\/2019\/11\/Traitements-et-cartographie-de-linformation-geographique.jpeg","datePublished":"2023-09-26T14:33:16+00:00","dateModified":"2025-01-03T11:07:14+00:00","description":"Traitements et cartographie de l\u2019information g\u00e9ographique pr\u00e9sente une diversit\u00e9 d\u2019encha\u00eenements d\u2019op\u00e9rations \u00e0 partir d\u2019exemples vari\u00e9s.","breadcrumb":{"@id":"https:\/\/www.istegroup.com\/en\/produit\/traitements-et-cartographie-de-linformation-geographique\/#breadcrumb"},"inLanguage":"fr-FR","potentialAction":[{"@type":"ReadAction","target":["https:\/\/www.istegroup.com\/en\/produit\/traitements-et-cartographie-de-linformation-geographique\/"]}]},{"@type":"ImageObject","inLanguage":"fr-FR","@id":"https:\/\/www.istegroup.com\/en\/produit\/traitements-et-cartographie-de-linformation-geographique\/#primaryimage","url":"https:\/\/www.istegroup.com\/wp-content\/uploads\/2019\/11\/Traitements-et-cartographie-de-linformation-geographique.jpeg","contentUrl":"https:\/\/www.istegroup.com\/wp-content\/uploads\/2019\/11\/Traitements-et-cartographie-de-linformation-geographique.jpeg","width":300,"height":450,"caption":"Livre scientifique - Traitements et cartographie de l'information g\u00e9ographique"},{"@type":"BreadcrumbList","@id":"https:\/\/www.istegroup.com\/en\/produit\/traitements-et-cartographie-de-linformation-geographique\/#breadcrumb","itemListElement":[{"@type":"ListItem","position":1,"name":"Home","item":"https:\/\/www.istegroup.com\/"},{"@type":"ListItem","position":2,"name":"Shop","item":"https:\/\/www.istegroup.com\/fr\/nouveautes\/"},{"@type":"ListItem","position":3,"name":"Traitements et cartographie de l\u2019information g\u00e9ographique"}]},{"@type":"WebSite","@id":"https:\/\/www.istegroup.com\/#website","url":"https:\/\/www.istegroup.com\/","name":"ISTE Group","description":"\u00c9diteur des Sciences","potentialAction":[{"@type":"SearchAction","target":{"@type":"EntryPoint","urlTemplate":"https:\/\/www.istegroup.com\/?s={search_term_string}"},"query-input":{"@type":"PropertyValueSpecification","valueRequired":true,"valueName":"search_term_string"}}],"inLanguage":"fr-FR"}]}},"_links":{"self":[{"href":"https:\/\/www.istegroup.com\/fr\/wp-json\/wp\/v2\/product\/23745","targetHints":{"allow":["GET"]}}],"collection":[{"href":"https:\/\/www.istegroup.com\/fr\/wp-json\/wp\/v2\/product"}],"about":[{"href":"https:\/\/www.istegroup.com\/fr\/wp-json\/wp\/v2\/types\/product"}],"wp:featuredmedia":[{"embeddable":true,"href":"https:\/\/www.istegroup.com\/fr\/wp-json\/wp\/v2\/media\/53091"}],"wp:attachment":[{"href":"https:\/\/www.istegroup.com\/fr\/wp-json\/wp\/v2\/media?parent=23745"}],"wp:term":[{"taxonomy":"product_brand","embeddable":true,"href":"https:\/\/www.istegroup.com\/fr\/wp-json\/wp\/v2\/product_brand?post=23745"},{"taxonomy":"product_cat","embeddable":true,"href":"https:\/\/www.istegroup.com\/fr\/wp-json\/wp\/v2\/product_cat?post=23745"},{"taxonomy":"product_tag","embeddable":true,"href":"https:\/\/www.istegroup.com\/fr\/wp-json\/wp\/v2\/product_tag?post=23745"}],"curies":[{"name":"wp","href":"https:\/\/api.w.org\/{rel}","templated":true}]}}