{"id":23737,"date":"2021-08-23T17:07:31","date_gmt":"2021-08-23T16:07:31","guid":{"rendered":"https:\/\/www.istegroup.com\/?post_type=product&#038;p=23737"},"modified":"2025-01-03T12:10:47","modified_gmt":"2025-01-03T12:10:47","slug":"les-batteries-na-ion","status":"publish","type":"product","link":"https:\/\/www.istegroup.com\/fr\/produit\/les-batteries-na-ion\/","title":{"rendered":"Les batteries Na-ion"},"content":{"rendered":"<p>Les batteries Na-ion font l\u2019objet de nombreuses recherches r\u00e9centes, certaines d\u2019entre elles sont actuellement en phase de commercialisation.<\/p>\n<p>Cet ouvrage pr\u00e9sente \u00e0 la fois les aspects fondamentaux et appliqu\u00e9s de ces batteries. Il d\u00e9crit la recherche r\u00e9cente r\u00e9alis\u00e9e sur de nouveaux mat\u00e9riaux d\u2019\u00e9lectrode, notamment sur les deux principales familles de mat\u00e9riaux d\u2019\u00e9lectrode positive, les oxydes lamellaires de type Na<sub>x<\/sub>MO<sub>2<\/sub> et les compos\u00e9s de type polyanionique, ainsi que sur des mat\u00e9riaux d\u2019\u00e9lectrode n\u00e9gative comme les carbones durs et les mat\u00e9riaux non carbon\u00e9s.<\/p>\n<p>Il traite \u00e9galement des recherches r\u00e9centes offrant une alternative possible aux \u00e9lectrolytes classiques et \u00e9tudie les connaissances acquises sur la formation et la nature de la couche de passivation form\u00e9e \u00e0 l\u2019interface avec l\u2019\u00e9lectrolyte (SEI) et sur sa stabilisation lors du cyclage des batteries Na-ion. Enfin, il pr\u00e9sente les d\u00e9veloppements r\u00e9alis\u00e9s par deux industriels, Faradion (Grande- Bretagne) et Natron Energy (\u00c9tats-Unis), qui ont mis\u00e9 sur des batteries Na-ion pr\u00e9sentant des chimies diff\u00e9rentes.<\/p>","protected":false},"excerpt":{"rendered":"<p>Les batteries Na-ion font l\u2019objet de nombreuses recherches r\u00e9centes, certaines d\u2019entre elles sont actuellement en phase de commercialisation. Cet ouvrage pr\u00e9sente \u00e0 la fois les aspects fondamentaux et appliqu\u00e9s de ces batteries. Il d\u00e9crit la recherche r\u00e9cente r\u00e9alis\u00e9e sur de nouveaux mat\u00e9riaux d\u2019\u00e9lectrode, notamment sur les deux principales familles de mat\u00e9riaux d\u2019\u00e9lectrode positive, les oxydes [&hellip;]<\/p>\n","protected":false},"featured_media":42929,"template":"","meta":{"_acf_changed":false,"_links_to":"","_links_to_target":""},"product_brand":[],"product_cat":[4289],"product_tag":[],"class_list":{"0":"post-23737","1":"product","2":"type-product","3":"status-publish","4":"has-post-thumbnail","6":"product_cat-sciences","8":"first","9":"instock","10":"shipping-taxable","11":"purchasable","12":"product-type-variable"},"acf":[],"yoast_head":"<!-- This site is optimized with the Yoast SEO plugin v27.2 - https:\/\/yoast.com\/product\/yoast-seo-wordpress\/ -->\n<title>Les batteries Na-ion - ISTE Group<\/title>\n<meta name=\"description\" content=\"Cet ouvrage pr\u00e9sente \u00e0 la fois les aspects fondamentaux et appliqu\u00e9s des batteries Na-ion. Il d\u00e9crit la recherche r\u00e9cente r\u00e9alis\u00e9e sur de nouveaux mat\u00e9riaux d\u2019\u00e9lectrode, notamment sur les deux principales familles de mat\u00e9riaux d\u2019\u00e9lectrode positive, les oxydes lamellaires de type NaxMO2 et les compos\u00e9s de type polyanionique, ainsi que sur des mat\u00e9riaux d\u2019\u00e9lectrode n\u00e9gative comme les carbones durs et les mat\u00e9riaux non carbon\u00e9s.\" \/>\n<meta name=\"robots\" content=\"index, follow, max-snippet:-1, max-image-preview:large, max-video-preview:-1\" \/>\n<link rel=\"canonical\" href=\"https:\/\/www.istegroup.com\/produit\/les-batteries-na-ion\/\" \/>\n<meta property=\"og:locale\" content=\"fr_FR\" \/>\n<meta property=\"og:type\" content=\"article\" \/>\n<meta property=\"og:title\" content=\"Les batteries Na-ion - ISTE Group\" \/>\n<meta property=\"og:description\" content=\"Cet ouvrage pr\u00e9sente \u00e0 la fois les aspects fondamentaux et appliqu\u00e9s des batteries Na-ion. Il d\u00e9crit la recherche r\u00e9cente r\u00e9alis\u00e9e sur de nouveaux mat\u00e9riaux d\u2019\u00e9lectrode, notamment sur les deux principales familles de mat\u00e9riaux d\u2019\u00e9lectrode positive, les oxydes lamellaires de type NaxMO2 et les compos\u00e9s de type polyanionique, ainsi que sur des mat\u00e9riaux d\u2019\u00e9lectrode n\u00e9gative comme les carbones durs et les mat\u00e9riaux non carbon\u00e9s.\" \/>\n<meta property=\"og:url\" content=\"https:\/\/www.istegroup.com\/produit\/les-batteries-na-ion\/\" \/>\n<meta property=\"og:site_name\" content=\"ISTE Group\" \/>\n<meta property=\"article:modified_time\" content=\"2025-01-03T12:10:47+00:00\" \/>\n<meta property=\"og:image\" content=\"https:\/\/www.istegroup.com\/wp-content\/uploads\/2021\/07\/013_Les-batteries-Na-ion.jpeg\" \/>\n\t<meta property=\"og:image:width\" content=\"300\" \/>\n\t<meta property=\"og:image:height\" content=\"450\" \/>\n\t<meta property=\"og:image:type\" content=\"image\/jpeg\" \/>\n<meta name=\"twitter:card\" content=\"summary_large_image\" \/>\n<meta name=\"twitter:label1\" content=\"Est. reading time\" \/>\n\t<meta name=\"twitter:data1\" content=\"1 minute\" \/>\n<script type=\"application\/ld+json\" class=\"yoast-schema-graph\">{\"@context\":\"https:\/\/schema.org\",\"@graph\":[{\"@type\":\"WebPage\",\"@id\":\"https:\/\/www.istegroup.com\/produit\/les-batteries-na-ion\/\",\"url\":\"https:\/\/www.istegroup.com\/produit\/les-batteries-na-ion\/\",\"name\":\"Les batteries Na-ion - ISTE Group\",\"isPartOf\":{\"@id\":\"https:\/\/www.istegroup.com\/#website\"},\"primaryImageOfPage\":{\"@id\":\"https:\/\/www.istegroup.com\/produit\/les-batteries-na-ion\/#primaryimage\"},\"image\":{\"@id\":\"https:\/\/www.istegroup.com\/produit\/les-batteries-na-ion\/#primaryimage\"},\"thumbnailUrl\":\"https:\/\/www.istegroup.com\/wp-content\/uploads\/2021\/07\/013_Les-batteries-Na-ion.jpeg\",\"datePublished\":\"2021-08-23T16:07:31+00:00\",\"dateModified\":\"2025-01-03T12:10:47+00:00\",\"description\":\"Cet ouvrage pr\u00e9sente \u00e0 la fois les aspects fondamentaux et appliqu\u00e9s des batteries Na-ion. Il d\u00e9crit la recherche r\u00e9cente r\u00e9alis\u00e9e sur de nouveaux mat\u00e9riaux d\u2019\u00e9lectrode, notamment sur les deux principales familles de mat\u00e9riaux d\u2019\u00e9lectrode positive, les oxydes lamellaires de type NaxMO2 et les compos\u00e9s de type polyanionique, ainsi que sur des mat\u00e9riaux d\u2019\u00e9lectrode n\u00e9gative comme les carbones durs et les mat\u00e9riaux non carbon\u00e9s.\",\"breadcrumb\":{\"@id\":\"https:\/\/www.istegroup.com\/produit\/les-batteries-na-ion\/#breadcrumb\"},\"inLanguage\":\"fr-FR\",\"potentialAction\":[{\"@type\":\"ReadAction\",\"target\":[\"https:\/\/www.istegroup.com\/produit\/les-batteries-na-ion\/\"]}]},{\"@type\":\"ImageObject\",\"inLanguage\":\"fr-FR\",\"@id\":\"https:\/\/www.istegroup.com\/produit\/les-batteries-na-ion\/#primaryimage\",\"url\":\"https:\/\/www.istegroup.com\/wp-content\/uploads\/2021\/07\/013_Les-batteries-Na-ion.jpeg\",\"contentUrl\":\"https:\/\/www.istegroup.com\/wp-content\/uploads\/2021\/07\/013_Les-batteries-Na-ion.jpeg\",\"width\":300,\"height\":450,\"caption\":\"Livre scientifique - Les batteries Na-ion - Laure Monconduit et Laurence Croguennec\"},{\"@type\":\"BreadcrumbList\",\"@id\":\"https:\/\/www.istegroup.com\/produit\/les-batteries-na-ion\/#breadcrumb\",\"itemListElement\":[{\"@type\":\"ListItem\",\"position\":1,\"name\":\"Home\",\"item\":\"https:\/\/www.istegroup.com\/\"},{\"@type\":\"ListItem\",\"position\":2,\"name\":\"Shop\",\"item\":\"https:\/\/www.istegroup.com\/fr\/nouveautes\/\"},{\"@type\":\"ListItem\",\"position\":3,\"name\":\"Les batteries Na-ion\"}]},{\"@type\":\"WebSite\",\"@id\":\"https:\/\/www.istegroup.com\/#website\",\"url\":\"https:\/\/www.istegroup.com\/\",\"name\":\"ISTE Group\",\"description\":\"\u00c9diteur des Sciences\",\"potentialAction\":[{\"@type\":\"SearchAction\",\"target\":{\"@type\":\"EntryPoint\",\"urlTemplate\":\"https:\/\/www.istegroup.com\/?s={search_term_string}\"},\"query-input\":{\"@type\":\"PropertyValueSpecification\",\"valueRequired\":true,\"valueName\":\"search_term_string\"}}],\"inLanguage\":\"fr-FR\"}]}<\/script>\n<!-- \/ Yoast SEO plugin. -->","yoast_head_json":{"title":"Les batteries Na-ion - ISTE Group","description":"Cet ouvrage pr\u00e9sente \u00e0 la fois les aspects fondamentaux et appliqu\u00e9s des batteries Na-ion. Il d\u00e9crit la recherche r\u00e9cente r\u00e9alis\u00e9e sur de nouveaux mat\u00e9riaux d\u2019\u00e9lectrode, notamment sur les deux principales familles de mat\u00e9riaux d\u2019\u00e9lectrode positive, les oxydes lamellaires de type NaxMO2 et les compos\u00e9s de type polyanionique, ainsi que sur des mat\u00e9riaux d\u2019\u00e9lectrode n\u00e9gative comme les carbones durs et les mat\u00e9riaux non carbon\u00e9s.","robots":{"index":"index","follow":"follow","max-snippet":"max-snippet:-1","max-image-preview":"max-image-preview:large","max-video-preview":"max-video-preview:-1"},"canonical":"https:\/\/www.istegroup.com\/produit\/les-batteries-na-ion\/","og_locale":"fr_FR","og_type":"article","og_title":"Les batteries Na-ion - ISTE Group","og_description":"Cet ouvrage pr\u00e9sente \u00e0 la fois les aspects fondamentaux et appliqu\u00e9s des batteries Na-ion. Il d\u00e9crit la recherche r\u00e9cente r\u00e9alis\u00e9e sur de nouveaux mat\u00e9riaux d\u2019\u00e9lectrode, notamment sur les deux principales familles de mat\u00e9riaux d\u2019\u00e9lectrode positive, les oxydes lamellaires de type NaxMO2 et les compos\u00e9s de type polyanionique, ainsi que sur des mat\u00e9riaux d\u2019\u00e9lectrode n\u00e9gative comme les carbones durs et les mat\u00e9riaux non carbon\u00e9s.","og_url":"https:\/\/www.istegroup.com\/produit\/les-batteries-na-ion\/","og_site_name":"ISTE Group","article_modified_time":"2025-01-03T12:10:47+00:00","og_image":[{"width":300,"height":450,"url":"https:\/\/www.istegroup.com\/wp-content\/uploads\/2021\/07\/013_Les-batteries-Na-ion.jpeg","type":"image\/jpeg"}],"twitter_card":"summary_large_image","twitter_misc":{"Est. reading time":"1 minute"},"schema":{"@context":"https:\/\/schema.org","@graph":[{"@type":"WebPage","@id":"https:\/\/www.istegroup.com\/produit\/les-batteries-na-ion\/","url":"https:\/\/www.istegroup.com\/produit\/les-batteries-na-ion\/","name":"Les batteries Na-ion - ISTE Group","isPartOf":{"@id":"https:\/\/www.istegroup.com\/#website"},"primaryImageOfPage":{"@id":"https:\/\/www.istegroup.com\/produit\/les-batteries-na-ion\/#primaryimage"},"image":{"@id":"https:\/\/www.istegroup.com\/produit\/les-batteries-na-ion\/#primaryimage"},"thumbnailUrl":"https:\/\/www.istegroup.com\/wp-content\/uploads\/2021\/07\/013_Les-batteries-Na-ion.jpeg","datePublished":"2021-08-23T16:07:31+00:00","dateModified":"2025-01-03T12:10:47+00:00","description":"Cet ouvrage pr\u00e9sente \u00e0 la fois les aspects fondamentaux et appliqu\u00e9s des batteries Na-ion. Il d\u00e9crit la recherche r\u00e9cente r\u00e9alis\u00e9e sur de nouveaux mat\u00e9riaux d\u2019\u00e9lectrode, notamment sur les deux principales familles de mat\u00e9riaux d\u2019\u00e9lectrode positive, les oxydes lamellaires de type NaxMO2 et les compos\u00e9s de type polyanionique, ainsi que sur des mat\u00e9riaux d\u2019\u00e9lectrode n\u00e9gative comme les carbones durs et les mat\u00e9riaux non carbon\u00e9s.","breadcrumb":{"@id":"https:\/\/www.istegroup.com\/produit\/les-batteries-na-ion\/#breadcrumb"},"inLanguage":"fr-FR","potentialAction":[{"@type":"ReadAction","target":["https:\/\/www.istegroup.com\/produit\/les-batteries-na-ion\/"]}]},{"@type":"ImageObject","inLanguage":"fr-FR","@id":"https:\/\/www.istegroup.com\/produit\/les-batteries-na-ion\/#primaryimage","url":"https:\/\/www.istegroup.com\/wp-content\/uploads\/2021\/07\/013_Les-batteries-Na-ion.jpeg","contentUrl":"https:\/\/www.istegroup.com\/wp-content\/uploads\/2021\/07\/013_Les-batteries-Na-ion.jpeg","width":300,"height":450,"caption":"Livre scientifique - Les batteries Na-ion - Laure Monconduit et Laurence Croguennec"},{"@type":"BreadcrumbList","@id":"https:\/\/www.istegroup.com\/produit\/les-batteries-na-ion\/#breadcrumb","itemListElement":[{"@type":"ListItem","position":1,"name":"Home","item":"https:\/\/www.istegroup.com\/"},{"@type":"ListItem","position":2,"name":"Shop","item":"https:\/\/www.istegroup.com\/fr\/nouveautes\/"},{"@type":"ListItem","position":3,"name":"Les batteries Na-ion"}]},{"@type":"WebSite","@id":"https:\/\/www.istegroup.com\/#website","url":"https:\/\/www.istegroup.com\/","name":"ISTE Group","description":"\u00c9diteur des Sciences","potentialAction":[{"@type":"SearchAction","target":{"@type":"EntryPoint","urlTemplate":"https:\/\/www.istegroup.com\/?s={search_term_string}"},"query-input":{"@type":"PropertyValueSpecification","valueRequired":true,"valueName":"search_term_string"}}],"inLanguage":"fr-FR"}]}},"_links":{"self":[{"href":"https:\/\/www.istegroup.com\/fr\/wp-json\/wp\/v2\/product\/23737","targetHints":{"allow":["GET"]}}],"collection":[{"href":"https:\/\/www.istegroup.com\/fr\/wp-json\/wp\/v2\/product"}],"about":[{"href":"https:\/\/www.istegroup.com\/fr\/wp-json\/wp\/v2\/types\/product"}],"wp:featuredmedia":[{"embeddable":true,"href":"https:\/\/www.istegroup.com\/fr\/wp-json\/wp\/v2\/media\/42929"}],"wp:attachment":[{"href":"https:\/\/www.istegroup.com\/fr\/wp-json\/wp\/v2\/media?parent=23737"}],"wp:term":[{"taxonomy":"product_brand","embeddable":true,"href":"https:\/\/www.istegroup.com\/fr\/wp-json\/wp\/v2\/product_brand?post=23737"},{"taxonomy":"product_cat","embeddable":true,"href":"https:\/\/www.istegroup.com\/fr\/wp-json\/wp\/v2\/product_cat?post=23737"},{"taxonomy":"product_tag","embeddable":true,"href":"https:\/\/www.istegroup.com\/fr\/wp-json\/wp\/v2\/product_tag?post=23737"}],"curies":[{"name":"wp","href":"https:\/\/api.w.org\/{rel}","templated":true}]}}