{"id":23730,"date":"2025-07-16T17:00:39","date_gmt":"2025-07-16T16:00:39","guid":{"rendered":"https:\/\/www.istegroup.com\/?post_type=product&#038;p=23730"},"modified":"2025-07-25T11:15:42","modified_gmt":"2025-07-25T10:15:42","slug":"micro-nano-generateurs-thermoelectriques-1","status":"publish","type":"product","link":"https:\/\/www.istegroup.com\/fr\/produit\/micro-nano-generateurs-thermoelectriques-1\/","title":{"rendered":"Micro-nano g\u00e9n\u00e9rateurs thermo\u00e9lectriques 1"},"content":{"rendered":"<p><em>Micro-nano g\u00e9n\u00e9rateurs thermo\u00e9lectriques 1<\/em> explore une technologie essentielle au coeur des enjeux contemporains li\u00e9s \u00e0 l\u2019Internet des objets. Ce r\u00e9seau d\u2019objets connect\u00e9s facilite la communication et la collecte d\u2019informations \u00e0 une \u00e9chelle in\u00e9dite. Mais que se passerait-il si ce r\u00e9seau devenait soudainement indisponible, en raison d\u2019une p\u00e9nurie d\u2019\u00e9nergie ou d\u2019\u00e9lectricit\u00e9 ? Les g\u00e9n\u00e9rateurs thermo\u00e9lectriques apparaissent comme une solution prometteuse \u00e0 ce d\u00e9fi : ils permettent de convertir la chaleur ambiante en \u00e9lectricit\u00e9, fournissant ainsi une source d\u2019\u00e9nergie autonome et durable pour alimenter nos technologies.<\/p>\n<p>Ce volume examine le d\u00e9veloppement des micro- et nano-g\u00e9n\u00e9rateurs thermo\u00e9lectriques \u00e0 travers des approches computationnelles et exp\u00e9rimentales. Il met en lumi\u00e8re l\u2019utilisation de mat\u00e9riaux abondants comme les chalcog\u00e9nures de cuivre et d\u2019argent, ainsi que les mat\u00e9riaux \u00e0 base de nanocarbone. Des synth\u00e8ses approfondies sont propos\u00e9es sur les principes universels d\u2019am\u00e9lioration des performances, en particulier dans le cas des oxydes fortement corr\u00e9l\u00e9s. L\u2019ouvrage accorde \u00e9galement une attention particuli\u00e8re \u00e0 la m\u00e9trologie des propri\u00e9t\u00e9s thermiques, d\u00e9taillant notamment les m\u00e9thodes de mesure du coefficient de Seebeck absolu via l\u2019effet Thomson et la mesure de la diffusivit\u00e9 thermique des films minces par la m\u00e9thode du flash laser ultrarapide.<\/p>\n","protected":false},"excerpt":{"rendered":"<p>Micro-nano g\u00e9n\u00e9rateurs thermo\u00e9lectriques 1 explore une technologie essentielle au coeur des enjeux contemporains li\u00e9s \u00e0 l\u2019Internet des objets. Ce r\u00e9seau d\u2019objets connect\u00e9s facilite la communication et la collecte d\u2019informations \u00e0 une \u00e9chelle in\u00e9dite. Mais que se passerait-il si ce r\u00e9seau devenait soudainement indisponible, en raison d\u2019une p\u00e9nurie d\u2019\u00e9nergie ou d\u2019\u00e9lectricit\u00e9 ? Les g\u00e9n\u00e9rateurs thermo\u00e9lectriques apparaissent [&hellip;]<\/p>\n","protected":false},"featured_media":60963,"template":"","meta":{"_acf_changed":false,"_links_to":"","_links_to_target":""},"product_brand":[],"product_cat":[4289],"product_tag":[],"class_list":{"0":"post-23730","1":"product","2":"type-product","3":"status-publish","4":"has-post-thumbnail","6":"product_cat-sciences","8":"first","9":"instock","10":"shipping-taxable","11":"purchasable","12":"product-type-variable"},"acf":[],"yoast_head":"<!-- This site is optimized with the Yoast SEO plugin v27.2 - https:\/\/yoast.com\/product\/yoast-seo-wordpress\/ -->\n<title>Micro-nano g\u00e9n\u00e9rateurs thermo\u00e9lectriques 1 - ISTE Group<\/title>\n<meta name=\"description\" content=\"Micro-nano g\u00e9n\u00e9rateurs thermo\u00e9lectriques 1 explore une technologie essentielle au coeur des enjeux contemporains li\u00e9s \u00e0 l\u2019Internet des objets. Ce r\u00e9seau d\u2019objets connect\u00e9s facilite la communication et la collecte d\u2019informations \u00e0 une \u00e9chelle in\u00e9dite.\" \/>\n<meta name=\"robots\" content=\"index, follow, max-snippet:-1, max-image-preview:large, max-video-preview:-1\" \/>\n<link rel=\"canonical\" href=\"https:\/\/www.istegroup.com\/produit\/micro-nano-generateurs-thermoelectriques-1\/\" \/>\n<meta property=\"og:locale\" content=\"fr_FR\" \/>\n<meta property=\"og:type\" content=\"article\" \/>\n<meta property=\"og:title\" content=\"Micro-nano g\u00e9n\u00e9rateurs thermo\u00e9lectriques 1 - ISTE Group\" \/>\n<meta property=\"og:description\" content=\"Micro-nano g\u00e9n\u00e9rateurs thermo\u00e9lectriques 1 explore une technologie essentielle au coeur des enjeux contemporains li\u00e9s \u00e0 l\u2019Internet des objets. Ce r\u00e9seau d\u2019objets connect\u00e9s facilite la communication et la collecte d\u2019informations \u00e0 une \u00e9chelle in\u00e9dite.\" \/>\n<meta property=\"og:url\" content=\"https:\/\/www.istegroup.com\/produit\/micro-nano-generateurs-thermoelectriques-1\/\" \/>\n<meta property=\"og:site_name\" content=\"ISTE Group\" \/>\n<meta property=\"article:modified_time\" content=\"2025-07-25T10:15:42+00:00\" \/>\n<meta property=\"og:image\" content=\"https:\/\/www.istegroup.com\/wp-content\/uploads\/2019\/11\/Micro-nano-generateurs-thermoelectriques-1.jpeg\" \/>\n\t<meta property=\"og:image:width\" content=\"300\" \/>\n\t<meta property=\"og:image:height\" content=\"450\" \/>\n\t<meta property=\"og:image:type\" content=\"image\/jpeg\" \/>\n<meta name=\"twitter:card\" content=\"summary_large_image\" \/>\n<meta name=\"twitter:label1\" content=\"Est. reading time\" \/>\n\t<meta name=\"twitter:data1\" content=\"2 minutes\" \/>\n<script type=\"application\/ld+json\" class=\"yoast-schema-graph\">{\"@context\":\"https:\/\/schema.org\",\"@graph\":[{\"@type\":\"WebPage\",\"@id\":\"https:\/\/www.istegroup.com\/produit\/micro-nano-generateurs-thermoelectriques-1\/\",\"url\":\"https:\/\/www.istegroup.com\/produit\/micro-nano-generateurs-thermoelectriques-1\/\",\"name\":\"Micro-nano g\u00e9n\u00e9rateurs thermo\u00e9lectriques 1 - ISTE Group\",\"isPartOf\":{\"@id\":\"https:\/\/www.istegroup.com\/#website\"},\"primaryImageOfPage\":{\"@id\":\"https:\/\/www.istegroup.com\/produit\/micro-nano-generateurs-thermoelectriques-1\/#primaryimage\"},\"image\":{\"@id\":\"https:\/\/www.istegroup.com\/produit\/micro-nano-generateurs-thermoelectriques-1\/#primaryimage\"},\"thumbnailUrl\":\"https:\/\/www.istegroup.com\/wp-content\/uploads\/2019\/11\/Micro-nano-generateurs-thermoelectriques-1.jpeg\",\"datePublished\":\"2025-07-16T16:00:39+00:00\",\"dateModified\":\"2025-07-25T10:15:42+00:00\",\"description\":\"Micro-nano g\u00e9n\u00e9rateurs thermo\u00e9lectriques 1 explore une technologie essentielle au coeur des enjeux contemporains li\u00e9s \u00e0 l\u2019Internet des objets. Ce r\u00e9seau d\u2019objets connect\u00e9s facilite la communication et la collecte d\u2019informations \u00e0 une \u00e9chelle in\u00e9dite.\",\"breadcrumb\":{\"@id\":\"https:\/\/www.istegroup.com\/produit\/micro-nano-generateurs-thermoelectriques-1\/#breadcrumb\"},\"inLanguage\":\"fr-FR\",\"potentialAction\":[{\"@type\":\"ReadAction\",\"target\":[\"https:\/\/www.istegroup.com\/produit\/micro-nano-generateurs-thermoelectriques-1\/\"]}]},{\"@type\":\"ImageObject\",\"inLanguage\":\"fr-FR\",\"@id\":\"https:\/\/www.istegroup.com\/produit\/micro-nano-generateurs-thermoelectriques-1\/#primaryimage\",\"url\":\"https:\/\/www.istegroup.com\/wp-content\/uploads\/2019\/11\/Micro-nano-generateurs-thermoelectriques-1.jpeg\",\"contentUrl\":\"https:\/\/www.istegroup.com\/wp-content\/uploads\/2019\/11\/Micro-nano-generateurs-thermoelectriques-1.jpeg\",\"width\":300,\"height\":450},{\"@type\":\"BreadcrumbList\",\"@id\":\"https:\/\/www.istegroup.com\/produit\/micro-nano-generateurs-thermoelectriques-1\/#breadcrumb\",\"itemListElement\":[{\"@type\":\"ListItem\",\"position\":1,\"name\":\"Home\",\"item\":\"https:\/\/www.istegroup.com\/\"},{\"@type\":\"ListItem\",\"position\":2,\"name\":\"Shop\",\"item\":\"https:\/\/www.istegroup.com\/fr\/nouveautes\/\"},{\"@type\":\"ListItem\",\"position\":3,\"name\":\"Micro-nano g\u00e9n\u00e9rateurs thermo\u00e9lectriques 1\"}]},{\"@type\":\"WebSite\",\"@id\":\"https:\/\/www.istegroup.com\/#website\",\"url\":\"https:\/\/www.istegroup.com\/\",\"name\":\"ISTE Group\",\"description\":\"\u00c9diteur des Sciences\",\"potentialAction\":[{\"@type\":\"SearchAction\",\"target\":{\"@type\":\"EntryPoint\",\"urlTemplate\":\"https:\/\/www.istegroup.com\/?s={search_term_string}\"},\"query-input\":{\"@type\":\"PropertyValueSpecification\",\"valueRequired\":true,\"valueName\":\"search_term_string\"}}],\"inLanguage\":\"fr-FR\"}]}<\/script>\n<!-- \/ Yoast SEO plugin. -->","yoast_head_json":{"title":"Micro-nano g\u00e9n\u00e9rateurs thermo\u00e9lectriques 1 - ISTE Group","description":"Micro-nano g\u00e9n\u00e9rateurs thermo\u00e9lectriques 1 explore une technologie essentielle au coeur des enjeux contemporains li\u00e9s \u00e0 l\u2019Internet des objets. Ce r\u00e9seau d\u2019objets connect\u00e9s facilite la communication et la collecte d\u2019informations \u00e0 une \u00e9chelle in\u00e9dite.","robots":{"index":"index","follow":"follow","max-snippet":"max-snippet:-1","max-image-preview":"max-image-preview:large","max-video-preview":"max-video-preview:-1"},"canonical":"https:\/\/www.istegroup.com\/produit\/micro-nano-generateurs-thermoelectriques-1\/","og_locale":"fr_FR","og_type":"article","og_title":"Micro-nano g\u00e9n\u00e9rateurs thermo\u00e9lectriques 1 - ISTE Group","og_description":"Micro-nano g\u00e9n\u00e9rateurs thermo\u00e9lectriques 1 explore une technologie essentielle au coeur des enjeux contemporains li\u00e9s \u00e0 l\u2019Internet des objets. Ce r\u00e9seau d\u2019objets connect\u00e9s facilite la communication et la collecte d\u2019informations \u00e0 une \u00e9chelle in\u00e9dite.","og_url":"https:\/\/www.istegroup.com\/produit\/micro-nano-generateurs-thermoelectriques-1\/","og_site_name":"ISTE Group","article_modified_time":"2025-07-25T10:15:42+00:00","og_image":[{"width":300,"height":450,"url":"https:\/\/www.istegroup.com\/wp-content\/uploads\/2019\/11\/Micro-nano-generateurs-thermoelectriques-1.jpeg","type":"image\/jpeg"}],"twitter_card":"summary_large_image","twitter_misc":{"Est. reading time":"2 minutes"},"schema":{"@context":"https:\/\/schema.org","@graph":[{"@type":"WebPage","@id":"https:\/\/www.istegroup.com\/produit\/micro-nano-generateurs-thermoelectriques-1\/","url":"https:\/\/www.istegroup.com\/produit\/micro-nano-generateurs-thermoelectriques-1\/","name":"Micro-nano g\u00e9n\u00e9rateurs thermo\u00e9lectriques 1 - ISTE Group","isPartOf":{"@id":"https:\/\/www.istegroup.com\/#website"},"primaryImageOfPage":{"@id":"https:\/\/www.istegroup.com\/produit\/micro-nano-generateurs-thermoelectriques-1\/#primaryimage"},"image":{"@id":"https:\/\/www.istegroup.com\/produit\/micro-nano-generateurs-thermoelectriques-1\/#primaryimage"},"thumbnailUrl":"https:\/\/www.istegroup.com\/wp-content\/uploads\/2019\/11\/Micro-nano-generateurs-thermoelectriques-1.jpeg","datePublished":"2025-07-16T16:00:39+00:00","dateModified":"2025-07-25T10:15:42+00:00","description":"Micro-nano g\u00e9n\u00e9rateurs thermo\u00e9lectriques 1 explore une technologie essentielle au coeur des enjeux contemporains li\u00e9s \u00e0 l\u2019Internet des objets. Ce r\u00e9seau d\u2019objets connect\u00e9s facilite la communication et la collecte d\u2019informations \u00e0 une \u00e9chelle in\u00e9dite.","breadcrumb":{"@id":"https:\/\/www.istegroup.com\/produit\/micro-nano-generateurs-thermoelectriques-1\/#breadcrumb"},"inLanguage":"fr-FR","potentialAction":[{"@type":"ReadAction","target":["https:\/\/www.istegroup.com\/produit\/micro-nano-generateurs-thermoelectriques-1\/"]}]},{"@type":"ImageObject","inLanguage":"fr-FR","@id":"https:\/\/www.istegroup.com\/produit\/micro-nano-generateurs-thermoelectriques-1\/#primaryimage","url":"https:\/\/www.istegroup.com\/wp-content\/uploads\/2019\/11\/Micro-nano-generateurs-thermoelectriques-1.jpeg","contentUrl":"https:\/\/www.istegroup.com\/wp-content\/uploads\/2019\/11\/Micro-nano-generateurs-thermoelectriques-1.jpeg","width":300,"height":450},{"@type":"BreadcrumbList","@id":"https:\/\/www.istegroup.com\/produit\/micro-nano-generateurs-thermoelectriques-1\/#breadcrumb","itemListElement":[{"@type":"ListItem","position":1,"name":"Home","item":"https:\/\/www.istegroup.com\/"},{"@type":"ListItem","position":2,"name":"Shop","item":"https:\/\/www.istegroup.com\/fr\/nouveautes\/"},{"@type":"ListItem","position":3,"name":"Micro-nano g\u00e9n\u00e9rateurs thermo\u00e9lectriques 1"}]},{"@type":"WebSite","@id":"https:\/\/www.istegroup.com\/#website","url":"https:\/\/www.istegroup.com\/","name":"ISTE Group","description":"\u00c9diteur des Sciences","potentialAction":[{"@type":"SearchAction","target":{"@type":"EntryPoint","urlTemplate":"https:\/\/www.istegroup.com\/?s={search_term_string}"},"query-input":{"@type":"PropertyValueSpecification","valueRequired":true,"valueName":"search_term_string"}}],"inLanguage":"fr-FR"}]}},"_links":{"self":[{"href":"https:\/\/www.istegroup.com\/fr\/wp-json\/wp\/v2\/product\/23730","targetHints":{"allow":["GET"]}}],"collection":[{"href":"https:\/\/www.istegroup.com\/fr\/wp-json\/wp\/v2\/product"}],"about":[{"href":"https:\/\/www.istegroup.com\/fr\/wp-json\/wp\/v2\/types\/product"}],"wp:featuredmedia":[{"embeddable":true,"href":"https:\/\/www.istegroup.com\/fr\/wp-json\/wp\/v2\/media\/60963"}],"wp:attachment":[{"href":"https:\/\/www.istegroup.com\/fr\/wp-json\/wp\/v2\/media?parent=23730"}],"wp:term":[{"taxonomy":"product_brand","embeddable":true,"href":"https:\/\/www.istegroup.com\/fr\/wp-json\/wp\/v2\/product_brand?post=23730"},{"taxonomy":"product_cat","embeddable":true,"href":"https:\/\/www.istegroup.com\/fr\/wp-json\/wp\/v2\/product_cat?post=23730"},{"taxonomy":"product_tag","embeddable":true,"href":"https:\/\/www.istegroup.com\/fr\/wp-json\/wp\/v2\/product_tag?post=23730"}],"curies":[{"name":"wp","href":"https:\/\/api.w.org\/{rel}","templated":true}]}}