{"id":23715,"date":"2024-10-09T16:46:25","date_gmt":"2024-10-09T15:46:25","guid":{"rendered":"https:\/\/www.istegroup.com\/?post_type=product&#038;p=23715"},"modified":"2025-01-03T10:54:34","modified_gmt":"2025-01-03T10:54:34","slug":"avancees-en-thermodynamique-et-thermoeconomie-circulaire","status":"publish","type":"product","link":"https:\/\/www.istegroup.com\/fr\/produit\/avancees-en-thermodynamique-et-thermoeconomie-circulaire\/","title":{"rendered":"Avanc\u00e9es en thermodynamique et thermo\u00e9conomie circulaire"},"content":{"rendered":"<p><em>Avanc\u00e9es en thermodynamique et thermo\u00e9conomie circulaire<\/em> traite de deux composantes essentielles de la physique de l\u2019\u00e9nergie : les fondements et les crit\u00e8res.<\/p>\n<p>Dans la premi\u00e8re partie, les auteurs couvrent la base historique des mod\u00e8les de Carnot, les cycles thermostatiques des pompes \u00e0 chaleur \u00e0 double fonction et l\u2019optimisation des moteurs thermom\u00e9caniques. Ils discutent des r\u00e9sultats de diverses recherches, rassemblant notamment un certain nombre de travaux ant\u00e9rieurs.<\/p>\n<p>Dans la seconde partie, le concept de \u00ab thermo\u00e9conomie circulaire \u00bb est introduit et les co\u00fbts physiques du recyclage des d\u00e9chets sont \u00e9valu\u00e9s \u00e0 travers des processus industriels de plus en plus complexes. L\u2019\u00e9nergie libre relative est pr\u00e9sent\u00e9e, ce qui permet de cr\u00e9er une nouvelle th\u00e9orie math\u00e9matique des co\u00fbts thermodynamiques afin de diagnostiquer les dysfonctionnements des syst\u00e8mes thermiques.<\/p>\n<p>L\u2019ouvrage \u00e9tudie l\u2019\u00e9volution des connaissances sur l\u2019existence des \u00e9nergies successives, de la puissance et de l\u2019efficacit\u00e9, et les associe aux aspects \u00e9conomiques qui sont d\u00e9j\u00e0 li\u00e9s aux pr\u00e9occupations environnementales croissantes.<\/p>\n","protected":false},"excerpt":{"rendered":"<p>Avanc\u00e9es en thermodynamique et thermo\u00e9conomie circulaire traite de deux composantes essentielles de la physique de l\u2019\u00e9nergie : les fondements et les crit\u00e8res. Dans la premi\u00e8re partie, les auteurs couvrent la base historique des mod\u00e8les de Carnot, les cycles thermostatiques des pompes \u00e0 chaleur \u00e0 double fonction et l\u2019optimisation des moteurs thermom\u00e9caniques. Ils discutent des r\u00e9sultats [&hellip;]<\/p>\n","protected":false},"featured_media":57948,"template":"","meta":{"_acf_changed":false,"_links_to":"","_links_to_target":""},"product_brand":[],"product_cat":[4289],"product_tag":[],"class_list":{"0":"post-23715","1":"product","2":"type-product","3":"status-publish","4":"has-post-thumbnail","6":"product_cat-sciences","8":"first","9":"instock","10":"shipping-taxable","11":"purchasable","12":"product-type-variable"},"acf":[],"yoast_head":"<!-- This site is optimized with the Yoast SEO plugin v27.2 - https:\/\/yoast.com\/product\/yoast-seo-wordpress\/ -->\n<title>Avanc\u00e9es en thermodynamique et thermo\u00e9conomie circulaire - ISTE Group<\/title>\n<meta name=\"robots\" content=\"index, follow, max-snippet:-1, max-image-preview:large, max-video-preview:-1\" \/>\n<link rel=\"canonical\" href=\"https:\/\/www.istegroup.com\/produit\/avancees-en-thermodynamique-et-thermoeconomie-circulaire\/\" \/>\n<meta property=\"og:locale\" content=\"fr_FR\" \/>\n<meta property=\"og:type\" content=\"article\" \/>\n<meta property=\"og:title\" content=\"Avanc\u00e9es en thermodynamique et thermo\u00e9conomie circulaire - ISTE Group\" \/>\n<meta property=\"og:description\" content=\"Avanc\u00e9es en thermodynamique et thermo\u00e9conomie circulaire traite de deux composantes essentielles de la physique de l\u2019\u00e9nergie : les fondements et les crit\u00e8res. Dans la premi\u00e8re partie, les auteurs couvrent la base historique des mod\u00e8les de Carnot, les cycles thermostatiques des pompes \u00e0 chaleur \u00e0 double fonction et l\u2019optimisation des moteurs thermom\u00e9caniques. Ils discutent des r\u00e9sultats [&hellip;]\" \/>\n<meta property=\"og:url\" content=\"https:\/\/www.istegroup.com\/produit\/avancees-en-thermodynamique-et-thermoeconomie-circulaire\/\" \/>\n<meta property=\"og:site_name\" content=\"ISTE Group\" \/>\n<meta property=\"article:modified_time\" content=\"2025-01-03T10:54:34+00:00\" \/>\n<meta property=\"og:image\" content=\"https:\/\/www.istegroup.com\/wp-content\/uploads\/2019\/11\/Avancees-en-thermodynamique-et-thermoeconomie-circulaire.jpg\" \/>\n\t<meta property=\"og:image:width\" content=\"300\" \/>\n\t<meta property=\"og:image:height\" content=\"450\" \/>\n\t<meta property=\"og:image:type\" content=\"image\/jpeg\" \/>\n<meta name=\"twitter:card\" content=\"summary_large_image\" \/>\n<meta name=\"twitter:label1\" content=\"Est. reading time\" \/>\n\t<meta name=\"twitter:data1\" content=\"1 minute\" \/>\n<script type=\"application\/ld+json\" class=\"yoast-schema-graph\">{\"@context\":\"https:\/\/schema.org\",\"@graph\":[{\"@type\":\"WebPage\",\"@id\":\"https:\/\/www.istegroup.com\/produit\/avancees-en-thermodynamique-et-thermoeconomie-circulaire\/\",\"url\":\"https:\/\/www.istegroup.com\/produit\/avancees-en-thermodynamique-et-thermoeconomie-circulaire\/\",\"name\":\"Avanc\u00e9es en thermodynamique et thermo\u00e9conomie circulaire - ISTE Group\",\"isPartOf\":{\"@id\":\"https:\/\/www.istegroup.com\/#website\"},\"primaryImageOfPage\":{\"@id\":\"https:\/\/www.istegroup.com\/produit\/avancees-en-thermodynamique-et-thermoeconomie-circulaire\/#primaryimage\"},\"image\":{\"@id\":\"https:\/\/www.istegroup.com\/produit\/avancees-en-thermodynamique-et-thermoeconomie-circulaire\/#primaryimage\"},\"thumbnailUrl\":\"https:\/\/www.istegroup.com\/wp-content\/uploads\/2019\/11\/Avancees-en-thermodynamique-et-thermoeconomie-circulaire.jpg\",\"datePublished\":\"2024-10-09T15:46:25+00:00\",\"dateModified\":\"2025-01-03T10:54:34+00:00\",\"breadcrumb\":{\"@id\":\"https:\/\/www.istegroup.com\/produit\/avancees-en-thermodynamique-et-thermoeconomie-circulaire\/#breadcrumb\"},\"inLanguage\":\"fr-FR\",\"potentialAction\":[{\"@type\":\"ReadAction\",\"target\":[\"https:\/\/www.istegroup.com\/produit\/avancees-en-thermodynamique-et-thermoeconomie-circulaire\/\"]}]},{\"@type\":\"ImageObject\",\"inLanguage\":\"fr-FR\",\"@id\":\"https:\/\/www.istegroup.com\/produit\/avancees-en-thermodynamique-et-thermoeconomie-circulaire\/#primaryimage\",\"url\":\"https:\/\/www.istegroup.com\/wp-content\/uploads\/2019\/11\/Avancees-en-thermodynamique-et-thermoeconomie-circulaire.jpg\",\"contentUrl\":\"https:\/\/www.istegroup.com\/wp-content\/uploads\/2019\/11\/Avancees-en-thermodynamique-et-thermoeconomie-circulaire.jpg\",\"width\":300,\"height\":450,\"caption\":\"Livre scientifique - Avanc\u00e9es en thermodynamique et thermo\u00e9conomie circulaire\"},{\"@type\":\"BreadcrumbList\",\"@id\":\"https:\/\/www.istegroup.com\/produit\/avancees-en-thermodynamique-et-thermoeconomie-circulaire\/#breadcrumb\",\"itemListElement\":[{\"@type\":\"ListItem\",\"position\":1,\"name\":\"Home\",\"item\":\"https:\/\/www.istegroup.com\/\"},{\"@type\":\"ListItem\",\"position\":2,\"name\":\"Shop\",\"item\":\"https:\/\/www.istegroup.com\/fr\/nouveautes\/\"},{\"@type\":\"ListItem\",\"position\":3,\"name\":\"Avanc\u00e9es en thermodynamique et thermo\u00e9conomie circulaire\"}]},{\"@type\":\"WebSite\",\"@id\":\"https:\/\/www.istegroup.com\/#website\",\"url\":\"https:\/\/www.istegroup.com\/\",\"name\":\"ISTE Group\",\"description\":\"\u00c9diteur des Sciences\",\"potentialAction\":[{\"@type\":\"SearchAction\",\"target\":{\"@type\":\"EntryPoint\",\"urlTemplate\":\"https:\/\/www.istegroup.com\/?s={search_term_string}\"},\"query-input\":{\"@type\":\"PropertyValueSpecification\",\"valueRequired\":true,\"valueName\":\"search_term_string\"}}],\"inLanguage\":\"fr-FR\"}]}<\/script>\n<!-- \/ Yoast SEO plugin. -->","yoast_head_json":{"title":"Avanc\u00e9es en thermodynamique et thermo\u00e9conomie circulaire - ISTE Group","robots":{"index":"index","follow":"follow","max-snippet":"max-snippet:-1","max-image-preview":"max-image-preview:large","max-video-preview":"max-video-preview:-1"},"canonical":"https:\/\/www.istegroup.com\/produit\/avancees-en-thermodynamique-et-thermoeconomie-circulaire\/","og_locale":"fr_FR","og_type":"article","og_title":"Avanc\u00e9es en thermodynamique et thermo\u00e9conomie circulaire - ISTE Group","og_description":"Avanc\u00e9es en thermodynamique et thermo\u00e9conomie circulaire traite de deux composantes essentielles de la physique de l\u2019\u00e9nergie : les fondements et les crit\u00e8res. Dans la premi\u00e8re partie, les auteurs couvrent la base historique des mod\u00e8les de Carnot, les cycles thermostatiques des pompes \u00e0 chaleur \u00e0 double fonction et l\u2019optimisation des moteurs thermom\u00e9caniques. Ils discutent des r\u00e9sultats [&hellip;]","og_url":"https:\/\/www.istegroup.com\/produit\/avancees-en-thermodynamique-et-thermoeconomie-circulaire\/","og_site_name":"ISTE Group","article_modified_time":"2025-01-03T10:54:34+00:00","og_image":[{"width":300,"height":450,"url":"https:\/\/www.istegroup.com\/wp-content\/uploads\/2019\/11\/Avancees-en-thermodynamique-et-thermoeconomie-circulaire.jpg","type":"image\/jpeg"}],"twitter_card":"summary_large_image","twitter_misc":{"Est. reading time":"1 minute"},"schema":{"@context":"https:\/\/schema.org","@graph":[{"@type":"WebPage","@id":"https:\/\/www.istegroup.com\/produit\/avancees-en-thermodynamique-et-thermoeconomie-circulaire\/","url":"https:\/\/www.istegroup.com\/produit\/avancees-en-thermodynamique-et-thermoeconomie-circulaire\/","name":"Avanc\u00e9es en thermodynamique et thermo\u00e9conomie circulaire - ISTE Group","isPartOf":{"@id":"https:\/\/www.istegroup.com\/#website"},"primaryImageOfPage":{"@id":"https:\/\/www.istegroup.com\/produit\/avancees-en-thermodynamique-et-thermoeconomie-circulaire\/#primaryimage"},"image":{"@id":"https:\/\/www.istegroup.com\/produit\/avancees-en-thermodynamique-et-thermoeconomie-circulaire\/#primaryimage"},"thumbnailUrl":"https:\/\/www.istegroup.com\/wp-content\/uploads\/2019\/11\/Avancees-en-thermodynamique-et-thermoeconomie-circulaire.jpg","datePublished":"2024-10-09T15:46:25+00:00","dateModified":"2025-01-03T10:54:34+00:00","breadcrumb":{"@id":"https:\/\/www.istegroup.com\/produit\/avancees-en-thermodynamique-et-thermoeconomie-circulaire\/#breadcrumb"},"inLanguage":"fr-FR","potentialAction":[{"@type":"ReadAction","target":["https:\/\/www.istegroup.com\/produit\/avancees-en-thermodynamique-et-thermoeconomie-circulaire\/"]}]},{"@type":"ImageObject","inLanguage":"fr-FR","@id":"https:\/\/www.istegroup.com\/produit\/avancees-en-thermodynamique-et-thermoeconomie-circulaire\/#primaryimage","url":"https:\/\/www.istegroup.com\/wp-content\/uploads\/2019\/11\/Avancees-en-thermodynamique-et-thermoeconomie-circulaire.jpg","contentUrl":"https:\/\/www.istegroup.com\/wp-content\/uploads\/2019\/11\/Avancees-en-thermodynamique-et-thermoeconomie-circulaire.jpg","width":300,"height":450,"caption":"Livre scientifique - Avanc\u00e9es en thermodynamique et thermo\u00e9conomie circulaire"},{"@type":"BreadcrumbList","@id":"https:\/\/www.istegroup.com\/produit\/avancees-en-thermodynamique-et-thermoeconomie-circulaire\/#breadcrumb","itemListElement":[{"@type":"ListItem","position":1,"name":"Home","item":"https:\/\/www.istegroup.com\/"},{"@type":"ListItem","position":2,"name":"Shop","item":"https:\/\/www.istegroup.com\/fr\/nouveautes\/"},{"@type":"ListItem","position":3,"name":"Avanc\u00e9es en thermodynamique et thermo\u00e9conomie circulaire"}]},{"@type":"WebSite","@id":"https:\/\/www.istegroup.com\/#website","url":"https:\/\/www.istegroup.com\/","name":"ISTE Group","description":"\u00c9diteur des Sciences","potentialAction":[{"@type":"SearchAction","target":{"@type":"EntryPoint","urlTemplate":"https:\/\/www.istegroup.com\/?s={search_term_string}"},"query-input":{"@type":"PropertyValueSpecification","valueRequired":true,"valueName":"search_term_string"}}],"inLanguage":"fr-FR"}]}},"_links":{"self":[{"href":"https:\/\/www.istegroup.com\/fr\/wp-json\/wp\/v2\/product\/23715","targetHints":{"allow":["GET"]}}],"collection":[{"href":"https:\/\/www.istegroup.com\/fr\/wp-json\/wp\/v2\/product"}],"about":[{"href":"https:\/\/www.istegroup.com\/fr\/wp-json\/wp\/v2\/types\/product"}],"wp:featuredmedia":[{"embeddable":true,"href":"https:\/\/www.istegroup.com\/fr\/wp-json\/wp\/v2\/media\/57948"}],"wp:attachment":[{"href":"https:\/\/www.istegroup.com\/fr\/wp-json\/wp\/v2\/media?parent=23715"}],"wp:term":[{"taxonomy":"product_brand","embeddable":true,"href":"https:\/\/www.istegroup.com\/fr\/wp-json\/wp\/v2\/product_brand?post=23715"},{"taxonomy":"product_cat","embeddable":true,"href":"https:\/\/www.istegroup.com\/fr\/wp-json\/wp\/v2\/product_cat?post=23715"},{"taxonomy":"product_tag","embeddable":true,"href":"https:\/\/www.istegroup.com\/fr\/wp-json\/wp\/v2\/product_tag?post=23715"}],"curies":[{"name":"wp","href":"https:\/\/api.w.org\/{rel}","templated":true}]}}