{"id":23713,"date":"2023-02-26T16:12:15","date_gmt":"2023-02-26T16:12:15","guid":{"rendered":"https:\/\/www.istegroup.com\/?post_type=product&#038;p=23713"},"modified":"2025-01-03T11:13:00","modified_gmt":"2025-01-03T11:13:00","slug":"thermodynamique-des-moteurs-thermiques","status":"publish","type":"product","link":"https:\/\/www.istegroup.com\/fr\/produit\/thermodynamique-des-moteurs-thermiques\/","title":{"rendered":"Thermodynamique des moteurs thermiques"},"content":{"rendered":"<p>L\u2019optimisation \u00e9nerg\u00e9tique des moteurs thermiques constitue un enjeu majeur pour la pr\u00e9servation des ressources \u00e9nerg\u00e9tiques et la protection de l\u2019environnement en limitant les \u00e9missions de polluants et de gaz \u00e0 effet de serre.<\/p>\n<p>Dans ce contexte, en utilisant l\u2019approche thermodynamique, <em>Thermodynamique des moteurs thermiques<\/em> \u00e9tudie les ph\u00e9nom\u00e8nes de conversion d\u2019\u00e9nergie des moteurs thermiques. Les analyses s\u2019\u00e9tendent de l\u2019\u00e9nergie primaire utilis\u00e9e jusqu\u2019\u00e0 la valorisation de la chaleur fatale. Les bases n\u00e9cessaires \u00e0 la compr\u00e9hension de l\u2019analyse thermodynamique de la combustion et de la conversion de chaleur en travail m\u00e9canique sont pr\u00e9sent\u00e9es. Ces analyses s\u2019appliquent aussi bien aux moteurs des syst\u00e8mes de transport (v\u00e9hicules routiers et ferroviaires, a\u00e9ronautique et espace) que ceux des installations fixes (syst\u00e8mes de cog\u00e9n\u00e9ration, centrales \u00e0 cycles combin\u00e9s).<\/p>","protected":false},"excerpt":{"rendered":"<p>L\u2019optimisation \u00e9nerg\u00e9tique des moteurs thermiques constitue un enjeu majeur pour la pr\u00e9servation des ressources \u00e9nerg\u00e9tiques et la protection de l\u2019environnement en limitant les \u00e9missions de polluants et de gaz \u00e0 effet de serre. Dans ce contexte, en utilisant l\u2019approche thermodynamique, Thermodynamique des moteurs thermiques \u00e9tudie les ph\u00e9nom\u00e8nes de conversion d\u2019\u00e9nergie des moteurs thermiques. Les analyses [&hellip;]<\/p>\n","protected":false},"featured_media":50150,"template":"","meta":{"_acf_changed":false,"_links_to":"","_links_to_target":""},"product_brand":[],"product_cat":[4289],"product_tag":[],"class_list":{"0":"post-23713","1":"product","2":"type-product","3":"status-publish","4":"has-post-thumbnail","6":"product_cat-sciences","8":"first","9":"instock","10":"shipping-taxable","11":"purchasable","12":"product-type-variable"},"acf":[],"yoast_head":"<!-- This site is optimized with the Yoast SEO plugin v27.2 - https:\/\/yoast.com\/product\/yoast-seo-wordpress\/ -->\n<title>Thermodynamique des moteurs thermiques - ISTE Group<\/title>\n<meta name=\"robots\" content=\"index, follow, max-snippet:-1, max-image-preview:large, max-video-preview:-1\" \/>\n<link rel=\"canonical\" href=\"https:\/\/www.istegroup.com\/fr\/produit\/thermodynamique-des-moteurs-thermiques\/\" \/>\n<meta property=\"og:locale\" content=\"fr_FR\" \/>\n<meta property=\"og:type\" content=\"article\" \/>\n<meta property=\"og:title\" content=\"Thermodynamique des moteurs thermiques - ISTE Group\" \/>\n<meta property=\"og:description\" content=\"L\u2019optimisation \u00e9nerg\u00e9tique des moteurs thermiques constitue un enjeu majeur pour la pr\u00e9servation des ressources \u00e9nerg\u00e9tiques et la protection de l\u2019environnement en limitant les \u00e9missions de polluants et de gaz \u00e0 effet de serre. Dans ce contexte, en utilisant l\u2019approche thermodynamique, Thermodynamique des moteurs thermiques \u00e9tudie les ph\u00e9nom\u00e8nes de conversion d\u2019\u00e9nergie des moteurs thermiques. Les analyses [&hellip;]\" \/>\n<meta property=\"og:url\" content=\"https:\/\/www.istegroup.com\/fr\/produit\/thermodynamique-des-moteurs-thermiques\/\" \/>\n<meta property=\"og:site_name\" content=\"ISTE Group\" \/>\n<meta property=\"article:modified_time\" content=\"2025-01-03T11:13:00+00:00\" \/>\n<meta property=\"og:image\" content=\"https:\/\/www.istegroup.com\/wp-content\/uploads\/2023\/02\/Thermodynamique-des-moteurs-thermiques.jpeg\" \/>\n\t<meta property=\"og:image:width\" content=\"300\" \/>\n\t<meta property=\"og:image:height\" content=\"450\" \/>\n\t<meta property=\"og:image:type\" content=\"image\/jpeg\" \/>\n<meta name=\"twitter:card\" content=\"summary_large_image\" \/>\n<meta name=\"twitter:label1\" content=\"Est. reading time\" \/>\n\t<meta name=\"twitter:data1\" content=\"1 minute\" \/>\n<script type=\"application\/ld+json\" class=\"yoast-schema-graph\">{\"@context\":\"https:\/\/schema.org\",\"@graph\":[{\"@type\":\"WebPage\",\"@id\":\"https:\/\/www.istegroup.com\/fr\/produit\/thermodynamique-des-moteurs-thermiques\/\",\"url\":\"https:\/\/www.istegroup.com\/fr\/produit\/thermodynamique-des-moteurs-thermiques\/\",\"name\":\"Thermodynamique des moteurs thermiques - ISTE Group\",\"isPartOf\":{\"@id\":\"https:\/\/www.istegroup.com\/#website\"},\"primaryImageOfPage\":{\"@id\":\"https:\/\/www.istegroup.com\/fr\/produit\/thermodynamique-des-moteurs-thermiques\/#primaryimage\"},\"image\":{\"@id\":\"https:\/\/www.istegroup.com\/fr\/produit\/thermodynamique-des-moteurs-thermiques\/#primaryimage\"},\"thumbnailUrl\":\"https:\/\/www.istegroup.com\/wp-content\/uploads\/2023\/02\/Thermodynamique-des-moteurs-thermiques.jpeg\",\"datePublished\":\"2023-02-26T16:12:15+00:00\",\"dateModified\":\"2025-01-03T11:13:00+00:00\",\"breadcrumb\":{\"@id\":\"https:\/\/www.istegroup.com\/fr\/produit\/thermodynamique-des-moteurs-thermiques\/#breadcrumb\"},\"inLanguage\":\"fr-FR\",\"potentialAction\":[{\"@type\":\"ReadAction\",\"target\":[\"https:\/\/www.istegroup.com\/fr\/produit\/thermodynamique-des-moteurs-thermiques\/\"]}]},{\"@type\":\"ImageObject\",\"inLanguage\":\"fr-FR\",\"@id\":\"https:\/\/www.istegroup.com\/fr\/produit\/thermodynamique-des-moteurs-thermiques\/#primaryimage\",\"url\":\"https:\/\/www.istegroup.com\/wp-content\/uploads\/2023\/02\/Thermodynamique-des-moteurs-thermiques.jpeg\",\"contentUrl\":\"https:\/\/www.istegroup.com\/wp-content\/uploads\/2023\/02\/Thermodynamique-des-moteurs-thermiques.jpeg\",\"width\":300,\"height\":450,\"caption\":\"Livre scientifique - Thermodynamique des moteurs thermiques - Encyclop\u00e9die SCIENCES\"},{\"@type\":\"BreadcrumbList\",\"@id\":\"https:\/\/www.istegroup.com\/fr\/produit\/thermodynamique-des-moteurs-thermiques\/#breadcrumb\",\"itemListElement\":[{\"@type\":\"ListItem\",\"position\":1,\"name\":\"Home\",\"item\":\"https:\/\/www.istegroup.com\/\"},{\"@type\":\"ListItem\",\"position\":2,\"name\":\"Shop\",\"item\":\"https:\/\/www.istegroup.com\/fr\/nouveautes\/\"},{\"@type\":\"ListItem\",\"position\":3,\"name\":\"Thermodynamique des moteurs thermiques\"}]},{\"@type\":\"WebSite\",\"@id\":\"https:\/\/www.istegroup.com\/#website\",\"url\":\"https:\/\/www.istegroup.com\/\",\"name\":\"ISTE Group\",\"description\":\"\u00c9diteur des Sciences\",\"potentialAction\":[{\"@type\":\"SearchAction\",\"target\":{\"@type\":\"EntryPoint\",\"urlTemplate\":\"https:\/\/www.istegroup.com\/?s={search_term_string}\"},\"query-input\":{\"@type\":\"PropertyValueSpecification\",\"valueRequired\":true,\"valueName\":\"search_term_string\"}}],\"inLanguage\":\"fr-FR\"}]}<\/script>\n<!-- \/ Yoast SEO plugin. -->","yoast_head_json":{"title":"Thermodynamique des moteurs thermiques - ISTE Group","robots":{"index":"index","follow":"follow","max-snippet":"max-snippet:-1","max-image-preview":"max-image-preview:large","max-video-preview":"max-video-preview:-1"},"canonical":"https:\/\/www.istegroup.com\/fr\/produit\/thermodynamique-des-moteurs-thermiques\/","og_locale":"fr_FR","og_type":"article","og_title":"Thermodynamique des moteurs thermiques - ISTE Group","og_description":"L\u2019optimisation \u00e9nerg\u00e9tique des moteurs thermiques constitue un enjeu majeur pour la pr\u00e9servation des ressources \u00e9nerg\u00e9tiques et la protection de l\u2019environnement en limitant les \u00e9missions de polluants et de gaz \u00e0 effet de serre. Dans ce contexte, en utilisant l\u2019approche thermodynamique, Thermodynamique des moteurs thermiques \u00e9tudie les ph\u00e9nom\u00e8nes de conversion d\u2019\u00e9nergie des moteurs thermiques. Les analyses [&hellip;]","og_url":"https:\/\/www.istegroup.com\/fr\/produit\/thermodynamique-des-moteurs-thermiques\/","og_site_name":"ISTE Group","article_modified_time":"2025-01-03T11:13:00+00:00","og_image":[{"width":300,"height":450,"url":"https:\/\/www.istegroup.com\/wp-content\/uploads\/2023\/02\/Thermodynamique-des-moteurs-thermiques.jpeg","type":"image\/jpeg"}],"twitter_card":"summary_large_image","twitter_misc":{"Est. reading time":"1 minute"},"schema":{"@context":"https:\/\/schema.org","@graph":[{"@type":"WebPage","@id":"https:\/\/www.istegroup.com\/fr\/produit\/thermodynamique-des-moteurs-thermiques\/","url":"https:\/\/www.istegroup.com\/fr\/produit\/thermodynamique-des-moteurs-thermiques\/","name":"Thermodynamique des moteurs thermiques - ISTE Group","isPartOf":{"@id":"https:\/\/www.istegroup.com\/#website"},"primaryImageOfPage":{"@id":"https:\/\/www.istegroup.com\/fr\/produit\/thermodynamique-des-moteurs-thermiques\/#primaryimage"},"image":{"@id":"https:\/\/www.istegroup.com\/fr\/produit\/thermodynamique-des-moteurs-thermiques\/#primaryimage"},"thumbnailUrl":"https:\/\/www.istegroup.com\/wp-content\/uploads\/2023\/02\/Thermodynamique-des-moteurs-thermiques.jpeg","datePublished":"2023-02-26T16:12:15+00:00","dateModified":"2025-01-03T11:13:00+00:00","breadcrumb":{"@id":"https:\/\/www.istegroup.com\/fr\/produit\/thermodynamique-des-moteurs-thermiques\/#breadcrumb"},"inLanguage":"fr-FR","potentialAction":[{"@type":"ReadAction","target":["https:\/\/www.istegroup.com\/fr\/produit\/thermodynamique-des-moteurs-thermiques\/"]}]},{"@type":"ImageObject","inLanguage":"fr-FR","@id":"https:\/\/www.istegroup.com\/fr\/produit\/thermodynamique-des-moteurs-thermiques\/#primaryimage","url":"https:\/\/www.istegroup.com\/wp-content\/uploads\/2023\/02\/Thermodynamique-des-moteurs-thermiques.jpeg","contentUrl":"https:\/\/www.istegroup.com\/wp-content\/uploads\/2023\/02\/Thermodynamique-des-moteurs-thermiques.jpeg","width":300,"height":450,"caption":"Livre scientifique - Thermodynamique des moteurs thermiques - Encyclop\u00e9die SCIENCES"},{"@type":"BreadcrumbList","@id":"https:\/\/www.istegroup.com\/fr\/produit\/thermodynamique-des-moteurs-thermiques\/#breadcrumb","itemListElement":[{"@type":"ListItem","position":1,"name":"Home","item":"https:\/\/www.istegroup.com\/"},{"@type":"ListItem","position":2,"name":"Shop","item":"https:\/\/www.istegroup.com\/fr\/nouveautes\/"},{"@type":"ListItem","position":3,"name":"Thermodynamique des moteurs thermiques"}]},{"@type":"WebSite","@id":"https:\/\/www.istegroup.com\/#website","url":"https:\/\/www.istegroup.com\/","name":"ISTE Group","description":"\u00c9diteur des Sciences","potentialAction":[{"@type":"SearchAction","target":{"@type":"EntryPoint","urlTemplate":"https:\/\/www.istegroup.com\/?s={search_term_string}"},"query-input":{"@type":"PropertyValueSpecification","valueRequired":true,"valueName":"search_term_string"}}],"inLanguage":"fr-FR"}]}},"_links":{"self":[{"href":"https:\/\/www.istegroup.com\/fr\/wp-json\/wp\/v2\/product\/23713","targetHints":{"allow":["GET"]}}],"collection":[{"href":"https:\/\/www.istegroup.com\/fr\/wp-json\/wp\/v2\/product"}],"about":[{"href":"https:\/\/www.istegroup.com\/fr\/wp-json\/wp\/v2\/types\/product"}],"wp:featuredmedia":[{"embeddable":true,"href":"https:\/\/www.istegroup.com\/fr\/wp-json\/wp\/v2\/media\/50150"}],"wp:attachment":[{"href":"https:\/\/www.istegroup.com\/fr\/wp-json\/wp\/v2\/media?parent=23713"}],"wp:term":[{"taxonomy":"product_brand","embeddable":true,"href":"https:\/\/www.istegroup.com\/fr\/wp-json\/wp\/v2\/product_brand?post=23713"},{"taxonomy":"product_cat","embeddable":true,"href":"https:\/\/www.istegroup.com\/fr\/wp-json\/wp\/v2\/product_cat?post=23713"},{"taxonomy":"product_tag","embeddable":true,"href":"https:\/\/www.istegroup.com\/fr\/wp-json\/wp\/v2\/product_tag?post=23713"}],"curies":[{"name":"wp","href":"https:\/\/api.w.org\/{rel}","templated":true}]}}