{"id":23711,"date":"2021-06-22T12:12:58","date_gmt":"2021-06-22T11:12:58","guid":{"rendered":"https:\/\/www.istegroup.com\/?post_type=product&#038;p=23711"},"modified":"2025-01-03T12:13:47","modified_gmt":"2025-01-03T12:13:47","slug":"leconomie-des-ressources-minerales-et-le-defi-de-la-soutenabilite-1","status":"publish","type":"product","link":"https:\/\/www.istegroup.com\/fr\/produit\/leconomie-des-ressources-minerales-et-le-defi-de-la-soutenabilite-1\/","title":{"rendered":"L&rsquo;\u00e9conomie des ressources min\u00e9rales et le d\u00e9fi de la soutenabilit\u00e9 1"},"content":{"rendered":"<p><a style=\"color: #1e9691;\" href=\"https:\/\/www.faee.fr\/fr\/2-actualites.html#\/news\/75\"><strong>Prix sp\u00e9cial AEE 2021 d\u2019\u00e9conomie de l\u2019\u00e9nergie de l\u2019Association des Economistes de l\u2019Energie<\/strong><\/a><br \/>\n<em>(&#8230;) un seul mot vient aux l\u00e8vres : BRAVO !<\/em><br \/>\nChristophe Bonnery, Pr\u00e9sident de l\u2019Association des Economistes de l\u2019Energie.<br \/>\n___________<\/p>\n<p>L\u2019augmentation constante de la consommation de ressources min\u00e9rales ainsi que la prise de conscience croissante des nuisances occasionn\u00e9es par leur exploitation provoquent une profonde inqui\u00e9tude au sein de la communaut\u00e9 scientifique. Cette inqui\u00e9tude est d\u2019autant plus justifi\u00e9e que la transition \u00e9nerg\u00e9tique va aggraver la pression exerc\u00e9e sur ces ressources, les techniques de production des \u00e9nergies renouvelables n\u00e9cessitant une quantit\u00e9 accrue et plus diversifi\u00e9e de mati\u00e8res min\u00e9rales.<\/p>\n<p>Cet ouvrage pr\u00e9sente un panorama du contexte de l\u2019exploitation de ces ressources min\u00e9rales, o\u00f9 les contraintes naturelles, r\u00e9glementaires et environnementales interf\u00e8rent avec les int\u00e9r\u00eats \u00e9conomiques, financiers et g\u00e9opolitiques. En mobilisant les champs des sciences humaines, des g\u00e9osciences et de l\u2019ing\u00e9nierie, il analyse \u00e9galement les d\u00e9fis que la transition \u00e9nerg\u00e9tique n\u00e9cessite de relever, des d\u00e9fis li\u00e9s aux effets contradictoires que va entra\u00eener l\u2019acc\u00e9l\u00e9ration de l\u2019extraction de ces ressources sur leur disponibilit\u00e9 physique, sur les \u00e9conomies qui les exploitent et sur les populations qui en vivent.<\/p>","protected":false},"excerpt":{"rendered":"<p>Prix sp\u00e9cial AEE 2021 d\u2019\u00e9conomie de l\u2019\u00e9nergie de l\u2019Association des Economistes de l\u2019Energie (&#8230;) un seul mot vient aux l\u00e8vres : BRAVO ! Christophe Bonnery, Pr\u00e9sident de l\u2019Association des Economistes de l\u2019Energie. ___________ L\u2019augmentation constante de la consommation de ressources min\u00e9rales ainsi que la prise de conscience croissante des nuisances occasionn\u00e9es par leur exploitation provoquent [&hellip;]<\/p>\n","protected":false},"featured_media":44555,"template":"","meta":{"_acf_changed":false,"_links_to":"","_links_to_target":""},"product_brand":[],"product_cat":[4289],"product_tag":[],"class_list":{"0":"post-23711","1":"product","2":"type-product","3":"status-publish","4":"has-post-thumbnail","6":"product_cat-sciences","8":"first","9":"instock","10":"shipping-taxable","11":"purchasable","12":"product-type-variable"},"acf":[],"yoast_head":"<!-- This site is optimized with the Yoast SEO plugin v27.2 - https:\/\/yoast.com\/product\/yoast-seo-wordpress\/ -->\n<title>L&#039;\u00e9conomie des ressources min\u00e9rales et le d\u00e9fi de la soutenabilit\u00e9 1 - ISTE Group<\/title>\n<meta name=\"description\" content=\"Cet ouvrage pr\u00e9sente un panorama du contexte de l\u2019exploitation de ces ressources min\u00e9rales, o\u00f9 les contraintes naturelles, r\u00e9glementaires et environnementales interf\u00e8rent avec les int\u00e9r\u00eats \u00e9conomiques, financiers et g\u00e9opolitiques.\" \/>\n<meta name=\"robots\" content=\"index, follow, max-snippet:-1, max-image-preview:large, max-video-preview:-1\" \/>\n<link rel=\"canonical\" href=\"https:\/\/www.istegroup.com\/produit\/leconomie-des-ressources-minerales-et-le-defi-de-la-soutenabilite-1\/\" \/>\n<meta property=\"og:locale\" content=\"fr_FR\" \/>\n<meta property=\"og:type\" content=\"article\" \/>\n<meta property=\"og:title\" content=\"L&#039;\u00e9conomie des ressources min\u00e9rales et le d\u00e9fi de la soutenabilit\u00e9 1 - ISTE Group\" \/>\n<meta property=\"og:description\" content=\"Cet ouvrage pr\u00e9sente un panorama du contexte de l\u2019exploitation de ces ressources min\u00e9rales, o\u00f9 les contraintes naturelles, r\u00e9glementaires et environnementales interf\u00e8rent avec les int\u00e9r\u00eats \u00e9conomiques, financiers et g\u00e9opolitiques.\" \/>\n<meta property=\"og:url\" content=\"https:\/\/www.istegroup.com\/produit\/leconomie-des-ressources-minerales-et-le-defi-de-la-soutenabilite-1\/\" \/>\n<meta property=\"og:site_name\" content=\"ISTE Group\" \/>\n<meta property=\"article:modified_time\" content=\"2025-01-03T12:13:47+00:00\" \/>\n<meta property=\"og:image\" content=\"https:\/\/www.istegroup.com\/wp-content\/uploads\/2021\/11\/Leconomie-des-ressources-minerales-et-le-defi-de-la-soutenabilite_bandeau_2.jpg\" \/>\n\t<meta property=\"og:image:width\" content=\"300\" \/>\n\t<meta property=\"og:image:height\" content=\"455\" \/>\n\t<meta property=\"og:image:type\" content=\"image\/jpeg\" \/>\n<meta name=\"twitter:card\" content=\"summary_large_image\" \/>\n<meta name=\"twitter:label1\" content=\"Est. reading time\" \/>\n\t<meta name=\"twitter:data1\" content=\"1 minute\" \/>\n<script type=\"application\/ld+json\" class=\"yoast-schema-graph\">{\"@context\":\"https:\/\/schema.org\",\"@graph\":[{\"@type\":\"WebPage\",\"@id\":\"https:\/\/www.istegroup.com\/produit\/leconomie-des-ressources-minerales-et-le-defi-de-la-soutenabilite-1\/\",\"url\":\"https:\/\/www.istegroup.com\/produit\/leconomie-des-ressources-minerales-et-le-defi-de-la-soutenabilite-1\/\",\"name\":\"L'\u00e9conomie des ressources min\u00e9rales et le d\u00e9fi de la soutenabilit\u00e9 1 - ISTE Group\",\"isPartOf\":{\"@id\":\"https:\/\/www.istegroup.com\/#website\"},\"primaryImageOfPage\":{\"@id\":\"https:\/\/www.istegroup.com\/produit\/leconomie-des-ressources-minerales-et-le-defi-de-la-soutenabilite-1\/#primaryimage\"},\"image\":{\"@id\":\"https:\/\/www.istegroup.com\/produit\/leconomie-des-ressources-minerales-et-le-defi-de-la-soutenabilite-1\/#primaryimage\"},\"thumbnailUrl\":\"https:\/\/www.istegroup.com\/wp-content\/uploads\/2021\/11\/Leconomie-des-ressources-minerales-et-le-defi-de-la-soutenabilite_bandeau_2.jpg\",\"datePublished\":\"2021-06-22T11:12:58+00:00\",\"dateModified\":\"2025-01-03T12:13:47+00:00\",\"description\":\"Cet ouvrage pr\u00e9sente un panorama du contexte de l\u2019exploitation de ces ressources min\u00e9rales, o\u00f9 les contraintes naturelles, r\u00e9glementaires et environnementales interf\u00e8rent avec les int\u00e9r\u00eats \u00e9conomiques, financiers et g\u00e9opolitiques.\",\"breadcrumb\":{\"@id\":\"https:\/\/www.istegroup.com\/produit\/leconomie-des-ressources-minerales-et-le-defi-de-la-soutenabilite-1\/#breadcrumb\"},\"inLanguage\":\"fr-FR\",\"potentialAction\":[{\"@type\":\"ReadAction\",\"target\":[\"https:\/\/www.istegroup.com\/produit\/leconomie-des-ressources-minerales-et-le-defi-de-la-soutenabilite-1\/\"]}]},{\"@type\":\"ImageObject\",\"inLanguage\":\"fr-FR\",\"@id\":\"https:\/\/www.istegroup.com\/produit\/leconomie-des-ressources-minerales-et-le-defi-de-la-soutenabilite-1\/#primaryimage\",\"url\":\"https:\/\/www.istegroup.com\/wp-content\/uploads\/2021\/11\/Leconomie-des-ressources-minerales-et-le-defi-de-la-soutenabilite_bandeau_2.jpg\",\"contentUrl\":\"https:\/\/www.istegroup.com\/wp-content\/uploads\/2021\/11\/Leconomie-des-ressources-minerales-et-le-defi-de-la-soutenabilite_bandeau_2.jpg\",\"width\":300,\"height\":455,\"caption\":\"Livre scientifique - L\u2019\u00e9conomie des ressources min\u00e9rales et le d\u00e9fi de la soutenabilit\u00e9 1 - Encyclop\u00e9die SCIENCES\"},{\"@type\":\"BreadcrumbList\",\"@id\":\"https:\/\/www.istegroup.com\/produit\/leconomie-des-ressources-minerales-et-le-defi-de-la-soutenabilite-1\/#breadcrumb\",\"itemListElement\":[{\"@type\":\"ListItem\",\"position\":1,\"name\":\"Home\",\"item\":\"https:\/\/www.istegroup.com\/\"},{\"@type\":\"ListItem\",\"position\":2,\"name\":\"Shop\",\"item\":\"https:\/\/www.istegroup.com\/fr\/nouveautes\/\"},{\"@type\":\"ListItem\",\"position\":3,\"name\":\"L&rsquo;\u00e9conomie des ressources min\u00e9rales et le d\u00e9fi de la soutenabilit\u00e9 1\"}]},{\"@type\":\"WebSite\",\"@id\":\"https:\/\/www.istegroup.com\/#website\",\"url\":\"https:\/\/www.istegroup.com\/\",\"name\":\"ISTE Group\",\"description\":\"\u00c9diteur des Sciences\",\"potentialAction\":[{\"@type\":\"SearchAction\",\"target\":{\"@type\":\"EntryPoint\",\"urlTemplate\":\"https:\/\/www.istegroup.com\/?s={search_term_string}\"},\"query-input\":{\"@type\":\"PropertyValueSpecification\",\"valueRequired\":true,\"valueName\":\"search_term_string\"}}],\"inLanguage\":\"fr-FR\"}]}<\/script>\n<!-- \/ Yoast SEO plugin. -->","yoast_head_json":{"title":"L'\u00e9conomie des ressources min\u00e9rales et le d\u00e9fi de la soutenabilit\u00e9 1 - ISTE Group","description":"Cet ouvrage pr\u00e9sente un panorama du contexte de l\u2019exploitation de ces ressources min\u00e9rales, o\u00f9 les contraintes naturelles, r\u00e9glementaires et environnementales interf\u00e8rent avec les int\u00e9r\u00eats \u00e9conomiques, financiers et g\u00e9opolitiques.","robots":{"index":"index","follow":"follow","max-snippet":"max-snippet:-1","max-image-preview":"max-image-preview:large","max-video-preview":"max-video-preview:-1"},"canonical":"https:\/\/www.istegroup.com\/produit\/leconomie-des-ressources-minerales-et-le-defi-de-la-soutenabilite-1\/","og_locale":"fr_FR","og_type":"article","og_title":"L'\u00e9conomie des ressources min\u00e9rales et le d\u00e9fi de la soutenabilit\u00e9 1 - ISTE Group","og_description":"Cet ouvrage pr\u00e9sente un panorama du contexte de l\u2019exploitation de ces ressources min\u00e9rales, o\u00f9 les contraintes naturelles, r\u00e9glementaires et environnementales interf\u00e8rent avec les int\u00e9r\u00eats \u00e9conomiques, financiers et g\u00e9opolitiques.","og_url":"https:\/\/www.istegroup.com\/produit\/leconomie-des-ressources-minerales-et-le-defi-de-la-soutenabilite-1\/","og_site_name":"ISTE Group","article_modified_time":"2025-01-03T12:13:47+00:00","og_image":[{"width":300,"height":455,"url":"https:\/\/www.istegroup.com\/wp-content\/uploads\/2021\/11\/Leconomie-des-ressources-minerales-et-le-defi-de-la-soutenabilite_bandeau_2.jpg","type":"image\/jpeg"}],"twitter_card":"summary_large_image","twitter_misc":{"Est. reading time":"1 minute"},"schema":{"@context":"https:\/\/schema.org","@graph":[{"@type":"WebPage","@id":"https:\/\/www.istegroup.com\/produit\/leconomie-des-ressources-minerales-et-le-defi-de-la-soutenabilite-1\/","url":"https:\/\/www.istegroup.com\/produit\/leconomie-des-ressources-minerales-et-le-defi-de-la-soutenabilite-1\/","name":"L'\u00e9conomie des ressources min\u00e9rales et le d\u00e9fi de la soutenabilit\u00e9 1 - ISTE Group","isPartOf":{"@id":"https:\/\/www.istegroup.com\/#website"},"primaryImageOfPage":{"@id":"https:\/\/www.istegroup.com\/produit\/leconomie-des-ressources-minerales-et-le-defi-de-la-soutenabilite-1\/#primaryimage"},"image":{"@id":"https:\/\/www.istegroup.com\/produit\/leconomie-des-ressources-minerales-et-le-defi-de-la-soutenabilite-1\/#primaryimage"},"thumbnailUrl":"https:\/\/www.istegroup.com\/wp-content\/uploads\/2021\/11\/Leconomie-des-ressources-minerales-et-le-defi-de-la-soutenabilite_bandeau_2.jpg","datePublished":"2021-06-22T11:12:58+00:00","dateModified":"2025-01-03T12:13:47+00:00","description":"Cet ouvrage pr\u00e9sente un panorama du contexte de l\u2019exploitation de ces ressources min\u00e9rales, o\u00f9 les contraintes naturelles, r\u00e9glementaires et environnementales interf\u00e8rent avec les int\u00e9r\u00eats \u00e9conomiques, financiers et g\u00e9opolitiques.","breadcrumb":{"@id":"https:\/\/www.istegroup.com\/produit\/leconomie-des-ressources-minerales-et-le-defi-de-la-soutenabilite-1\/#breadcrumb"},"inLanguage":"fr-FR","potentialAction":[{"@type":"ReadAction","target":["https:\/\/www.istegroup.com\/produit\/leconomie-des-ressources-minerales-et-le-defi-de-la-soutenabilite-1\/"]}]},{"@type":"ImageObject","inLanguage":"fr-FR","@id":"https:\/\/www.istegroup.com\/produit\/leconomie-des-ressources-minerales-et-le-defi-de-la-soutenabilite-1\/#primaryimage","url":"https:\/\/www.istegroup.com\/wp-content\/uploads\/2021\/11\/Leconomie-des-ressources-minerales-et-le-defi-de-la-soutenabilite_bandeau_2.jpg","contentUrl":"https:\/\/www.istegroup.com\/wp-content\/uploads\/2021\/11\/Leconomie-des-ressources-minerales-et-le-defi-de-la-soutenabilite_bandeau_2.jpg","width":300,"height":455,"caption":"Livre scientifique - L\u2019\u00e9conomie des ressources min\u00e9rales et le d\u00e9fi de la soutenabilit\u00e9 1 - Encyclop\u00e9die SCIENCES"},{"@type":"BreadcrumbList","@id":"https:\/\/www.istegroup.com\/produit\/leconomie-des-ressources-minerales-et-le-defi-de-la-soutenabilite-1\/#breadcrumb","itemListElement":[{"@type":"ListItem","position":1,"name":"Home","item":"https:\/\/www.istegroup.com\/"},{"@type":"ListItem","position":2,"name":"Shop","item":"https:\/\/www.istegroup.com\/fr\/nouveautes\/"},{"@type":"ListItem","position":3,"name":"L&rsquo;\u00e9conomie des ressources min\u00e9rales et le d\u00e9fi de la soutenabilit\u00e9 1"}]},{"@type":"WebSite","@id":"https:\/\/www.istegroup.com\/#website","url":"https:\/\/www.istegroup.com\/","name":"ISTE Group","description":"\u00c9diteur des Sciences","potentialAction":[{"@type":"SearchAction","target":{"@type":"EntryPoint","urlTemplate":"https:\/\/www.istegroup.com\/?s={search_term_string}"},"query-input":{"@type":"PropertyValueSpecification","valueRequired":true,"valueName":"search_term_string"}}],"inLanguage":"fr-FR"}]}},"_links":{"self":[{"href":"https:\/\/www.istegroup.com\/fr\/wp-json\/wp\/v2\/product\/23711","targetHints":{"allow":["GET"]}}],"collection":[{"href":"https:\/\/www.istegroup.com\/fr\/wp-json\/wp\/v2\/product"}],"about":[{"href":"https:\/\/www.istegroup.com\/fr\/wp-json\/wp\/v2\/types\/product"}],"wp:featuredmedia":[{"embeddable":true,"href":"https:\/\/www.istegroup.com\/fr\/wp-json\/wp\/v2\/media\/44555"}],"wp:attachment":[{"href":"https:\/\/www.istegroup.com\/fr\/wp-json\/wp\/v2\/media?parent=23711"}],"wp:term":[{"taxonomy":"product_brand","embeddable":true,"href":"https:\/\/www.istegroup.com\/fr\/wp-json\/wp\/v2\/product_brand?post=23711"},{"taxonomy":"product_cat","embeddable":true,"href":"https:\/\/www.istegroup.com\/fr\/wp-json\/wp\/v2\/product_cat?post=23711"},{"taxonomy":"product_tag","embeddable":true,"href":"https:\/\/www.istegroup.com\/fr\/wp-json\/wp\/v2\/product_tag?post=23711"}],"curies":[{"name":"wp","href":"https:\/\/api.w.org\/{rel}","templated":true}]}}