{"id":23710,"date":"2021-06-22T12:11:25","date_gmt":"2021-06-22T11:11:25","guid":{"rendered":"https:\/\/www.istegroup.com\/?post_type=product&#038;p=23710"},"modified":"2025-01-03T12:13:57","modified_gmt":"2025-01-03T12:13:57","slug":"leconomie-des-ressources-minerales-et-le-defi-de-la-soutenabilite-2","status":"publish","type":"product","link":"https:\/\/www.istegroup.com\/fr\/produit\/leconomie-des-ressources-minerales-et-le-defi-de-la-soutenabilite-2\/","title":{"rendered":"L&rsquo;\u00e9conomie des ressources min\u00e9rales et le d\u00e9fi de la soutenabilit\u00e9 2"},"content":{"rendered":"<p><a style=\"color: #1e9691\" href=\"https:\/\/www.faee.fr\/fr\/2-actualites.html#\/news\/75\"><strong>Prix sp\u00e9cial AEE 2021 d\u2019\u00e9conomie de l\u2019\u00e9nergie de l\u2019Association des Economistes de l\u2019Energie<\/strong><\/a><br \/>\n<em>(&#8230;) un seul mot vient aux l\u00e8vres : BRAVO !<\/em><br \/>\nChristophe Bonnery, Pr\u00e9sident de l\u2019Association des Economistes de l\u2019Energie.<br \/>\n___________<\/p>\n<p>Les d\u00e9fis associ\u00e9s \u00e0 l\u2019impact environnemental des \u00e9nergies renouvelables sont redoutables et multiples, tant l\u2019exploitation de formes d\u2019\u00e9nergie diffuses va n\u00e9cessiter de remodeler nos modes de vie et nos infrastructures. R\u00e9duire leur impact environnemental est un imp\u00e9ratif qui n\u00e9cessite de mobiliser l\u2019ensemble des leviers d\u2019action disponibles.<\/p>\n<p>Au-del\u00e0 de l\u2019analyse de ces d\u00e9fis, cet ouvrage pr\u00e9sente un panorama des leviers d\u2019action qui devraient permettre de les relever, en croisant les champs des sciences humaines, des g\u00e9osciences et de l\u2019ing\u00e9nierie. Les leviers d\u2019action examin\u00e9s sont multiples : \u00e0 la fois techniques (par substitution ou appel \u00e0 des <em>low tech<\/em>) et \u00e9conomiques et sociaux (par d\u00e9veloppement du recyclage ou d\u00e9couplage). L\u2019ouvrage traite \u00e9galement de la question de leur efficacit\u00e9 et de leur impact global.<\/p>","protected":false},"excerpt":{"rendered":"<p>Prix sp\u00e9cial AEE 2021 d\u2019\u00e9conomie de l\u2019\u00e9nergie de l\u2019Association des Economistes de l\u2019Energie (&#8230;) un seul mot vient aux l\u00e8vres : BRAVO ! Christophe Bonnery, Pr\u00e9sident de l\u2019Association des Economistes de l\u2019Energie. ___________ Les d\u00e9fis associ\u00e9s \u00e0 l\u2019impact environnemental des \u00e9nergies renouvelables sont redoutables et multiples, tant l\u2019exploitation de formes d\u2019\u00e9nergie diffuses va n\u00e9cessiter de [&hellip;]<\/p>\n","protected":false},"featured_media":44556,"template":"","meta":{"_acf_changed":false,"_links_to":"","_links_to_target":""},"product_brand":[],"product_cat":[4289],"product_tag":[],"class_list":{"0":"post-23710","1":"product","2":"type-product","3":"status-publish","4":"has-post-thumbnail","6":"product_cat-sciences","8":"first","9":"instock","10":"shipping-taxable","11":"purchasable","12":"product-type-variable"},"acf":[],"yoast_head":"<!-- This site is optimized with the Yoast SEO plugin v27.2 - https:\/\/yoast.com\/product\/yoast-seo-wordpress\/ -->\n<title>L&#039;\u00e9conomie des ressources min\u00e9rales et le d\u00e9fi de la soutenabilit\u00e9 2 - ISTE Group<\/title>\n<meta name=\"description\" content=\"Au-del\u00e0 de l\u2019analyse de ces d\u00e9fis, cet ouvrage pr\u00e9sente un panorama des leviers d\u2019action qui devraient permettre de les relever, en croisant les champs des sciences humaines, des g\u00e9osciences et de l\u2019ing\u00e9nierie.\" \/>\n<meta name=\"robots\" content=\"index, follow, max-snippet:-1, max-image-preview:large, max-video-preview:-1\" \/>\n<link rel=\"canonical\" href=\"https:\/\/www.istegroup.com\/produit\/leconomie-des-ressources-minerales-et-le-defi-de-la-soutenabilite-2\/\" \/>\n<meta property=\"og:locale\" content=\"fr_FR\" \/>\n<meta property=\"og:type\" content=\"article\" \/>\n<meta property=\"og:title\" content=\"L&#039;\u00e9conomie des ressources min\u00e9rales et le d\u00e9fi de la soutenabilit\u00e9 2 - ISTE Group\" \/>\n<meta property=\"og:description\" content=\"Au-del\u00e0 de l\u2019analyse de ces d\u00e9fis, cet ouvrage pr\u00e9sente un panorama des leviers d\u2019action qui devraient permettre de les relever, en croisant les champs des sciences humaines, des g\u00e9osciences et de l\u2019ing\u00e9nierie.\" \/>\n<meta property=\"og:url\" content=\"https:\/\/www.istegroup.com\/produit\/leconomie-des-ressources-minerales-et-le-defi-de-la-soutenabilite-2\/\" \/>\n<meta property=\"og:site_name\" content=\"ISTE Group\" \/>\n<meta property=\"article:modified_time\" content=\"2025-01-03T12:13:57+00:00\" \/>\n<meta property=\"og:image\" content=\"https:\/\/www.istegroup.com\/wp-content\/uploads\/2021\/11\/Economie_ressources_minerales_defi_soutenabilite_2_bandeau_2.jpg\" \/>\n\t<meta property=\"og:image:width\" content=\"300\" \/>\n\t<meta property=\"og:image:height\" content=\"455\" \/>\n\t<meta property=\"og:image:type\" content=\"image\/jpeg\" \/>\n<meta name=\"twitter:card\" content=\"summary_large_image\" \/>\n<meta name=\"twitter:label1\" content=\"Est. reading time\" \/>\n\t<meta name=\"twitter:data1\" content=\"1 minute\" \/>\n<script type=\"application\/ld+json\" class=\"yoast-schema-graph\">{\"@context\":\"https:\/\/schema.org\",\"@graph\":[{\"@type\":\"WebPage\",\"@id\":\"https:\/\/www.istegroup.com\/produit\/leconomie-des-ressources-minerales-et-le-defi-de-la-soutenabilite-2\/\",\"url\":\"https:\/\/www.istegroup.com\/produit\/leconomie-des-ressources-minerales-et-le-defi-de-la-soutenabilite-2\/\",\"name\":\"L'\u00e9conomie des ressources min\u00e9rales et le d\u00e9fi de la soutenabilit\u00e9 2 - ISTE Group\",\"isPartOf\":{\"@id\":\"https:\/\/www.istegroup.com\/#website\"},\"primaryImageOfPage\":{\"@id\":\"https:\/\/www.istegroup.com\/produit\/leconomie-des-ressources-minerales-et-le-defi-de-la-soutenabilite-2\/#primaryimage\"},\"image\":{\"@id\":\"https:\/\/www.istegroup.com\/produit\/leconomie-des-ressources-minerales-et-le-defi-de-la-soutenabilite-2\/#primaryimage\"},\"thumbnailUrl\":\"https:\/\/www.istegroup.com\/wp-content\/uploads\/2021\/11\/Economie_ressources_minerales_defi_soutenabilite_2_bandeau_2.jpg\",\"datePublished\":\"2021-06-22T11:11:25+00:00\",\"dateModified\":\"2025-01-03T12:13:57+00:00\",\"description\":\"Au-del\u00e0 de l\u2019analyse de ces d\u00e9fis, cet ouvrage pr\u00e9sente un panorama des leviers d\u2019action qui devraient permettre de les relever, en croisant les champs des sciences humaines, des g\u00e9osciences et de l\u2019ing\u00e9nierie.\",\"breadcrumb\":{\"@id\":\"https:\/\/www.istegroup.com\/produit\/leconomie-des-ressources-minerales-et-le-defi-de-la-soutenabilite-2\/#breadcrumb\"},\"inLanguage\":\"fr-FR\",\"potentialAction\":[{\"@type\":\"ReadAction\",\"target\":[\"https:\/\/www.istegroup.com\/produit\/leconomie-des-ressources-minerales-et-le-defi-de-la-soutenabilite-2\/\"]}]},{\"@type\":\"ImageObject\",\"inLanguage\":\"fr-FR\",\"@id\":\"https:\/\/www.istegroup.com\/produit\/leconomie-des-ressources-minerales-et-le-defi-de-la-soutenabilite-2\/#primaryimage\",\"url\":\"https:\/\/www.istegroup.com\/wp-content\/uploads\/2021\/11\/Economie_ressources_minerales_defi_soutenabilite_2_bandeau_2.jpg\",\"contentUrl\":\"https:\/\/www.istegroup.com\/wp-content\/uploads\/2021\/11\/Economie_ressources_minerales_defi_soutenabilite_2_bandeau_2.jpg\",\"width\":300,\"height\":455,\"caption\":\"Livre scientifique - L\u2019\u00e9conomie des ressources min\u00e9rales et le d\u00e9fi de la soutenabilit\u00e9 2 - Encyclop\u00e9die SCIENCES\"},{\"@type\":\"BreadcrumbList\",\"@id\":\"https:\/\/www.istegroup.com\/produit\/leconomie-des-ressources-minerales-et-le-defi-de-la-soutenabilite-2\/#breadcrumb\",\"itemListElement\":[{\"@type\":\"ListItem\",\"position\":1,\"name\":\"Home\",\"item\":\"https:\/\/www.istegroup.com\/\"},{\"@type\":\"ListItem\",\"position\":2,\"name\":\"Shop\",\"item\":\"https:\/\/www.istegroup.com\/fr\/nouveautes\/\"},{\"@type\":\"ListItem\",\"position\":3,\"name\":\"L&rsquo;\u00e9conomie des ressources min\u00e9rales et le d\u00e9fi de la soutenabilit\u00e9 2\"}]},{\"@type\":\"WebSite\",\"@id\":\"https:\/\/www.istegroup.com\/#website\",\"url\":\"https:\/\/www.istegroup.com\/\",\"name\":\"ISTE Group\",\"description\":\"\u00c9diteur des Sciences\",\"potentialAction\":[{\"@type\":\"SearchAction\",\"target\":{\"@type\":\"EntryPoint\",\"urlTemplate\":\"https:\/\/www.istegroup.com\/?s={search_term_string}\"},\"query-input\":{\"@type\":\"PropertyValueSpecification\",\"valueRequired\":true,\"valueName\":\"search_term_string\"}}],\"inLanguage\":\"fr-FR\"}]}<\/script>\n<!-- \/ Yoast SEO plugin. -->","yoast_head_json":{"title":"L'\u00e9conomie des ressources min\u00e9rales et le d\u00e9fi de la soutenabilit\u00e9 2 - ISTE Group","description":"Au-del\u00e0 de l\u2019analyse de ces d\u00e9fis, cet ouvrage pr\u00e9sente un panorama des leviers d\u2019action qui devraient permettre de les relever, en croisant les champs des sciences humaines, des g\u00e9osciences et de l\u2019ing\u00e9nierie.","robots":{"index":"index","follow":"follow","max-snippet":"max-snippet:-1","max-image-preview":"max-image-preview:large","max-video-preview":"max-video-preview:-1"},"canonical":"https:\/\/www.istegroup.com\/produit\/leconomie-des-ressources-minerales-et-le-defi-de-la-soutenabilite-2\/","og_locale":"fr_FR","og_type":"article","og_title":"L'\u00e9conomie des ressources min\u00e9rales et le d\u00e9fi de la soutenabilit\u00e9 2 - ISTE Group","og_description":"Au-del\u00e0 de l\u2019analyse de ces d\u00e9fis, cet ouvrage pr\u00e9sente un panorama des leviers d\u2019action qui devraient permettre de les relever, en croisant les champs des sciences humaines, des g\u00e9osciences et de l\u2019ing\u00e9nierie.","og_url":"https:\/\/www.istegroup.com\/produit\/leconomie-des-ressources-minerales-et-le-defi-de-la-soutenabilite-2\/","og_site_name":"ISTE Group","article_modified_time":"2025-01-03T12:13:57+00:00","og_image":[{"width":300,"height":455,"url":"https:\/\/www.istegroup.com\/wp-content\/uploads\/2021\/11\/Economie_ressources_minerales_defi_soutenabilite_2_bandeau_2.jpg","type":"image\/jpeg"}],"twitter_card":"summary_large_image","twitter_misc":{"Est. reading time":"1 minute"},"schema":{"@context":"https:\/\/schema.org","@graph":[{"@type":"WebPage","@id":"https:\/\/www.istegroup.com\/produit\/leconomie-des-ressources-minerales-et-le-defi-de-la-soutenabilite-2\/","url":"https:\/\/www.istegroup.com\/produit\/leconomie-des-ressources-minerales-et-le-defi-de-la-soutenabilite-2\/","name":"L'\u00e9conomie des ressources min\u00e9rales et le d\u00e9fi de la soutenabilit\u00e9 2 - ISTE Group","isPartOf":{"@id":"https:\/\/www.istegroup.com\/#website"},"primaryImageOfPage":{"@id":"https:\/\/www.istegroup.com\/produit\/leconomie-des-ressources-minerales-et-le-defi-de-la-soutenabilite-2\/#primaryimage"},"image":{"@id":"https:\/\/www.istegroup.com\/produit\/leconomie-des-ressources-minerales-et-le-defi-de-la-soutenabilite-2\/#primaryimage"},"thumbnailUrl":"https:\/\/www.istegroup.com\/wp-content\/uploads\/2021\/11\/Economie_ressources_minerales_defi_soutenabilite_2_bandeau_2.jpg","datePublished":"2021-06-22T11:11:25+00:00","dateModified":"2025-01-03T12:13:57+00:00","description":"Au-del\u00e0 de l\u2019analyse de ces d\u00e9fis, cet ouvrage pr\u00e9sente un panorama des leviers d\u2019action qui devraient permettre de les relever, en croisant les champs des sciences humaines, des g\u00e9osciences et de l\u2019ing\u00e9nierie.","breadcrumb":{"@id":"https:\/\/www.istegroup.com\/produit\/leconomie-des-ressources-minerales-et-le-defi-de-la-soutenabilite-2\/#breadcrumb"},"inLanguage":"fr-FR","potentialAction":[{"@type":"ReadAction","target":["https:\/\/www.istegroup.com\/produit\/leconomie-des-ressources-minerales-et-le-defi-de-la-soutenabilite-2\/"]}]},{"@type":"ImageObject","inLanguage":"fr-FR","@id":"https:\/\/www.istegroup.com\/produit\/leconomie-des-ressources-minerales-et-le-defi-de-la-soutenabilite-2\/#primaryimage","url":"https:\/\/www.istegroup.com\/wp-content\/uploads\/2021\/11\/Economie_ressources_minerales_defi_soutenabilite_2_bandeau_2.jpg","contentUrl":"https:\/\/www.istegroup.com\/wp-content\/uploads\/2021\/11\/Economie_ressources_minerales_defi_soutenabilite_2_bandeau_2.jpg","width":300,"height":455,"caption":"Livre scientifique - L\u2019\u00e9conomie des ressources min\u00e9rales et le d\u00e9fi de la soutenabilit\u00e9 2 - Encyclop\u00e9die SCIENCES"},{"@type":"BreadcrumbList","@id":"https:\/\/www.istegroup.com\/produit\/leconomie-des-ressources-minerales-et-le-defi-de-la-soutenabilite-2\/#breadcrumb","itemListElement":[{"@type":"ListItem","position":1,"name":"Home","item":"https:\/\/www.istegroup.com\/"},{"@type":"ListItem","position":2,"name":"Shop","item":"https:\/\/www.istegroup.com\/fr\/nouveautes\/"},{"@type":"ListItem","position":3,"name":"L&rsquo;\u00e9conomie des ressources min\u00e9rales et le d\u00e9fi de la soutenabilit\u00e9 2"}]},{"@type":"WebSite","@id":"https:\/\/www.istegroup.com\/#website","url":"https:\/\/www.istegroup.com\/","name":"ISTE Group","description":"\u00c9diteur des Sciences","potentialAction":[{"@type":"SearchAction","target":{"@type":"EntryPoint","urlTemplate":"https:\/\/www.istegroup.com\/?s={search_term_string}"},"query-input":{"@type":"PropertyValueSpecification","valueRequired":true,"valueName":"search_term_string"}}],"inLanguage":"fr-FR"}]}},"_links":{"self":[{"href":"https:\/\/www.istegroup.com\/fr\/wp-json\/wp\/v2\/product\/23710","targetHints":{"allow":["GET"]}}],"collection":[{"href":"https:\/\/www.istegroup.com\/fr\/wp-json\/wp\/v2\/product"}],"about":[{"href":"https:\/\/www.istegroup.com\/fr\/wp-json\/wp\/v2\/types\/product"}],"wp:featuredmedia":[{"embeddable":true,"href":"https:\/\/www.istegroup.com\/fr\/wp-json\/wp\/v2\/media\/44556"}],"wp:attachment":[{"href":"https:\/\/www.istegroup.com\/fr\/wp-json\/wp\/v2\/media?parent=23710"}],"wp:term":[{"taxonomy":"product_brand","embeddable":true,"href":"https:\/\/www.istegroup.com\/fr\/wp-json\/wp\/v2\/product_brand?post=23710"},{"taxonomy":"product_cat","embeddable":true,"href":"https:\/\/www.istegroup.com\/fr\/wp-json\/wp\/v2\/product_cat?post=23710"},{"taxonomy":"product_tag","embeddable":true,"href":"https:\/\/www.istegroup.com\/fr\/wp-json\/wp\/v2\/product_tag?post=23710"}],"curies":[{"name":"wp","href":"https:\/\/api.w.org\/{rel}","templated":true}]}}