{"id":23699,"date":"2022-11-14T16:06:51","date_gmt":"2022-11-14T16:06:51","guid":{"rendered":"https:\/\/www.istegroup.com\/?post_type=product&#038;p=23699"},"modified":"2025-01-03T11:55:00","modified_gmt":"2025-01-03T11:55:00","slug":"economie-de-lenergie-nucleaire-1","status":"publish","type":"product","link":"https:\/\/www.istegroup.com\/fr\/produit\/economie-de-lenergie-nucleaire-1\/","title":{"rendered":"\u00c9conomie de l\u2019\u00e9nergie nucl\u00e9aire 1"},"content":{"rendered":"<p><a style=\"color: #1e9691;\" href=\"https:\/\/www.sfen.org\/laureat\/les-laureats-2023\/\"><strong>Prix de l\u2019Enseignement et de la Formation Sfen 2023<\/strong><\/a><br \/>\n<em>\u00ab\u00a0Cet ouvrage tr\u00e8s ambitieux vient combler un manque important dans les ouvrages universitaires\u00a0\u00bb<\/em><br \/>\n___________<br \/>\nCet ouvrage expose les \u00e9l\u00e9ments \u00e9conomiques factuels, pr\u00e9cis, complets et accessibles de l\u2019\u00e9nergie nucl\u00e9aire afin de contribuer \u00e0 un d\u00e9bat \u00e9clair\u00e9 et d\u00e9passionn\u00e9.<\/p>\n<p>Il pr\u00e9sente, dans un premier temps, une analyse approfondie des politiques strat\u00e9giques relatives \u00e0 l\u2019\u00e9nergie nucl\u00e9aire en France et dans le monde. Puis, il traite de la formation des co\u00fbts de production de l\u2019\u00e9lectricit\u00e9 nucl\u00e9aire, que ce soit pour les r\u00e9acteurs actuels ou du futur. Les aspects m\u00e9thodologiques sont pr\u00e9sent\u00e9s de mani\u00e8re exhaustive et illustr\u00e9s d\u2019exemples et d\u2019\u00e9tudes de cas d\u00e9taill\u00e9s.<\/p>\n<p>Enfin<em>, \u00c9conomie de l\u2019\u00e9nergie nucl\u00e9aire 1<\/em> propose une \u00e9tude \u00e9conomique pertinente de la composante combustible de l\u2019\u00e9nergie nucl\u00e9aire. Dans ce cadre, les aspects relatifs au march\u00e9 de l\u2019uranium sont pr\u00e9sent\u00e9s avant de d\u00e9crire pr\u00e9cis\u00e9ment les composantes techniques et \u00e9conomiques qui se trouvent en amont du cycle nucl\u00e9aire.<\/p>\n<p><strong>La presse en parle<\/strong><\/p>\n<p>(&#8230;) Avec une volont\u00e9 de p\u00e9dagogie, \u00ab <em>\u00c9conomie de l\u2019\u00e9nergie nucl\u00e9aire<\/em> \u00bb aspire \u00e0 constituer \u00ab <em>une ressource scientifique in\u00e9dite<\/em> \u00bb, o\u00f9 sont pr\u00e9sent\u00e9s les sp\u00e9cificit\u00e9s et m\u00e9thodes de calculs associ\u00e9es \u00e0 la fili\u00e8re nucl\u00e9aire, avec de nombreuses nuances.<br \/>\n<a style=\"color: #1e9691;\" href=\"https:\/\/www.connaissancedesenergies.org\/parution-de-louvrage-economie-de-lenergie-nucleaire-extraits-221219\"><em>www.connaissancedesenergies.org<\/em><\/a><\/p>","protected":false},"excerpt":{"rendered":"<p>Prix de l\u2019Enseignement et de la Formation Sfen 2023 \u00ab\u00a0Cet ouvrage tr\u00e8s ambitieux vient combler un manque important dans les ouvrages universitaires\u00a0\u00bb ___________ Cet ouvrage expose les \u00e9l\u00e9ments \u00e9conomiques factuels, pr\u00e9cis, complets et accessibles de l\u2019\u00e9nergie nucl\u00e9aire afin de contribuer \u00e0 un d\u00e9bat \u00e9clair\u00e9 et d\u00e9passionn\u00e9. Il pr\u00e9sente, dans un premier temps, une analyse approfondie [&hellip;]<\/p>\n","protected":false},"featured_media":52549,"template":"","meta":{"_acf_changed":false,"_links_to":"","_links_to_target":""},"product_brand":[],"product_cat":[4289],"product_tag":[],"class_list":{"0":"post-23699","1":"product","2":"type-product","3":"status-publish","4":"has-post-thumbnail","6":"product_cat-sciences","8":"first","9":"instock","10":"shipping-taxable","11":"purchasable","12":"product-type-variable"},"acf":[],"yoast_head":"<!-- This site is optimized with the Yoast SEO plugin v27.2 - https:\/\/yoast.com\/product\/yoast-seo-wordpress\/ -->\n<title>\u00c9conomie de l\u2019\u00e9nergie nucl\u00e9aire 1 - ISTE Group<\/title>\n<meta name=\"description\" content=\"Cet ouvrage expose les \u00e9l\u00e9ments \u00e9conomiques factuels, pr\u00e9cis, complets et accessibles de l\u2019\u00e9nergie nucl\u00e9aire afin de contribuer \u00e0 un d\u00e9bat \u00e9clair\u00e9 et d\u00e9passionn\u00e9.\" \/>\n<meta name=\"robots\" content=\"index, follow, max-snippet:-1, max-image-preview:large, max-video-preview:-1\" \/>\n<link rel=\"canonical\" href=\"https:\/\/www.istegroup.com\/en\/produit\/economie-de-lenergie-nucleaire-1\/\" \/>\n<meta property=\"og:locale\" content=\"fr_FR\" \/>\n<meta property=\"og:type\" content=\"article\" \/>\n<meta property=\"og:title\" content=\"\u00c9conomie de l\u2019\u00e9nergie nucl\u00e9aire 1 - ISTE Group\" \/>\n<meta property=\"og:description\" content=\"Cet ouvrage expose les \u00e9l\u00e9ments \u00e9conomiques factuels, pr\u00e9cis, complets et accessibles de l\u2019\u00e9nergie nucl\u00e9aire afin de contribuer \u00e0 un d\u00e9bat \u00e9clair\u00e9 et d\u00e9passionn\u00e9.\" \/>\n<meta property=\"og:url\" content=\"https:\/\/www.istegroup.com\/en\/produit\/economie-de-lenergie-nucleaire-1\/\" \/>\n<meta property=\"og:site_name\" content=\"ISTE Group\" \/>\n<meta property=\"article:modified_time\" content=\"2025-01-03T11:55:00+00:00\" \/>\n<meta property=\"og:image\" content=\"https:\/\/www.istegroup.com\/wp-content\/uploads\/2022\/11\/Percebois-1-couv_SFEN.jpg\" \/>\n\t<meta property=\"og:image:width\" content=\"300\" \/>\n\t<meta property=\"og:image:height\" content=\"450\" \/>\n\t<meta property=\"og:image:type\" content=\"image\/jpeg\" \/>\n<meta name=\"twitter:card\" content=\"summary_large_image\" \/>\n<meta name=\"twitter:label1\" content=\"Est. reading time\" \/>\n\t<meta name=\"twitter:data1\" content=\"1 minute\" \/>\n<script type=\"application\/ld+json\" class=\"yoast-schema-graph\">{\"@context\":\"https:\/\/schema.org\",\"@graph\":[{\"@type\":\"WebPage\",\"@id\":\"https:\/\/www.istegroup.com\/en\/produit\/economie-de-lenergie-nucleaire-1\/\",\"url\":\"https:\/\/www.istegroup.com\/en\/produit\/economie-de-lenergie-nucleaire-1\/\",\"name\":\"\u00c9conomie de l\u2019\u00e9nergie nucl\u00e9aire 1 - ISTE Group\",\"isPartOf\":{\"@id\":\"https:\/\/www.istegroup.com\/#website\"},\"primaryImageOfPage\":{\"@id\":\"https:\/\/www.istegroup.com\/en\/produit\/economie-de-lenergie-nucleaire-1\/#primaryimage\"},\"image\":{\"@id\":\"https:\/\/www.istegroup.com\/en\/produit\/economie-de-lenergie-nucleaire-1\/#primaryimage\"},\"thumbnailUrl\":\"https:\/\/www.istegroup.com\/wp-content\/uploads\/2022\/11\/Percebois-1-couv_SFEN.jpg\",\"datePublished\":\"2022-11-14T16:06:51+00:00\",\"dateModified\":\"2025-01-03T11:55:00+00:00\",\"description\":\"Cet ouvrage expose les \u00e9l\u00e9ments \u00e9conomiques factuels, pr\u00e9cis, complets et accessibles de l\u2019\u00e9nergie nucl\u00e9aire afin de contribuer \u00e0 un d\u00e9bat \u00e9clair\u00e9 et d\u00e9passionn\u00e9.\",\"breadcrumb\":{\"@id\":\"https:\/\/www.istegroup.com\/en\/produit\/economie-de-lenergie-nucleaire-1\/#breadcrumb\"},\"inLanguage\":\"fr-FR\",\"potentialAction\":[{\"@type\":\"ReadAction\",\"target\":[\"https:\/\/www.istegroup.com\/en\/produit\/economie-de-lenergie-nucleaire-1\/\"]}]},{\"@type\":\"ImageObject\",\"inLanguage\":\"fr-FR\",\"@id\":\"https:\/\/www.istegroup.com\/en\/produit\/economie-de-lenergie-nucleaire-1\/#primaryimage\",\"url\":\"https:\/\/www.istegroup.com\/wp-content\/uploads\/2022\/11\/Percebois-1-couv_SFEN.jpg\",\"contentUrl\":\"https:\/\/www.istegroup.com\/wp-content\/uploads\/2022\/11\/Percebois-1-couv_SFEN.jpg\",\"width\":300,\"height\":450},{\"@type\":\"BreadcrumbList\",\"@id\":\"https:\/\/www.istegroup.com\/en\/produit\/economie-de-lenergie-nucleaire-1\/#breadcrumb\",\"itemListElement\":[{\"@type\":\"ListItem\",\"position\":1,\"name\":\"Home\",\"item\":\"https:\/\/www.istegroup.com\/\"},{\"@type\":\"ListItem\",\"position\":2,\"name\":\"Shop\",\"item\":\"https:\/\/www.istegroup.com\/fr\/nouveautes\/\"},{\"@type\":\"ListItem\",\"position\":3,\"name\":\"\u00c9conomie de l\u2019\u00e9nergie nucl\u00e9aire 1\"}]},{\"@type\":\"WebSite\",\"@id\":\"https:\/\/www.istegroup.com\/#website\",\"url\":\"https:\/\/www.istegroup.com\/\",\"name\":\"ISTE Group\",\"description\":\"\u00c9diteur des Sciences\",\"potentialAction\":[{\"@type\":\"SearchAction\",\"target\":{\"@type\":\"EntryPoint\",\"urlTemplate\":\"https:\/\/www.istegroup.com\/?s={search_term_string}\"},\"query-input\":{\"@type\":\"PropertyValueSpecification\",\"valueRequired\":true,\"valueName\":\"search_term_string\"}}],\"inLanguage\":\"fr-FR\"}]}<\/script>\n<!-- \/ Yoast SEO plugin. -->","yoast_head_json":{"title":"\u00c9conomie de l\u2019\u00e9nergie nucl\u00e9aire 1 - ISTE Group","description":"Cet ouvrage expose les \u00e9l\u00e9ments \u00e9conomiques factuels, pr\u00e9cis, complets et accessibles de l\u2019\u00e9nergie nucl\u00e9aire afin de contribuer \u00e0 un d\u00e9bat \u00e9clair\u00e9 et d\u00e9passionn\u00e9.","robots":{"index":"index","follow":"follow","max-snippet":"max-snippet:-1","max-image-preview":"max-image-preview:large","max-video-preview":"max-video-preview:-1"},"canonical":"https:\/\/www.istegroup.com\/en\/produit\/economie-de-lenergie-nucleaire-1\/","og_locale":"fr_FR","og_type":"article","og_title":"\u00c9conomie de l\u2019\u00e9nergie nucl\u00e9aire 1 - ISTE Group","og_description":"Cet ouvrage expose les \u00e9l\u00e9ments \u00e9conomiques factuels, pr\u00e9cis, complets et accessibles de l\u2019\u00e9nergie nucl\u00e9aire afin de contribuer \u00e0 un d\u00e9bat \u00e9clair\u00e9 et d\u00e9passionn\u00e9.","og_url":"https:\/\/www.istegroup.com\/en\/produit\/economie-de-lenergie-nucleaire-1\/","og_site_name":"ISTE Group","article_modified_time":"2025-01-03T11:55:00+00:00","og_image":[{"width":300,"height":450,"url":"https:\/\/www.istegroup.com\/wp-content\/uploads\/2022\/11\/Percebois-1-couv_SFEN.jpg","type":"image\/jpeg"}],"twitter_card":"summary_large_image","twitter_misc":{"Est. reading time":"1 minute"},"schema":{"@context":"https:\/\/schema.org","@graph":[{"@type":"WebPage","@id":"https:\/\/www.istegroup.com\/en\/produit\/economie-de-lenergie-nucleaire-1\/","url":"https:\/\/www.istegroup.com\/en\/produit\/economie-de-lenergie-nucleaire-1\/","name":"\u00c9conomie de l\u2019\u00e9nergie nucl\u00e9aire 1 - ISTE Group","isPartOf":{"@id":"https:\/\/www.istegroup.com\/#website"},"primaryImageOfPage":{"@id":"https:\/\/www.istegroup.com\/en\/produit\/economie-de-lenergie-nucleaire-1\/#primaryimage"},"image":{"@id":"https:\/\/www.istegroup.com\/en\/produit\/economie-de-lenergie-nucleaire-1\/#primaryimage"},"thumbnailUrl":"https:\/\/www.istegroup.com\/wp-content\/uploads\/2022\/11\/Percebois-1-couv_SFEN.jpg","datePublished":"2022-11-14T16:06:51+00:00","dateModified":"2025-01-03T11:55:00+00:00","description":"Cet ouvrage expose les \u00e9l\u00e9ments \u00e9conomiques factuels, pr\u00e9cis, complets et accessibles de l\u2019\u00e9nergie nucl\u00e9aire afin de contribuer \u00e0 un d\u00e9bat \u00e9clair\u00e9 et d\u00e9passionn\u00e9.","breadcrumb":{"@id":"https:\/\/www.istegroup.com\/en\/produit\/economie-de-lenergie-nucleaire-1\/#breadcrumb"},"inLanguage":"fr-FR","potentialAction":[{"@type":"ReadAction","target":["https:\/\/www.istegroup.com\/en\/produit\/economie-de-lenergie-nucleaire-1\/"]}]},{"@type":"ImageObject","inLanguage":"fr-FR","@id":"https:\/\/www.istegroup.com\/en\/produit\/economie-de-lenergie-nucleaire-1\/#primaryimage","url":"https:\/\/www.istegroup.com\/wp-content\/uploads\/2022\/11\/Percebois-1-couv_SFEN.jpg","contentUrl":"https:\/\/www.istegroup.com\/wp-content\/uploads\/2022\/11\/Percebois-1-couv_SFEN.jpg","width":300,"height":450},{"@type":"BreadcrumbList","@id":"https:\/\/www.istegroup.com\/en\/produit\/economie-de-lenergie-nucleaire-1\/#breadcrumb","itemListElement":[{"@type":"ListItem","position":1,"name":"Home","item":"https:\/\/www.istegroup.com\/"},{"@type":"ListItem","position":2,"name":"Shop","item":"https:\/\/www.istegroup.com\/fr\/nouveautes\/"},{"@type":"ListItem","position":3,"name":"\u00c9conomie de l\u2019\u00e9nergie nucl\u00e9aire 1"}]},{"@type":"WebSite","@id":"https:\/\/www.istegroup.com\/#website","url":"https:\/\/www.istegroup.com\/","name":"ISTE Group","description":"\u00c9diteur des Sciences","potentialAction":[{"@type":"SearchAction","target":{"@type":"EntryPoint","urlTemplate":"https:\/\/www.istegroup.com\/?s={search_term_string}"},"query-input":{"@type":"PropertyValueSpecification","valueRequired":true,"valueName":"search_term_string"}}],"inLanguage":"fr-FR"}]}},"_links":{"self":[{"href":"https:\/\/www.istegroup.com\/fr\/wp-json\/wp\/v2\/product\/23699","targetHints":{"allow":["GET"]}}],"collection":[{"href":"https:\/\/www.istegroup.com\/fr\/wp-json\/wp\/v2\/product"}],"about":[{"href":"https:\/\/www.istegroup.com\/fr\/wp-json\/wp\/v2\/types\/product"}],"wp:featuredmedia":[{"embeddable":true,"href":"https:\/\/www.istegroup.com\/fr\/wp-json\/wp\/v2\/media\/52549"}],"wp:attachment":[{"href":"https:\/\/www.istegroup.com\/fr\/wp-json\/wp\/v2\/media?parent=23699"}],"wp:term":[{"taxonomy":"product_brand","embeddable":true,"href":"https:\/\/www.istegroup.com\/fr\/wp-json\/wp\/v2\/product_brand?post=23699"},{"taxonomy":"product_cat","embeddable":true,"href":"https:\/\/www.istegroup.com\/fr\/wp-json\/wp\/v2\/product_cat?post=23699"},{"taxonomy":"product_tag","embeddable":true,"href":"https:\/\/www.istegroup.com\/fr\/wp-json\/wp\/v2\/product_tag?post=23699"}],"curies":[{"name":"wp","href":"https:\/\/api.w.org\/{rel}","templated":true}]}}