{"id":23674,"date":"2023-05-09T15:12:24","date_gmt":"2023-05-09T14:12:24","guid":{"rendered":"https:\/\/www.istegroup.com\/?post_type=product&#038;p=23674"},"modified":"2025-01-03T11:10:16","modified_gmt":"2025-01-03T11:10:16","slug":"systemes-multiprocesseurs-sur-puce-2","status":"publish","type":"product","link":"https:\/\/www.istegroup.com\/fr\/produit\/systemes-multiprocesseurs-sur-puce-2\/","title":{"rendered":"Syst\u00e8mes multiprocesseurs sur puce 2"},"content":{"rendered":"<p>Les syst\u00e8mes multiprocesseurs sur puce (MPSoC) sont des composants cl\u00e9s pour les applications complexes qui impliquent une grande pression sur la m\u00e9moire, les dispositifs de communication et les unit\u00e9s de calcul. Depuis vingt ans, MPSoC rassemble, lors d\u2019un forum interdisciplinaire, des experts des syst\u00e8mes mat\u00e9riels, des logiciels multicoeurs et des multiprocesseurs venus du monde entier. C\u2019est pour c\u00e9l\u00e9brer le 20e anniversaire de MPSoC que cet ouvrage est publi\u00e9, de m\u00eame que le second tome sur les applications.<\/p>\n<p><em>Syst\u00e8mes multiprocesseurs sur puce 2<\/em> est consacr\u00e9 aux applications. Il couvre la conception de MPSoC, les compilateurs et l\u2019exploration d\u2019architectures. Il d\u00e9crit les m\u00e9thodes d\u2019optimisation et les outils permettant de porter des applications sp\u00e9cifiques sur les architectures MPSoC : la compilation, la consommation d\u2019\u00e9nergie et la communication sans fil sont d\u00e9taill\u00e9es, des exemples d\u2019outils de mod\u00e9lisation et de CAO sont pr\u00e9sent\u00e9s ainsi que les plates-formes sp\u00e9cifiques pour l\u2019automobile et l\u2019informatique en temps r\u00e9el.<\/p>","protected":false},"excerpt":{"rendered":"<p>Les syst\u00e8mes multiprocesseurs sur puce (MPSoC) sont des composants cl\u00e9s pour les applications complexes qui impliquent une grande pression sur la m\u00e9moire, les dispositifs de communication et les unit\u00e9s de calcul. Depuis vingt ans, MPSoC rassemble, lors d\u2019un forum interdisciplinaire, des experts des syst\u00e8mes mat\u00e9riels, des logiciels multicoeurs et des multiprocesseurs venus du monde entier. [&hellip;]<\/p>\n","protected":false},"featured_media":51425,"template":"","meta":{"_acf_changed":false,"_links_to":"","_links_to_target":""},"product_brand":[],"product_cat":[4289],"product_tag":[],"class_list":{"0":"post-23674","1":"product","2":"type-product","3":"status-publish","4":"has-post-thumbnail","6":"product_cat-sciences","8":"first","9":"instock","10":"shipping-taxable","11":"purchasable","12":"product-type-variable"},"acf":[],"yoast_head":"<!-- This site is optimized with the Yoast SEO plugin v27.2 - https:\/\/yoast.com\/product\/yoast-seo-wordpress\/ -->\n<title>Syst\u00e8mes multiprocesseurs sur puce 2 - ISTE Group<\/title>\n<meta name=\"description\" content=\"Syst\u00e8mes multiprocesseurs sur puce 2 est consacr\u00e9 aux applications. Il couvre la conception de MPSoC, les compilateurs et l\u2019exploration d\u2019architectures.\" \/>\n<meta name=\"robots\" content=\"index, follow, max-snippet:-1, max-image-preview:large, max-video-preview:-1\" \/>\n<link rel=\"canonical\" href=\"https:\/\/www.istegroup.com\/en\/produit\/systemes-multiprocesseurs-sur-puce-2\/\" \/>\n<meta property=\"og:locale\" content=\"fr_FR\" \/>\n<meta property=\"og:type\" content=\"article\" \/>\n<meta property=\"og:title\" content=\"Syst\u00e8mes multiprocesseurs sur puce 2 - ISTE Group\" \/>\n<meta property=\"og:description\" content=\"Syst\u00e8mes multiprocesseurs sur puce 2 est consacr\u00e9 aux applications. Il couvre la conception de MPSoC, les compilateurs et l\u2019exploration d\u2019architectures.\" \/>\n<meta property=\"og:url\" content=\"https:\/\/www.istegroup.com\/en\/produit\/systemes-multiprocesseurs-sur-puce-2\/\" \/>\n<meta property=\"og:site_name\" content=\"ISTE Group\" \/>\n<meta property=\"article:modified_time\" content=\"2025-01-03T11:10:16+00:00\" \/>\n<meta property=\"og:image\" content=\"https:\/\/www.istegroup.com\/wp-content\/uploads\/2019\/11\/Systemes-multiprocesseurs-sur-puce-2.jpeg\" \/>\n\t<meta property=\"og:image:width\" content=\"300\" \/>\n\t<meta property=\"og:image:height\" content=\"450\" \/>\n\t<meta property=\"og:image:type\" content=\"image\/jpeg\" \/>\n<meta name=\"twitter:card\" content=\"summary_large_image\" \/>\n<meta name=\"twitter:label1\" content=\"Est. reading time\" \/>\n\t<meta name=\"twitter:data1\" content=\"1 minute\" \/>\n<script type=\"application\/ld+json\" class=\"yoast-schema-graph\">{\"@context\":\"https:\/\/schema.org\",\"@graph\":[{\"@type\":\"WebPage\",\"@id\":\"https:\/\/www.istegroup.com\/en\/produit\/systemes-multiprocesseurs-sur-puce-2\/\",\"url\":\"https:\/\/www.istegroup.com\/en\/produit\/systemes-multiprocesseurs-sur-puce-2\/\",\"name\":\"Syst\u00e8mes multiprocesseurs sur puce 2 - ISTE Group\",\"isPartOf\":{\"@id\":\"https:\/\/www.istegroup.com\/#website\"},\"primaryImageOfPage\":{\"@id\":\"https:\/\/www.istegroup.com\/en\/produit\/systemes-multiprocesseurs-sur-puce-2\/#primaryimage\"},\"image\":{\"@id\":\"https:\/\/www.istegroup.com\/en\/produit\/systemes-multiprocesseurs-sur-puce-2\/#primaryimage\"},\"thumbnailUrl\":\"https:\/\/www.istegroup.com\/wp-content\/uploads\/2019\/11\/Systemes-multiprocesseurs-sur-puce-2.jpeg\",\"datePublished\":\"2023-05-09T14:12:24+00:00\",\"dateModified\":\"2025-01-03T11:10:16+00:00\",\"description\":\"Syst\u00e8mes multiprocesseurs sur puce 2 est consacr\u00e9 aux applications. Il couvre la conception de MPSoC, les compilateurs et l\u2019exploration d\u2019architectures.\",\"breadcrumb\":{\"@id\":\"https:\/\/www.istegroup.com\/en\/produit\/systemes-multiprocesseurs-sur-puce-2\/#breadcrumb\"},\"inLanguage\":\"fr-FR\",\"potentialAction\":[{\"@type\":\"ReadAction\",\"target\":[\"https:\/\/www.istegroup.com\/en\/produit\/systemes-multiprocesseurs-sur-puce-2\/\"]}]},{\"@type\":\"ImageObject\",\"inLanguage\":\"fr-FR\",\"@id\":\"https:\/\/www.istegroup.com\/en\/produit\/systemes-multiprocesseurs-sur-puce-2\/#primaryimage\",\"url\":\"https:\/\/www.istegroup.com\/wp-content\/uploads\/2019\/11\/Systemes-multiprocesseurs-sur-puce-2.jpeg\",\"contentUrl\":\"https:\/\/www.istegroup.com\/wp-content\/uploads\/2019\/11\/Systemes-multiprocesseurs-sur-puce-2.jpeg\",\"width\":300,\"height\":450,\"caption\":\"Livre scientifique - Syst\u00e8mes multiprocesseurs sur puce 2 - Encyclop\u00e9die SCIENCES\"},{\"@type\":\"BreadcrumbList\",\"@id\":\"https:\/\/www.istegroup.com\/en\/produit\/systemes-multiprocesseurs-sur-puce-2\/#breadcrumb\",\"itemListElement\":[{\"@type\":\"ListItem\",\"position\":1,\"name\":\"Home\",\"item\":\"https:\/\/www.istegroup.com\/\"},{\"@type\":\"ListItem\",\"position\":2,\"name\":\"Shop\",\"item\":\"https:\/\/www.istegroup.com\/fr\/nouveautes\/\"},{\"@type\":\"ListItem\",\"position\":3,\"name\":\"Syst\u00e8mes multiprocesseurs sur puce 2\"}]},{\"@type\":\"WebSite\",\"@id\":\"https:\/\/www.istegroup.com\/#website\",\"url\":\"https:\/\/www.istegroup.com\/\",\"name\":\"ISTE Group\",\"description\":\"\u00c9diteur des Sciences\",\"potentialAction\":[{\"@type\":\"SearchAction\",\"target\":{\"@type\":\"EntryPoint\",\"urlTemplate\":\"https:\/\/www.istegroup.com\/?s={search_term_string}\"},\"query-input\":{\"@type\":\"PropertyValueSpecification\",\"valueRequired\":true,\"valueName\":\"search_term_string\"}}],\"inLanguage\":\"fr-FR\"}]}<\/script>\n<!-- \/ Yoast SEO plugin. -->","yoast_head_json":{"title":"Syst\u00e8mes multiprocesseurs sur puce 2 - ISTE Group","description":"Syst\u00e8mes multiprocesseurs sur puce 2 est consacr\u00e9 aux applications. Il couvre la conception de MPSoC, les compilateurs et l\u2019exploration d\u2019architectures.","robots":{"index":"index","follow":"follow","max-snippet":"max-snippet:-1","max-image-preview":"max-image-preview:large","max-video-preview":"max-video-preview:-1"},"canonical":"https:\/\/www.istegroup.com\/en\/produit\/systemes-multiprocesseurs-sur-puce-2\/","og_locale":"fr_FR","og_type":"article","og_title":"Syst\u00e8mes multiprocesseurs sur puce 2 - ISTE Group","og_description":"Syst\u00e8mes multiprocesseurs sur puce 2 est consacr\u00e9 aux applications. Il couvre la conception de MPSoC, les compilateurs et l\u2019exploration d\u2019architectures.","og_url":"https:\/\/www.istegroup.com\/en\/produit\/systemes-multiprocesseurs-sur-puce-2\/","og_site_name":"ISTE Group","article_modified_time":"2025-01-03T11:10:16+00:00","og_image":[{"width":300,"height":450,"url":"https:\/\/www.istegroup.com\/wp-content\/uploads\/2019\/11\/Systemes-multiprocesseurs-sur-puce-2.jpeg","type":"image\/jpeg"}],"twitter_card":"summary_large_image","twitter_misc":{"Est. reading time":"1 minute"},"schema":{"@context":"https:\/\/schema.org","@graph":[{"@type":"WebPage","@id":"https:\/\/www.istegroup.com\/en\/produit\/systemes-multiprocesseurs-sur-puce-2\/","url":"https:\/\/www.istegroup.com\/en\/produit\/systemes-multiprocesseurs-sur-puce-2\/","name":"Syst\u00e8mes multiprocesseurs sur puce 2 - ISTE Group","isPartOf":{"@id":"https:\/\/www.istegroup.com\/#website"},"primaryImageOfPage":{"@id":"https:\/\/www.istegroup.com\/en\/produit\/systemes-multiprocesseurs-sur-puce-2\/#primaryimage"},"image":{"@id":"https:\/\/www.istegroup.com\/en\/produit\/systemes-multiprocesseurs-sur-puce-2\/#primaryimage"},"thumbnailUrl":"https:\/\/www.istegroup.com\/wp-content\/uploads\/2019\/11\/Systemes-multiprocesseurs-sur-puce-2.jpeg","datePublished":"2023-05-09T14:12:24+00:00","dateModified":"2025-01-03T11:10:16+00:00","description":"Syst\u00e8mes multiprocesseurs sur puce 2 est consacr\u00e9 aux applications. Il couvre la conception de MPSoC, les compilateurs et l\u2019exploration d\u2019architectures.","breadcrumb":{"@id":"https:\/\/www.istegroup.com\/en\/produit\/systemes-multiprocesseurs-sur-puce-2\/#breadcrumb"},"inLanguage":"fr-FR","potentialAction":[{"@type":"ReadAction","target":["https:\/\/www.istegroup.com\/en\/produit\/systemes-multiprocesseurs-sur-puce-2\/"]}]},{"@type":"ImageObject","inLanguage":"fr-FR","@id":"https:\/\/www.istegroup.com\/en\/produit\/systemes-multiprocesseurs-sur-puce-2\/#primaryimage","url":"https:\/\/www.istegroup.com\/wp-content\/uploads\/2019\/11\/Systemes-multiprocesseurs-sur-puce-2.jpeg","contentUrl":"https:\/\/www.istegroup.com\/wp-content\/uploads\/2019\/11\/Systemes-multiprocesseurs-sur-puce-2.jpeg","width":300,"height":450,"caption":"Livre scientifique - Syst\u00e8mes multiprocesseurs sur puce 2 - Encyclop\u00e9die SCIENCES"},{"@type":"BreadcrumbList","@id":"https:\/\/www.istegroup.com\/en\/produit\/systemes-multiprocesseurs-sur-puce-2\/#breadcrumb","itemListElement":[{"@type":"ListItem","position":1,"name":"Home","item":"https:\/\/www.istegroup.com\/"},{"@type":"ListItem","position":2,"name":"Shop","item":"https:\/\/www.istegroup.com\/fr\/nouveautes\/"},{"@type":"ListItem","position":3,"name":"Syst\u00e8mes multiprocesseurs sur puce 2"}]},{"@type":"WebSite","@id":"https:\/\/www.istegroup.com\/#website","url":"https:\/\/www.istegroup.com\/","name":"ISTE Group","description":"\u00c9diteur des Sciences","potentialAction":[{"@type":"SearchAction","target":{"@type":"EntryPoint","urlTemplate":"https:\/\/www.istegroup.com\/?s={search_term_string}"},"query-input":{"@type":"PropertyValueSpecification","valueRequired":true,"valueName":"search_term_string"}}],"inLanguage":"fr-FR"}]}},"_links":{"self":[{"href":"https:\/\/www.istegroup.com\/fr\/wp-json\/wp\/v2\/product\/23674","targetHints":{"allow":["GET"]}}],"collection":[{"href":"https:\/\/www.istegroup.com\/fr\/wp-json\/wp\/v2\/product"}],"about":[{"href":"https:\/\/www.istegroup.com\/fr\/wp-json\/wp\/v2\/types\/product"}],"wp:featuredmedia":[{"embeddable":true,"href":"https:\/\/www.istegroup.com\/fr\/wp-json\/wp\/v2\/media\/51425"}],"wp:attachment":[{"href":"https:\/\/www.istegroup.com\/fr\/wp-json\/wp\/v2\/media?parent=23674"}],"wp:term":[{"taxonomy":"product_brand","embeddable":true,"href":"https:\/\/www.istegroup.com\/fr\/wp-json\/wp\/v2\/product_brand?post=23674"},{"taxonomy":"product_cat","embeddable":true,"href":"https:\/\/www.istegroup.com\/fr\/wp-json\/wp\/v2\/product_cat?post=23674"},{"taxonomy":"product_tag","embeddable":true,"href":"https:\/\/www.istegroup.com\/fr\/wp-json\/wp\/v2\/product_tag?post=23674"}],"curies":[{"name":"wp","href":"https:\/\/api.w.org\/{rel}","templated":true}]}}